{"id":6217,"date":"2025-12-20T17:51:24","date_gmt":"2025-12-20T14:51:24","guid":{"rendered":"https:\/\/wristbandfactory.eu\/?post_type=product&#038;p=6217"},"modified":"2026-04-01T21:52:03","modified_gmt":"2026-04-01T18:52:03","slug":"custom-printed-bottle-openers-with-3d-domed-logo","status":"publish","type":"product","link":"https:\/\/displayproducts.eu\/pl\/p\/custom-printed-bottle-openers-with-3d-domed-logo\/","title":{"rendered":"Otwieracze do butelek z naklejk\u0105 3D"},"content":{"rendered":"<p data-path-to-node=\"10\">Zadbaj o to, aby Twoja marka by\u0142a cz\u0119\u015bci\u0105 tej uroczysto\u015bci dzi\u0119ki naszym <b data-path-to-node=\"10\" data-index-in-node=\"79\">Otwieracze do butelek z nadrukiem na zapytanie ofertowe<\/b>. Praktyczne, trwa\u0142e i przyci\u0105gaj\u0105ce wzrok, te otwieracze s\u0105 zaprojektowane do wielokrotnego u\u017cytku, zapewniaj\u0105c Twojemu logo d\u0142ugotrwa\u0142\u0105 widoczno\u015b\u0107. W przeciwie\u0144stwie do standardowych p\u0142askich nadruk\u00f3w, nasze otwieracze posiadaj\u0105 <b data-path-to-node=\"10\" data-index-in-node=\"288\">Naklejka wypuk\u0142a 3D (\u017cywica epoksydowa)<\/b>, kt\u00f3ra nadaje Twojemu projektowi wysoki po\u0142ysk i efekt powi\u0119kszenia, jednocze\u015bnie chroni\u0105c go przed zarysowaniami i blakni\u0119ciem.<\/p>\n<p data-path-to-node=\"11\">Oferujemy trzy konkretne modele odpowiadaj\u0105ce r\u00f3\u017cnym potrzebom promocyjnym, od kieszonkowych brelok\u00f3w po profesjonalne narz\u0119dzia barma\u0144skie.<\/p>\n<h2 data-path-to-node=\"12\">G\u0142\u00f3wne cechy<\/h2>\n<ul data-path-to-node=\"13\">\n<li>\n<p data-path-to-node=\"13,0,0\"><b data-path-to-node=\"13,0,0\" data-index-in-node=\"0\">\u017bywa personalizacja:<\/b> U\u017cywamy cyfrowego druku CMYK, aby odtworzy\u0107 Twoje logo, zdj\u0119cia lub gradienty z idealn\u0105 dok\u0142adno\u015bci\u0105, a nast\u0119pnie zabezpieczamy je ochronn\u0105 kopu\u0142\u0105 z \u017cywicy.<\/p>\n<\/li>\n<li>\n<p data-path-to-node=\"13,1,0\"><b data-path-to-node=\"13,1,0\" data-index-in-node=\"0\">Wyko\u0144czenie premium:<\/b> Pow\u0142oka epoksydowa nadaje produktowi \u201cbi\u017cuteryjn\u0105\u201d jako\u015b\u0107, jest g\u0142adki w dotyku i podnosi postrzegan\u0105 warto\u015b\u0107.<\/p>\n<\/li>\n<li>\n<p data-path-to-node=\"13,2,0\"><b data-path-to-node=\"13,2,0\" data-index-in-node=\"0\">Materia\u0142y o du\u017cej wytrzyma\u0142o\u015bci:<\/b> Wykonane z niklowanej stali i wytrzyma\u0142ych stop\u00f3w metali, dzi\u0119ki czemu otwieranie butelek odbywa si\u0119 bez wysi\u0142ku i bez konieczno\u015bci schylania si\u0119.<\/p>\n<\/li>\n<li>\n<p data-path-to-node=\"13,3,0\"><b data-path-to-node=\"13,3,0\" data-index-in-node=\"0\">Wszechstronne zastosowanie:<\/b> Doskonale nadaje si\u0119 jako gad\u017cet browaru, gad\u017cet na festiwalach lub jako por\u0119czne narz\u0119dzie przypi\u0119te do zestawu kluczy.<\/p>\n<\/li>\n<\/ul>\n<h2 data-path-to-node=\"14\">Specyfikacje<\/h2>\n<table data-path-to-node=\"15\">\n<thead>\n<tr>\n<td><strong>Typ modelu<\/strong><\/td>\n<td><strong>Wymiary<\/strong><\/td>\n<td><strong>Tworzywo<\/strong><\/td>\n<td><strong>Obszar marki<\/strong><\/td>\n<\/tr>\n<\/thead>\n<tbody>\n<tr>\n<td><span data-path-to-node=\"15,1,0,0\"><b data-path-to-node=\"15,1,0,0\" data-index-in-node=\"0\">Otwieracz do identyfikator\u00f3w<\/b><\/span><\/td>\n<td><span data-path-to-node=\"15,1,1,0\">\u00d8 56 mm<\/span><\/td>\n<td><span data-path-to-node=\"15,1,2,0\">Metal + Pod\u0142o\u017ce plastikowe<\/span><\/td>\n<td><span data-path-to-node=\"15,1,3,0\">Pe\u0142na twarz (okr\u0105g\u0142a)<\/span><\/td>\n<\/tr>\n<tr>\n<td><span data-path-to-node=\"15,2,0,0\"><b data-path-to-node=\"15,2,0,0\" data-index-in-node=\"0\">Kszta\u0142t butelki<\/b><\/span><\/td>\n<td><span data-path-to-node=\"15,2,1,0\">35 \u00d7 137 mm<\/span><\/td>\n<td><span data-path-to-node=\"15,2,2,0\">Stal niklowana<\/span><\/td>\n<td><span data-path-to-node=\"15,2,3,0\">Kopu\u0142a o niestandardowym kszta\u0142cie<\/span><\/td>\n<\/tr>\n<tr>\n<td><span data-path-to-node=\"15,3,0,0\"><b data-path-to-node=\"15,3,0,0\" data-index-in-node=\"0\">Brelok Gruszka<\/b><\/span><\/td>\n<td><span data-path-to-node=\"15,3,1,0\">Standardowy rozmiar breloka<\/span><\/td>\n<td><span data-path-to-node=\"15,3,2,0\">Metal (wyko\u0144czenie niklowane)<\/span><\/td>\n<td><span data-path-to-node=\"15,3,3,0\">Kopu\u0142a \u00d8 20 mm<\/span><\/td>\n<\/tr>\n<\/tbody>\n<\/table>\n<h2 data-path-to-node=\"16\">Przypadki u\u017cycia<\/h2>\n<ul data-path-to-node=\"17\">\n<li>\n<p data-path-to-node=\"17,0,0\"><b data-path-to-node=\"17,0,0\" data-index-in-node=\"0\">Przemys\u0142 napojowy:<\/b> Niezb\u0119dne produkty dla browar\u00f3w rzemie\u015blniczych, firm produkuj\u0105cych cydr i dystrybutor\u00f3w napoj\u00f3w.<\/p>\n<\/li>\n<li>\n<p data-path-to-node=\"17,1,0\"><b data-path-to-node=\"17,1,0\" data-index-in-node=\"0\">Festiwale i wydarzenia:<\/b> Popularna pami\u0105tka z festiwali muzycznych i targ\u00f3w kulinarnych, kt\u00f3r\u0105 uczestnicy zachowuj\u0105.<\/p>\n<\/li>\n<li>\n<p data-path-to-node=\"17,2,0\"><b data-path-to-node=\"17,2,0\" data-index-in-node=\"0\">Go\u015bcinno\u015b\u0107:<\/b> Markowe narz\u0119dzia dla barman\u00f3w i kelner\u00f3w w pubach, klubach i restauracjach.<\/p>\n<\/li>\n<\/ul>","protected":false},"excerpt":{"rendered":"<ul>\n<li>\n<p data-path-to-node=\"9,0,0\"><b data-path-to-node=\"9,0,0\" data-index-in-node=\"0\">Trzy r\u00f3\u017cne style:<\/b> Wybierz spo\u015br\u00f3d klasycznego znaczka na guzik, wytrzyma\u0142ego breloczka w kszta\u0142cie butelki lub przeno\u015bnego breloczka w kszta\u0142cie gruszki.<\/p>\n<\/li>\n<li>\n<p data-path-to-node=\"9,1,0\"><b data-path-to-node=\"9,1,0\" data-index-in-node=\"0\">Wyko\u0144czenie \u017cywic\u0105 3D:<\/b> Twoje logo zostanie wydrukowane w pe\u0142nym kolorze CMYK i zabezpieczone przezroczyst\u0105 kopu\u0142\u0105 epoksydow\u0105, co nada mu ekskluzywny, b\u0142yszcz\u0105cy wygl\u0105d.<\/p>\n<\/li>\n<li>\n<p data-path-to-node=\"9,2,0\"><b data-path-to-node=\"9,2,0\" data-index-in-node=\"0\">Trwa\u0142a konstrukcja:<\/b> Wykonane ze stali niklowanej lub litego metalu, co zapewnia d\u0142ug\u0105 \u017cywotno\u015b\u0107.<\/p>\n<\/li>\n<li>\n<p data-path-to-node=\"9,3,0\"><b data-path-to-node=\"9,3,0\" data-index-in-node=\"0\">Marketing praktyczny:<\/b> Niezwykle praktyczny przedmiot, kt\u00f3ry sprawi, \u017ce Twoja marka b\u0119dzie widoczna na imprezach, wydarzeniach i w strona g\u0142\u00f3wnaach.<\/p>\n<\/li>\n<\/ul>","protected":false},"featured_media":6218,"comment_status":"closed","ping_status":"closed","template":"","meta":[],"product_brand":[],"product_cat":[119,121],"product_tag":[],"class_list":{"0":"post-6217","1":"product","2":"type-product","3":"status-publish","4":"has-post-thumbnail","6":"product_cat-drinkware-accessories","7":"product_cat-promotional-merchandise","9":"first","10":"instock","11":"shipping-taxable","12":"product-type-simple"},"_links":{"self":[{"href":"https:\/\/displayproducts.eu\/pl\/wp-json\/wp\/v2\/product\/6217","targetHints":{"allow":["GET"]}}],"collection":[{"href":"https:\/\/displayproducts.eu\/pl\/wp-json\/wp\/v2\/product"}],"about":[{"href":"https:\/\/displayproducts.eu\/pl\/wp-json\/wp\/v2\/types\/product"}],"replies":[{"embeddable":true,"href":"https:\/\/displayproducts.eu\/pl\/wp-json\/wp\/v2\/comments?post=6217"}],"wp:featuredmedia":[{"embeddable":true,"href":"https:\/\/displayproducts.eu\/pl\/wp-json\/wp\/v2\/media\/6218"}],"wp:attachment":[{"href":"https:\/\/displayproducts.eu\/pl\/wp-json\/wp\/v2\/media?parent=6217"}],"wp:term":[{"taxonomy":"product_brand","embeddable":true,"href":"https:\/\/displayproducts.eu\/pl\/wp-json\/wp\/v2\/product_brand?post=6217"},{"taxonomy":"product_cat","embeddable":true,"href":"https:\/\/displayproducts.eu\/pl\/wp-json\/wp\/v2\/product_cat?post=6217"},{"taxonomy":"product_tag","embeddable":true,"href":"https:\/\/displayproducts.eu\/pl\/wp-json\/wp\/v2\/product_tag?post=6217"}],"curies":[{"name":"wp","href":"https:\/\/api.w.org\/{rel}","templated":true}]}}