{"id":6212,"date":"2025-12-20T17:41:19","date_gmt":"2025-12-20T14:41:19","guid":{"rendered":"https:\/\/wristbandfactory.eu\/?post_type=product&#038;p=6212"},"modified":"2026-04-01T21:52:03","modified_gmt":"2026-04-01T18:52:03","slug":"custom-metal-lapel-pins-with-3d-domed-logo-epoxy","status":"publish","type":"product","link":"https:\/\/displayproducts.eu\/pl\/p\/custom-metal-lapel-pins-with-3d-domed-logo-epoxy\/","title":{"rendered":"Metalowe pinsi z naklejk\u0105 3D"},"content":{"rendered":"<p data-path-to-node=\"10\">Stw\u00f3rz trwa\u0142e wra\u017cenie dzi\u0119ki naszym <b data-path-to-node=\"10\" data-index-in-node=\"62\">Z w\u0142asnym nadrukiem metalowe przypinki do klapy z naklejkami 3D wypuk\u0142ymi<\/b>. Te przypinki oferuj\u0105 idealn\u0105 r\u00f3wnowag\u0119 mi\u0119dzy wysok\u0105 wag\u0105 metalowej podstawy a nowoczesn\u0105 wszechstronno\u015bci\u0105 druku cyfrowego. S\u0105 idealnym rozwi\u0105zaniem dla marek ze z\u0142o\u017conymi logotypami, gradientami lub elementami fotograficznymi, kt\u00f3rych nie da si\u0119 odtworzy\u0107 standardowymi przypinkami emaliowanymi.<\/p>\n<p data-path-to-node=\"11\">Ka\u017cda przypinka sk\u0142ada si\u0119 z metalowej podstawy o niestandardowym kszta\u0142cie, na kt\u00f3rej znajduje si\u0119 nadruk samoprzylepny o wysokiej rozdzielczo\u015bci. Nast\u0119pnie jest on zalewany przezroczyst\u0105, trwa\u0142\u0105 \u017cywic\u0105 poliuretanow\u0105 (tzw. strona g\u0142\u00f3wnaing), tworz\u0105c wyrafinowany efekt soczewki 3D, kt\u00f3ry wzmacnia kolory i chroni wz\u00f3r przed zu\u017cyciem i blakni\u0119ciem.<\/p>\n<h2 data-path-to-node=\"12\">G\u0142\u00f3wne cechy<\/h2>\n<ul data-path-to-node=\"13\">\n<li>\n<p data-path-to-node=\"13,0,0\"><b data-path-to-node=\"13,0,0\" data-index-in-node=\"0\">Nieograniczony potencja\u0142 projektowy:<\/b> W przeciwie\u0144stwie do szpilek wykrawanych, nasz proces nadruku wypuk\u0142ego obs\u0142uguje pe\u0142nokolorowy druk CMYK, co oznacza brak ogranicze\u0144 w zakresie przej\u015b\u0107 tonalnych i drobnych szczeg\u00f3\u0142\u00f3w.<\/p>\n<\/li>\n<li>\n<p data-path-to-node=\"13,1,0\"><b data-path-to-node=\"13,1,0\" data-index-in-node=\"0\">Wyko\u0144czenie ochronne:<\/b> Kopu\u0142a z \u017cywicy sprawia, \u017ce pinezka jest odporna na zarysowania, odporna na promieniowanie UV i wystarczaj\u0105co trwa\u0142a, aby mo\u017cna j\u0105 by\u0142o nosi\u0107 na co dzie\u0144.<\/p>\n<\/li>\n<li>\n<p data-path-to-node=\"13,2,0\"><b data-path-to-node=\"13,2,0\" data-index-in-node=\"0\">Prezentacja profesjonalna:<\/b> Po\u0142\u0105czenie polerowanego metalu i b\u0142yszcz\u0105cej \u017cywicy tworzy postrzegaln\u0105 warto\u015b\u0107, idealn\u0105 do stroj\u00f3w korporacyjnych.<\/p>\n<\/li>\n<li>\n<p data-path-to-node=\"13,3,0\"><b data-path-to-node=\"13,3,0\" data-index-in-node=\"0\">Bezpieczne mocowanie:<\/b> W standardzie znajduje si\u0119 przyjazne u\u017cytkownikowi sprz\u0119g\u0142o motylkowe, zapobiegaj\u0105ce obrotowi i przypadkowemu zgubieniu.<\/p>\n<\/li>\n<\/ul>\n<h2 data-path-to-node=\"14\">Specyfikacje<\/h2>\n<ul data-path-to-node=\"15\">\n<li>\n<p data-path-to-node=\"15,0,0\"><b data-path-to-node=\"15,0,0\" data-index-in-node=\"0\">Tworzywo:<\/b> Podstawa ze stopu metalu + kopu\u0142a z \u017cywicy poliuretanowej.<\/p>\n<\/li>\n<li>\n<p data-path-to-node=\"15,1,0\"><b data-path-to-node=\"15,1,0\" data-index-in-node=\"0\">Druk:<\/b> Cyfrowy pe\u0142nokolorowy (CMYK).<\/p>\n<\/li>\n<li>\n<p data-path-to-node=\"15,2,0\"><b data-path-to-node=\"15,2,0\" data-index-in-node=\"0\">Kszta\u0142t:<\/b> W pe\u0142ni konfigurowalne (docinane do kszta\u0142tu).<\/p>\n<\/li>\n<li>\n<p data-path-to-node=\"15,3,0\"><b data-path-to-node=\"15,3,0\" data-index-in-node=\"0\">Za\u0142\u0105cznik standardowy:<\/b> Sprz\u0119g\u0142o motylkowe (przypinka motylkowa).<\/p>\n<\/li>\n<li>\n<p data-path-to-node=\"15,4,0\"><b data-path-to-node=\"15,4,0\" data-index-in-node=\"0\">Za\u0142\u0105cznik opcjonalny:<\/b> Magnes neodymowy (bezpieczny dla odzie\u017cy, nie przebijaj\u0105cy).<\/p>\n<\/li>\n<li>\n<p data-path-to-node=\"15,5,0\"><b data-path-to-node=\"15,5,0\" data-index-in-node=\"0\">Opcje pakowania:<\/b><\/p>\n<ul data-path-to-node=\"15,5,1\">\n<li>\n<p data-path-to-node=\"15,5,1,0,0\">Luzem (Standard).<\/p>\n<\/li>\n<li>\n<p data-path-to-node=\"15,5,1,1,0\">Pojedyncza torebka foliowa z zadrukowan\u0105 kart\u0105 podk\u0142adow\u0105.<\/p>\n<\/li>\n<li>\n<p data-path-to-node=\"15,5,1,2,0\">Pude\u0142ko na bi\u017cuteri\u0119 premium (na nagrody\/prezenty).<\/p>\n<\/li>\n<\/ul>\n<\/li>\n<\/ul>\n<h2 data-path-to-node=\"16\">Przypadki u\u017cycia<\/h2>\n<ul data-path-to-node=\"17\">\n<li>\n<p data-path-to-node=\"17,0,0\"><b data-path-to-node=\"17,0,0\" data-index-in-node=\"0\">To\u017csamo\u015b\u0107 korporacyjna:<\/b> Cz\u0119\u015b\u0107 codziennego uniformu kasjer\u00f3w bankowych, personelu hotelowego i za\u0142ogi linii lotniczych.<\/p>\n<\/li>\n<li>\n<p data-path-to-node=\"17,1,0\"><b data-path-to-node=\"17,1,0\" data-index-in-node=\"0\">Kampanie promocyjne:<\/b> Wysokiej jako\u015bci gad\u017cety na premiery produkt\u00f3w i targi bran\u017cowe.<\/p>\n<\/li>\n<li>\n<p data-path-to-node=\"17,2,0\"><b data-path-to-node=\"17,2,0\" data-index-in-node=\"0\">Wyr\u00f3\u017cnienia i nagrody:<\/b> Odznaki za lata s\u0142u\u017cby i osi\u0105gni\u0119cia dla pracownik\u00f3w i wolontariuszy.<\/p>\n<\/li>\n<\/ul>","protected":false},"excerpt":{"rendered":"<ul>\n<li>\n<p data-path-to-node=\"9,0,0\"><b data-path-to-node=\"9,0,0\" data-index-in-node=\"0\">Kszta\u0142t niestandardowy:<\/b> Metalowa podstawa jest wykonana tak, aby pasowa\u0142a do konkretnego konturu Twojego logo lub wzoru.<\/p>\n<\/li>\n<li>\n<p data-path-to-node=\"9,1,0\"><b data-path-to-node=\"9,1,0\" data-index-in-node=\"0\">Wydruk w jako\u015bci fotograficznej:<\/b> Druk cyfrowy CMYK umo\u017cliwia uzyskanie przej\u015b\u0107 tonalnych, zdj\u0119\u0107 i skomplikowanych szczeg\u00f3\u0142\u00f3w, kt\u00f3rych nie da si\u0119 uzyska\u0107 za pomoc\u0105 szpilek emaliowanych.<\/p>\n<\/li>\n<li>\n<p data-path-to-node=\"9,2,0\"><b data-path-to-node=\"9,2,0\" data-index-in-node=\"0\">Kopu\u0142a z \u017cywicy 3D:<\/b> Krystalicznie czysta pow\u0142oka epoksydowa zapewnia doskona\u0142y efekt \u201cb\u0105belk\u00f3w\u201d i chroni przed zarysowaniami.<\/p>\n<\/li>\n<li>\n<p data-path-to-node=\"9,3,0\"><b data-path-to-node=\"9,3,0\" data-index-in-node=\"0\">Wszechstronne akcesoria:<\/b> Dost\u0119pna ze standardow\u0105 kopert\u00f3wk\u0105 typu motylek lub z magnetycznym ty\u0142em, kt\u00f3ry mo\u017cna przymocowa\u0107 do ubra\u0144.<\/p>\n<\/li>\n<\/ul>","protected":false},"featured_media":6216,"comment_status":"closed","ping_status":"closed","template":"","meta":[],"product_brand":[],"product_cat":[121],"product_tag":[],"class_list":{"0":"post-6212","1":"product","2":"type-product","3":"status-publish","4":"has-post-thumbnail","6":"product_cat-promotional-merchandise","8":"first","9":"instock","10":"shipping-taxable","11":"product-type-simple"},"_links":{"self":[{"href":"https:\/\/displayproducts.eu\/pl\/wp-json\/wp\/v2\/product\/6212","targetHints":{"allow":["GET"]}}],"collection":[{"href":"https:\/\/displayproducts.eu\/pl\/wp-json\/wp\/v2\/product"}],"about":[{"href":"https:\/\/displayproducts.eu\/pl\/wp-json\/wp\/v2\/types\/product"}],"replies":[{"embeddable":true,"href":"https:\/\/displayproducts.eu\/pl\/wp-json\/wp\/v2\/comments?post=6212"}],"wp:featuredmedia":[{"embeddable":true,"href":"https:\/\/displayproducts.eu\/pl\/wp-json\/wp\/v2\/media\/6216"}],"wp:attachment":[{"href":"https:\/\/displayproducts.eu\/pl\/wp-json\/wp\/v2\/media?parent=6212"}],"wp:term":[{"taxonomy":"product_brand","embeddable":true,"href":"https:\/\/displayproducts.eu\/pl\/wp-json\/wp\/v2\/product_brand?post=6212"},{"taxonomy":"product_cat","embeddable":true,"href":"https:\/\/displayproducts.eu\/pl\/wp-json\/wp\/v2\/product_cat?post=6212"},{"taxonomy":"product_tag","embeddable":true,"href":"https:\/\/displayproducts.eu\/pl\/wp-json\/wp\/v2\/product_tag?post=6212"}],"curies":[{"name":"wp","href":"https:\/\/api.w.org\/{rel}","templated":true}]}}