{"id":6207,"date":"2025-12-20T17:34:30","date_gmt":"2025-12-20T14:34:30","guid":{"rendered":"https:\/\/wristbandfactory.eu\/?post_type=product&#038;p=6207"},"modified":"2026-04-01T21:52:03","modified_gmt":"2026-04-01T18:52:03","slug":"custom-faux-leather-keychains-with-3d-domed-logo","status":"publish","type":"product","link":"https:\/\/displayproducts.eu\/pl\/p\/custom-faux-leather-keychains-with-3d-domed-logo\/","title":{"rendered":"Breloki ze sztucznej sk\u00f3ry z naklejk\u0105 3D"},"content":{"rendered":"<p data-path-to-node=\"10\">Podnie\u015b poziom swojej marki dzi\u0119ki naszym <b data-path-to-node=\"10\" data-index-in-node=\"53\">Z w\u0142asnym nadrukiem breloki ze sztucznej sk\u00f3ry<\/b>, z wysokiej jako\u015bci, wypuk\u0142ym wyko\u0144czeniem 3D. Te breloki oferuj\u0105 elegancki wygl\u0105d sk\u00f3ry w po\u0142\u0105czeniu z nowoczesn\u0105 technologi\u0105 druku cyfrowego, co czyni je idealnym wyborem dla firm poszukuj\u0105cych wyrafinowanego upominku reklamowego bez wysokich koszt\u00f3w grawerowania na prawdziwej sk\u00f3rze.<\/p>\n<p data-path-to-node=\"11\">Centralnym elementem tego breloka jest <b data-path-to-node=\"11\" data-index-in-node=\"40\">Naklejka 3D w kszta\u0142cie kopu\u0142y<\/b> (znana r\u00f3wnie\u017c jako etykieta \u017cywiczna). Drukujemy Twoje logo w \u017cywych kolorach CMYK i pokrywamy je krystalicznie przezroczyst\u0105 warstw\u0105 \u017cywicy poliuretanowej. To nie tylko nadaje Twojemu projektowi efekt \u201c3D\u201d, ale tak\u017ce zapewnia trwa\u0142\u0105 ochron\u0119 przed zarysowaniami i blakni\u0119ciem pod wp\u0142ywem promieniowania UV.<\/p>\n<h2 data-path-to-node=\"12\">G\u0142\u00f3wne cechy<\/h2>\n<ul data-path-to-node=\"13\">\n<li>\n<p data-path-to-node=\"13,0,0\"><b data-path-to-node=\"13,0,0\" data-index-in-node=\"0\">Jednostronne lub dwustronne:<\/b> Wybierz wersj\u0119 jednostronn\u0105, aby uzyska\u0107 elegancki, prosty wygl\u0105d, lub zdecyduj si\u0119 na model dwustronny z logo z przodu i z ty\u0142u, aby uzyska\u0107 maksymaln\u0105 widoczno\u015b\u0107.<\/p>\n<\/li>\n<li>\n<p data-path-to-node=\"13,1,0\"><b data-path-to-node=\"13,1,0\" data-index-in-node=\"0\">Pe\u0142nokolorowa precyzja:<\/b> W przeciwie\u0144stwie do t\u0142oczenia, nasz proces druku cyfrowego doskonale oddaje gradienty i z\u0142o\u017cone kolory logo.<\/p>\n<\/li>\n<li>\n<p data-path-to-node=\"13,2,0\"><b data-path-to-node=\"13,2,0\" data-index-in-node=\"0\">Do\u015bwiadczenie dotykowe:<\/b> Po\u0142\u0105czenie mi\u0119kkiej sk\u00f3ry ekologicznej i g\u0142adkiej, wypuk\u0142ej kopu\u0142ki z \u017cywicy sprawia, \u017ce klawiatura dobrze le\u017cy w d\u0142oni.<\/p>\n<\/li>\n<li>\n<p data-path-to-node=\"13,3,0\"><b data-path-to-node=\"13,3,0\" data-index-in-node=\"0\">D\u0142ugotrwa\u0142e:<\/b> Pow\u0142oka \u017cywiczna gwarantuje, \u017ce przekaz Twojej marki pozostanie wyra\u017any i nienaruszony, nawet przy codziennym noszeniu breloka.<\/p>\n<\/li>\n<\/ul>\n<h2 data-path-to-node=\"14\">Specyfikacje<\/h2>\n<ul data-path-to-node=\"15\">\n<li>\n<p data-path-to-node=\"15,0,0\"><b data-path-to-node=\"15,0,0\" data-index-in-node=\"0\">Tworzywo:<\/b> Korpus ze sztucznej sk\u00f3ry (PU) z etykiet\u0105 z \u017cywicy poliuretanowej<\/p>\n<\/li>\n<li>\n<p data-path-to-node=\"15,1,0\"><b data-path-to-node=\"15,1,0\" data-index-in-node=\"0\">Metoda drukowania:<\/b> Druk cyfrowy CMYK pod kopu\u0142\u0105 \u017cywiczn\u0105<\/p>\n<\/li>\n<li>\n<p data-path-to-node=\"15,2,0\"><b data-path-to-node=\"15,2,0\" data-index-in-node=\"0\">Wymiary modelu dwustronnego:<\/b><\/p>\n<ul data-path-to-node=\"15,2,1\">\n<li>\n<p data-path-to-node=\"15,2,1,0,0\">Rozmiar naklejki: 19 \u00d7 21 mm<\/p>\n<\/li>\n<\/ul>\n<\/li>\n<li>\n<p data-path-to-node=\"15,3,0\"><b data-path-to-node=\"15,3,0\" data-index-in-node=\"0\">Standardowe kszta\u0142ty modeli jednostronnych:<\/b><\/p>\n<ul data-path-to-node=\"15,3,1\">\n<li>\n<p data-path-to-node=\"15,3,1,0,0\">Okr\u0105g\u0142y (\u015brednica): 20 mm, 27 mm<\/p>\n<\/li>\n<li>\n<p data-path-to-node=\"15,3,1,1,0\">Kwadratowe\/Prostok\u0105tne: 27 \u00d7 27 mm, 16 \u00d7 45 mm<\/p>\n<\/li>\n<\/ul>\n<\/li>\n<\/ul>\n<h2 data-path-to-node=\"16\">Przypadki u\u017cycia<\/h2>\n<ul data-path-to-node=\"17\">\n<li>\n<p data-path-to-node=\"17,0,0\"><b data-path-to-node=\"17,0,0\" data-index-in-node=\"0\">Przemys\u0142 motoryzacyjny:<\/b> Idealne gad\u017cety dla salon\u00f3w samochodowych, myjni samochodowych i wypo\u017cyczalni samochod\u00f3w.<\/p>\n<\/li>\n<li>\n<p data-path-to-node=\"17,1,0\"><b data-path-to-node=\"17,1,0\" data-index-in-node=\"0\">Nieruchomo\u015b\u0107:<\/b> Klasyczny, trwa\u0142y prezent dla nowych w\u0142a\u015bcicieli strona g\u0142\u00f3wna\u00f3w, wr\u0119czany z okazji przekazania kluczy.<\/p>\n<\/li>\n<li>\n<p data-path-to-node=\"17,2,0\"><b data-path-to-node=\"17,2,0\" data-index-in-node=\"0\">Branding korporacyjny:<\/b> Profesjonalne produkty dla firm ubezpieczeniowych, bank\u00f3w i firm dostarczaj\u0105cych artyku\u0142y biurowe.<\/p>\n<\/li>\n<\/ul>\n<p data-path-to-node=\"18\">","protected":false},"excerpt":{"rendered":"<ul data-path-to-node=\"9\">\n<li>\n<p data-path-to-node=\"9,0,0\"><b data-path-to-node=\"9,0,0\" data-index-in-node=\"0\">Wygl\u0105d premium:<\/b> Wysokiej jako\u015bci sk\u00f3ra ekologiczna w po\u0142\u0105czeniu z b\u0142yszcz\u0105c\u0105 etykiet\u0105 z \u017cywicy 3D tworzy wyrafinowany wygl\u0105d.<\/p>\n<\/li>\n<li>\n<p data-path-to-node=\"9,1,0\"><b data-path-to-node=\"9,1,0\" data-index-in-node=\"0\">\u017bywy branding:<\/b> Cyfrowy druk CMYK umo\u017cliwia uzyskanie pe\u0142nokolorowych logotyp\u00f3w chronionych odporn\u0105 na zarysowania kopu\u0142\u0105 z \u017cywicy.<\/p>\n<\/li>\n<li>\n<p data-path-to-node=\"9,2,0\"><b data-path-to-node=\"9,2,0\" data-index-in-node=\"0\">Wszechstronne opcje:<\/b> Wybierz personalizacj\u0119 jednostronn\u0105 lub dwustronn\u0105, aby spe\u0142ni\u0107 swoje potrzeby marketingowe.<\/p>\n<\/li>\n<li>\n<p data-path-to-node=\"9,3,0\"><b data-path-to-node=\"9,3,0\" data-index-in-node=\"0\">Trwa\u0142e wyko\u0144czenie:<\/b> Warstwa \u017cywicy epoksydowej chroni logo przed zu\u017cyciem, blakni\u0119ciem i uszkodzeniem przez wod\u0119.<\/p>\n<\/li>\n<\/ul>","protected":false},"featured_media":6209,"comment_status":"closed","ping_status":"closed","template":"","meta":[],"product_brand":[],"product_cat":[94],"product_tag":[],"class_list":{"0":"post-6207","1":"product","2":"type-product","3":"status-publish","4":"has-post-thumbnail","6":"product_cat-keychains","8":"first","9":"instock","10":"shipping-taxable","11":"product-type-simple"},"_links":{"self":[{"href":"https:\/\/displayproducts.eu\/pl\/wp-json\/wp\/v2\/product\/6207","targetHints":{"allow":["GET"]}}],"collection":[{"href":"https:\/\/displayproducts.eu\/pl\/wp-json\/wp\/v2\/product"}],"about":[{"href":"https:\/\/displayproducts.eu\/pl\/wp-json\/wp\/v2\/types\/product"}],"replies":[{"embeddable":true,"href":"https:\/\/displayproducts.eu\/pl\/wp-json\/wp\/v2\/comments?post=6207"}],"wp:featuredmedia":[{"embeddable":true,"href":"https:\/\/displayproducts.eu\/pl\/wp-json\/wp\/v2\/media\/6209"}],"wp:attachment":[{"href":"https:\/\/displayproducts.eu\/pl\/wp-json\/wp\/v2\/media?parent=6207"}],"wp:term":[{"taxonomy":"product_brand","embeddable":true,"href":"https:\/\/displayproducts.eu\/pl\/wp-json\/wp\/v2\/product_brand?post=6207"},{"taxonomy":"product_cat","embeddable":true,"href":"https:\/\/displayproducts.eu\/pl\/wp-json\/wp\/v2\/product_cat?post=6207"},{"taxonomy":"product_tag","embeddable":true,"href":"https:\/\/displayproducts.eu\/pl\/wp-json\/wp\/v2\/product_tag?post=6207"}],"curies":[{"name":"wp","href":"https:\/\/api.w.org\/{rel}","templated":true}]}}