{"id":6204,"date":"2025-12-20T17:26:54","date_gmt":"2025-12-20T14:26:54","guid":{"rendered":"https:\/\/wristbandfactory.eu\/?post_type=product&#038;p=6204"},"modified":"2026-04-01T21:52:34","modified_gmt":"2026-04-01T18:52:34","slug":"custom-printed-decorative-pillows-microfiber","status":"publish","type":"product","link":"https:\/\/displayproducts.eu\/pl\/p\/custom-printed-decorative-pillows-microfiber\/","title":{"rendered":"Poduszki z nadrukiem"},"content":{"rendered":"<p data-path-to-node=\"10\">Zmie\u0144 ka\u017cd\u0105 przestrze\u0144 w okazj\u0119 do budowania marki dzi\u0119ki naszym <b data-path-to-node=\"10\" data-index-in-node=\"82\">Poduszki dekoracyjne z nadrukiem na zapytanie ofertowe<\/b>. Niezale\u017cnie od tego, czy chcesz trafi\u0107 do entuzjast\u00f3w podr\u00f3\u017cy, zwi\u0119kszy\u0107 komfort podczas imprez plenerowych, czy nada\u0107 hotelowym lobby i restauracjom charakterystyczny akcent, poduszki te sprawi\u0105, \u017ce Tw\u00f3j przekaz zostanie dostrze\u017cony i odczuty.<\/p>\n<p data-path-to-node=\"11\">Wykonane z wysokiej jako\u015bci, mi\u0119kkiej mikrofibry, te poduszki oferuj\u0105 luksusowe uczucie, kt\u00f3re klienci ceni\u0105. G\u0142adka powierzchnia jest idealna do <b data-path-to-node=\"11\" data-index-in-node=\"142\">fotorealistyczny druk sublimacyjny<\/b>, co pozwala na tworzenie skomplikowanych wzor\u00f3w, zdj\u0119\u0107 produkt\u00f3w i wyrazistych logotyp\u00f3w na ca\u0142ej powierzchni poduszki.<\/p>\n<h2 data-path-to-node=\"12\">G\u0142\u00f3wne cechy<\/h2>\n<ul data-path-to-node=\"13\">\n<li>\n<p data-path-to-node=\"13,0,0\"><b data-path-to-node=\"13,0,0\" data-index-in-node=\"0\">Maksymalna widoczno\u015b\u0107 marki:<\/b> W przeciwie\u0144stwie do ma\u0142ych przedmiot\u00f3w, poduszki oferuj\u0105 du\u017c\u0105 powierzchni\u0119. Wykorzystanie obu stron pozwala na kreatywny marketing \u2013 na przyk\u0142ad zdj\u0119cie przedstawiaj\u0105ce styl \u017cycia z przodu i logo firmy z ty\u0142u.<\/p>\n<\/li>\n<li>\n<p data-path-to-node=\"13,1,0\"><b data-path-to-node=\"13,1,0\" data-index-in-node=\"0\">Najwy\u017cszy komfort:<\/b> Materia\u0142 z mikrofibry o gramaturze 200 g\/m\u00b2 jest mi\u0119kki w dotyku, co sprawia, \u017ce jest to funkcjonalny przedmiot, kt\u00f3rego odbiorcy rzeczywi\u015bcie chc\u0105 u\u017cywa\u0107 w swoich strona g\u0142\u00f3wnaach lub biurach.<\/p>\n<\/li>\n<li>\n<p data-path-to-node=\"13,2,0\"><b data-path-to-node=\"13,2,0\" data-index-in-node=\"0\">Trwa\u0142e i \u017cywe:<\/b> Wykonanie z poliestru 100% gwarantuje, \u017ce poduszka zachowuje sw\u00f3j kszta\u0142t, a nadruk pozostaje \u017cywy nawet po u\u017cytkowaniu.<\/p>\n<\/li>\n<li>\n<p data-path-to-node=\"13,3,0\"><b data-path-to-node=\"13,3,0\" data-index-in-node=\"0\">Gotowo\u015b\u0107 na wydarzenie:<\/b> Doskona\u0142y spos\u00f3b na promocj\u0119 stref wypoczynkowych na targach, festiwalach lub w strefach VIP w barach i klubach.<\/p>\n<\/li>\n<\/ul>\n<h2 data-path-to-node=\"14\">Specyfikacje<\/h2>\n<ul data-path-to-node=\"15\">\n<li>\n<p data-path-to-node=\"15,0,0\"><b data-path-to-node=\"15,0,0\" data-index-in-node=\"0\">Tworzywo:<\/b> 100% Poliester Mikrofibra<\/p>\n<\/li>\n<li>\n<p data-path-to-node=\"15,1,0\"><b data-path-to-node=\"15,1,0\" data-index-in-node=\"0\">Gramatura materia\u0142u:<\/b> 200 g\/m\u00b2<\/p>\n<\/li>\n<li>\n<p data-path-to-node=\"15,2,0\"><b data-path-to-node=\"15,2,0\" data-index-in-node=\"0\">Technika druku:<\/b> Sublimacja pe\u0142nokolorowa (fotorealistyczna)<\/p>\n<\/li>\n<li>\n<p data-path-to-node=\"15,3,0\"><b data-path-to-node=\"15,3,0\" data-index-in-node=\"0\">Dost\u0119pne rozmiary:<\/b><\/p>\n<ul data-path-to-node=\"15,3,1\">\n<li>\n<p data-path-to-node=\"15,3,1,0,0\"><b data-path-to-node=\"15,3,1,0,0\" data-index-in-node=\"0\">30 \u00d7 30 cm<\/b><\/p>\n<\/li>\n<li>\n<p data-path-to-node=\"15,3,1,1,0\"><b data-path-to-node=\"15,3,1,1,0\" data-index-in-node=\"0\">40 \u00d7 40 cm<\/b><\/p>\n<\/li>\n<\/ul>\n<\/li>\n<\/ul>\n<h2 data-path-to-node=\"16\">Przypadki u\u017cycia<\/h2>\n<ul>\n<li>\n<p data-path-to-node=\"6,0,0\"><b data-path-to-node=\"6,0,0\" data-index-in-node=\"0\">Wydarzenia i promocje:<\/b> Doskonale nadaje si\u0119 do oznakowania stref wypoczynkowych na \u015bwie\u017cym powietrzu, salonik\u00f3w VIP na festiwalach i stref relaksu na targach.<\/p>\n<\/li>\n<li>\n<p data-path-to-node=\"6,1,0\"><b data-path-to-node=\"6,1,0\" data-index-in-node=\"0\">Go\u015bcinno\u015b\u0107 i wystr\u00f3j:<\/b> Nadaje indywidualny charakter hotelowym lobby, poczekalniom spa, restauracjom i barom.<\/p>\n<\/li>\n<li>\n<p data-path-to-node=\"6,2,0\"><b data-path-to-node=\"6,2,0\" data-index-in-node=\"0\">Prezenty firmowe:<\/b> Wysokiej jako\u015bci, mi\u0119kki prezent dla partner\u00f3w i pracownik\u00f3w, kt\u00f3ry idealnie wpasuje si\u0119 w strona g\u0142\u00f3wnaowe biuro.<\/p>\n<\/li>\n<\/ul>","protected":false},"excerpt":{"rendered":"<ul>\n<li>\n<p data-path-to-node=\"9,0,0\"><b data-path-to-node=\"9,0,0\" data-index-in-node=\"0\">Fotorealistyczny branding:<\/b> Druk pe\u0142nopowierzchniowy w wysokiej rozdzielczo\u015bci zapewniaj\u0105cy wyra\u017ane logo i \u017cywe obrazy.<\/p>\n<\/li>\n<li>\n<p data-path-to-node=\"9,1,0\"><b data-path-to-node=\"9,1,0\" data-index-in-node=\"0\">Materia\u0142 premium:<\/b> Wykonane z mikrofibry poliestrowej 100% (200 g\/m\u00b2) o luksusowej, mi\u0119kkiej fakturze.<\/p>\n<\/li>\n<li>\n<p data-path-to-node=\"9,2,0\"><b data-path-to-node=\"9,2,0\" data-index-in-node=\"0\">Konstrukcja dwustronna:<\/b> Aby uzyska\u0107 maksymalny efekt, wydrukuj obraz produktu na jednej stronie i swoje logo na drugiej.<\/p>\n<\/li>\n<li>\n<p data-path-to-node=\"9,3,0\"><b data-path-to-node=\"9,3,0\" data-index-in-node=\"0\">Wszechstronne zastosowanie:<\/b> Doskonale nadaje si\u0119 do kampanii podr\u00f3\u017cniczych, hoteli, restauracji i jako siedziska na imprezy plenerowe.<\/p>\n<\/li>\n<\/ul>","protected":false},"featured_media":6206,"comment_status":"closed","ping_status":"closed","template":"","meta":[],"product_brand":[],"product_cat":[129,68],"product_tag":[],"class_list":{"0":"post-6204","1":"product","2":"type-product","3":"status-publish","4":"has-post-thumbnail","6":"product_cat-leisure-lifestyle","7":"product_cat-event-supplies","9":"first","10":"instock","11":"shipping-taxable","12":"product-type-simple"},"_links":{"self":[{"href":"https:\/\/displayproducts.eu\/pl\/wp-json\/wp\/v2\/product\/6204","targetHints":{"allow":["GET"]}}],"collection":[{"href":"https:\/\/displayproducts.eu\/pl\/wp-json\/wp\/v2\/product"}],"about":[{"href":"https:\/\/displayproducts.eu\/pl\/wp-json\/wp\/v2\/types\/product"}],"replies":[{"embeddable":true,"href":"https:\/\/displayproducts.eu\/pl\/wp-json\/wp\/v2\/comments?post=6204"}],"wp:featuredmedia":[{"embeddable":true,"href":"https:\/\/displayproducts.eu\/pl\/wp-json\/wp\/v2\/media\/6206"}],"wp:attachment":[{"href":"https:\/\/displayproducts.eu\/pl\/wp-json\/wp\/v2\/media?parent=6204"}],"wp:term":[{"taxonomy":"product_brand","embeddable":true,"href":"https:\/\/displayproducts.eu\/pl\/wp-json\/wp\/v2\/product_brand?post=6204"},{"taxonomy":"product_cat","embeddable":true,"href":"https:\/\/displayproducts.eu\/pl\/wp-json\/wp\/v2\/product_cat?post=6204"},{"taxonomy":"product_tag","embeddable":true,"href":"https:\/\/displayproducts.eu\/pl\/wp-json\/wp\/v2\/product_tag?post=6204"}],"curies":[{"name":"wp","href":"https:\/\/api.w.org\/{rel}","templated":true}]}}