{"id":6201,"date":"2025-12-20T17:18:10","date_gmt":"2025-12-20T14:18:10","guid":{"rendered":"https:\/\/wristbandfactory.eu\/?post_type=product&#038;p=6201"},"modified":"2026-04-01T21:52:03","modified_gmt":"2026-04-01T18:52:03","slug":"custom-fan-scarves-sports-supporters-scarves-knitted-or-printed","status":"publish","type":"product","link":"https:\/\/displayproducts.eu\/pl\/p\/custom-fan-scarves-sports-supporters-scarves-knitted-or-printed\/","title":{"rendered":"Szaliki kibica z nadrukiem"},"content":{"rendered":"<p data-path-to-node=\"10\">Wzmocnij jedno\u015b\u0107 zespo\u0142u i zwi\u0119ksz widoczno\u015b\u0107 marki dzi\u0119ki naszym <b data-path-to-node=\"10\" data-index-in-node=\"86\">Spersonalizowane szaliki dla fan\u00f3w<\/b>. Niezale\u017cnie od tego, czy chodzi o profesjonalny klub pi\u0142karski, lokaln\u0105 dru\u017cyn\u0119 sportow\u0105, czy korporacyjn\u0105 imprez\u0119 promocyjn\u0105, te szaliki to idealny dodatek do kibicowania. Oferujemy wszechstronne opcje produkcji, dopasowane do indywidualnych potrzeb projektowych \u2013 od tradycyjnego ciep\u0142a po grafik\u0119 w wysokiej rozdzielczo\u015bci.<\/p>\n<p data-path-to-node=\"11\">W naszej ofercie znajduj\u0105 si\u0119 trzy specjalistyczne modele, kt\u00f3re gwarantuj\u0105 najlepszy wygl\u0105d Twojego logo, niezale\u017cnie od tego, czy zostanie ono wplecione bezpo\u015brednio w tkanin\u0119, czy te\u017c wydrukowane z fotorealistyczn\u0105 precyzj\u0105.<\/p>\n<h2 data-path-to-node=\"12\">G\u0142\u00f3wne cechy<\/h2>\n<ul data-path-to-node=\"13\">\n<li>\n<p data-path-to-node=\"13,0,0\"><b data-path-to-node=\"13,0,0\" data-index-in-node=\"0\">Klasyczny szalik dzianinowy:<\/b> Tradycyjny wyb\u00f3r. Dwustronna konstrukcja pozwala na umieszczenie r\u00f3\u017cnych logo po ka\u017cdej stronie. Wykonana z mi\u0119kkiego akrylu 100%, zapewniaj\u0105cego ciep\u0142o i trwa\u0142o\u015b\u0107.<\/p>\n<\/li>\n<li>\n<p data-path-to-node=\"13,1,0\"><b data-path-to-node=\"13,1,0\" data-index-in-node=\"0\">Unikalny szalik z nadrukiem:<\/b> Zaprojektowany do skomplikowanych grafik. Wykorzystuje efekt lustrzanego odbicia po jednej stronie, aby uzyska\u0107 ostre, szczeg\u00f3\u0142owe nadruki, kt\u00f3rych nie da si\u0119 uzyska\u0107 metod\u0105 dziergania.<\/p>\n<\/li>\n<li>\n<p data-path-to-node=\"13,2,0\"><b data-path-to-node=\"13,2,0\" data-index-in-node=\"0\">Szalik dziergany z emblematem:<\/b> Ekskluzywna, ekskluzywna opcja. \u0141\u0105czy klasyczn\u0105 dzianinow\u0105 baz\u0119 z doszytym, szczeg\u00f3\u0142owym emblematem, nadaj\u0105c ekskluzywny wygl\u0105d.<\/p>\n<\/li>\n<\/ul>\n<h2 data-path-to-node=\"14\">Specyfikacje<\/h2>\n<table data-path-to-node=\"15\">\n<thead>\n<tr>\n<td><strong>Typ modelu<\/strong><\/td>\n<td><strong>Wymiary<\/strong><\/td>\n<td><strong>Sk\u0142ad materia\u0142u<\/strong><\/td>\n<td><strong>Kluczowa cecha<\/strong><\/td>\n<\/tr>\n<\/thead>\n<tbody>\n<tr>\n<td><span data-path-to-node=\"15,1,0,0\"><b data-path-to-node=\"15,1,0,0\" data-index-in-node=\"0\">Szalik dzianinowy<\/b><\/span><\/td>\n<td><span data-path-to-node=\"15,1,1,0\">18 \u00d7 140 cm<\/span><\/td>\n<td><span data-path-to-node=\"15,1,2,0\">100% Akryl<\/span><\/td>\n<td><span data-path-to-node=\"15,1,3,0\">Dwustronny, klasyczny, ciep\u0142y<\/span><\/td>\n<\/tr>\n<tr>\n<td><span data-path-to-node=\"15,2,0,0\"><b data-path-to-node=\"15,2,0,0\" data-index-in-node=\"0\">Szalik obrazkowy<\/b><\/span><\/td>\n<td><span data-path-to-node=\"15,2,1,0\">20 \u00d7 130 cm<\/span><\/td>\n<td><span data-path-to-node=\"15,2,2,0\">80% Akryl, 20% Poliester<\/span><\/td>\n<td><span data-path-to-node=\"15,2,3,0\">Wydruk o wysokiej szczeg\u00f3\u0142owo\u015bci, efekt lustrzany<\/span><\/td>\n<\/tr>\n<tr>\n<td><span data-path-to-node=\"15,3,0,0\"><b data-path-to-node=\"15,3,0,0\" data-index-in-node=\"0\">Szalik z emblematem<\/b><\/span><\/td>\n<td><span data-path-to-node=\"15,3,1,0\">19 \u00d7 130 cm<\/span><\/td>\n<td><span data-path-to-node=\"15,3,2,0\">100% Akryl<\/span><\/td>\n<td><span data-path-to-node=\"15,3,3,0\">Naszywka haftowana premium<\/span><\/td>\n<\/tr>\n<\/tbody>\n<\/table>\n<h2 data-path-to-node=\"16\">Przypadki u\u017cycia<\/h2>\n<ul data-path-to-node=\"17\">\n<li>\n<p data-path-to-node=\"17,0,0\"><b data-path-to-node=\"17,0,0\" data-index-in-node=\"0\">Merchandising sportowy:<\/b> Podstawowe \u017ar\u00f3d\u0142o dochodu dla sklep\u00f3w dla kibic\u00f3w klub\u00f3w pi\u0142karskich, hokejowych i koszykarskich.<\/p>\n<\/li>\n<li>\n<p data-path-to-node=\"17,1,0\"><b data-path-to-node=\"17,1,0\" data-index-in-node=\"0\">Sponsorowanie wydarzenia:<\/b> Dobrze widoczna reklama dla kibic\u00f3w na stadionach i podczas du\u017cych imprez sportowych.<\/p>\n<\/li>\n<li>\n<p data-path-to-node=\"17,2,0\"><b data-path-to-node=\"17,2,0\" data-index-in-node=\"0\">Prezenty firmowe:<\/b> Ciep\u0142e i praktyczne prezenty na zimowe imprezy lub team building na \u015bwie\u017cym powietrzu.<\/p>\n<\/li>\n<\/ul>","protected":false},"excerpt":{"rendered":"<ul>\n<li>\n<p data-path-to-node=\"9,0,0\"><b data-path-to-node=\"9,0,0\" data-index-in-node=\"0\">Trzy r\u00f3\u017cne style:<\/b> Wybierz spo\u015br\u00f3d modeli Classic Knitted (\u017cakardowych), HD Image Printed lub Exclusive Emblem.<\/p>\n<\/li>\n<li>\n<p data-path-to-node=\"9,1,0\"><b data-path-to-node=\"9,1,0\" data-index-in-node=\"0\">Materia\u0142y wysokiej jako\u015bci:<\/b> Wykonane z ciep\u0142ego akrylu 100% lub szczeg\u00f3\u0142owej mieszanki poliakrylowej zapewniaj\u0105cej wyra\u017aniejsze wydruki.<\/p>\n<\/li>\n<li>\n<p data-path-to-node=\"9,2,0\"><b data-path-to-node=\"9,2,0\" data-index-in-node=\"0\">Branding dwustronny:<\/b> Modele dzianinowe pozwalaj\u0105 na wykonanie r\u00f3\u017cnych, niestandardowych wzor\u00f3w z przodu i z ty\u0142u.<\/p>\n<\/li>\n<li>\n<p data-path-to-node=\"9,3,0\"><b data-path-to-node=\"9,3,0\" data-index-in-node=\"0\">Najlepsze gad\u017cety dla fan\u00f3w:<\/b> Standardowe wyposa\u017cenie klub\u00f3w pi\u0142karskich, dru\u017cyn sportowych i imprez promocyjnych.<\/p>\n<\/li>\n<\/ul>","protected":false},"featured_media":6202,"comment_status":"closed","ping_status":"closed","template":"","meta":[],"product_brand":[],"product_cat":[123],"product_tag":[],"class_list":{"0":"post-6201","1":"product","2":"type-product","3":"status-publish","4":"has-post-thumbnail","6":"product_cat-fan-cheering-items","8":"first","9":"instock","10":"shipping-taxable","11":"product-type-simple"},"_links":{"self":[{"href":"https:\/\/displayproducts.eu\/pl\/wp-json\/wp\/v2\/product\/6201","targetHints":{"allow":["GET"]}}],"collection":[{"href":"https:\/\/displayproducts.eu\/pl\/wp-json\/wp\/v2\/product"}],"about":[{"href":"https:\/\/displayproducts.eu\/pl\/wp-json\/wp\/v2\/types\/product"}],"replies":[{"embeddable":true,"href":"https:\/\/displayproducts.eu\/pl\/wp-json\/wp\/v2\/comments?post=6201"}],"wp:featuredmedia":[{"embeddable":true,"href":"https:\/\/displayproducts.eu\/pl\/wp-json\/wp\/v2\/media\/6202"}],"wp:attachment":[{"href":"https:\/\/displayproducts.eu\/pl\/wp-json\/wp\/v2\/media?parent=6201"}],"wp:term":[{"taxonomy":"product_brand","embeddable":true,"href":"https:\/\/displayproducts.eu\/pl\/wp-json\/wp\/v2\/product_brand?post=6201"},{"taxonomy":"product_cat","embeddable":true,"href":"https:\/\/displayproducts.eu\/pl\/wp-json\/wp\/v2\/product_cat?post=6201"},{"taxonomy":"product_tag","embeddable":true,"href":"https:\/\/displayproducts.eu\/pl\/wp-json\/wp\/v2\/product_tag?post=6201"}],"curies":[{"name":"wp","href":"https:\/\/api.w.org\/{rel}","templated":true}]}}