{"id":6196,"date":"2025-12-20T17:11:39","date_gmt":"2025-12-20T14:11:39","guid":{"rendered":"https:\/\/wristbandfactory.eu\/?post_type=product&#038;p=6196"},"modified":"2026-04-01T21:52:03","modified_gmt":"2026-04-01T18:52:03","slug":"custom-printed-beeswax-food-wraps-bags-gots-certified-cotton","status":"publish","type":"product","link":"https:\/\/displayproducts.eu\/pl\/p\/custom-printed-beeswax-food-wraps-bags-gots-certified-cotton\/","title":{"rendered":"Woskowijki z nadrukiem"},"content":{"rendered":"<p data-path-to-node=\"12\">Podnie\u015b poziom spo\u0142ecznej odpowiedzialno\u015bci swojego biznesu dzi\u0119ki naszym <b data-path-to-node=\"12\" data-index-in-node=\"79\">Z w\u0142asnym nadrukiem nadruki na opakowaniach spo\u017cywczych z wosku pszczelego<\/b>. Jako zr\u00f3wnowa\u017cona alternatywa dla plastik\u00f3w jednorazowego u\u017cytku, te opakowania oferuj\u0105 innowacyjny i ekologiczny spos\u00f3b na zachowanie \u015bwie\u017co\u015bci \u017cywno\u015bci. Idealne dla marek dbaj\u0105cych o \u015brodowisko, opakowania te zamieniaj\u0105 codzienne kuchenne niezb\u0119dniki w mocne przekazy reklamowe.<\/p>\n<p data-path-to-node=\"13\">Wykonane z wysokiej jako\u015bci, naturalnych materia\u0142\u00f3w 100%, nasze opakowania wykorzystuj\u0105 ciep\u0142o Twoich d\u0142oni, aby dopasowa\u0107 si\u0119 do owoc\u00f3w, warzyw, kanapek lub misek, tworz\u0105c oddychaj\u0105c\u0105 pow\u0142ok\u0119, kt\u00f3ra utrzymuje \u015bwie\u017co\u015b\u0107 jedzenia na d\u0142u\u017cej.<\/p>\n<h2 data-path-to-node=\"14\">G\u0142\u00f3wne cechy<\/h2>\n<ul data-path-to-node=\"15\">\n<li>\n<p data-path-to-node=\"15,0,0\"><b data-path-to-node=\"15,0,0\" data-index-in-node=\"0\">Rozwi\u0105zanie zero waste:<\/b> Ca\u0142kowicie biodegradowalne i kompostowalne, zast\u0119puj\u0105 jednorazow\u0105 foli\u0119 plastikow\u0105 i aluminiow\u0105.<\/p>\n<\/li>\n<li>\n<p data-path-to-node=\"15,1,0\"><b data-path-to-node=\"15,1,0\" data-index-in-node=\"0\">Certyfikowana jako\u015b\u0107:<\/b> U\u017cywamy wy\u0142\u0105cznie bawe\u0142ny nadaj\u0105cej si\u0119 do druku, posiadaj\u0105cej certyfikat GOTS, co gwarantuje, \u017ce tkanina jest organiczna i pozyskiwana w spos\u00f3b etyczny.<\/p>\n<\/li>\n<li>\n<p data-path-to-node=\"15,2,0\"><b data-path-to-node=\"15,2,0\" data-index-in-node=\"0\">Ochrona przyrody:<\/b> Unikalna mieszanka wosku pszczelego, oleju jojoba i \u017cywicy sosnowej zapewnia naturalne w\u0142a\u015bciwo\u015bci antybakteryjne.<\/p>\n<\/li>\n<li>\n<p data-path-to-node=\"15,3,0\"><b data-path-to-node=\"15,3,0\" data-index-in-node=\"0\">Wszechstronny branding:<\/b> Twoje logo lub niestandardowy wz\u00f3r mo\u017cemy nadrukowa\u0107 bezpo\u015brednio na tkaninie, zapewniaj\u0105c codzienn\u0105 widoczno\u015b\u0107 marki w strona g\u0142\u00f3wnaach i biurach.<\/p>\n<\/li>\n<li>\n<p data-path-to-node=\"15,4,0\"><b data-path-to-node=\"15,4,0\" data-index-in-node=\"0\">D\u0142ugotrwa\u0142e:<\/b> Te chusty s\u0105 \u0142atwe w piel\u0119gnacji (wystarczy pra\u0107 w letniej wodzie) i nadaj\u0105 si\u0119 do wielokrotnego u\u017cytku, zapewniaj\u0105c wysoki zwrot z inwestycji w ramach bud\u017cet\u00f3w promocyjnych.<\/p>\n<\/li>\n<\/ul>\n<h2 data-path-to-node=\"16\">Specyfikacje<\/h2>\n<ul data-path-to-node=\"17\">\n<li>\n<p data-path-to-node=\"17,0,0\"><b data-path-to-node=\"17,0,0\" data-index-in-node=\"0\">Sk\u0142ad materia\u0142u:<\/b> Bawe\u0142na GOTS, wosk pszczeli (spo\u017cywczy), olej jojoba, \u017cywica sosnowa.<\/p>\n<\/li>\n<li>\n<p data-path-to-node=\"17,1,0\"><b data-path-to-node=\"17,1,0\" data-index-in-node=\"0\">Standardowe rozmiary arkuszy:<\/b><\/p>\n<ul data-path-to-node=\"17,1,1\">\n<li>\n<p data-path-to-node=\"17,1,1,0,0\"><b data-path-to-node=\"17,1,1,0,0\" data-index-in-node=\"0\">Ma\u0142y (18\u00d718 cm):<\/b> Do przek\u0105sek, krojonych owoc\u00f3w lub do przykrycia ma\u0142ych s\u0142oik\u00f3w.<\/p>\n<\/li>\n<li>\n<p data-path-to-node=\"17,1,1,1,0\"><b data-path-to-node=\"17,1,1,1,0\" data-index-in-node=\"0\">\u015aredni (25\u00d725 cm):<\/b> Idealne do ser\u00f3w, kanapek lub \u015brednich misek.<\/p>\n<\/li>\n<li>\n<p data-path-to-node=\"17,1,1,2,0\"><b data-path-to-node=\"17,1,1,2,0\" data-index-in-node=\"0\">Du\u017cy (36\u00d736 cm):<\/b> Nadaje si\u0119 do du\u017cych misek, pieczywa lub melon\u00f3w.<\/p>\n<\/li>\n<\/ul>\n<\/li>\n<li>\n<p data-path-to-node=\"17,2,0\"><b data-path-to-node=\"17,2,0\" data-index-in-node=\"0\">Rozmiary toreb:<\/b><\/p>\n<ul data-path-to-node=\"17,2,1\">\n<li>\n<p data-path-to-node=\"17,2,1,0,0\"><b data-path-to-node=\"17,2,1,0,0\" data-index-in-node=\"0\">Torba \u015brednia (16\u00d723 cm):<\/b> Doskonale nadaje si\u0119 do batonik\u00f3w i kanapek na wynos.<\/p>\n<\/li>\n<li>\n<p data-path-to-node=\"17,2,1,1,0\"><b data-path-to-node=\"17,2,1,1,0\" data-index-in-node=\"0\">Du\u017ca torba (23\u00d732 cm):<\/b> Nadaje si\u0119 do wypiek\u00f3w, \u015bwie\u017cych warzyw i wi\u0119kszych produkt\u00f3w.<\/p>\n<\/li>\n<\/ul>\n<\/li>\n<li>\n<p data-path-to-node=\"17,3,0\"><b data-path-to-node=\"17,3,0\" data-index-in-node=\"0\">Personalizacja:<\/b> Mo\u017cliwo\u015b\u0107 zadruku ca\u0142ej powierzchni lub umieszczenia logo.<\/p>\n<\/li>\n<\/ul>\n<h2 data-path-to-node=\"18\">Przypadki u\u017cycia<\/h2>\n<ul data-path-to-node=\"19\">\n<li>\n<p data-path-to-node=\"19,0,0\"><b data-path-to-node=\"19,0,0\" data-index-in-node=\"0\">Prezenty firmowe:<\/b> Przemy\u015blany i ekologiczny prezent dla pracownik\u00f3w i klient\u00f3w, wpisuj\u0105cy si\u0119 w inicjatywy proekologiczne.<\/p>\n<\/li>\n<li>\n<p data-path-to-node=\"19,1,0\"><b data-path-to-node=\"19,1,0\" data-index-in-node=\"0\">Gad\u017cety eventowe:<\/b> Warto\u015bciowe gad\u017cety na festiwale kulinarne, konferencje po\u015bwi\u0119cone zr\u00f3wnowa\u017conemu rozwojowi i targi bran\u017cowe.<\/p>\n<\/li>\n<li>\n<p data-path-to-node=\"19,2,0\"><b data-path-to-node=\"19,2,0\" data-index-in-node=\"0\">Sprzeda\u017c detaliczna i odsprzeda\u017c:<\/b> Doskonale nadaje si\u0119 do sklep\u00f3w z \u017cywno\u015bci\u0105 ekologiczn\u0105, sklep\u00f3w bez odpad\u00f3w i sklep\u00f3w z pami\u0105tkami muzealnymi.<\/p>\n<\/li>\n<\/ul>","protected":false},"excerpt":{"rendered":"<ul>\n<li>\n<p data-path-to-node=\"11,0,0\"><b data-path-to-node=\"11,0,0\" data-index-in-node=\"0\">100% Materia\u0142y naturalne:<\/b> Wykonane z bawe\u0142ny posiadaj\u0105cej certyfikat GOTS, czystego wosku pszczelego, oleju jojoba i \u017cywicy sosnowej.<\/p>\n<\/li>\n<li>\n<p data-path-to-node=\"11,1,0\"><b data-path-to-node=\"11,1,0\" data-index-in-node=\"0\">Branding przyjazny dla \u015brodowiska:<\/b> Zr\u00f3wnowa\u017cona, biodegradowalna alternatywa dla folii spo\u017cywczej i folii aluminiowej.<\/p>\n<\/li>\n<li>\n<p data-path-to-node=\"11,2,0\"><b data-path-to-node=\"11,2,0\" data-index-in-node=\"0\">Mo\u017cliwo\u015b\u0107 dostosowania:<\/b> Dost\u0119pne w r\u00f3\u017cnych rozmiarach arkuszy i formatach toreb z mo\u017cliwo\u015bci\u0105 nadruku logo w pe\u0142nym kolorze.<\/p>\n<\/li>\n<li>\n<p data-path-to-node=\"11,3,0\"><b data-path-to-node=\"11,3,0\" data-index-in-node=\"0\">Wielokrotnego u\u017cytku i nadaj\u0105ce si\u0119 do prania:<\/b> Trwa\u0142a konstrukcja, kt\u00f3ra dopasowuje si\u0119 do kszta\u0142tu d\u0142oni i jest odporna na wielokrotne u\u017cytkowanie.<\/p>\n<\/li>\n<\/ul>","protected":false},"featured_media":6198,"comment_status":"closed","ping_status":"closed","template":"","meta":[],"product_brand":[],"product_cat":[121],"product_tag":[],"class_list":{"0":"post-6196","1":"product","2":"type-product","3":"status-publish","4":"has-post-thumbnail","6":"product_cat-promotional-merchandise","8":"first","9":"instock","10":"shipping-taxable","11":"purchasable","12":"product-type-simple"},"_links":{"self":[{"href":"https:\/\/displayproducts.eu\/pl\/wp-json\/wp\/v2\/product\/6196","targetHints":{"allow":["GET"]}}],"collection":[{"href":"https:\/\/displayproducts.eu\/pl\/wp-json\/wp\/v2\/product"}],"about":[{"href":"https:\/\/displayproducts.eu\/pl\/wp-json\/wp\/v2\/types\/product"}],"replies":[{"embeddable":true,"href":"https:\/\/displayproducts.eu\/pl\/wp-json\/wp\/v2\/comments?post=6196"}],"wp:featuredmedia":[{"embeddable":true,"href":"https:\/\/displayproducts.eu\/pl\/wp-json\/wp\/v2\/media\/6198"}],"wp:attachment":[{"href":"https:\/\/displayproducts.eu\/pl\/wp-json\/wp\/v2\/media?parent=6196"}],"wp:term":[{"taxonomy":"product_brand","embeddable":true,"href":"https:\/\/displayproducts.eu\/pl\/wp-json\/wp\/v2\/product_brand?post=6196"},{"taxonomy":"product_cat","embeddable":true,"href":"https:\/\/displayproducts.eu\/pl\/wp-json\/wp\/v2\/product_cat?post=6196"},{"taxonomy":"product_tag","embeddable":true,"href":"https:\/\/displayproducts.eu\/pl\/wp-json\/wp\/v2\/product_tag?post=6196"}],"curies":[{"name":"wp","href":"https:\/\/api.w.org\/{rel}","templated":true}]}}