{"id":6193,"date":"2025-12-20T16:56:00","date_gmt":"2025-12-20T13:56:00","guid":{"rendered":"https:\/\/wristbandfactory.eu\/?post_type=product&#038;p=6193"},"modified":"2026-04-01T21:52:34","modified_gmt":"2026-04-01T18:52:34","slug":"plantable-id-cards-with-linden-seeds-personalized","status":"publish","type":"product","link":"https:\/\/displayproducts.eu\/pl\/p\/plantable-id-cards-with-linden-seeds-personalized\/","title":{"rendered":"Identyfikatory z nasionami"},"content":{"rendered":"<p data-path-to-node=\"12\">Zmie\u0144 swoj\u0105 akredytacj\u0119 na wydarzenie w zielone o\u015bwiadczenie dzi\u0119ki naszemu <b data-path-to-node=\"12\" data-index-in-node=\"92\">Karty identyfikacyjne do sadzenia z nasionami lipy<\/b>. W przeciwie\u0144stwie do standardowych plastikowych lub papierowych znaczk\u00f3w, te innowacyjne karty charakteryzuj\u0105 si\u0119 wyj\u0105tkowym ekologicznym akcentem: ma\u0142ym, biodegradowalnym pojemnikiem z p\u0142yty MDF przymocowanym do przodu, w kt\u00f3rym znajduje si\u0119 prawdziwa lipa (<i data-path-to-node=\"12\" data-index-in-node=\"310\">Lipa<\/i>) nasiona.<\/p>\n<p data-path-to-node=\"13\">Wykonane z wysokiej jako\u015bci impregnowanego papieru, te kartki zosta\u0142y zaprojektowane tak, aby wytrzyma\u0107 zu\u017cycie i uszkodzenia podczas wielodniowych konferencji lub festiwali, a jednocze\u015bnie s\u0105 w pe\u0142ni biodegradowalne. Po wydarzeniu uczestnicy mog\u0105 posadzi\u0107 ca\u0142\u0105 kartk\u0119 w ogrodzie lub parku, gdzie nasiona wykie\u0142kuj\u0105 i wyrosn\u0105 na drzewa \u2013 pozostawiaj\u0105c trwa\u0142e, pozytywne dziedzictwo ekologiczne na d\u0142ugo po zako\u0144czeniu wydarzenia.<\/p>\n<h2 data-path-to-node=\"14\">G\u0142\u00f3wne cechy<\/h2>\n<ul data-path-to-node=\"15\">\n<li>\n<p data-path-to-node=\"15,0,0\"><b data-path-to-node=\"15,0,0\" data-index-in-node=\"0\">Drukowanie zmiennych danych (VDP):<\/b> Mo\u017cemy drukowa\u0107 imiona i nazwiska poszczeg\u00f3lnych uczestnik\u00f3w, kody QR i numery miejsc bezpo\u015brednio na ka\u017cdej karcie, dzi\u0119ki czemu ka\u017cdy identyfikator b\u0119dzie unikatowy i gotowy do dystrybucji.<\/p>\n<\/li>\n<li>\n<p data-path-to-node=\"15,1,0\"><b data-path-to-node=\"15,1,0\" data-index-in-node=\"0\">Innowacyjny pojemnik na nasiona:<\/b> Nasiona umieszczono w ozdobnej kapsu\u0142ce z p\u0142yty MDF na przedniej stronie kartki, co od razu stanowi wizualny punkt odniesienia dla idei zr\u00f3wnowa\u017conego rozwoju.<\/p>\n<\/li>\n<li>\n<p data-path-to-node=\"15,2,0\"><b data-path-to-node=\"15,2,0\" data-index-in-node=\"0\">Pe\u0142nokolorowy branding:<\/b> Druk w wysokiej rozdzielczo\u015bci CMYK jest dost\u0119pny zar\u00f3wno z przodu (4+0), jak i z ty\u0142u (4+4), co pozwala na wyra\u017ane zaprezentowanie marki Twojego wydarzenia.<\/p>\n<\/li>\n<li>\n<p data-path-to-node=\"15,3,0\"><b data-path-to-node=\"15,3,0\" data-index-in-node=\"0\">Warto\u015b\u0107 edukacyjna:<\/b> Na odwrocie znajduj\u0105 si\u0119 czytelne instrukcje dotycz\u0105ce sadzenia, kt\u00f3re podpowiedz\u0105 u\u017cytkownikowi, jak zamieni\u0107 sw\u00f3j dow\u00f3d osobisty w drzewo.<\/p>\n<\/li>\n<\/ul>\n<h2 data-path-to-node=\"16\">Specyfikacje<\/h2>\n<ul data-path-to-node=\"17\">\n<li>\n<p data-path-to-node=\"17,0,0\"><b data-path-to-node=\"17,0,0\" data-index-in-node=\"0\">Wymiary:<\/b> 60 mm x 90 mm.<\/p>\n<\/li>\n<li>\n<p data-path-to-node=\"17,1,0\"><b data-path-to-node=\"17,1,0\" data-index-in-node=\"0\">Tworzywo:<\/b> Papier impregnowany (biodegradowalny) + pojemnik na nasiona z p\u0142yty MDF.<\/p>\n<\/li>\n<li>\n<p data-path-to-node=\"17,2,0\"><b data-path-to-node=\"17,2,0\" data-index-in-node=\"0\">Rodzaj nasion:<\/b> Lipa (<i data-path-to-node=\"17,2,0\" data-index-in-node=\"24\">Lipa<\/i>).<\/p>\n<\/li>\n<li>\n<p data-path-to-node=\"17,3,0\"><b data-path-to-node=\"17,3,0\" data-index-in-node=\"0\">Orientacja:<\/b> Dost\u0119pne opcje pionowe i poziome.<\/p>\n<\/li>\n<li>\n<p data-path-to-node=\"17,4,0\"><b data-path-to-node=\"17,4,0\" data-index-in-node=\"0\">Druk:<\/b> Cyfrowy CMYK (obs\u0142uguje zmienne dane).<\/p>\n<\/li>\n<li>\n<p data-path-to-node=\"17,5,0\"><b data-path-to-node=\"17,5,0\" data-index-in-node=\"0\">Czas produkcji:<\/b> Oko\u0142o 2 tygodnie po zatwierdzeniu.<\/p>\n<\/li>\n<li>\n<p data-path-to-node=\"17,6,0\"><b data-path-to-node=\"17,6,0\" data-index-in-node=\"0\">Minimalna ilo\u015b\u0107 zam\u00f3wienia:<\/b> 100 jednostek.<\/p>\n<\/li>\n<\/ul>\n<h2 data-path-to-node=\"18\">Przypadki u\u017cycia<\/h2>\n<ul data-path-to-node=\"19\">\n<li>\n<p data-path-to-node=\"19,0,0\"><b data-path-to-node=\"19,0,0\" data-index-in-node=\"0\">Konferencje na temat zr\u00f3wnowa\u017conego rozwoju:<\/b> Najbardziej \u201czielona\u201d odznaka dla szczyt\u00f3w ekologicznych i for\u00f3w klimatycznych.<\/p>\n<\/li>\n<li>\n<p data-path-to-node=\"19,1,0\"><b data-path-to-node=\"19,1,0\" data-index-in-node=\"0\">Wydarzenia z zakresu CSR w firmach:<\/b> Wyka\u017c zaanga\u017cowanie Twojej firmy na rzecz ochrony \u015brodowiska za pomoc\u0105 odznak, kt\u00f3re s\u0105 wyrazem odwdzi\u0119czenia si\u0119 naturze.<\/p>\n<\/li>\n<li>\n<p data-path-to-node=\"19,2,0\"><b data-path-to-node=\"19,2,0\" data-index-in-node=\"0\">Festiwale przyrody:<\/b> Doskonale nadaje si\u0119 na imprezy plenerowe, gdzie ilo\u015b\u0107 odpad\u00f3w plastikowych jest \u015bci\u015ble ograniczona.<\/p>\n<\/li>\n<li>\n<p data-path-to-node=\"19,3,0\"><b data-path-to-node=\"19,3,0\" data-index-in-node=\"0\">Zaproszenia VIP:<\/b> Mo\u017cna je r\u00f3wnie\u017c wykorzysta\u0107 jako ekskluzywne zaproszenia na ekskluzywne gale.<\/p>\n<\/li>\n<\/ul>","protected":false},"excerpt":{"rendered":"<ul data-path-to-node=\"11\">\n<li>\n<p data-path-to-node=\"11,0,0\"><b data-path-to-node=\"11,0,0\" data-index-in-node=\"0\">Funkcja ekologiczna:<\/b> Nas\u0105czony papier kartonowy z widocznym pojemnikiem MDF zawieraj\u0105cym prawdziwe nasiona lipy.<\/p>\n<\/li>\n<li>\n<p data-path-to-node=\"11,1,0\"><b data-path-to-node=\"11,1,0\" data-index-in-node=\"0\">Personalizacja:<\/b> Obs\u0142uguje drukowanie zmiennych danych (VDP) \u2013 drukuj imiona i nazwiska, kody lub tytu\u0142y poszczeg\u00f3lnych uczestnik\u00f3w na ka\u017cdej karcie.<\/p>\n<\/li>\n<li>\n<p data-path-to-node=\"11,2,0\"><b data-path-to-node=\"11,2,0\" data-index-in-node=\"0\">Projekt:<\/b> Pe\u0142nokolorowy nadruk CMYK (jedno- lub dwustronny) z instrukcj\u0105 sadzenia na odwrocie.<\/p>\n<\/li>\n<li>\n<p data-path-to-node=\"11,3,0\"><b data-path-to-node=\"11,3,0\" data-index-in-node=\"0\">Format:<\/b> Standardowy rozmiar 60 x 90 mm, dost\u0119pny w orientacji pionowej lub poziomej.<\/p>\n<\/li>\n<\/ul>","protected":false},"featured_media":6293,"comment_status":"closed","ping_status":"closed","template":"","meta":[],"product_brand":[],"product_cat":[90,91],"product_tag":[],"class_list":{"0":"post-6193","1":"product","2":"type-product","3":"status-publish","4":"has-post-thumbnail","6":"product_cat-laminated-cards","7":"product_cat-badge-holders","9":"first","10":"instock","11":"shipping-taxable","12":"purchasable","13":"product-type-simple"},"_links":{"self":[{"href":"https:\/\/displayproducts.eu\/pl\/wp-json\/wp\/v2\/product\/6193","targetHints":{"allow":["GET"]}}],"collection":[{"href":"https:\/\/displayproducts.eu\/pl\/wp-json\/wp\/v2\/product"}],"about":[{"href":"https:\/\/displayproducts.eu\/pl\/wp-json\/wp\/v2\/types\/product"}],"replies":[{"embeddable":true,"href":"https:\/\/displayproducts.eu\/pl\/wp-json\/wp\/v2\/comments?post=6193"}],"wp:featuredmedia":[{"embeddable":true,"href":"https:\/\/displayproducts.eu\/pl\/wp-json\/wp\/v2\/media\/6293"}],"wp:attachment":[{"href":"https:\/\/displayproducts.eu\/pl\/wp-json\/wp\/v2\/media?parent=6193"}],"wp:term":[{"taxonomy":"product_brand","embeddable":true,"href":"https:\/\/displayproducts.eu\/pl\/wp-json\/wp\/v2\/product_brand?post=6193"},{"taxonomy":"product_cat","embeddable":true,"href":"https:\/\/displayproducts.eu\/pl\/wp-json\/wp\/v2\/product_cat?post=6193"},{"taxonomy":"product_tag","embeddable":true,"href":"https:\/\/displayproducts.eu\/pl\/wp-json\/wp\/v2\/product_tag?post=6193"}],"curies":[{"name":"wp","href":"https:\/\/api.w.org\/{rel}","templated":true}]}}