{"id":6191,"date":"2025-12-20T16:49:13","date_gmt":"2025-12-20T13:49:13","guid":{"rendered":"https:\/\/wristbandfactory.eu\/?post_type=product&#038;p=6191"},"modified":"2026-04-01T21:52:34","modified_gmt":"2026-04-01T18:52:34","slug":"custom-wooden-id-cards-event-badges-eco-plywood","status":"publish","type":"product","link":"https:\/\/displayproducts.eu\/pl\/p\/custom-wooden-id-cards-event-badges-eco-plywood\/","title":{"rendered":"Drewniane identyfikatory"},"content":{"rendered":"<p data-path-to-node=\"12\">Wyr\u00f3\u017cnij si\u0119 dzi\u0119ki naszym <b data-path-to-node=\"12\" data-index-in-node=\"44\">Z w\u0142asnym nadrukiem drewniane karty identyfikacyjne<\/b>, wyrafinowana i zr\u00f3wnowa\u017cona alternatywa dla tradycyjnych plastikowych identyfikator\u00f3w z PVC. Wykonane z wysokiej jako\u015bci sklejki o grubo\u015bci 3 mm, te karty oferuj\u0105 naturaln\u0105, profesjonaln\u0105 estetyk\u0119, kt\u00f3ra idealnie wpisuje si\u0119 w ekologiczne warto\u015bci marki.<\/p>\n<p data-path-to-node=\"13\">Idealna na konferencje, imprezy VIP i identyfikacj\u0119 korporacyjn\u0105, ka\u017cda karta charakteryzuje si\u0119 wyrazistym us\u0142ojeniem drewna, co czyni j\u0105 wyj\u0105tkow\u0105. Karty s\u0105 lekkie, a jednocze\u015bnie wystarczaj\u0105co wytrzyma\u0142e, aby przetrwa\u0107 wielodniowe wydarzenia.<\/p>\n<p data-path-to-node=\"14\"><b data-path-to-node=\"14\" data-index-in-node=\"0\">Drukowanie i wyka\u0144czanie:<\/b> Oferujemy wydruki w \u017cywych kolorach, na kt\u00f3rych mo\u017cesz umie\u015bci\u0107 swoje logo, nazwiska uczestnik\u00f3w lub kody QR.<\/p>\n<ul data-path-to-node=\"15\">\n<li>\n<p data-path-to-node=\"15,0,0\"><b data-path-to-node=\"15,0,0\" data-index-in-node=\"0\">Standardowe wyko\u0144czenie:<\/b> Standardowo karty s\u0105 jednostronnie lakierowane w celu ochrony powierzchni i druku.<\/p>\n<\/li>\n<li>\n<p data-path-to-node=\"15,1,0\"><b data-path-to-node=\"15,1,0\" data-index-in-node=\"0\">Opcja dwustronna:<\/b> W przypadku druku dwustronnego zdecydowanie zalecamy pokrycie drugiej strony lakierem, aby zapobiec blakni\u0119ciu i \u015bcieraniu si\u0119 kolor\u00f3w (dost\u0119pne jako ulepszenie).<\/p>\n<\/li>\n<\/ul>\n<h2 data-path-to-node=\"16\">G\u0142\u00f3wne cechy<\/h2>\n<ul data-path-to-node=\"17\">\n<li>\n<p data-path-to-node=\"17,0,0\"><b data-path-to-node=\"17,0,0\" data-index-in-node=\"0\">Estetyka naturalna:<\/b> Ciep\u0142a faktura drewna zapewnia wygl\u0105d i faktur\u0119 najwy\u017cszej jako\u015bci, jakiej nie mo\u017ce zapewni\u0107 plastik.<\/p>\n<\/li>\n<li>\n<p data-path-to-node=\"17,1,0\"><b data-path-to-node=\"17,1,0\" data-index-in-node=\"0\">Pe\u0142na personalizacja:<\/b> Obs\u0142uguje pe\u0142nokolorowy druk cyfrowy po jednej lub obu stronach.<\/p>\n<\/li>\n<li>\n<p data-path-to-node=\"17,2,0\"><b data-path-to-node=\"17,2,0\" data-index-in-node=\"0\">Trwa\u0142o\u015b\u0107:<\/b> Pokryte lakierem ochronnym, aby zapewni\u0107 odporno\u015b\u0107 na wilgo\u0107 i codzienne zu\u017cycie.<\/p>\n<\/li>\n<li>\n<p data-path-to-node=\"17,3,0\"><b data-path-to-node=\"17,3,0\" data-index-in-node=\"0\">Uniwersalne dopasowanie:<\/b> Zawiera nawiercony otw\u00f3r (standardowy rozmiar) umo\u017cliwiaj\u0105cy \u0142atwe przymocowanie do dowolnego sznurka lub klipsa.<\/p>\n<\/li>\n<li>\n<p data-path-to-node=\"17,4,0\"><b data-path-to-node=\"17,4,0\" data-index-in-node=\"0\">Zr\u00f3wnowa\u017cony wyb\u00f3r:<\/b> Wykonane z odnawialnych \u017ar\u00f3de\u0142 drewna, co pozwoli Ci zmniejszy\u0107 emisj\u0119 plastiku podczas Twojego wydarzenia.<\/p>\n<\/li>\n<\/ul>\n<h2 data-path-to-node=\"18\">Specyfikacje<\/h2>\n<ul data-path-to-node=\"19\">\n<li>\n<p data-path-to-node=\"19,0,0\"><b data-path-to-node=\"19,0,0\" data-index-in-node=\"0\">Wymiary:<\/b> 100 mm x 50 mm x 3 mm.<\/p>\n<\/li>\n<li>\n<p data-path-to-node=\"19,1,0\"><b data-path-to-node=\"19,1,0\" data-index-in-node=\"0\">Tworzywo:<\/b> Sklejka naturalna.<\/p>\n<\/li>\n<li>\n<p data-path-to-node=\"19,2,0\"><b data-path-to-node=\"19,2,0\" data-index-in-node=\"0\">Waga:<\/b> Ultralekkie, zapewniaj\u0105ce komfort noszenia.<\/p>\n<\/li>\n<li>\n<p data-path-to-node=\"19,3,0\"><b data-path-to-node=\"19,3,0\" data-index-in-node=\"0\">Dziurkacz:<\/b> Otw\u00f3r g\u00f3rny wy\u015brodkowany (zwykle standardowy, okr\u0105g\u0142y lub pod\u0142u\u017cny).<\/p>\n<\/li>\n<li>\n<p data-path-to-node=\"19,4,0\"><b data-path-to-node=\"19,4,0\" data-index-in-node=\"0\">Minimalna ilo\u015b\u0107 zam\u00f3wienia:<\/b> 100 jednostek.<\/p>\n<\/li>\n<\/ul>\n<h2 data-path-to-node=\"20\">Przypadki u\u017cycia<\/h2>\n<ul data-path-to-node=\"21\">\n<li>\n<p data-path-to-node=\"21,0,0\"><b data-path-to-node=\"21,0,0\" data-index-in-node=\"0\">Zielone Konferencje:<\/b> Niezb\u0119dny dodatek na szczyty po\u015bwi\u0119cone zr\u00f3wnowa\u017conemu rozwojowi.<\/p>\n<\/li>\n<li>\n<p data-path-to-node=\"21,1,0\"><b data-path-to-node=\"21,1,0\" data-index-in-node=\"0\">Karnety VIP:<\/b> Ekskluzywne przepustki za kulisy lub dla specjalnych go\u015bci o wysokiej warto\u015bci.<\/p>\n<\/li>\n<li>\n<p data-path-to-node=\"21,2,0\"><b data-path-to-node=\"21,2,0\" data-index-in-node=\"0\">Identyfikator pracownika:<\/b> Trwa\u0142a i stylowa codzienna identyfikacja dla firm dbaj\u0105cych o \u015brodowisko.<\/p>\n<\/li>\n<li>\n<p data-path-to-node=\"21,3,0\"><b data-path-to-node=\"21,3,0\" data-index-in-node=\"0\">Prezenty firmowe:<\/b> Mo\u017cna ich u\u017cywa\u0107 jako zawieszek do baga\u017cu lub jako pami\u0105tek.<\/p>\n<\/li>\n<\/ul>","protected":false},"excerpt":{"rendered":"<ul>\n<li>\n<p data-path-to-node=\"11,0,0\"><b data-path-to-node=\"11,0,0\" data-index-in-node=\"0\">Tworzywo:<\/b> Sklejka wysokiej jako\u015bci o grubo\u015bci 3 mm (wyko\u0144czenie naturalne).<\/p>\n<\/li>\n<li>\n<p data-path-to-node=\"11,1,0\"><b data-path-to-node=\"11,1,0\" data-index-in-node=\"0\">Wymiary:<\/b> 10 cm x 5 cm (lekkie i wytrzyma\u0142e).<\/p>\n<\/li>\n<li>\n<p data-path-to-node=\"11,2,0\"><b data-path-to-node=\"11,2,0\" data-index-in-node=\"0\">Ochrona:<\/b> Standardowe lakierowanie jednostronne zapewniaj\u0105ce trwa\u0142o\u015b\u0107 (dwustronne opcjonalne).<\/p>\n<\/li>\n<li>\n<p data-path-to-node=\"11,3,0\"><b data-path-to-node=\"11,3,0\" data-index-in-node=\"0\">Za\u0142\u0105cznik:<\/b> Wst\u0119pnie nawiercony otw\u00f3r, kompatybilny ze wszystkimi standardowymi smyczami.<\/p>\n<\/li>\n<li>\n<p data-path-to-node=\"11,4,0\"><b data-path-to-node=\"11,4,0\" data-index-in-node=\"0\">Ekologiczne:<\/b> Biodegradowalna, bezplastikowa alternatywa dla ekologicznych wydarze\u0144.<\/p>\n<\/li>\n<\/ul>","protected":false},"featured_media":6192,"comment_status":"closed","ping_status":"closed","template":"","meta":[],"product_brand":[],"product_cat":[91],"product_tag":[],"class_list":{"0":"post-6191","1":"product","2":"type-product","3":"status-publish","4":"has-post-thumbnail","6":"product_cat-badge-holders","8":"first","9":"instock","10":"shipping-taxable","11":"purchasable","12":"product-type-simple"},"_links":{"self":[{"href":"https:\/\/displayproducts.eu\/pl\/wp-json\/wp\/v2\/product\/6191","targetHints":{"allow":["GET"]}}],"collection":[{"href":"https:\/\/displayproducts.eu\/pl\/wp-json\/wp\/v2\/product"}],"about":[{"href":"https:\/\/displayproducts.eu\/pl\/wp-json\/wp\/v2\/types\/product"}],"replies":[{"embeddable":true,"href":"https:\/\/displayproducts.eu\/pl\/wp-json\/wp\/v2\/comments?post=6191"}],"wp:featuredmedia":[{"embeddable":true,"href":"https:\/\/displayproducts.eu\/pl\/wp-json\/wp\/v2\/media\/6192"}],"wp:attachment":[{"href":"https:\/\/displayproducts.eu\/pl\/wp-json\/wp\/v2\/media?parent=6191"}],"wp:term":[{"taxonomy":"product_brand","embeddable":true,"href":"https:\/\/displayproducts.eu\/pl\/wp-json\/wp\/v2\/product_brand?post=6191"},{"taxonomy":"product_cat","embeddable":true,"href":"https:\/\/displayproducts.eu\/pl\/wp-json\/wp\/v2\/product_cat?post=6191"},{"taxonomy":"product_tag","embeddable":true,"href":"https:\/\/displayproducts.eu\/pl\/wp-json\/wp\/v2\/product_tag?post=6191"}],"curies":[{"name":"wp","href":"https:\/\/api.w.org\/{rel}","templated":true}]}}