{"id":6189,"date":"2025-12-20T16:39:31","date_gmt":"2025-12-20T13:39:31","guid":{"rendered":"https:\/\/wristbandfactory.eu\/?post_type=product&#038;p=6189"},"modified":"2026-04-01T21:52:03","modified_gmt":"2026-04-01T18:52:03","slug":"custom-antibacterial-hand-surface-spray-20ml","status":"publish","type":"product","link":"https:\/\/displayproducts.eu\/pl\/p\/custom-antibacterial-hand-surface-spray-20ml\/","title":{"rendered":"Antybakteryjny spray do r\u0105k i powierzchni"},"content":{"rendered":"<p data-path-to-node=\"12\">Zapewnij bezpiecze\u0144stwo swojemu zespo\u0142owi i klientom dzi\u0119ki naszym rozwi\u0105zaniom premium <b data-path-to-node=\"12\" data-index-in-node=\"66\">Niestandardowy antybakteryjny spray do r\u0105k i powierzchni<\/b>. W przeciwie\u0144stwie do agresywnych \u015brodk\u00f3w dezynfekuj\u0105cych na bazie alkoholu, ta zaawansowana formu\u0142a na bazie wody chroni sk\u00f3r\u0119 bez jej wysuszania. Spe\u0142nia podw\u00f3jne zadanie: skutecznie dezynfekuje r\u0119ce i bezpiecznie czy\u015bci cz\u0119sto dotykane przedmioty osobiste, takie jak smartfony, klawiatury i tablety.<\/p>\n<p data-path-to-node=\"13\">Kompaktowa pojemno\u015b\u0107 20 ml sprawia, \u017ce jest to idealny gad\u017cet promocyjny na co dzie\u0144. Niezale\u017cnie od tego, czy trzymasz go w kieszeni, torebce, czy na biurku, zapewnia d\u0142ugotrwa\u0142\u0105 ochron\u0119, do 225 dawek na sztuk\u0119. Branding tego niezb\u0119dnego narz\u0119dzia higienicznego uto\u017csamia Twoj\u0105 firm\u0119 z trosk\u0105, dobrym samopoczuciem i praktyczno\u015bci\u0105.<\/p>\n<h2 data-path-to-node=\"14\">G\u0142\u00f3wne cechy<\/h2>\n<ul data-path-to-node=\"15\">\n<li>\n<p data-path-to-node=\"15,0,0\"><b data-path-to-node=\"15,0,0\" data-index-in-node=\"0\">Ochrona przyjazna dla sk\u00f3ry:<\/b> Wzbogacony o <b data-path-to-node=\"15,0,0\" data-index-in-node=\"40\">Aloes zwyczajny<\/b> I <b data-path-to-node=\"15,0,0\" data-index-in-node=\"54\">Witamina B5<\/b>, dzi\u0119ki czemu d\u0142onie pozostaj\u0105 mi\u0119kkie i nawil\u017cone nawet przy cz\u0119stym stosowaniu.<\/p>\n<\/li>\n<li>\n<p data-path-to-node=\"15,1,0\"><b data-path-to-node=\"15,1,0\" data-index-in-node=\"0\">Czyszczenie Tech-Safe:<\/b> Formu\u0142a antystatyczna jest bezpieczna dla urz\u0105dze\u0144 elektronicznych, skutecznie usuwaj\u0105c odciski palc\u00f3w i bakterie z ekran\u00f3w, nie powoduj\u0105c ich uszkodzenia.<\/p>\n<\/li>\n<li>\n<p data-path-to-node=\"15,2,0\"><b data-path-to-node=\"15,2,0\" data-index-in-node=\"0\">Wysoka wydajno\u015b\u0107:<\/b> Zabija 99,99% bakterii dzi\u0119ki sk\u0142adnikom aktywnym, takim jak kwas mlekowy i DDAC (chlorek didecylodimetyloamoniowy).<\/p>\n<\/li>\n<li>\n<p data-path-to-node=\"15,3,0\"><b data-path-to-node=\"15,3,0\" data-index-in-node=\"0\">Odczucie nieprzywierania:<\/b> Szybko si\u0119 wch\u0142ania i nie pozostawia lepkiej warstwy, w przeciwie\u0144stwie do alternatywnych produkt\u00f3w na bazie \u017celu.<\/p>\n<\/li>\n<li>\n<p data-path-to-node=\"15,4,0\"><b data-path-to-node=\"15,4,0\" data-index-in-node=\"0\">\u015awiastrona g\u0142\u00f3wnay ekologicznie:<\/b> Formu\u0142a na bazie wody z biopolimerami zapewnia mniejsz\u0105 emisj\u0119 lotnych substancji chemicznych w por\u00f3wnaniu ze sprayami o wysokiej zawarto\u015bci alkoholu.<\/p>\n<\/li>\n<\/ul>\n<h2 data-path-to-node=\"16\">Specyfikacje<\/h2>\n<ul data-path-to-node=\"17\">\n<li>\n<p data-path-to-node=\"17,0,0\"><b data-path-to-node=\"17,0,0\" data-index-in-node=\"0\">Tom:<\/b> 20 ml (ok. 225 rozpyle\u0144).<\/p>\n<\/li>\n<li>\n<p data-path-to-node=\"17,1,0\"><b data-path-to-node=\"17,1,0\" data-index-in-node=\"0\">Sk\u0142adniki aktywne:<\/b> Kwas mlekowy, chlorek didecylodimetyloamoniowy (DDAC).<\/p>\n<\/li>\n<li>\n<p data-path-to-node=\"17,2,0\"><b data-path-to-node=\"17,2,0\" data-index-in-node=\"0\">Dodatki piel\u0119gnacyjne:<\/b> Aloes, witamina B5, biopolimery.<\/p>\n<\/li>\n<li>\n<p data-path-to-node=\"17,3,0\"><b data-path-to-node=\"17,3,0\" data-index-in-node=\"0\">Opiera\u0107:<\/b> Woda oczyszczona (na bazie wody).<\/p>\n<\/li>\n<li>\n<p data-path-to-node=\"17,4,0\"><b data-path-to-node=\"17,4,0\" data-index-in-node=\"0\">Aplikacja:<\/b> D\u0142onie, twarde powierzchnie, elektronika (ekrany).<\/p>\n<\/li>\n<li>\n<p data-path-to-node=\"17,5,0\"><b data-path-to-node=\"17,5,0\" data-index-in-node=\"0\">Personalizacja:<\/b> Pe\u0142nokolorowa etykieta cyfrowa lub nadruk tampodrukowy na obudowie.<\/p>\n<\/li>\n<li>\n<p data-path-to-node=\"17,6,0\"><b data-path-to-node=\"17,6,0\" data-index-in-node=\"0\">Minimalna ilo\u015b\u0107 zam\u00f3wienia:<\/b> 100 jednostek.<\/p>\n<\/li>\n<\/ul>\n<h2 data-path-to-node=\"18\">Przypadki u\u017cycia<\/h2>\n<ul data-path-to-node=\"19\">\n<li>\n<p data-path-to-node=\"19,0,0\"><b data-path-to-node=\"19,0,0\" data-index-in-node=\"0\">Zestawy powitalne dla firm:<\/b> Przemy\u015blane uzupe\u0142nienie pakiet\u00f3w wprowadzaj\u0105cych pracownik\u00f3w do biura, dotycz\u0105cych higieny.<\/p>\n<\/li>\n<li>\n<p data-path-to-node=\"19,1,0\"><b data-path-to-node=\"19,1,0\" data-index-in-node=\"0\">Konferencje technologiczne:<\/b> Idealny gad\u017cet na imprezy IT, podkre\u015blaj\u0105cy funkcj\u0119 \u201cczyszczenia ekranu\u201d.<\/p>\n<\/li>\n<li>\n<p data-path-to-node=\"19,2,0\"><b data-path-to-node=\"19,2,0\" data-index-in-node=\"0\">Podr\u00f3\u017ce i go\u015bcinno\u015b\u0107:<\/b> Przydatny prezent dla go\u015bci, kt\u00f3ry biura podr\u00f3\u017cy i hotele mog\u0105 da\u0107 swoim go\u015bciom.<\/p>\n<\/li>\n<li>\n<p data-path-to-node=\"19,3,0\"><b data-path-to-node=\"19,3,0\" data-index-in-node=\"0\">Kampanie prozdrowotne:<\/b> Promuje zdrowie i bezpiecze\u0144stwo w sezonie grypowym.<\/p>\n<\/li>\n<\/ul>","protected":false},"excerpt":{"rendered":"<ul>\n<li>\n<p data-path-to-node=\"11,0,0\"><b data-path-to-node=\"11,0,0\" data-index-in-node=\"0\">Formu\u0142a:<\/b> Na bazie wody, wzbogacony witamin\u0105 B5, aloesem i biopolimerami.<\/p>\n<\/li>\n<li>\n<p data-path-to-node=\"11,1,0\"><b data-path-to-node=\"11,1,0\" data-index-in-node=\"0\">Podw\u00f3jne dzia\u0142anie:<\/b> Zabija 99,99% bakterii na r\u0119kach i czy\u015bci powierzchnie (telefony, ekrany).<\/p>\n<\/li>\n<li>\n<p data-path-to-node=\"11,2,0\"><b data-path-to-node=\"11,2,0\" data-index-in-node=\"0\">Sejf na elektronik\u0119:<\/b> W\u0142a\u015bciwo\u015bci antystatyczne sprawiaj\u0105, \u017ce doskonale nadaje si\u0119 do czyszczenia ekran\u00f3w dotykowych.<\/p>\n<\/li>\n<li>\n<p data-path-to-node=\"11,3,0\"><b data-path-to-node=\"11,3,0\" data-index-in-node=\"0\">Efektywno\u015b\u0107:<\/b> Buteleczka o pojemno\u015bci 20 ml mie\u015bci si\u0119 w kieszeni i wystarcza na ok. 225 rozpyle\u0144.<\/p>\n<\/li>\n<\/ul>","protected":false},"featured_media":6190,"comment_status":"closed","ping_status":"closed","template":"","meta":[],"product_brand":[],"product_cat":[68,121],"product_tag":[],"class_list":{"0":"post-6189","1":"product","2":"type-product","3":"status-publish","4":"has-post-thumbnail","6":"product_cat-event-supplies","7":"product_cat-promotional-merchandise","9":"first","10":"instock","11":"shipping-taxable","12":"purchasable","13":"product-type-simple"},"_links":{"self":[{"href":"https:\/\/displayproducts.eu\/pl\/wp-json\/wp\/v2\/product\/6189","targetHints":{"allow":["GET"]}}],"collection":[{"href":"https:\/\/displayproducts.eu\/pl\/wp-json\/wp\/v2\/product"}],"about":[{"href":"https:\/\/displayproducts.eu\/pl\/wp-json\/wp\/v2\/types\/product"}],"replies":[{"embeddable":true,"href":"https:\/\/displayproducts.eu\/pl\/wp-json\/wp\/v2\/comments?post=6189"}],"wp:featuredmedia":[{"embeddable":true,"href":"https:\/\/displayproducts.eu\/pl\/wp-json\/wp\/v2\/media\/6190"}],"wp:attachment":[{"href":"https:\/\/displayproducts.eu\/pl\/wp-json\/wp\/v2\/media?parent=6189"}],"wp:term":[{"taxonomy":"product_brand","embeddable":true,"href":"https:\/\/displayproducts.eu\/pl\/wp-json\/wp\/v2\/product_brand?post=6189"},{"taxonomy":"product_cat","embeddable":true,"href":"https:\/\/displayproducts.eu\/pl\/wp-json\/wp\/v2\/product_cat?post=6189"},{"taxonomy":"product_tag","embeddable":true,"href":"https:\/\/displayproducts.eu\/pl\/wp-json\/wp\/v2\/product_tag?post=6189"}],"curies":[{"name":"wp","href":"https:\/\/api.w.org\/{rel}","templated":true}]}}