{"id":6179,"date":"2025-12-20T16:26:50","date_gmt":"2025-12-20T13:26:50","guid":{"rendered":"https:\/\/wristbandfactory.eu\/?post_type=product&#038;p=6179"},"modified":"2026-04-01T21:52:03","modified_gmt":"2026-04-01T18:52:03","slug":"custom-branded-plant-growing-kits-green-gifts","status":"publish","type":"product","link":"https:\/\/displayproducts.eu\/pl\/p\/custom-branded-plant-growing-kits-green-gifts\/","title":{"rendered":"Zestawy do uprawy ro\u015blin z logo"},"content":{"rendered":"<p data-path-to-node=\"12\">Wprowad\u017a natur\u0119 do biura lub strona g\u0142\u00f3wnau dzi\u0119ki naszej wszechstronnej ofercie <b data-path-to-node=\"12\" data-index-in-node=\"90\">Zestawy do uprawy ro\u015blin z indywidualnym logo<\/b>. Te \u201cZielone Prezenty\u201d to idealne gad\u017cety reklamowe dla firm, kt\u00f3re chc\u0105 podkre\u015bli\u0107 zr\u00f3wnowa\u017cony rozw\u00f3j, dobre samopoczucie i rozw\u00f3j. Niezale\u017cnie od tego, czy chodzi o kampanie z okazji Dnia Ziemi, prezenty dla pracownik\u00f3w, czy te\u017c upominki na wydarzeniach ekologicznych, \u017cywa ro\u015blina pozostawia trwa\u0142e wra\u017cenie.<\/p>\n<p data-path-to-node=\"13\">Oferujemy szeroki wyb\u00f3r format\u00f3w, dopasowanych do ka\u017cdego bud\u017cetu i stylu. Od ekskluzywnych zestaw\u00f3w ceramicznych, kt\u00f3re \u015bwietnie prezentuj\u0105 si\u0119 na parapecie, po kompaktowe zestawy Bio-PET do masowej dystrybucji \u2013 ka\u017cdy zestaw jest gotowy do uprawy z do\u0142\u0105czon\u0105 ziemi\u0105 i nasionami.<\/p>\n<h2 data-path-to-node=\"14\">Dost\u0119pne konfiguracje<\/h2>\n<p data-path-to-node=\"15\">Mo\u017cesz dowolnie miesza\u0107 i dopasowywa\u0107 lub wybiera\u0107 konkretne style z naszej kolekcji:<\/p>\n<ul data-path-to-node=\"16\">\n<li>\n<p data-path-to-node=\"16,0,0\"><b data-path-to-node=\"16,0,0\" data-index-in-node=\"0\">Zestawy garnk\u00f3w ceramicznych:<\/b> Dost\u0119pne jako standardowy \u201cZestaw 3\u201d lub imponuj\u0105cy \u201cZestaw XXL\u201d. Wyj\u0105tkowy wygl\u0105d, idealny na prezent dla kadry kierowniczej.<\/p>\n<\/li>\n<li>\n<p data-path-to-node=\"16,1,0\"><b data-path-to-node=\"16,1,0\" data-index-in-node=\"0\">Zestawy EcoCup i Bio-PET:<\/b> Lekkie, ekologiczne pojemniki wykonane z materia\u0142\u00f3w pochodz\u0105cych z recyklingu lub bioplastiku. Idealne do wysy\u0142ek i na imprezy.<\/p>\n<\/li>\n<li>\n<p data-path-to-node=\"16,2,0\"><b data-path-to-node=\"16,2,0\" data-index-in-node=\"0\">Mieszanka nasion antysmogowych:<\/b> Specjalne mieszanki nasion przeznaczone do oczyszczania powietrza, pakowane w ekologiczne opakowania.<\/p>\n<\/li>\n<li>\n<p data-path-to-node=\"16,3,0\"><b data-path-to-node=\"16,3,0\" data-index-in-node=\"0\">Bukiet fiolkowy:<\/b> Wyj\u0105tkowa koncepcja \u201cKwiatu w fiolce\u201d (pojedyncza sztuka lub zestaw 3 sztuk) \u2013 minimalistyczne, nowoczesne podej\u015bcie do prezent\u00f3w kwiatowych.<\/p>\n<\/li>\n<li>\n<p data-path-to-node=\"16,4,0\"><b data-path-to-node=\"16,4,0\" data-index-in-node=\"0\">Zestawy Mini i Dual:<\/b> Kompaktowe zestawy pojedyncze lub pude\u0142ka \u201cDwa w jednym\u201d dla urozmaicenia.<\/p>\n<\/li>\n<\/ul>\n<h2 data-path-to-node=\"17\">G\u0142\u00f3wne cechy<\/h2>\n<ul data-path-to-node=\"18\">\n<li>\n<p data-path-to-node=\"18,0,0\"><b data-path-to-node=\"18,0,0\" data-index-in-node=\"0\">Gotowe do uprawy:<\/b> Wszystkie zestawy zawieraj\u0105 sprasowane tabletki glebowe i wysokiej jako\u015bci nasiona (zi\u00f3\u0142, kwiat\u00f3w lub drzew).<\/p>\n<\/li>\n<li>\n<p data-path-to-node=\"18,1,0\"><b data-path-to-node=\"18,1,0\" data-index-in-node=\"0\">Obszar marki:<\/b> Du\u017ca powierzchnia na doniczkach, kubkach i opakowaniach na Twoje logo i przekaz.<\/p>\n<\/li>\n<li>\n<p data-path-to-node=\"18,2,0\"><b data-path-to-node=\"18,2,0\" data-index-in-node=\"0\">Zr\u00f3wnowa\u017cony przekaz:<\/b> Kojarzy Twoj\u0105 mark\u0119 z trosk\u0105 o \u015brodowisko i pozytywnym wzrostem.<\/p>\n<\/li>\n<li>\n<p data-path-to-node=\"18,3,0\"><b data-path-to-node=\"18,3,0\" data-index-in-node=\"0\">D\u0142ugotrwa\u0142e nara\u017cenie:<\/b> W przeciwie\u0144stwie do ulotki, ro\u015blina le\u017cy na biurku przez miesi\u0105ce lub lata, zwi\u0119kszaj\u0105c widoczno\u015b\u0107 marki.<\/p>\n<\/li>\n<\/ul>\n<h2 data-path-to-node=\"19\">Specyfikacje<\/h2>\n<ul data-path-to-node=\"20\">\n<li>\n<p data-path-to-node=\"20,0,0\"><b data-path-to-node=\"20,0,0\" data-index-in-node=\"0\">Opcje materia\u0142owe:<\/b> Ceramika, plastik Bio-PET, papier\/tektura z recyklingu, szk\u0142o (fiolki).<\/p>\n<\/li>\n<li>\n<p data-path-to-node=\"20,1,0\"><b data-path-to-node=\"20,1,0\" data-index-in-node=\"0\">Opcje nasion:<\/b> Bazylia, mi\u0119ta, pietruszka, s\u0142onecznik, niezapominajka, mieszanka antysmogowa i wiele innych.<\/p>\n<\/li>\n<li>\n<p data-path-to-node=\"20,2,0\"><b data-path-to-node=\"20,2,0\" data-index-in-node=\"0\">Druk:<\/b> Nadruk tampodrukowy (na twardych powierzchniach) lub etykieta\/r\u0119kaw cyfrowy (na opakowaniach).<\/p>\n<\/li>\n<li>\n<p data-path-to-node=\"20,3,0\"><b data-path-to-node=\"20,3,0\" data-index-in-node=\"0\">Minimalna ilo\u015b\u0107 zam\u00f3wienia:<\/b> 50 sztuk (r\u00f3\u017cni si\u0119 w zale\u017cno\u015bci od konkretnego modelu).<\/p>\n<\/li>\n<\/ul>","protected":false},"excerpt":{"rendered":"<ul data-path-to-node=\"11\">\n<li>\n<p data-path-to-node=\"11,0,0\"><b data-path-to-node=\"11,0,0\" data-index-in-node=\"0\">R\u00f3\u017cnorodno\u015b\u0107:<\/b> Dost\u0119pne w formatach: ceramiczne (zestaw 3\/XXL), Bio-PET, EcoCup lub szklane fiolki.<\/p>\n<\/li>\n<li>\n<p data-path-to-node=\"11,1,0\"><b data-path-to-node=\"11,1,0\" data-index-in-node=\"0\">Kompletny zestaw:<\/b> Zawiera wszystko, co potrzebne do uprawy: doniczk\u0119\/pojemnik, granulki ziemi i nasiona.<\/p>\n<\/li>\n<li>\n<p data-path-to-node=\"11,2,0\"><b data-path-to-node=\"11,2,0\" data-index-in-node=\"0\">Ekologiczne:<\/b> Materia\u0142y zr\u00f3wnowa\u017cone, takie jak przetworzony plastik, ceramika i mieszanki ro\u015blinne zapobiegaj\u0105ce smogowi.<\/p>\n<\/li>\n<li>\n<p data-path-to-node=\"11,3,0\"><b data-path-to-node=\"11,3,0\" data-index-in-node=\"0\">Personalizacja:<\/b> Nadruk tampodrukowy lub pe\u0142nokolorowe etykiety na pojemnikach lub opakowaniach.<\/p>\n<\/li>\n<\/ul>","protected":false},"featured_media":6295,"comment_status":"closed","ping_status":"closed","template":"","meta":[],"product_brand":[],"product_cat":[121],"product_tag":[],"class_list":{"0":"post-6179","1":"product","2":"type-product","3":"status-publish","4":"has-post-thumbnail","6":"product_cat-promotional-merchandise","8":"first","9":"instock","10":"shipping-taxable","11":"purchasable","12":"product-type-simple"},"_links":{"self":[{"href":"https:\/\/displayproducts.eu\/pl\/wp-json\/wp\/v2\/product\/6179","targetHints":{"allow":["GET"]}}],"collection":[{"href":"https:\/\/displayproducts.eu\/pl\/wp-json\/wp\/v2\/product"}],"about":[{"href":"https:\/\/displayproducts.eu\/pl\/wp-json\/wp\/v2\/types\/product"}],"replies":[{"embeddable":true,"href":"https:\/\/displayproducts.eu\/pl\/wp-json\/wp\/v2\/comments?post=6179"}],"wp:featuredmedia":[{"embeddable":true,"href":"https:\/\/displayproducts.eu\/pl\/wp-json\/wp\/v2\/media\/6295"}],"wp:attachment":[{"href":"https:\/\/displayproducts.eu\/pl\/wp-json\/wp\/v2\/media?parent=6179"}],"wp:term":[{"taxonomy":"product_brand","embeddable":true,"href":"https:\/\/displayproducts.eu\/pl\/wp-json\/wp\/v2\/product_brand?post=6179"},{"taxonomy":"product_cat","embeddable":true,"href":"https:\/\/displayproducts.eu\/pl\/wp-json\/wp\/v2\/product_cat?post=6179"},{"taxonomy":"product_tag","embeddable":true,"href":"https:\/\/displayproducts.eu\/pl\/wp-json\/wp\/v2\/product_tag?post=6179"}],"curies":[{"name":"wp","href":"https:\/\/api.w.org\/{rel}","templated":true}]}}