{"id":6171,"date":"2025-12-19T22:38:05","date_gmt":"2025-12-19T19:38:05","guid":{"rendered":"https:\/\/wristbandfactory.eu\/?post_type=product&#038;p=6171"},"modified":"2026-04-01T21:52:34","modified_gmt":"2026-04-01T18:52:34","slug":"custom-handheld-led-mini-fans-battery-operated","status":"publish","type":"product","link":"https:\/\/displayproducts.eu\/pl\/p\/custom-handheld-led-mini-fans-battery-operated\/","title":{"rendered":"Wiatraczki r\u0119czne LED"},"content":{"rendered":"<div style=\"width: 480px;\" class=\"wp-video\"><video class=\"wp-video-shortcode\" id=\"video-6171-1\" width=\"480\" height=\"834\" preload=\"metadata\" controls=\"controls\"><source type=\"video\/mp4\" src=\"https:\/\/displayproducts.eu\/wp-content\/uploads\/2025\/12\/wedding-fan.mp4?_=1\" \/><a href=\"https:\/\/displayproducts.eu\/wp-content\/uploads\/2025\/12\/wedding-fan.mp4\">https:\/\/displayproducts.eu\/wp-content\/uploads\/2025\/12\/wedding-fan.mp4<\/a><\/video><\/div>\n<p data-path-to-node=\"10\">Przekszta\u0142\u0107 ka\u017cdy parkiet taneczny lub nocn\u0105 imprez\u0119 w ol\u015bniewaj\u0105cy spektakl dzi\u0119ki naszym r\u0119cznym wentylatorom LED. To nie tylko akcesoria ch\u0142odz\u0105ce; to efektowne rekwizyty wizualne, kt\u00f3re go\u015bcie uwielbiaj\u0105 wykorzystywa\u0107 do zdj\u0119\u0107 i medi\u00f3w spo\u0142eczno\u015bciowych. Szczeg\u00f3lnie popularne na after-party weselnych i festiwalach muzycznych, te wentylatory \u0142\u0105cz\u0105 tradycyjn\u0105 elegancj\u0119 sk\u0142adanego wentylatora z nowoczesn\u0105 technologi\u0105 LED.<\/p>\n<p data-path-to-node=\"11\">Dost\u0119pne w r\u00f3\u017cnych kolorach tkanin (w tym klasycznej bieli na wesela) i z diodami LED, mo\u017cna je idealnie dopasowa\u0107 do motywu przewodniego wydarzenia. Niezale\u017cnie od tego, czy u\u017cyjesz ich na wielkiej imprezie, czy na kameralnym weselu, te wentylatory sprawi\u0105, \u017ce Twoja marka lub przes\u0142anie b\u0119d\u0105 si\u0119 b\u0142yszcze\u0107 w ciemno\u015bci.<\/p>\n<h2 data-path-to-node=\"12\">G\u0142\u00f3wne cechy<\/h2>\n<ul data-path-to-node=\"13\">\n<li>\n<p data-path-to-node=\"13,0,0\"><b data-path-to-node=\"13,0,0\" data-index-in-node=\"0\">Tw\u00f3rca atmosfery:<\/b> Tworzy natychmiastowy efekt \u201cwow\u201d, gdy gasn\u0105 \u015bwiat\u0142a.<\/p>\n<\/li>\n<li>\n<p data-path-to-node=\"13,1,0\"><b data-path-to-node=\"13,1,0\" data-index-in-node=\"0\">Du\u017ca powierzchnia brandingowa:<\/b> Powierzchnia materia\u0142u zapewnia du\u017co miejsca na nadruk logo, hashtag\u00f3w czy dat \u015blubu.<\/p>\n<\/li>\n<li>\n<p data-path-to-node=\"13,2,0\"><b data-path-to-node=\"13,2,0\" data-index-in-node=\"0\">Przyjazny dla u\u017cytkownika:<\/b> Prosta obs\u0142uga jednym przyciskiem umo\u017cliwiaj\u0105ca prze\u0142\u0105czanie tryb\u00f3w migania.<\/p>\n<\/li>\n<li>\n<p data-path-to-node=\"13,3,0\"><b data-path-to-node=\"13,3,0\" data-index-in-node=\"0\">Trwa\u0142a konstrukcja:<\/b> Wykonane z wytrzyma\u0142ych plastikowych \u017ceberek i materia\u0142u rozpraszaj\u0105cego \u015bwiat\u0142o, aby wytrzyma\u0107 intensywne u\u017cytkowanie.<\/p>\n<\/li>\n<\/ul>\n<h2 data-path-to-node=\"14\">Specyfikacje<\/h2>\n<ul data-path-to-node=\"15\">\n<li>\n<p data-path-to-node=\"15,0,0\"><b data-path-to-node=\"15,0,0\" data-index-in-node=\"0\">Tworzywo:<\/b> \u017bebra z tworzywa sztucznego + tkanina nylonowa\/poliestrowa rozpraszaj\u0105ca \u015bwiat\u0142o.<\/p>\n<\/li>\n<li>\n<p data-path-to-node=\"15,1,0\"><b data-path-to-node=\"15,1,0\" data-index-in-node=\"0\">Rozmiar:<\/b> Ok. 27 cm (po z\u0142o\u017ceniu) \/ 48-50 cm (po roz\u0142o\u017ceniu).<\/p>\n<\/li>\n<li>\n<p data-path-to-node=\"15,2,0\"><b data-path-to-node=\"15,2,0\" data-index-in-node=\"0\">Kolory diod LED:<\/b> Bia\u0142y, niebieski, czerwony, zielony, r\u00f3\u017cowy, RGB (wielokolorowy).<\/p>\n<\/li>\n<li>\n<p data-path-to-node=\"15,3,0\"><b data-path-to-node=\"15,3,0\" data-index-in-node=\"0\">Baterie:<\/b> W zestawie i wymienne (zazwyczaj CR2032 lub podobne).<\/p>\n<\/li>\n<li>\n<p data-path-to-node=\"15,4,0\"><b data-path-to-node=\"15,4,0\" data-index-in-node=\"0\">Metoda drukowania:<\/b> Nadruk sitodrukowy na tkaninie lub uchwycie.<\/p>\n<\/li>\n<\/ul>\n<h2 data-path-to-node=\"16\">Przypadki u\u017cycia<\/h2>\n<ul data-path-to-node=\"17\">\n<li>\n<p data-path-to-node=\"17,0,0\"><b data-path-to-node=\"17,0,0\" data-index-in-node=\"0\">\u015aluby:<\/b> Najlepsza atrakcja dla fan\u00f3w nocnych ta\u0144c\u00f3w (szczeg\u00f3lnie bia\u0142ych).<\/p>\n<\/li>\n<li>\n<p data-path-to-node=\"17,1,0\"><b data-path-to-node=\"17,1,0\" data-index-in-node=\"0\">Festiwale muzyczne i imprezy rave:<\/b> Towar ciesz\u0105cy si\u0119 du\u017cym popytem w\u015br\u00f3d uczestnik\u00f3w.<\/p>\n<\/li>\n<li>\n<p data-path-to-node=\"17,2,0\"><b data-path-to-node=\"17,2,0\" data-index-in-node=\"0\">Kluby nocne:<\/b> Markowe rekwizyty do stolik\u00f3w VIP lub na wieczory tematyczne.<\/p>\n<\/li>\n<li>\n<p data-path-to-node=\"17,3,0\"><b data-path-to-node=\"17,3,0\" data-index-in-node=\"0\">Imprezy korporacyjne:<\/b> Zabawne prezenty, kt\u00f3re prze\u0142ami\u0105 lody i roz\u015bwietl\u0105 atmosfer\u0119 spotkania.<\/p>\n<\/li>\n<\/ul>","protected":false},"excerpt":{"rendered":"<ul>\n<li>\n<p data-path-to-node=\"9,0,0\"><b data-path-to-node=\"9,0,0\" data-index-in-node=\"0\">Podw\u00f3jna funkcja:<\/b> Zapewnia go\u015bciom ch\u0142\u00f3d i tworzy niesamowity pokaz \u015bwietlny.<\/p>\n<\/li>\n<li>\n<p data-path-to-node=\"9,1,0\"><b data-path-to-node=\"9,1,0\" data-index-in-node=\"0\">Mo\u017cliwo\u015b\u0107 dostosowania:<\/b> Nadrukuj swoje logo lub dat\u0119 wydarzenia na materiale lub uchwycie.<\/p>\n<\/li>\n<li>\n<p data-path-to-node=\"9,2,0\"><b data-path-to-node=\"9,2,0\" data-index-in-node=\"0\">Tryby o\u015bwietlenia:<\/b> Wiele ustawie\u0144 (szybkie miganie, wolne miganie, sta\u0142e \u015bwiat\u0142o).<\/p>\n<\/li>\n<li>\n<p data-path-to-node=\"9,3,0\"><b data-path-to-node=\"9,3,0\" data-index-in-node=\"0\">Zasilany bateryjnie:<\/b> W zestawie trwa\u0142e i wymienne baterie.<\/p>\n<\/li>\n<\/ul>","protected":false},"featured_media":6172,"comment_status":"closed","ping_status":"closed","template":"","meta":[],"product_brand":[],"product_cat":[76,123],"product_tag":[],"class_list":{"0":"post-6171","1":"product","2":"type-product","3":"status-publish","4":"has-post-thumbnail","6":"product_cat-glow-led-products","7":"product_cat-fan-cheering-items","9":"first","10":"instock","11":"shipping-taxable","12":"purchasable","13":"product-type-simple"},"_links":{"self":[{"href":"https:\/\/displayproducts.eu\/pl\/wp-json\/wp\/v2\/product\/6171","targetHints":{"allow":["GET"]}}],"collection":[{"href":"https:\/\/displayproducts.eu\/pl\/wp-json\/wp\/v2\/product"}],"about":[{"href":"https:\/\/displayproducts.eu\/pl\/wp-json\/wp\/v2\/types\/product"}],"replies":[{"embeddable":true,"href":"https:\/\/displayproducts.eu\/pl\/wp-json\/wp\/v2\/comments?post=6171"}],"wp:featuredmedia":[{"embeddable":true,"href":"https:\/\/displayproducts.eu\/pl\/wp-json\/wp\/v2\/media\/6172"}],"wp:attachment":[{"href":"https:\/\/displayproducts.eu\/pl\/wp-json\/wp\/v2\/media?parent=6171"}],"wp:term":[{"taxonomy":"product_brand","embeddable":true,"href":"https:\/\/displayproducts.eu\/pl\/wp-json\/wp\/v2\/product_brand?post=6171"},{"taxonomy":"product_cat","embeddable":true,"href":"https:\/\/displayproducts.eu\/pl\/wp-json\/wp\/v2\/product_cat?post=6171"},{"taxonomy":"product_tag","embeddable":true,"href":"https:\/\/displayproducts.eu\/pl\/wp-json\/wp\/v2\/product_tag?post=6171"}],"curies":[{"name":"wp","href":"https:\/\/api.w.org\/{rel}","templated":true}]}}