{"id":6165,"date":"2025-12-19T22:29:34","date_gmt":"2025-12-19T19:29:34","guid":{"rendered":"https:\/\/wristbandfactory.eu\/?post_type=product&#038;p=6165"},"modified":"2026-04-01T21:52:34","modified_gmt":"2026-04-01T18:52:34","slug":"custom-luggage-tags-bamboo-waterproof-paper-shaped","status":"publish","type":"product","link":"https:\/\/displayproducts.eu\/pl\/p\/custom-luggage-tags-bamboo-waterproof-paper-shaped\/","title":{"rendered":"Zawieszki do baga\u017cu z nadrukiem"},"content":{"rendered":"<p data-path-to-node=\"9\">Podr\u00f3\u017ce robi\u0105 wra\u017cenie, a nasza oferta personalizowanych zawieszek do baga\u017cu gwarantuje, \u017ce Twoja marka b\u0119dzie obecna wsz\u0119dzie tam, gdzie s\u0105 Twoi klienci. Zaprojektowana z my\u015bl\u0105 o trwa\u0142o\u015bci i widoczno\u015bci, ta linia produkt\u00f3w oferuje elastyczno\u015b\u0107, dzi\u0119ki kt\u00f3rej dopasujesz j\u0105 do swojego bud\u017cetu i stylu marketingowego \u2013 niezale\u017cnie od tego, czy potrzebujesz niedrogiego, masowego upominku, czy ekskluzywnego, ekologicznego prezentu.<\/p>\n<p data-path-to-node=\"10\"><b data-path-to-node=\"10\" data-index-in-node=\"0\">Wybierz sw\u00f3j styl:<\/b><\/p>\n<ol start=\"1\" data-path-to-node=\"11\">\n<li>\n<p data-path-to-node=\"11,0,0\"><b data-path-to-node=\"11,0,0\" data-index-in-node=\"0\">Etykiety papierowe syntetyczne (wodoodporne i odporne na rozdarcie):<\/b> Niech Ci\u0119 nie zwiedzie s\u0142owo \u201cpapier\u201d. Ten zaawansowany materia\u0142 syntetyczny jest ca\u0142kowicie wodoodporny i odporny na rozdarcia, dzi\u0119ki czemu idealnie nadaje si\u0119 do trudnych podr\u00f3\u017cy.<\/p>\n<ul data-path-to-node=\"11,0,1\">\n<li>\n<p data-path-to-node=\"11,0,1,0,0\"><b data-path-to-node=\"11,0,1,0,0\" data-index-in-node=\"0\">Standardowy kszta\u0142t:<\/b> Maksymalna powierzchnia reklamowa dla logotyp\u00f3w i danych kontaktowych.<\/p>\n<\/li>\n<li>\n<p data-path-to-node=\"11,0,1,1,0\"><b data-path-to-node=\"11,0,1,1,0\" data-index-in-node=\"0\">Kszta\u0142t samolotu:<\/b> Zabawny, wycinany wz\u00f3r lotniczy, idealny dla biur podr\u00f3\u017cy i linii lotniczych.<\/p>\n<\/li>\n<li>\n<p data-path-to-node=\"11,0,1,2,0\"><i data-path-to-node=\"11,0,1,2,0\" data-index-in-node=\"0\">Zawiera pe\u0142nokolorowy nadruk na przodzie.<\/i><\/p>\n<\/li>\n<\/ul>\n<\/li>\n<li>\n<p data-path-to-node=\"11,1,0\"><b data-path-to-node=\"11,1,0\" data-index-in-node=\"0\">Etykiety bambusowe (Eco-Premium):<\/b> Aby uzyska\u0107 zr\u00f3wnowa\u017cony i ekskluzywny wygl\u0105d, wybierz nasze naturalne bambusowe zawieszki. Sztywne i charakterystyczne, wyr\u00f3\u017cniaj\u0105 si\u0119 na karuzeli.<\/p>\n<ul data-path-to-node=\"11,1,1\">\n<li>\n<p data-path-to-node=\"11,1,1,0,0\"><i data-path-to-node=\"11,1,1,0,0\" data-index-in-node=\"0\">W zestawie plastikowy pasek i klamra zapewniaj\u0105ce bezpieczne mocowanie.<\/i><\/p>\n<\/li>\n<\/ul>\n<\/li>\n<\/ol>\n<h2 data-path-to-node=\"12\">G\u0142\u00f3wne cechy<\/h2>\n<ul data-path-to-node=\"13\">\n<li>\n<p data-path-to-node=\"13,0,0\"><b data-path-to-node=\"13,0,0\" data-index-in-node=\"0\">Wszechstronno\u015b\u0107:<\/b> Jedna oferta produkt\u00f3w, wiele rozwi\u0105za\u0144. Dopasuj je do r\u00f3\u017cnych segment\u00f3w klient\u00f3w (np. Paper dla pasa\u017cer\u00f3w klasy ekonomicznej, Bamboo dla VIP-\u00f3w).<\/p>\n<\/li>\n<li>\n<p data-path-to-node=\"13,1,0\"><b data-path-to-node=\"13,1,0\" data-index-in-node=\"0\">Ekstremalna trwa\u0142o\u015b\u0107:<\/b> Papier syntetyczny jest odporny na deszcz, wilgo\u0107 i nieostro\u017cne obchodzenie si\u0119 z baga\u017cem, nie rozrywaj\u0105c si\u0119.<\/p>\n<\/li>\n<li>\n<p data-path-to-node=\"13,2,0\"><b data-path-to-node=\"13,2,0\" data-index-in-node=\"0\">\u015awiastrona g\u0142\u00f3wnay ekologicznie:<\/b> Bambus jest odnawialnym materia\u0142em wykorzystywanym w ekologicznych kampaniach marketingowych.<\/p>\n<\/li>\n<li>\n<p data-path-to-node=\"13,3,0\"><b data-path-to-node=\"13,3,0\" data-index-in-node=\"0\">Wysoka widoczno\u015b\u0107:<\/b> Du\u017ce powierzchnie nadruku gwarantuj\u0105 widoczno\u015b\u0107 Twojego logo na lotniskach na ca\u0142ym \u015bwiecie.<\/p>\n<\/li>\n<\/ul>\n<h2 data-path-to-node=\"14\">Specyfikacje<\/h2>\n<ul data-path-to-node=\"15\">\n<li>\n<p data-path-to-node=\"15,0,0\"><b data-path-to-node=\"15,0,0\" data-index-in-node=\"0\">Przybory:<\/b> Papier syntetyczny (mieszanka polipropylenu) LUB naturalny bambus.<\/p>\n<\/li>\n<li>\n<p data-path-to-node=\"15,1,0\"><b data-path-to-node=\"15,1,0\" data-index-in-node=\"0\">W\u0142a\u015bciwo\u015bci etykiety papierowej:<\/b> Wodoodporne, odporne na rozdarcia, elastyczne.<\/p>\n<\/li>\n<li>\n<p data-path-to-node=\"15,2,0\"><b data-path-to-node=\"15,2,0\" data-index-in-node=\"0\">W\u0142a\u015bciwo\u015bci znacznika bambusowego:<\/b> Sztywne, o naturalnym wyko\u0144czeniu s\u0142ojowym.<\/p>\n<\/li>\n<li>\n<p data-path-to-node=\"15,3,0\"><b data-path-to-node=\"15,3,0\" data-index-in-node=\"0\">Kszta\u0142ty:<\/b> Wykrojniki prostok\u0105tne (ok. 85 x 54 mm) lub wycinane w kszta\u0142cie samolotu.<\/p>\n<\/li>\n<li>\n<p data-path-to-node=\"15,4,0\"><b data-path-to-node=\"15,4,0\" data-index-in-node=\"0\">Za\u0142\u0105cznik:<\/b> Pasek plastikowy z klamr\u0105 (bambus) lub mechanizmem p\u0119tlowym.<\/p>\n<\/li>\n<li>\n<p data-path-to-node=\"15,5,0\"><b data-path-to-node=\"15,5,0\" data-index-in-node=\"0\">Minimalne zapytanie ofertowe:<\/b> 250 szt. (modele papierowe).<\/p>\n<\/li>\n<\/ul>\n<h2 data-path-to-node=\"16\">Przypadki u\u017cycia<\/h2>\n<ul data-path-to-node=\"17\">\n<li>\n<p data-path-to-node=\"17,0,0\"><b data-path-to-node=\"17,0,0\" data-index-in-node=\"0\">Organizatorzy wycieczek:<\/b> Do\u0142\u0105cz firmow\u0105 etykiet\u0119 do portfeli na dokumenty podr\u00f3\u017cne.<\/p>\n<\/li>\n<li>\n<p data-path-to-node=\"17,1,0\"><b data-path-to-node=\"17,1,0\" data-index-in-node=\"0\">Wyjazdy integracyjne dla firm:<\/b> \u0141atwa identyfikacja baga\u017cu grupowego podczas podr\u00f3\u017cy grupowych.<\/p>\n<\/li>\n<li>\n<p data-path-to-node=\"17,2,0\"><b data-path-to-node=\"17,2,0\" data-index-in-node=\"0\">Hotele:<\/b> Niezapomniany upominek dla go\u015bci przy kasie.<\/p>\n<\/li>\n<li>\n<p data-path-to-node=\"17,3,0\"><b data-path-to-node=\"17,3,0\" data-index-in-node=\"0\">Logistyka:<\/b> Trwa\u0142e etykietowanie \u0142adunk\u00f3w i przesy\u0142ek niestandardowych.<\/p>\n<\/li>\n<\/ul>","protected":false},"excerpt":{"rendered":"<ul>\n<li>\n<p data-path-to-node=\"8,0,0\"><b data-path-to-node=\"8,0,0\" data-index-in-node=\"0\">Wyb\u00f3r materia\u0142u:<\/b> Wybierz pomi\u0119dzy sztywnym bambusem a elastycznym papierem odpornym na rozdarcie.<\/p>\n<\/li>\n<li>\n<p data-path-to-node=\"8,1,0\"><b data-path-to-node=\"8,1,0\" data-index-in-node=\"0\">Kszta\u0142ty:<\/b> Dost\u0119pne w standardowych, prostok\u0105tnych lub tematycznych kszta\u0142tach samolot\u00f3w.<\/p>\n<\/li>\n<li>\n<p data-path-to-node=\"8,2,0\"><b data-path-to-node=\"8,2,0\" data-index-in-node=\"0\">Trwa\u0142o\u015b\u0107:<\/b> Wodoodporny i przystosowany do podr\u00f3\u017cy po ca\u0142ym \u015bwiecie.<\/p>\n<\/li>\n<li>\n<p data-path-to-node=\"8,3,0\"><b data-path-to-node=\"8,3,0\" data-index-in-node=\"0\">Branding:<\/b> Nadruk pe\u0142nokolorowy (papier) lub grawerowanie\/druk laserowy (bambus).<\/p>\n<\/li>\n<\/ul>","protected":false},"featured_media":6304,"comment_status":"closed","ping_status":"closed","template":"","meta":[],"product_brand":[],"product_cat":[129,122],"product_tag":[],"class_list":{"0":"post-6165","1":"product","2":"type-product","3":"status-publish","4":"has-post-thumbnail","6":"product_cat-leisure-lifestyle","7":"product_cat-promotional-accessories","9":"first","10":"instock","11":"shipping-taxable","12":"purchasable","13":"product-type-simple"},"_links":{"self":[{"href":"https:\/\/displayproducts.eu\/pl\/wp-json\/wp\/v2\/product\/6165","targetHints":{"allow":["GET"]}}],"collection":[{"href":"https:\/\/displayproducts.eu\/pl\/wp-json\/wp\/v2\/product"}],"about":[{"href":"https:\/\/displayproducts.eu\/pl\/wp-json\/wp\/v2\/types\/product"}],"replies":[{"embeddable":true,"href":"https:\/\/displayproducts.eu\/pl\/wp-json\/wp\/v2\/comments?post=6165"}],"wp:featuredmedia":[{"embeddable":true,"href":"https:\/\/displayproducts.eu\/pl\/wp-json\/wp\/v2\/media\/6304"}],"wp:attachment":[{"href":"https:\/\/displayproducts.eu\/pl\/wp-json\/wp\/v2\/media?parent=6165"}],"wp:term":[{"taxonomy":"product_brand","embeddable":true,"href":"https:\/\/displayproducts.eu\/pl\/wp-json\/wp\/v2\/product_brand?post=6165"},{"taxonomy":"product_cat","embeddable":true,"href":"https:\/\/displayproducts.eu\/pl\/wp-json\/wp\/v2\/product_cat?post=6165"},{"taxonomy":"product_tag","embeddable":true,"href":"https:\/\/displayproducts.eu\/pl\/wp-json\/wp\/v2\/product_tag?post=6165"}],"curies":[{"name":"wp","href":"https:\/\/api.w.org\/{rel}","templated":true}]}}