{"id":6162,"date":"2025-12-19T22:20:32","date_gmt":"2025-12-19T19:20:32","guid":{"rendered":"https:\/\/wristbandfactory.eu\/?post_type=product&#038;p=6162"},"modified":"2026-04-01T21:52:34","modified_gmt":"2026-04-01T18:52:34","slug":"colored-eva-earplugs-in-transparent-case-with-carrying-chain","status":"publish","type":"product","link":"https:\/\/displayproducts.eu\/pl\/p\/colored-eva-earplugs-in-transparent-case-with-carrying-chain\/","title":{"rendered":"Kolorowe zatyczki do uszu EVA w etui z \u0142a\u0144cuszkiem"},"content":{"rendered":"<p data-path-to-node=\"10\">Chro\u0144 s\u0142uch uczestnik\u00f3w imprezy w stylowy spos\u00f3b, u\u017cywaj\u0105c naszych jaskrawo kolorowych zatyczek do uszu EVA. Zaprojektowane z my\u015bl\u0105 o d\u0142ugotrwa\u0142ym noszeniu, te zatyczki do uszu wykonane s\u0105 z mi\u0119kkiego octanu etylenu i winylu (EVA), kt\u00f3ry wygodnie dopasowuje si\u0119 do kana\u0142u s\u0142uchowego. Ka\u017cda para jest zapakowana w wytrzyma\u0142e, przezroczyste etui z praktycznym \u0142a\u0144cuszkiem, kt\u00f3ry u\u0142atwia przyczepienie do kluczy, smyczy lub zamka b\u0142yskawicznego. Niezb\u0119dny element wyposa\u017cenia na festiwalach, w strefach budowy i w podr\u00f3\u017cy.<\/p>\n<h2 data-path-to-node=\"11\">G\u0142\u00f3wne cechy<\/h2>\n<ul data-path-to-node=\"12\">\n<li>\n<p data-path-to-node=\"12,0,0\"><b data-path-to-node=\"12,0,0\" data-index-in-node=\"0\">Przeno\u015bna konstrukcja:<\/b> Do\u0142\u0105czony \u0142a\u0144cuszek zapewnia, \u017ce zatyczki do uszu s\u0105 zawsze pod r\u0119k\u0105 i chronione przed brudem, gdy nie s\u0105 u\u017cywane.<\/p>\n<\/li>\n<li>\n<p data-path-to-node=\"12,1,0\"><b data-path-to-node=\"12,1,0\" data-index-in-node=\"0\">Komfortowe dopasowanie:<\/b> Mi\u0119kka pianka EVA delikatnie si\u0119 rozszerza, zapewniaj\u0105c pewne dopasowanie bez powodowania ucisku.<\/p>\n<\/li>\n<li>\n<p data-path-to-node=\"12,2,0\"><b data-path-to-node=\"12,2,0\" data-index-in-node=\"0\">Wysoka widoczno\u015b\u0107:<\/b> Dost\u0119pne w jasnych, \u017cywych kolorach, kt\u00f3re si\u0119 wyr\u00f3\u017cniaj\u0105.<\/p>\n<\/li>\n<li>\n<p data-path-to-node=\"12,3,0\"><b data-path-to-node=\"12,3,0\" data-index-in-node=\"0\">Trwa\u0142a obudowa:<\/b> Przezroczyste plastikowe pude\u0142ko zapewnia doskona\u0142\u0105 widoczno\u015b\u0107 marki i ochron\u0119.<\/p>\n<\/li>\n<\/ul>\n<h2 data-path-to-node=\"13\">Specyfikacje<\/h2>\n<ul data-path-to-node=\"14\">\n<li>\n<p data-path-to-node=\"14,0,0\"><b data-path-to-node=\"14,0,0\" data-index-in-node=\"0\">Tworzywo:<\/b> Mi\u0119kka pianka EVA (octan etylenu i winylu).<\/p>\n<\/li>\n<li>\n<p data-path-to-node=\"14,1,0\"><b data-path-to-node=\"14,1,0\" data-index-in-node=\"0\">Materia\u0142 obudowy:<\/b> Przezroczysty plastik.<\/p>\n<\/li>\n<li>\n<p data-path-to-node=\"14,2,0\"><b data-path-to-node=\"14,2,0\" data-index-in-node=\"0\">Za\u0142\u0105cznik:<\/b> Metalowy \u0142a\u0144cuszek koralikowy \/ \u0142a\u0144cuszek no\u015bny.<\/p>\n<\/li>\n<li>\n<p data-path-to-node=\"14,3,0\"><b data-path-to-node=\"14,3,0\" data-index-in-node=\"0\">Zabarwienie:<\/b> R\u00f3\u017cne \u017cywe kolory.<\/p>\n<\/li>\n<li>\n<p data-path-to-node=\"14,4,0\"><b data-path-to-node=\"14,4,0\" data-index-in-node=\"0\">Mo\u017cliwo\u015b\u0107 ponownego wykorzystania:<\/b> Nadaj\u0105 si\u0119 do wielokrotnego u\u017cytku i prania.<\/p>\n<\/li>\n<\/ul>\n<h2 data-path-to-node=\"15\">Przypadki u\u017cycia<\/h2>\n<ul data-path-to-node=\"16\">\n<li>\n<p data-path-to-node=\"16,0,0\"><b data-path-to-node=\"16,0,0\" data-index-in-node=\"0\">Festiwale muzyczne i koncerty:<\/b> Podstawowa ochrona s\u0142uchu w g\u0142o\u015bnym otoczeniu.<\/p>\n<\/li>\n<li>\n<p data-path-to-node=\"16,1,0\"><b data-path-to-node=\"16,1,0\" data-index-in-node=\"0\">Podr\u00f3\u017ce i lotnictwo:<\/b> Zmniejsza ha\u0142as w kabinie, zapewniaj\u0105c spokojn\u0105 podr\u00f3\u017c.<\/p>\n<\/li>\n<li>\n<p data-path-to-node=\"16,2,0\"><b data-path-to-node=\"16,2,0\" data-index-in-node=\"0\">Budownictwo i przemys\u0142:<\/b> Podstawowy sprz\u0119t bezpiecze\u0144stwa dla go\u015bci lub stref o mniejszym nat\u0119\u017ceniu ruchu.<\/p>\n<\/li>\n<li>\n<p data-path-to-node=\"16,3,0\"><b data-path-to-node=\"16,3,0\" data-index-in-node=\"0\">Kampanie promocyjne:<\/b> Doskona\u0142y gad\u017cet reklamowy na wydarzeniach podnosz\u0105cych \u015bwiastrona g\u0142\u00f3wnao\u015b\u0107 w zakresie zdrowia i bezpiecze\u0144stwa.<\/p>\n<\/li>\n<\/ul>","protected":false},"excerpt":{"rendered":"<ul>\n<li>\n<p data-path-to-node=\"9,0,0\">Wykonane z mi\u0119kkiego i wygodnego materia\u0142u EVA.<\/p>\n<\/li>\n<li>\n<p data-path-to-node=\"9,1,0\">W zestawie przezroczyste etui z \u0142a\u0144cuszkiem do noszenia.<\/p>\n<\/li>\n<li>\n<p data-path-to-node=\"9,2,0\">Jasne, dobrze widoczne kolory.<\/p>\n<\/li>\n<li>\n<p data-path-to-node=\"9,3,0\">Nadaj\u0105 si\u0119 do wielokrotnego u\u017cytku i s\u0105 \u0142atwe do czyszczenia.<\/p>\n<\/li>\n<\/ul>","protected":false},"featured_media":6163,"comment_status":"closed","ping_status":"closed","template":"","meta":[],"product_brand":[],"product_cat":[68,121],"product_tag":[],"class_list":{"0":"post-6162","1":"product","2":"type-product","3":"status-publish","4":"has-post-thumbnail","6":"product_cat-event-supplies","7":"product_cat-promotional-merchandise","9":"first","10":"instock","11":"shipping-taxable","12":"purchasable","13":"product-type-simple"},"_links":{"self":[{"href":"https:\/\/displayproducts.eu\/pl\/wp-json\/wp\/v2\/product\/6162","targetHints":{"allow":["GET"]}}],"collection":[{"href":"https:\/\/displayproducts.eu\/pl\/wp-json\/wp\/v2\/product"}],"about":[{"href":"https:\/\/displayproducts.eu\/pl\/wp-json\/wp\/v2\/types\/product"}],"replies":[{"embeddable":true,"href":"https:\/\/displayproducts.eu\/pl\/wp-json\/wp\/v2\/comments?post=6162"}],"wp:featuredmedia":[{"embeddable":true,"href":"https:\/\/displayproducts.eu\/pl\/wp-json\/wp\/v2\/media\/6163"}],"wp:attachment":[{"href":"https:\/\/displayproducts.eu\/pl\/wp-json\/wp\/v2\/media?parent=6162"}],"wp:term":[{"taxonomy":"product_brand","embeddable":true,"href":"https:\/\/displayproducts.eu\/pl\/wp-json\/wp\/v2\/product_brand?post=6162"},{"taxonomy":"product_cat","embeddable":true,"href":"https:\/\/displayproducts.eu\/pl\/wp-json\/wp\/v2\/product_cat?post=6162"},{"taxonomy":"product_tag","embeddable":true,"href":"https:\/\/displayproducts.eu\/pl\/wp-json\/wp\/v2\/product_tag?post=6162"}],"curies":[{"name":"wp","href":"https:\/\/api.w.org\/{rel}","templated":true}]}}