{"id":6159,"date":"2025-12-19T16:35:18","date_gmt":"2025-12-19T13:35:18","guid":{"rendered":"https:\/\/wristbandfactory.eu\/?post_type=product&#038;p=6159"},"modified":"2026-04-01T21:52:34","modified_gmt":"2026-04-01T18:52:34","slug":"custom-printed-seamless-arm-sleeves-uv-protection","status":"publish","type":"product","link":"https:\/\/displayproducts.eu\/pl\/p\/custom-printed-seamless-arm-sleeves-uv-protection\/","title":{"rendered":"R\u0119kawki sportowe z nadrukiem"},"content":{"rendered":"<p data-path-to-node=\"11\">Zmaksymalizuj widoczno\u015b\u0107 swojej marki na imprezach plenerowych i zawodach sportowych dzi\u0119ki naszym bezszwowym r\u0119kawom z nadrukiem. Te wszechstronne akcesoria s\u0105 niezb\u0119dne dla biegaczy, kolarzy i personelu pracuj\u0105cego na \u015bwie\u017cym powietrzu, oferuj\u0105c du\u017ce, ruchome p\u0142\u00f3tno na Twoje logo lub grafik\u0119.<\/p>\n<p data-path-to-node=\"12\">W przeciwie\u0144stwie do standardowych r\u0119kaw\u00f3w z nadrukiem sitodrukowym, nasze r\u0119kawy wykorzystuj\u0105 technologi\u0119 sublimacji. Oznacza to, \u017ce wz\u00f3r jest wtapiany we w\u0142\u00f3kna tkaniny, dzi\u0119ki czemu nadruk nigdy nie p\u0119ka, nie odkleja si\u0119 ani nie blaknie, zachowuj\u0105c jednocze\u015bnie oddychalno\u015b\u0107 i elastyczno\u015b\u0107 tkaniny.<\/p>\n<h2 data-path-to-node=\"13\">G\u0142\u00f3wne cechy<\/h2>\n<ul data-path-to-node=\"14\">\n<li>\n<p data-path-to-node=\"14,0,0\"><b data-path-to-node=\"14,0,0\" data-index-in-node=\"0\">Konstrukcja bezszwowa:<\/b> Dzianinowy wz\u00f3r rurowy eliminuje szwy boczne, zapobiegaj\u0105c otarciom i podra\u017cnieniom podczas d\u0142ugotrwa\u0142ego noszenia.<\/p>\n<\/li>\n<li>\n<p data-path-to-node=\"14,1,0\"><b data-path-to-node=\"14,1,0\" data-index-in-node=\"0\"><span class=\"citation-32\">Ochrona przed s\u0142o\u0144cem i sk\u00f3r\u0105:<\/span><\/b><span class=\"citation-32 citation-end-32\"> Stanowi skuteczn\u0105 barier\u0119 przed szkodliwym promieniowaniem UV i chroni sk\u00f3r\u0119 przed oparzeniami lub zadrapaniami.<\/span><\/p>\n<div class=\"source-inline-chip-container ng-star-inserted\"><\/div>\n<\/li>\n<li>\n<p data-path-to-node=\"14,2,0\"><b data-path-to-node=\"14,2,0\" data-index-in-node=\"0\">Elastyczne dopasowanie:<\/b> Mieszanka poliestru i elastanu gwarantuje, \u017ce r\u0119kawy pozostaj\u0105 na swoim miejscu i nie kr\u0119puj\u0105 ruch\u00f3w.<\/p>\n<\/li>\n<li>\n<p data-path-to-node=\"14,3,0\"><b data-path-to-node=\"14,3,0\" data-index-in-node=\"0\">\u017bywa personalizacja:<\/b> Zadruk ca\u0142ej powierzchni pozwala na idealne odwzorowanie skomplikowanych przej\u015b\u0107 tonalnych, zdj\u0119\u0107 i kolor\u00f3w marki.<\/p>\n<\/li>\n<\/ul>\n<h2 data-path-to-node=\"15\">Specyfikacje<\/h2>\n<ul data-path-to-node=\"16\">\n<li>\n<p data-path-to-node=\"16,0,0\"><b data-path-to-node=\"16,0,0\" data-index-in-node=\"0\">Tworzywo:<\/b> Tkanina techniczna 160 g\/m2 (poliester 95% \/ elastan 5%).<\/p>\n<\/li>\n<li>\n<p data-path-to-node=\"16,1,0\"><b data-path-to-node=\"16,1,0\" data-index-in-node=\"0\">Technika druku:<\/b> Pe\u0142nokolorowa sublimacja barwnika.<\/p>\n<\/li>\n<li>\n<p data-path-to-node=\"16,2,0\"><b data-path-to-node=\"16,2,0\" data-index-in-node=\"0\">Opakowanie:<\/b> Sprzedawane parami (1 sztuka = 2 r\u0119kawy).<\/p>\n<\/li>\n<li>\n<p data-path-to-node=\"16,3,0\"><b data-path-to-node=\"16,3,0\" data-index-in-node=\"0\">Wymiary (\u015brednie):<\/b> 7 cm (nadgarstek) x 8 cm (rami\u0119) x 37 cm (d\u0142ugo\u015b\u0107).<\/p>\n<\/li>\n<li>\n<p data-path-to-node=\"16,4,0\"><b data-path-to-node=\"16,4,0\" data-index-in-node=\"0\">Wymiary (du\u017ce):<\/b> 9 cm (nadgarstek) x 11 cm (rami\u0119) x 44 cm (d\u0142ugo\u015b\u0107).<\/p>\n<\/li>\n<\/ul>\n<h2 data-path-to-node=\"17\">Przypadki u\u017cycia<\/h2>\n<ul data-path-to-node=\"18\">\n<li>\n<p data-path-to-node=\"18,0,0\"><b data-path-to-node=\"18,0,0\" data-index-in-node=\"0\">Maratony i imprezy kolarskie:<\/b> Niezb\u0119dny sprz\u0119t dla uczestnik\u00f3w w paczkach z upominkami.<\/p>\n<\/li>\n<li>\n<p data-path-to-node=\"18,1,0\"><b data-path-to-node=\"18,1,0\" data-index-in-node=\"0\">Stroje dru\u017cynowe:<\/b> Ujednolicony wygl\u0105d dru\u017cyn koszykarskich, siatkarskich i e-sportowych.<\/p>\n<\/li>\n<li>\n<p data-path-to-node=\"18,2,0\"><b data-path-to-node=\"18,2,0\" data-index-in-node=\"0\">Pracownicy na \u015bwie\u017cym powietrzu:<\/b> Ochrona personelu pracuj\u0105cego w miejscach nara\u017conych na bezpo\u015brednie dzia\u0142anie promieni s\u0142onecznych (prace ziemne, ochrona imprez).<\/p>\n<\/li>\n<li>\n<p data-path-to-node=\"18,3,0\"><b data-path-to-node=\"18,3,0\" data-index-in-node=\"0\">Sprzeda\u017c towar\u00f3w:<\/b> Towar o wysokiej mar\u017cy do sklep\u00f3w na si\u0142owniach i w klubach.<\/p>\n<\/li>\n<\/ul>","protected":false},"excerpt":{"rendered":"<ul>\n<li>\n<p data-path-to-node=\"10,0,0\"><b data-path-to-node=\"10,0,0\" data-index-in-node=\"0\">Bezproblemowy komfort:<\/b> Brak dra\u017cni\u0105cych szw\u00f3w gwarantuje maksymalny komfort podczas aktywno\u015bci fizycznej.<\/p>\n<\/li>\n<li>\n<p data-path-to-node=\"10,1,0\"><b data-path-to-node=\"10,1,0\" data-index-in-node=\"0\">Pe\u0142nokolorowy branding:<\/b> Druk sublimacyjny od kraw\u0119dzi do kraw\u0119dzi pozwala na nieograniczone mo\u017cliwo\u015bci projektowania.<\/p>\n<\/li>\n<li>\n<p data-path-to-node=\"10,2,0\"><b data-path-to-node=\"10,2,0\" data-index-in-node=\"0\"><span class=\"citation-33\">Ochrona przed promieniowaniem UV i zarysowaniami:<\/span><\/b><span class=\"citation-33 citation-end-33\"> Chroni ramiona przed dzia\u0142aniem promieni s\u0142onecznych i drobnymi otarciami.<\/span><\/p>\n<\/li>\n<li>\n<p data-path-to-node=\"10,3,0\"><b data-path-to-node=\"10,3,0\" data-index-in-node=\"0\">Sprzedawane parami:<\/b> Jedna sztuka zawiera zar\u00f3wno lewy, jak i prawy r\u0119kaw.<\/p>\n<\/li>\n<\/ul>","protected":false},"featured_media":6160,"comment_status":"closed","ping_status":"closed","template":"","meta":[],"product_brand":[],"product_cat":[118],"product_tag":[],"class_list":{"0":"post-6159","1":"product","2":"type-product","3":"status-publish","4":"has-post-thumbnail","6":"product_cat-sports-fitness","8":"first","9":"instock","10":"shipping-taxable","11":"purchasable","12":"product-type-simple"},"_links":{"self":[{"href":"https:\/\/displayproducts.eu\/pl\/wp-json\/wp\/v2\/product\/6159","targetHints":{"allow":["GET"]}}],"collection":[{"href":"https:\/\/displayproducts.eu\/pl\/wp-json\/wp\/v2\/product"}],"about":[{"href":"https:\/\/displayproducts.eu\/pl\/wp-json\/wp\/v2\/types\/product"}],"replies":[{"embeddable":true,"href":"https:\/\/displayproducts.eu\/pl\/wp-json\/wp\/v2\/comments?post=6159"}],"wp:featuredmedia":[{"embeddable":true,"href":"https:\/\/displayproducts.eu\/pl\/wp-json\/wp\/v2\/media\/6160"}],"wp:attachment":[{"href":"https:\/\/displayproducts.eu\/pl\/wp-json\/wp\/v2\/media?parent=6159"}],"wp:term":[{"taxonomy":"product_brand","embeddable":true,"href":"https:\/\/displayproducts.eu\/pl\/wp-json\/wp\/v2\/product_brand?post=6159"},{"taxonomy":"product_cat","embeddable":true,"href":"https:\/\/displayproducts.eu\/pl\/wp-json\/wp\/v2\/product_cat?post=6159"},{"taxonomy":"product_tag","embeddable":true,"href":"https:\/\/displayproducts.eu\/pl\/wp-json\/wp\/v2\/product_tag?post=6159"}],"curies":[{"name":"wp","href":"https:\/\/api.w.org\/{rel}","templated":true}]}}