{"id":6155,"date":"2025-12-19T16:20:46","date_gmt":"2025-12-19T13:20:46","guid":{"rendered":"https:\/\/wristbandfactory.eu\/?post_type=product&#038;p=6155"},"modified":"2026-04-01T21:52:03","modified_gmt":"2026-04-01T18:52:03","slug":"custom-beach-slippers-with-logo-sand-imprint-sole","status":"publish","type":"product","link":"https:\/\/displayproducts.eu\/pl\/p\/custom-beach-slippers-with-logo-sand-imprint-sole\/","title":{"rendered":"Klapki pla\u017cowe z logo (odcisk na piasku)"},"content":{"rendered":"<p data-path-to-node=\"12\">Podnie\u015b poziom swoich letnich kampanii marketingowych lub udogodnie\u0144 hotelowych dzi\u0119ki naszym w pe\u0142ni personalizowanym klapkom pla\u017cowym. Zaprojektowane z my\u015bl\u0105 o maksymalnej widoczno\u015bci marki, te japonki oferuj\u0105 wyj\u0105tkowy efekt chodz\u0105cego billboardu. Niezale\u017cnie od tego, czy chodzi o firmowy wyjazd integracyjny, prezent do spa, czy upominek na letni festiwal, oferujemy kompletne dopasowanie kolor\u00f3w, aby idealnie dopasowa\u0107 je do identyfikacji wizualnej Twojej marki.<\/p>\n<p data-path-to-node=\"13\">W odr\u00f3\u017cnieniu od standardowego obuwia reklamowego, nasze kapcie charakteryzuj\u0105 si\u0119 innowacyjn\u0105 technik\u0105 brandingu podeszwy, dzi\u0119ki kt\u00f3rej ka\u017cdy krok staje si\u0119 wra\u017ceniem.<\/p>\n<h2 data-path-to-node=\"14\">G\u0142\u00f3wne cechy<\/h2>\n<ul data-path-to-node=\"15\">\n<li>\n<p data-path-to-node=\"15,0,0\"><b data-path-to-node=\"15,0,0\" data-index-in-node=\"0\">Dopasowanie kolor\u00f3w Pantone:<\/b> Mo\u017cemy dopasowa\u0107 kolory podeszwy i pask\u00f3w do konkretnych kod\u00f3w PMS Twojej marki bez dodatkowych op\u0142at konfiguracyjnych.<\/p>\n<\/li>\n<li>\n<p data-path-to-node=\"15,1,0\"><b data-path-to-node=\"15,1,0\" data-index-in-node=\"0\">Wycinany \u201cNadruk piaskowy\u201d:<\/b> Podeszwa ma wyci\u0119cie o g\u0142\u0119boko\u015bci ok. 5 mm. Podczas chodzenia po mi\u0119kkim piasku, kapcie pozostawiaj\u0105 wyra\u017any odcisk Twojego logo lub napisu.<\/p>\n<\/li>\n<li>\n<p data-path-to-node=\"15,2,0\"><b data-path-to-node=\"15,2,0\" data-index-in-node=\"0\">T\u0142oczenie podeszwy:<\/b> Je\u015bli chcesz uzyska\u0107 dok\u0142adniejsze szczeg\u00f3\u0142y, mo\u017cemy wyt\u0142oczy\u0107 logo na g\u0142\u0119boko\u015bci ok. 2 mm na spodzie podeszwy (idealne rozwi\u0105zanie do skomplikowanych wzor\u00f3w).<\/p>\n<\/li>\n<li>\n<p data-path-to-node=\"15,3,0\"><b data-path-to-node=\"15,3,0\" data-index-in-node=\"0\">Branding ca\u0142ej powierzchni:<\/b> Tradycyjny sitodruk jest dost\u0119pny zar\u00f3wno na pi\u0119cie podeszwy, jak i na paskach, dzi\u0119ki czemu logo jest dobrze widoczne.<\/p>\n<\/li>\n<\/ul>\n<h2 data-path-to-node=\"16\">Specyfikacje<\/h2>\n<ul data-path-to-node=\"17\">\n<li>\n<p data-path-to-node=\"17,0,0\"><b data-path-to-node=\"17,0,0\" data-index-in-node=\"0\">Tworzywo:<\/b> Trwa\u0142a i komfortowa mieszanka gumy PE\/PVC (materia\u0142y z w\u0142asnym nadrukiem dost\u0119pne na \u017cyczenie).<\/p>\n<\/li>\n<li>\n<p data-path-to-node=\"17,1,0\"><b data-path-to-node=\"17,1,0\" data-index-in-node=\"0\">Grubo\u015b\u0107 podeszwy:<\/b> Standardowa grubo\u015b\u0107, zoptymalizowana pod k\u0105tem komfortu i efektywnego wycinania.<\/p>\n<\/li>\n<li>\n<p data-path-to-node=\"17,2,0\"><b data-path-to-node=\"17,2,0\" data-index-in-node=\"0\">Rozmiary:<\/b> Dost\u0119pne w szerokiej gamie standardowych rozmiar\u00f3w UE (unisex, m\u0119skie, damskie, dzieci\u0119ce).<\/p>\n<\/li>\n<li>\n<p data-path-to-node=\"17,3,0\"><b data-path-to-node=\"17,3,0\" data-index-in-node=\"0\">Metody personalizacji:<\/b> Sitodruk, T\u0142oczenie (u do\u0142u), Wycinanie (u do\u0142u).<\/p>\n<\/li>\n<li>\n<p data-path-to-node=\"17,4,0\"><b data-path-to-node=\"17,4,0\" data-index-in-node=\"0\">Minimalne zapytanie ofertowe:<\/b> Prosimy o potwierdzenie aktualnego minimalnego zam\u00f3wienia (MOQ) z naszym dzia\u0142em sprzeda\u017cy.<\/p>\n<\/li>\n<\/ul>\n<h2 data-path-to-node=\"18\">Przypadki u\u017cycia<\/h2>\n<ul data-path-to-node=\"19\">\n<li>\n<p data-path-to-node=\"19,0,0\"><b data-path-to-node=\"19,0,0\" data-index-in-node=\"0\">Letnie festiwale i wydarzenia:<\/b> Wysokiej jako\u015bci towary, z kt\u00f3rych uczestnicy b\u0119d\u0105 korzysta\u0107 przez ca\u0142y sezon.<\/p>\n<\/li>\n<li>\n<p data-path-to-node=\"19,1,0\"><b data-path-to-node=\"19,1,0\" data-index-in-node=\"0\">Hotele i spa:<\/b> Markowe udogodnienia dla go\u015bci premium w basenach i centrach odnowy biologicznej.<\/p>\n<\/li>\n<li>\n<p data-path-to-node=\"19,2,0\"><b data-path-to-node=\"19,2,0\" data-index-in-node=\"0\">Prezenty firmowe:<\/b> Doskonale nadaj\u0105 si\u0119 na wyjazdy integracyjne lub jako \u201czestawy startowe na lato\u201d.<\/p>\n<\/li>\n<li>\n<p data-path-to-node=\"19,3,0\"><b data-path-to-node=\"19,3,0\" data-index-in-node=\"0\">Biura podr\u00f3\u017cy:<\/b> \u015awietna promocja pakiet\u00f3w wakacyjnych na pla\u017cy.<\/p>\n<\/li>\n<\/ul>","protected":false},"excerpt":{"rendered":"<ul>\n<li>\n<p data-path-to-node=\"11,0,0\"><b data-path-to-node=\"11,0,0\" data-index-in-node=\"0\">Dopasowano Pantone:<\/b> Mo\u017cliwo\u015b\u0107 dostosowania kolor\u00f3w podeszwy i paska bez dodatkowych koszt\u00f3w.<\/p>\n<\/li>\n<li>\n<p data-path-to-node=\"11,1,0\"><b data-path-to-node=\"11,1,0\" data-index-in-node=\"0\">Wiele miejsc brandingowych:<\/b> Nadruk na pasku, podeszwie g\u00f3rnej lub dolnej.<\/p>\n<\/li>\n<li>\n<p data-path-to-node=\"11,2,0\"><b data-path-to-node=\"11,2,0\" data-index-in-node=\"0\">Efekt odcisku piasku:<\/b> Opcjonalna, wycinana podeszwa pozwala na odci\u015bni\u0119cie logo na piasku.<\/p>\n<\/li>\n<li>\n<p data-path-to-node=\"11,3,0\"><b data-path-to-node=\"11,3,0\" data-index-in-node=\"0\">Personalizacja premium:<\/b> Wybierz pomi\u0119dzy szczeg\u00f3\u0142owym t\u0142oczeniem a efektownymi wycinanymi podeszwami.<\/p>\n<\/li>\n<\/ul>","protected":false},"featured_media":6158,"comment_status":"closed","ping_status":"closed","template":"","meta":[],"product_brand":[],"product_cat":[129],"product_tag":[],"class_list":{"0":"post-6155","1":"product","2":"type-product","3":"status-publish","4":"has-post-thumbnail","6":"product_cat-leisure-lifestyle","8":"first","9":"instock","10":"shipping-taxable","11":"purchasable","12":"product-type-simple"},"_links":{"self":[{"href":"https:\/\/displayproducts.eu\/pl\/wp-json\/wp\/v2\/product\/6155","targetHints":{"allow":["GET"]}}],"collection":[{"href":"https:\/\/displayproducts.eu\/pl\/wp-json\/wp\/v2\/product"}],"about":[{"href":"https:\/\/displayproducts.eu\/pl\/wp-json\/wp\/v2\/types\/product"}],"replies":[{"embeddable":true,"href":"https:\/\/displayproducts.eu\/pl\/wp-json\/wp\/v2\/comments?post=6155"}],"wp:featuredmedia":[{"embeddable":true,"href":"https:\/\/displayproducts.eu\/pl\/wp-json\/wp\/v2\/media\/6158"}],"wp:attachment":[{"href":"https:\/\/displayproducts.eu\/pl\/wp-json\/wp\/v2\/media?parent=6155"}],"wp:term":[{"taxonomy":"product_brand","embeddable":true,"href":"https:\/\/displayproducts.eu\/pl\/wp-json\/wp\/v2\/product_brand?post=6155"},{"taxonomy":"product_cat","embeddable":true,"href":"https:\/\/displayproducts.eu\/pl\/wp-json\/wp\/v2\/product_cat?post=6155"},{"taxonomy":"product_tag","embeddable":true,"href":"https:\/\/displayproducts.eu\/pl\/wp-json\/wp\/v2\/product_tag?post=6155"}],"curies":[{"name":"wp","href":"https:\/\/api.w.org\/{rel}","templated":true}]}}