{"id":6150,"date":"2025-12-19T16:10:08","date_gmt":"2025-12-19T13:10:08","guid":{"rendered":"https:\/\/wristbandfactory.eu\/?post_type=product&#038;p=6150"},"modified":"2026-04-01T21:52:34","modified_gmt":"2026-04-01T18:52:34","slug":"custom-printed-hand-fans-bamboo-wood-plastic","status":"publish","type":"product","link":"https:\/\/displayproducts.eu\/pl\/p\/custom-printed-hand-fans-bamboo-wood-plastic\/","title":{"rendered":"Wachlarze reklamowe z nadrukiem (Bambusowe, Drewniane, Plastikowe)"},"content":{"rendered":"<p data-path-to-node=\"10\">Pokonaj upa\u0142 i wyeksponuj swoj\u0105 mark\u0119 dzi\u0119ki naszej wszechstronnej ofercie <b data-path-to-node=\"10\" data-index-in-node=\"90\">Wachlarze r\u0119czne z nadrukiem na zapytanie ofertowe<\/b>. \u201cCh\u0142odny powiew\u201d to najlepszy prezent, jaki mo\u017cesz da\u0107 swojej grupie docelowej podczas letnich festiwali, konferencji plenerowych czy wesel. W przeciwie\u0144stwie do ulotki, kt\u00f3r\u0105 wyrzuca si\u0119, wachlarz r\u0119czny to funkcjonalny dodatek, kt\u00f3ry uczestnicy b\u0119d\u0105 trzyma\u0107 i wielokrotnie u\u017cywa\u0107, utrzymuj\u0105c Twoje logo na wysoko\u015bci oczu.<\/p>\n<p data-path-to-node=\"11\">Oferujemy cztery r\u00f3\u017cne style, kt\u00f3re dopasuj\u0105 si\u0119 do estetyki Twojej marki \u2014 od przyjaznego dla \u015brodowiska bambusa i drewna zapewniaj\u0105cych naturalny wygl\u0105d, po kolorowe opcje plastikowe idealne do promocji na du\u017c\u0105 skal\u0119.<\/p>\n<h3 data-path-to-node=\"12\">Dost\u0119pne modele<\/h3>\n<p><strong>1. Klasyka (plastik i tkanina)<\/strong><\/p>\n<p>Trwa\u0142e i kolorowe.<\/p>\n<ul data-path-to-node=\"14\">\n<li>\n<p data-path-to-node=\"14,0,0\"><b data-path-to-node=\"14,0,0\" data-index-in-node=\"0\">\u017beberka:<\/b> Plastik (12 \u017ceberek + 2 ko\u0144c\u00f3wki). Ko\u0144c\u00f3wki dost\u0119pne w kilku kolorach i z mo\u017cliwo\u015bci\u0105 nadruku.<\/p>\n<\/li>\n<li>\n<p data-path-to-node=\"14,1,0\"><b data-path-to-node=\"14,1,0\" data-index-in-node=\"0\">Arkusz:<\/b> Bia\u0142a tkanina poliestrowa 210T.<\/p>\n<\/li>\n<li>\n<p data-path-to-node=\"14,2,0\"><b data-path-to-node=\"14,2,0\" data-index-in-node=\"0\">Wydrukowa\u0107:<\/b> Pe\u0142ny kolor po jednej stronie.<\/p>\n<\/li>\n<\/ul>\n<p><strong>2. Naturalny Premium (Drewno i Tkanina)<\/strong><\/p>\n<p>Eleganckie i wytrzyma\u0142e.<\/p>\n<ul data-path-to-node=\"16\">\n<li>\n<p data-path-to-node=\"16,0,0\"><b data-path-to-node=\"16,0,0\" data-index-in-node=\"0\">\u017beberka:<\/b> Naturalne drewno (14 \u017ceberek + 2 ko\u0144c\u00f3wki). Ko\u0144c\u00f3wki mo\u017cna zadrukowa\u0107 Twoim logo.<\/p>\n<\/li>\n<li>\n<p data-path-to-node=\"16,1,0\"><b data-path-to-node=\"16,1,0\" data-index-in-node=\"0\">Arkusz:<\/b> Bia\u0142a tkanina poliestrowa 210T.<\/p>\n<\/li>\n<li>\n<p data-path-to-node=\"16,2,0\"><b data-path-to-node=\"16,2,0\" data-index-in-node=\"0\">Wydrukowa\u0107:<\/b> Pe\u0142ny kolor po jednej stronie.<\/p>\n<\/li>\n<\/ul>\n<p><strong>3. Ekologiczne tradycyjne (bambus i papier)<\/strong><\/p>\n<p>Lekki, o klasycznej papierowej fakturze.<\/p>\n<ul data-path-to-node=\"18\">\n<li>\n<p data-path-to-node=\"18,0,0\"><b data-path-to-node=\"18,0,0\" data-index-in-node=\"0\">\u017beberka:<\/b> Bambus (18 \u017ceberek + 2 ko\u0144c\u00f3wki). Ko\u0144c\u00f3wki mo\u017cna zadrukowa\u0107.<\/p>\n<\/li>\n<li>\n<p data-path-to-node=\"18,1,0\"><b data-path-to-node=\"18,1,0\" data-index-in-node=\"0\">Arkusz:<\/b> Bia\u0142y papier o gramaturze 80 g\/m2.<\/p>\n<\/li>\n<li>\n<p data-path-to-node=\"18,2,0\"><b data-path-to-node=\"18,2,0\" data-index-in-node=\"0\">Wydrukowa\u0107:<\/b> Pe\u0142ny kolor po jednej lub dw\u00f3ch stronach.<\/p>\n<\/li>\n<\/ul>\n<p><strong>4. Bud\u017cet promocyjny (plastik i papier)<\/strong><\/p>\n<p>Ekonomiczne rozwi\u0105zanie w przypadku du\u017cych grup.<\/p>\n<ul data-path-to-node=\"20\">\n<li>\n<p data-path-to-node=\"20,0,0\"><b data-path-to-node=\"20,0,0\" data-index-in-node=\"0\">\u017beberka:<\/b> Bia\u0142y plastik. (Ko\u0144c\u00f3wki nie mog\u0105 by\u0107 zadrukowane; w przypadku du\u017cych zam\u00f3wie\u0144 minimalnych mo\u017cliwe jest dopasowanie koloru na zapytanie ofertowe).<\/p>\n<\/li>\n<li>\n<p data-path-to-node=\"20,1,0\"><b data-path-to-node=\"20,1,0\" data-index-in-node=\"0\">Arkusz:<\/b> Bia\u0142y papier o gramaturze 80 g\/m2.<\/p>\n<\/li>\n<li>\n<p data-path-to-node=\"20,2,0\"><b data-path-to-node=\"20,2,0\" data-index-in-node=\"0\">Wydrukowa\u0107:<\/b> Pe\u0142ny kolor po jednej stronie.<\/p>\n<\/li>\n<\/ul>\n<h2 data-path-to-node=\"21\">G\u0142\u00f3wne cechy<\/h2>\n<ul data-path-to-node=\"22\">\n<li>\n<p data-path-to-node=\"22,0,0\"><b data-path-to-node=\"22,0,0\" data-index-in-node=\"0\">Du\u017ca powierzchnia brandingowa:<\/b> Arkusz wachlarzowy stanowi szerokie, zakrzywione p\u0142\u00f3tno do nadruku grafiki, sloganu lub materia\u0142\u00f3w wizualnych kampanii.<\/p>\n<\/li>\n<li>\n<p data-path-to-node=\"22,1,0\"><b data-path-to-node=\"22,1,0\" data-index-in-node=\"0\">\u017beberka na zapytanie ofertowe:<\/b> W zale\u017cno\u015bci od modelu dodaj dodatkowe logo na sztywne elementy ko\u0144cowe (\u017cebra), aby uzyska\u0107 subtelny i szczeg\u00f3\u0142owy branding.<\/p>\n<\/li>\n<li>\n<p data-path-to-node=\"22,2,0\"><b data-path-to-node=\"22,2,0\" data-index-in-node=\"0\">Kompaktowy i przeno\u015bny:<\/b> Szybko si\u0119 sk\u0142ada, dzi\u0119ki czemu zmie\u015bci si\u0119 w torebce lub kieszeni.<\/p>\n<\/li>\n<\/ul>\n<h2 data-path-to-node=\"23\">Specyfikacje<\/h2>\n<table data-path-to-node=\"24\">\n<thead>\n<tr>\n<td><strong>Funkcja<\/strong><\/td>\n<td><strong>Plastik + Tkanina<\/strong><\/td>\n<td><strong>Drewno + Tkanina<\/strong><\/td>\n<td><strong>Bambus + Papier<\/strong><\/td>\n<td><strong>Plastik + Papier<\/strong><\/td>\n<\/tr>\n<\/thead>\n<tbody>\n<tr>\n<td><span data-path-to-node=\"24,1,0,0\"><b data-path-to-node=\"24,1,0,0\" data-index-in-node=\"0\">Materia\u0142 \u017cebra<\/b><\/span><\/td>\n<td><span data-path-to-node=\"24,1,1,0\">Plastikowy<\/span><\/td>\n<td><span data-path-to-node=\"24,1,2,0\">Drewno<\/span><\/td>\n<td><span data-path-to-node=\"24,1,3,0\">Bambus<\/span><\/td>\n<td><span data-path-to-node=\"24,1,4,0\">Plastik (bia\u0142y)<\/span><\/td>\n<\/tr>\n<tr>\n<td><span data-path-to-node=\"24,2,0,0\"><b data-path-to-node=\"24,2,0,0\" data-index-in-node=\"0\">Materia\u0142 arkuszowy<\/b><\/span><\/td>\n<td><span data-path-to-node=\"24,2,1,0\">Poliester 210T<\/span><\/td>\n<td><span data-path-to-node=\"24,2,2,0\">Poliester 210T<\/span><\/td>\n<td><span data-path-to-node=\"24,2,3,0\">Papier 80 g\/m2<\/span><\/td>\n<td><span data-path-to-node=\"24,2,4,0\">Papier 80 g\/m2<\/span><\/td>\n<\/tr>\n<tr>\n<td><span data-path-to-node=\"24,3,0,0\"><b data-path-to-node=\"24,3,0,0\" data-index-in-node=\"0\">Liczba \u017ceber<\/b><\/span><\/td>\n<td><span data-path-to-node=\"24,3,1,0\">12 + 2 ko\u0144c\u00f3wki<\/span><\/td>\n<td><span data-path-to-node=\"24,3,2,0\">14 + 2 ko\u0144c\u00f3wki<\/span><\/td>\n<td><span data-path-to-node=\"24,3,3,0\">18 + 2 ko\u0144c\u00f3wki<\/span><\/td>\n<td><span data-path-to-node=\"24,3,4,0\">Standard<\/span><\/td>\n<\/tr>\n<tr>\n<td><span data-path-to-node=\"24,4,0,0\"><b data-path-to-node=\"24,4,0,0\" data-index-in-node=\"0\">Wymiary (otwarte)<\/b><\/span><\/td>\n<td><span data-path-to-node=\"24,4,1,0\">23 x 42 cm<\/span><\/td>\n<td><span data-path-to-node=\"24,4,2,0\">23 x 42 cm<\/span><\/td>\n<td><span data-path-to-node=\"24,4,3,0\">21 x 38 cm<\/span><\/td>\n<td><span data-path-to-node=\"24,4,4,0\">23 x 42 cm<\/span><\/td>\n<\/tr>\n<tr>\n<td><span data-path-to-node=\"24,5,0,0\"><b data-path-to-node=\"24,5,0,0\" data-index-in-node=\"0\">Obszar wydruku<\/b><\/span><\/td>\n<td><span data-path-to-node=\"24,5,1,0\">1 strona<\/span><\/td>\n<td><span data-path-to-node=\"24,5,2,0\">1 strona<\/span><\/td>\n<td><span data-path-to-node=\"24,5,3,0\">1 lub 2 strony<\/span><\/td>\n<td><span data-path-to-node=\"24,5,4,0\">1 strona<\/span><\/td>\n<\/tr>\n<tr>\n<td><span data-path-to-node=\"24,6,0,0\"><b data-path-to-node=\"24,6,0,0\" data-index-in-node=\"0\">Wydruk na ko\u0144cu<\/b><\/span><\/td>\n<td><span data-path-to-node=\"24,6,1,0\">Tak<\/span><\/td>\n<td><span data-path-to-node=\"24,6,2,0\">Tak<\/span><\/td>\n<td><span data-path-to-node=\"24,6,3,0\">Tak<\/span><\/td>\n<td><span data-path-to-node=\"24,6,4,0\">NIE<\/span><\/td>\n<\/tr>\n<\/tbody>\n<\/table>\n<h2 data-path-to-node=\"25\">Przypadki u\u017cycia<\/h2>\n<ul data-path-to-node=\"26\">\n<li>\n<p data-path-to-node=\"26,0,0\"><b data-path-to-node=\"26,0,0\" data-index-in-node=\"0\">\u015aluby latem:<\/b> Pi\u0119kny upominek dla go\u015bci podczas ceremonii plenerowych.<\/p>\n<\/li>\n<li>\n<p data-path-to-node=\"26,1,0\"><b data-path-to-node=\"26,1,0\" data-index-in-node=\"0\">Festiwale muzyczne:<\/b> Niezb\u0119dny sprz\u0119t przetrwania dla ta\u0144cz\u0105cych t\u0142um\u00f3w w upale.<\/p>\n<\/li>\n<li>\n<p data-path-to-node=\"26,2,0\"><b data-path-to-node=\"26,2,0\" data-index-in-node=\"0\">Kampanie polityczne:<\/b> Dobrze widoczne gad\u017cety, kt\u00f3rymi kibice machaj\u0105 w powietrzu.<\/p>\n<\/li>\n<li>\n<p data-path-to-node=\"26,3,0\"><b data-path-to-node=\"26,3,0\" data-index-in-node=\"0\">Turystyka i o\u015brodki wypoczynkowe:<\/b> \u015awietny upominek powitalny dla hoteli w ciep\u0142ym klimacie.<\/p>\n<\/li>\n<\/ul>","protected":false},"excerpt":{"rendered":"<ul>\n<li>\n<p data-path-to-node=\"9,0,0\"><b data-path-to-node=\"9,0,0\" data-index-in-node=\"0\">4 kombinacje materia\u0142\u00f3w:<\/b> Wybierz spo\u015br\u00f3d: Plastik\/Tkanina, Drewno\/Tkanina, Bambus\/Papier lub Plastik\/Papier.<\/p>\n<\/li>\n<li>\n<p data-path-to-node=\"9,1,0\"><b data-path-to-node=\"9,1,0\" data-index-in-node=\"0\">Pe\u0142ny branding:<\/b> Wysokiej jako\u015bci druk pe\u0142nokolorowy na arkuszu wachlarzowym (papier lub poliester).<\/p>\n<\/li>\n<li>\n<p data-path-to-node=\"9,2,0\"><b data-path-to-node=\"9,2,0\" data-index-in-node=\"0\">Opcje \u017ceberek:<\/b> Mocne \u017cebra w liczbie od 12 do 18 sztuk, w zale\u017cno\u015bci od modelu.<\/p>\n<\/li>\n<li>\n<p data-path-to-node=\"9,3,0\"><b data-path-to-node=\"9,3,0\" data-index-in-node=\"0\">Niezb\u0119dnik na lato:<\/b> Doskona\u0142y upominek na wesela plenerowe, festiwale i imprezy sportowe.<\/p>\n<\/li>\n<\/ul>","protected":false},"featured_media":6311,"comment_status":"closed","ping_status":"closed","template":"","meta":[],"product_brand":[],"product_cat":[45],"product_tag":[],"class_list":{"0":"post-6150","1":"product","2":"type-product","3":"status-publish","4":"has-post-thumbnail","6":"product_cat-other","8":"first","9":"instock","10":"shipping-taxable","11":"purchasable","12":"product-type-simple"},"_links":{"self":[{"href":"https:\/\/displayproducts.eu\/pl\/wp-json\/wp\/v2\/product\/6150","targetHints":{"allow":["GET"]}}],"collection":[{"href":"https:\/\/displayproducts.eu\/pl\/wp-json\/wp\/v2\/product"}],"about":[{"href":"https:\/\/displayproducts.eu\/pl\/wp-json\/wp\/v2\/types\/product"}],"replies":[{"embeddable":true,"href":"https:\/\/displayproducts.eu\/pl\/wp-json\/wp\/v2\/comments?post=6150"}],"wp:featuredmedia":[{"embeddable":true,"href":"https:\/\/displayproducts.eu\/pl\/wp-json\/wp\/v2\/media\/6311"}],"wp:attachment":[{"href":"https:\/\/displayproducts.eu\/pl\/wp-json\/wp\/v2\/media?parent=6150"}],"wp:term":[{"taxonomy":"product_brand","embeddable":true,"href":"https:\/\/displayproducts.eu\/pl\/wp-json\/wp\/v2\/product_brand?post=6150"},{"taxonomy":"product_cat","embeddable":true,"href":"https:\/\/displayproducts.eu\/pl\/wp-json\/wp\/v2\/product_cat?post=6150"},{"taxonomy":"product_tag","embeddable":true,"href":"https:\/\/displayproducts.eu\/pl\/wp-json\/wp\/v2\/product_tag?post=6150"}],"curies":[{"name":"wp","href":"https:\/\/api.w.org\/{rel}","templated":true}]}}