{"id":6144,"date":"2025-12-19T16:02:37","date_gmt":"2025-12-19T13:02:37","guid":{"rendered":"https:\/\/wristbandfactory.eu\/?post_type=product&#038;p=6144"},"modified":"2026-04-01T21:52:34","modified_gmt":"2026-04-01T18:52:34","slug":"custom-printed-picnic-blankets-fleece-waterproof-models","status":"publish","type":"product","link":"https:\/\/displayproducts.eu\/pl\/p\/custom-printed-picnic-blankets-fleece-waterproof-models\/","title":{"rendered":"Koce piknikowe z nadrukiem (Polarowe i Wodoodporne)"},"content":{"rendered":"<p data-path-to-node=\"10\">Zamie\u0144 ka\u017cde spotkanie na \u015bwie\u017cym powietrzu w okazj\u0119 do budowania marki dzi\u0119ki naszym <b data-path-to-node=\"10\" data-index-in-node=\"89\">Koce piknikowe z nadrukiem na zapytanie ofertowe<\/b>. Niezale\u017cnie od tego, czy potrzebujesz przytulnego upominku na letni koncert, czy ekskluzywnego upominku firmowego dla pracownik\u00f3w, oferujemy dwie r\u00f3\u017cne konstrukcje materia\u0142owe, kt\u00f3re dopasuj\u0105 si\u0119 do Twojego bud\u017cetu i funkcjonalnych potrzeb.<\/p>\n<p data-path-to-node=\"11\">Oba modele charakteryzuj\u0105 si\u0119 cyfrowym drukiem od kraw\u0119dzi do kraw\u0119dzi, co pozwala na nadrukowanie \u017cywych zdj\u0119\u0107, skomplikowanych wzor\u00f3w lub wyrazistych logo na ca\u0142ej powierzchni.<\/p>\n<h3 data-path-to-node=\"12\">Wybierz sw\u00f3j model<\/h3>\n<p>1. Mi\u0119kki koc polarowy (standardowy)<\/p>\n<p>Klasyczny wyb\u00f3r zapewniaj\u0105cy ciep\u0142o i wygod\u0119.<\/p>\n<ul data-path-to-node=\"14\">\n<li>\n<p data-path-to-node=\"14,0,0\"><b data-path-to-node=\"14,0,0\" data-index-in-node=\"0\">Szczyt:<\/b> Mi\u0119kki polar poliestrowy 100% (220 gsm) zapewniaj\u0105cy przytulno\u015b\u0107.<\/p>\n<\/li>\n<li>\n<p data-path-to-node=\"14,1,0\"><b data-path-to-node=\"14,1,0\" data-index-in-node=\"0\">Sp\u00f3d:<\/b> Podk\u0142ad z czarnej w\u0142\u00f3kniny o gramaturze 80g.<\/p>\n<\/li>\n<li>\n<p data-path-to-node=\"14,2,0\"><b data-path-to-node=\"14,2,0\" data-index-in-node=\"0\">Opakowanie:<\/b> Pakowane pojedynczo w woreczki foliowe (na \u017cyczenie dost\u0119pna jest niestandardowa koperta papierowa).<\/p>\n<\/li>\n<\/ul>\n<p>2. Wodoodporny koc premium (z wype\u0142nieniem)<\/p>\n<p>Zaprojektowane z my\u015bl\u0105 o wytrzyma\u0142o\u015bci i wilgotnych warunkach gruntowych.<\/p>\n<ul data-path-to-node=\"16\">\n<li>\n<p data-path-to-node=\"16,0,0\"><b data-path-to-node=\"16,0,0\" data-index-in-node=\"0\">Budowa:<\/b> Konstrukcja kanapkowa 3-warstwowa \u2013 wierzch z poliestru 300D, rdze\u0144 z pianki o grubo\u015bci 2 mm zapewniaj\u0105cy wygod\u0119 siedzenia oraz sp\u00f3d z poliestru 210D.<\/p>\n<\/li>\n<li>\n<p data-path-to-node=\"16,1,0\"><b data-path-to-node=\"16,1,0\" data-index-in-node=\"0\">Wodoodporny:<\/b> Posiada warstw\u0119 podk\u0142adow\u0105 z PU, kt\u00f3ra zapobiega przedostawaniu si\u0119 wilgoci.<\/p>\n<\/li>\n<li>\n<p data-path-to-node=\"16,2,0\"><b data-path-to-node=\"16,2,0\" data-index-in-node=\"0\">Ruchliwo\u015b\u0107:<\/b> W zestawie znajduje si\u0119 wszyty uchwyt z ta\u015bmy PP (ok. 2,5 x 50 cm) z zapi\u0119ciem na rzep, co u\u0142atwia zwijanie i przenoszenie.<\/p>\n<\/li>\n<\/ul>\n<h2 data-path-to-node=\"17\">G\u0142\u00f3wne cechy<\/h2>\n<ul data-path-to-node=\"18\">\n<li>\n<p data-path-to-node=\"18,0,0\"><b data-path-to-node=\"18,0,0\" data-index-in-node=\"0\">\u017bywy wydruk cyfrowy:<\/b> Drukujemy Tw\u00f3j projekt cyfrowo. <i data-path-to-node=\"18,0,0\" data-index-in-node=\"55\">Uwaga: Ze wzgl\u0119du na faktur\u0119 materia\u0142u, kolory na wydruku ko\u0144cowym mog\u0105 r\u00f3\u017cni\u0107 si\u0119 odcieniem nawet o 15% od kolor\u00f3w orygina\u0142u.<\/i><\/p>\n<\/li>\n<li>\n<p data-path-to-node=\"18,1,0\"><b data-path-to-node=\"18,1,0\" data-index-in-node=\"0\">Praktyczny branding:<\/b> Ogromna powierzchnia gwarantuje, \u017ce Twoja marka b\u0119dzie widoczna z daleka na pla\u017cach, w parkach i na festiwalach.<\/p>\n<\/li>\n<li>\n<p data-path-to-node=\"18,2,0\"><b data-path-to-node=\"18,2,0\" data-index-in-node=\"0\">Tolerancja produkcyjna:<\/b> Zgodnie ze standardami bran\u017cowymi zastrzegamy sobie prawo do dostarczenia i wystawienia faktury na kwot\u0119 +\/- 10% zam\u00f3wionej ilo\u015bci.<\/p>\n<\/li>\n<\/ul>\n<h2 data-path-to-node=\"19\">Specyfikacje<\/h2>\n<table data-path-to-node=\"20\">\n<thead>\n<tr>\n<td><strong>Funkcja<\/strong><\/td>\n<td><strong>Model polarowy<\/strong><\/td>\n<td><strong>Wodoodporny model wy\u015bcie\u0142any<\/strong><\/td>\n<\/tr>\n<\/thead>\n<tbody>\n<tr>\n<td><span data-path-to-node=\"20,1,0,0\"><b data-path-to-node=\"20,1,0,0\" data-index-in-node=\"0\">Materia\u0142 wierzchni<\/b><\/span><\/td>\n<td><span data-path-to-node=\"20,1,1,0\">Polar poliestrowy 220 g\/m2<\/span><\/td>\n<td><span data-path-to-node=\"20,1,2,0\">Poliester 300D<\/span><\/td>\n<\/tr>\n<tr>\n<td><span data-path-to-node=\"20,2,0,0\"><b data-path-to-node=\"20,2,0,0\" data-index-in-node=\"0\">Poparcie<\/b><\/span><\/td>\n<td><span data-path-to-node=\"20,2,1,0\">Czarny 80g w\u0142\u00f3knina<\/span><\/td>\n<td><span data-path-to-node=\"20,2,2,0\">Wodoodporny PU + poliester 210D<\/span><\/td>\n<\/tr>\n<tr>\n<td><span data-path-to-node=\"20,3,0,0\"><b data-path-to-node=\"20,3,0,0\" data-index-in-node=\"0\">Wy\u015bci\u00f3\u0142ka<\/b><\/span><\/td>\n<td><span data-path-to-node=\"20,3,1,0\">Nic<\/span><\/td>\n<td><span data-path-to-node=\"20,3,2,0\">Pianka 2mm<\/span><\/td>\n<\/tr>\n<tr>\n<td><span data-path-to-node=\"20,4,0,0\"><b data-path-to-node=\"20,4,0,0\" data-index-in-node=\"0\">Wymiary<\/b><\/span><\/td>\n<td><span data-path-to-node=\"20,4,1,0\">120x150cm LUB 130x170cm<\/span><\/td>\n<td><span data-path-to-node=\"20,4,2,0\">120x150cm<\/span><\/td>\n<\/tr>\n<tr>\n<td><span data-path-to-node=\"20,5,0,0\"><b data-path-to-node=\"20,5,0,0\" data-index-in-node=\"0\">System no\u015bny<\/b><\/span><\/td>\n<td><span data-path-to-node=\"20,5,1,0\">Torebka foliowa (opcjonalnie r\u0119kaw)<\/span><\/td>\n<td><span data-path-to-node=\"20,5,2,0\">Zintegrowany uchwyt z ta\u015bmy PP<\/span><\/td>\n<\/tr>\n<tr>\n<td><span data-path-to-node=\"20,6,0,0\"><b data-path-to-node=\"20,6,0,0\" data-index-in-node=\"0\">Technika druku<\/b><\/span><\/td>\n<td><span data-path-to-node=\"20,6,1,0\">Pe\u0142nokolorowy cyfrowy<\/span><\/td>\n<td><span data-path-to-node=\"20,6,2,0\">Pe\u0142nokolorowy cyfrowy<\/span><\/td>\n<\/tr>\n<\/tbody>\n<\/table>\n<p>&nbsp;<\/p>\n<h2 data-path-to-node=\"21\">Przypadki u\u017cycia<\/h2>\n<ul data-path-to-node=\"22\">\n<li>\n<p data-path-to-node=\"22,0,0\"><b data-path-to-node=\"22,0,0\" data-index-in-node=\"0\">Festiwale letnie:<\/b> Markowe strefy wypoczynkowe na imprezy muzyczne.<\/p>\n<\/li>\n<li>\n<p data-path-to-node=\"22,1,0\"><b data-path-to-node=\"22,1,0\" data-index-in-node=\"0\">Pikniki firmowe:<\/b> Praktyczny prezent, z kt\u00f3rego pracownicy b\u0119d\u0105 korzysta\u0107 wielokrotnie.<\/p>\n<\/li>\n<li>\n<p data-path-to-node=\"22,2,0\"><b data-path-to-node=\"22,2,0\" data-index-in-node=\"0\">Sklepy z gad\u017cetami:<\/b> Bardzo cenny przedmiot dla zespo\u0142\u00f3w i dru\u017cyn sportowych.<\/p>\n<\/li>\n<li>\n<p data-path-to-node=\"22,3,0\"><b data-path-to-node=\"22,3,0\" data-index-in-node=\"0\">Promocje na \u015bwie\u017cym powietrzu:<\/b> Idealne dla marek napoj\u00f3w i produkt\u00f3w lifestylowych.<\/p>\n<\/li>\n<\/ul>","protected":false},"excerpt":{"rendered":"<ul>\n<li>\n<p data-path-to-node=\"9,0,0\"><b data-path-to-node=\"9,0,0\" data-index-in-node=\"0\">Dwie wersje:<\/b> Wybierz pomi\u0119dzy mi\u0119kkim polarem (lekkim) lub wodoodpornym materia\u0142em premium (wy\u015bcie\u0142anym i wyposa\u017conym w uchwyt).<\/p>\n<\/li>\n<li>\n<p data-path-to-node=\"9,1,0\"><b data-path-to-node=\"9,1,0\" data-index-in-node=\"0\">Pe\u0142na personalizacja:<\/b> Wysokiej rozdzielczo\u015bci nadruk cyfrowy pokrywa ca\u0142\u0105 powierzchni\u0119 g\u00f3rn\u0105.<\/p>\n<\/li>\n<li>\n<p data-path-to-node=\"9,2,0\"><b data-path-to-node=\"9,2,0\" data-index-in-node=\"0\">Uniwersalne rozmiary:<\/b> Standardowy rozmiar 120x150 cm lub wi\u0119kszy 130x170 cm (tylko polar).<\/p>\n<\/li>\n<li>\n<p data-path-to-node=\"9,3,0\"><b data-path-to-node=\"9,3,0\" data-index-in-node=\"0\">Gotowo\u015b\u0107 na wydarzenie:<\/b> Doskonale nadaje si\u0119 na festiwale plenerowe, pikniki firmowe i letnie kampanie.<\/p>\n<\/li>\n<\/ul>","protected":false},"featured_media":6315,"comment_status":"closed","ping_status":"closed","template":"","meta":[],"product_brand":[],"product_cat":[68,121],"product_tag":[],"class_list":{"0":"post-6144","1":"product","2":"type-product","3":"status-publish","4":"has-post-thumbnail","6":"product_cat-event-supplies","7":"product_cat-promotional-merchandise","9":"first","10":"instock","11":"shipping-taxable","12":"purchasable","13":"product-type-simple"},"_links":{"self":[{"href":"https:\/\/displayproducts.eu\/pl\/wp-json\/wp\/v2\/product\/6144","targetHints":{"allow":["GET"]}}],"collection":[{"href":"https:\/\/displayproducts.eu\/pl\/wp-json\/wp\/v2\/product"}],"about":[{"href":"https:\/\/displayproducts.eu\/pl\/wp-json\/wp\/v2\/types\/product"}],"replies":[{"embeddable":true,"href":"https:\/\/displayproducts.eu\/pl\/wp-json\/wp\/v2\/comments?post=6144"}],"wp:featuredmedia":[{"embeddable":true,"href":"https:\/\/displayproducts.eu\/pl\/wp-json\/wp\/v2\/media\/6315"}],"wp:attachment":[{"href":"https:\/\/displayproducts.eu\/pl\/wp-json\/wp\/v2\/media?parent=6144"}],"wp:term":[{"taxonomy":"product_brand","embeddable":true,"href":"https:\/\/displayproducts.eu\/pl\/wp-json\/wp\/v2\/product_brand?post=6144"},{"taxonomy":"product_cat","embeddable":true,"href":"https:\/\/displayproducts.eu\/pl\/wp-json\/wp\/v2\/product_cat?post=6144"},{"taxonomy":"product_tag","embeddable":true,"href":"https:\/\/displayproducts.eu\/pl\/wp-json\/wp\/v2\/product_tag?post=6144"}],"curies":[{"name":"wp","href":"https:\/\/api.w.org\/{rel}","templated":true}]}}