{"id":6135,"date":"2025-12-19T15:54:46","date_gmt":"2025-12-19T12:54:46","guid":{"rendered":"https:\/\/wristbandfactory.eu\/?post_type=product&#038;p=6135"},"modified":"2026-04-01T21:52:34","modified_gmt":"2026-04-01T18:52:34","slug":"custom-printed-wooden-deck-chairs-patio-stools-made-in-eu","status":"publish","type":"product","link":"https:\/\/displayproducts.eu\/pl\/p\/custom-printed-wooden-deck-chairs-patio-stools-made-in-eu\/","title":{"rendered":"Drewniane le\u017caki reklamowe z nadrukiem"},"content":{"rendered":"<p data-path-to-node=\"10\">Stw\u00f3rz relaksuj\u0105ce do\u015bwiadczenie marki dzi\u0119ki naszej ofercie premium <b data-path-to-node=\"10\" data-index-in-node=\"86\">Spersonalizowane drewniane le\u017caki i sto\u0142ki<\/b>. Niezale\u017cnie od tego, czy sprawdzi si\u0119 w klubie pla\u017cowym, na festiwalu muzycznym, na firmowym patio latem, czy w zimowym o\u015brodku narciarskim, krzes\u0142a te oferuj\u0105 idealne po\u0142\u0105czenie wygody i widoczno\u015bci.<\/p>\n<p data-path-to-node=\"11\">Nasze ramy, produkowane bezpo\u015brednio w UE, wykonane s\u0105 z wytrzyma\u0142ego drewna bukowego (z naturalnym wyko\u0144czeniem), co zapewnia trwa\u0142o\u015b\u0107 i ekskluzywny wygl\u0105d w por\u00f3wnaniu z lekkimi produktami importowanymi. Materia\u0142 siedziska jest drukowany cyfrowo w pe\u0142nym kolorze, co pozwala na uzyskanie fotorealistycznych wzor\u00f3w pokrywaj\u0105cych ca\u0142\u0105 powierzchni\u0119.<\/p>\n<h3 data-path-to-node=\"12\">Dost\u0119pne modele<\/h3>\n<p data-path-to-node=\"13\">Oferujemy cztery r\u00f3\u017cne konfiguracje dostosowane do potrzeb Twojego wydarzenia:<\/p>\n<ol start=\"1\" data-path-to-node=\"14\">\n<li>\n<p data-path-to-node=\"14,0,0\"><b data-path-to-node=\"14,0,0\" data-index-in-node=\"0\">Klasyczny le\u017cak:<\/b> Ponadczasowy design bez pod\u0142okietnik\u00f3w. Minimalistyczny i przeno\u015bny.<\/p>\n<\/li>\n<li>\n<p data-path-to-node=\"14,1,0\"><b data-path-to-node=\"14,1,0\" data-index-in-node=\"0\">Le\u017cak Comfort:<\/b> Posiada ergonomiczne pod\u0142okietniki zapewniaj\u0105ce dodatkowy relaks.<\/p>\n<\/li>\n<li>\n<p data-path-to-node=\"14,2,0\"><b data-path-to-node=\"14,2,0\" data-index-in-node=\"0\">Le\u017cak Premium:<\/b> Zawiera pod\u0142okietniki i wbudowany uchwyt na kubki \u2013 najlepszy wyb\u00f3r na festiwale.<\/p>\n<\/li>\n<li>\n<p data-path-to-node=\"14,3,0\"><b data-path-to-node=\"14,3,0\" data-index-in-node=\"0\">Sto\u0142ek ogrodowy:<\/b> Kompaktowy, sk\u0142adany podn\u00f3\u017cek lub dodatkowe siedzisko, kt\u00f3re idealnie uzupe\u0142nia krzes\u0142a.<\/p>\n<\/li>\n<\/ol>\n<h2 data-path-to-node=\"15\">G\u0142\u00f3wne cechy<\/h2>\n<ul data-path-to-node=\"16\">\n<li>\n<p data-path-to-node=\"16,0,0\"><b data-path-to-node=\"16,0,0\" data-index-in-node=\"0\">Regulowany komfort:<\/b> Wszystkie modele krzese\u0142 posiadaj\u0105 3-stopniow\u0105 regulacj\u0119 wysoko\u015bci oparcia, co pozwala na dostosowanie pozycji do indywidualnych preferencji (standard: zakres 28\/60 mm; modele z pod\u0142okietnikami: zakres 28\/57 mm lub 32\/61 mm).<\/p>\n<\/li>\n<li>\n<p data-path-to-node=\"16,1,0\"><b data-path-to-node=\"16,1,0\" data-index-in-node=\"0\">\u017bywy branding:<\/b> Tkanina poliestrowa o gramaturze 215 gsm umo\u017cliwia drukowanie w wysokiej rozdzielczo\u015bci CMYK. <i data-path-to-node=\"16,1,0\" data-index-in-node=\"83\">Uwaga: Ze wzgl\u0119du na ch\u0142onno\u015b\u0107 materia\u0142u tekstylnego, ostateczne kolory mog\u0105 r\u00f3\u017cni\u0107 si\u0119 nawet o 15% od tych w pliku cyfrowym.<\/i><\/p>\n<\/li>\n<li>\n<p data-path-to-node=\"16,2,0\"><b data-path-to-node=\"16,2,0\" data-index-in-node=\"0\">Inteligentny projekt:<\/b> Pokrowce na krzes\u0142a s\u0105 zdejmowane i wymienne, co pozwala na aktualizacj\u0119 kampanii bez konieczno\u015bci zakupu nowych ram. (Uwaga: materia\u0142 na krzes\u0142ach jest sta\u0142y\/niezdejmowany).<\/p>\n<\/li>\n<li>\n<p data-path-to-node=\"16,3,0\"><b data-path-to-node=\"16,3,0\" data-index-in-node=\"0\">Bezpiecze\u0144stwo i \u0142adunek:<\/b> solidna konstrukcja wytrzymuje obci\u0105\u017cenie do 110 kg na siedzenie.<\/p>\n<\/li>\n<\/ul>\n<h2 data-path-to-node=\"17\">Specyfikacje<\/h2>\n<table data-path-to-node=\"18\">\n<thead>\n<tr>\n<td><strong>Funkcja<\/strong><\/td>\n<td><strong>Klasyczny fotel<\/strong><\/td>\n<td><strong>Fotel z pod\u0142okietnikami<\/strong><\/td>\n<td><strong>Krzes\u0142o z uchwytem na kubek<\/strong><\/td>\n<td><strong>Sto\u0142ek ogrodowy<\/strong><\/td>\n<\/tr>\n<\/thead>\n<tbody>\n<tr>\n<td><span data-path-to-node=\"18,1,0,0\"><b data-path-to-node=\"18,1,0,0\" data-index-in-node=\"0\">Materia\u0142 ramy<\/b><\/span><\/td>\n<td><span data-path-to-node=\"18,1,1,0\">Drewno bukowe<\/span><\/td>\n<td><span data-path-to-node=\"18,1,2,0\">Drewno bukowe<\/span><\/td>\n<td><span data-path-to-node=\"18,1,3,0\">Drewno bukowe<\/span><\/td>\n<td><span data-path-to-node=\"18,1,4,0\">Drewno bukowe<\/span><\/td>\n<\/tr>\n<tr>\n<td><span data-path-to-node=\"18,2,0,0\"><b data-path-to-node=\"18,2,0,0\" data-index-in-node=\"0\">Wymiary (po z\u0142o\u017ceniu)<\/b><\/span><\/td>\n<td><span data-path-to-node=\"18,2,1,0\">1250 x 560 mm<\/span><\/td>\n<td><span data-path-to-node=\"18,2,2,0\">1510 x 580 mm<\/span><\/td>\n<td><span data-path-to-node=\"18,2,3,0\">1510 x 580 mm<\/span><\/td>\n<td><span data-path-to-node=\"18,2,4,0\">500 x 320 mm<\/span><\/td>\n<\/tr>\n<tr>\n<td><span data-path-to-node=\"18,3,0,0\"><b data-path-to-node=\"18,3,0,0\" data-index-in-node=\"0\">Poziomy wysoko\u015bci<\/b><\/span><\/td>\n<td><span data-path-to-node=\"18,3,1,0\">3-stopniowy<\/span><\/td>\n<td><span data-path-to-node=\"18,3,2,0\">3-stopniowy<\/span><\/td>\n<td><span data-path-to-node=\"18,3,3,0\">3-stopniowy<\/span><\/td>\n<td><span data-path-to-node=\"18,3,4,0\">Sta\u0142y (70 mm)<\/span><\/td>\n<\/tr>\n<tr>\n<td><span data-path-to-node=\"18,4,0,0\"><b data-path-to-node=\"18,4,0,0\" data-index-in-node=\"0\">Waga<\/b><\/span><\/td>\n<td><span data-path-to-node=\"18,4,1,0\">3,9 kg (7,8 kg\/pude\u0142ko)<\/span><\/td>\n<td><span data-path-to-node=\"18,4,2,0\">4,4 kg (8,8 kg\/pude\u0142ko)<\/span><\/td>\n<td><span data-path-to-node=\"18,4,3,0\">4,7 kg (9,4 kg\/pude\u0142ko)<\/span><\/td>\n<td><span data-path-to-node=\"18,4,4,0\">1,6 kg (3,2 kg\/pude\u0142ko)<\/span><\/td>\n<\/tr>\n<tr>\n<td><span data-path-to-node=\"18,5,0,0\"><b data-path-to-node=\"18,5,0,0\" data-index-in-node=\"0\">Tkanina<\/b><\/span><\/td>\n<td><span data-path-to-node=\"18,5,1,0\">Poliester 215 g\/m2<\/span><\/td>\n<td><span data-path-to-node=\"18,5,2,0\">Poliester 215 g\/m2<\/span><\/td>\n<td><span data-path-to-node=\"18,5,3,0\">Poliester 215 g\/m2<\/span><\/td>\n<td><span data-path-to-node=\"18,5,4,0\">Poliester 215 g\/m2<\/span><\/td>\n<\/tr>\n<tr>\n<td><span data-path-to-node=\"18,6,0,0\"><b data-path-to-node=\"18,6,0,0\" data-index-in-node=\"0\">Opakowanie<\/b><\/span><\/td>\n<td><span data-path-to-node=\"18,6,1,0\">2 szt.\/karton<\/span><\/td>\n<td><span data-path-to-node=\"18,6,2,0\">2 szt.\/karton<\/span><\/td>\n<td><span data-path-to-node=\"18,6,3,0\">2 szt.\/karton<\/span><\/td>\n<td><span data-path-to-node=\"18,6,4,0\">2 szt.\/karton<\/span><\/td>\n<\/tr>\n<\/tbody>\n<\/table>\n<h2 data-path-to-node=\"19\">Przypadki u\u017cycia<\/h2>\n<ul data-path-to-node=\"20\">\n<li>\n<p data-path-to-node=\"20,0,0\"><b data-path-to-node=\"20,0,0\" data-index-in-node=\"0\">Letnie festiwale i bary na pla\u017cy:<\/b> stworzy\u0107 w\u0142asn\u0105 stref\u0119 relaksu.<\/p>\n<\/li>\n<li>\n<p data-path-to-node=\"20,1,0\"><b data-path-to-node=\"20,1,0\" data-index-in-node=\"0\">O\u015brodki narciarskie:<\/b> Trwa\u0142e drewno i poliester sprawdzaj\u0105 si\u0119 r\u00f3wnie\u017c na tarasach s\u0142onecznych zim\u0105.<\/p>\n<\/li>\n<li>\n<p data-path-to-node=\"20,2,0\"><b data-path-to-node=\"20,2,0\" data-index-in-node=\"0\">Prezenty firmowe:<\/b> Warto\u015bciowy prezent dla partner\u00f3w do wykorzystania w ogrodach lub na balkonach.<\/p>\n<\/li>\n<li>\n<p data-path-to-node=\"20,3,0\"><b data-path-to-node=\"20,3,0\" data-index-in-node=\"0\">Wydarzenia plenerowe:<\/b> Przeno\u015bne siedzisko, kt\u00f3re mo\u017ce s\u0142u\u017cy\u0107 r\u00f3wnie\u017c jako billboard.<\/p>\n<\/li>\n<\/ul>","protected":false},"excerpt":{"rendered":"<ul>\n<li>\n<p data-path-to-node=\"9,0,0\"><b data-path-to-node=\"9,0,0\" data-index-in-node=\"0\">Wyprodukowano w UE:<\/b> Wykonane r\u0119cznie z najwy\u017cszej jako\u015bci naturalnego drewna bukowego.<\/p>\n<\/li>\n<li>\n<p data-path-to-node=\"9,1,0\"><b data-path-to-node=\"9,1,0\" data-index-in-node=\"0\">Pe\u0142na personalizacja:<\/b> Nadruk CMYK od kraw\u0119dzi do kraw\u0119dzi na trwa\u0142ym papierze poliestrowym o gramaturze 215 g\/m2.<\/p>\n<\/li>\n<li>\n<p data-path-to-node=\"9,2,0\"><b data-path-to-node=\"9,2,0\" data-index-in-node=\"0\">Dost\u0119pne 4 modele:<\/b> Standard, pod\u0142okietniki, pod\u0142okietniki + uchwyt na kubek i sk\u0142adany sto\u0142ek.<\/p>\n<\/li>\n<li>\n<p data-path-to-node=\"9,3,0\"><b data-path-to-node=\"9,3,0\" data-index-in-node=\"0\">Wymienna tkanina:<\/b> \u0141atwa zmiana wzoru we wszystkich modelach krzese\u0142 (materia\u0142 sto\u0142ka jest sta\u0142y).<\/p>\n<\/li>\n<\/ul>","protected":false},"featured_media":6320,"comment_status":"closed","ping_status":"closed","template":"","meta":[],"product_brand":[],"product_cat":[68],"product_tag":[],"class_list":{"0":"post-6135","1":"product","2":"type-product","3":"status-publish","4":"has-post-thumbnail","6":"product_cat-event-supplies","8":"first","9":"instock","10":"shipping-taxable","11":"purchasable","12":"product-type-simple"},"_links":{"self":[{"href":"https:\/\/displayproducts.eu\/pl\/wp-json\/wp\/v2\/product\/6135","targetHints":{"allow":["GET"]}}],"collection":[{"href":"https:\/\/displayproducts.eu\/pl\/wp-json\/wp\/v2\/product"}],"about":[{"href":"https:\/\/displayproducts.eu\/pl\/wp-json\/wp\/v2\/types\/product"}],"replies":[{"embeddable":true,"href":"https:\/\/displayproducts.eu\/pl\/wp-json\/wp\/v2\/comments?post=6135"}],"wp:featuredmedia":[{"embeddable":true,"href":"https:\/\/displayproducts.eu\/pl\/wp-json\/wp\/v2\/media\/6320"}],"wp:attachment":[{"href":"https:\/\/displayproducts.eu\/pl\/wp-json\/wp\/v2\/media?parent=6135"}],"wp:term":[{"taxonomy":"product_brand","embeddable":true,"href":"https:\/\/displayproducts.eu\/pl\/wp-json\/wp\/v2\/product_brand?post=6135"},{"taxonomy":"product_cat","embeddable":true,"href":"https:\/\/displayproducts.eu\/pl\/wp-json\/wp\/v2\/product_cat?post=6135"},{"taxonomy":"product_tag","embeddable":true,"href":"https:\/\/displayproducts.eu\/pl\/wp-json\/wp\/v2\/product_tag?post=6135"}],"curies":[{"name":"wp","href":"https:\/\/api.w.org\/{rel}","templated":true}]}}