{"id":6133,"date":"2025-12-19T15:34:23","date_gmt":"2025-12-19T12:34:23","guid":{"rendered":"https:\/\/wristbandfactory.eu\/?post_type=product&#038;p=6133"},"modified":"2026-04-01T21:52:34","modified_gmt":"2026-04-01T18:52:34","slug":"custom-led-acrylic-invitations-business-cards","status":"publish","type":"product","link":"https:\/\/displayproducts.eu\/pl\/p\/custom-led-acrylic-invitations-business-cards\/","title":{"rendered":"\u015awiec\u0105ce wizyt\u00f3wki LED i ekskluzywne zaproszenia"},"content":{"rendered":"<p data-path-to-node=\"9\">Podnie\u015b poziom swojej marki lub wydarzenia dzi\u0119ki naszym <b data-path-to-node=\"9\" data-index-in-node=\"65\">Z w\u0142asnym nadrukiem zaproszenia i wizyt\u00f3wki z akrylu LED<\/b>. W przeciwie\u0144stwie do standardowych opcji papierowych, te futurystyczne karty wykonane s\u0105 ze sztywnego, krystalicznie czystego akrylu i wyposa\u017cone w technologi\u0119 LED. Po aktywacji dyskretnym przyciskiem dotykowym, laserowo wyci\u0119te detale projektu roz\u015bwietlaj\u0105 si\u0119, tworz\u0105c osza\u0142amiaj\u0105cy efekt wizualny, kt\u00f3ry gwarantuje, \u017ce Tw\u00f3j przekaz zostanie zapami\u0119tany.<\/p>\n<p data-path-to-node=\"10\">To nie tylko kartki; to pami\u0105tka. Niezale\u017cnie od tego, czy pos\u0142u\u017cy jako ekskluzywna wizyt\u00f3wka, kt\u00f3ra buduje natychmiastow\u0105 wi\u0119\u017a, \u015bwiec\u0105ca przepustka VIP na wieczorne wydarzenie, czy romantyczne zaproszenie na \u015blub, akrylowa karta LED tworzy wyj\u0105tkowe wra\u017cenia u\u017cytkownika.<\/p>\n<h2 data-path-to-node=\"11\">G\u0142\u00f3wne cechy<\/h2>\n<ul data-path-to-node=\"12\">\n<li>\n<p data-path-to-node=\"12,0,0\"><b data-path-to-node=\"12,0,0\" data-index-in-node=\"0\">Technologia grawerowania laserowego:<\/b> Wytniemy Tw\u00f3j tekst, logo lub grafik\u0119 bezpo\u015brednio na powierzchni akrylowej. \u015awiat\u0142o LED przenika przez materia\u0142 i odbija grawerunek, dzi\u0119ki czemu \u015bwieci on jasno na przezroczystym tle.<\/p>\n<\/li>\n<li>\n<p data-path-to-node=\"12,1,0\"><b data-path-to-node=\"12,1,0\" data-index-in-node=\"0\">Aktywacja dotykowa:<\/b> Nowoczesne pojemno\u015bciowe czujniki dotykowe pozwalaj\u0105 u\u017cytkownikom na p\u0142ynne w\u0142\u0105czanie i wy\u0142\u0105czanie \u015bwiat\u0142a.<\/p>\n<\/li>\n<li>\n<p data-path-to-node=\"12,2,0\"><b data-path-to-node=\"12,2,0\" data-index-in-node=\"0\">Pe\u0142na personalizacja:<\/b> Dost\u0119pne w r\u00f3\u017cnych kszta\u0142tach (prostok\u0105tne, kwadratowe lub wycinane na zapytanie ofertowe) i rozmiarach, dzi\u0119ki czemu pasuj\u0105 do standardowych portfeli lub wi\u0119kszych format\u00f3w kopert.<\/p>\n<\/li>\n<li>\n<p data-path-to-node=\"12,3,0\"><b data-path-to-node=\"12,3,0\" data-index-in-node=\"0\">Trwa\u0142o\u015b\u0107:<\/b> Wykonane z wytrzyma\u0142ego akrylu (PMMA), kt\u00f3ry jest bardziej odporny na wyginanie i zarysowania ni\u017c tradycyjne karty plastikowe.<\/p>\n<\/li>\n<\/ul>\n<h2 data-path-to-node=\"13\">Specyfikacje<\/h2>\n<ul data-path-to-node=\"14\">\n<li>\n<p data-path-to-node=\"14,0,0\"><b data-path-to-node=\"14,0,0\" data-index-in-node=\"0\">Tworzywo:<\/b> Przezroczysty akryl (PMMA).<\/p>\n<\/li>\n<li>\n<p data-path-to-node=\"14,1,0\"><b data-path-to-node=\"14,1,0\" data-index-in-node=\"0\">Grubo\u015b\u0107:<\/b> Opcje 2mm \u2013 3mm.<\/p>\n<\/li>\n<li>\n<p data-path-to-node=\"14,2,0\"><b data-path-to-node=\"14,2,0\" data-index-in-node=\"0\">\u0179r\u00f3d\u0142o \u015bwiat\u0142a:<\/b> Zintegrowane \u015bwiat\u0142a LED (bia\u0142e lub wielokolorowe).<\/p>\n<\/li>\n<li>\n<p data-path-to-node=\"14,3,0\"><b data-path-to-node=\"14,3,0\" data-index-in-node=\"0\">Moc:<\/b> Baterie guzikowe (wymienne\/nie\u0142adowalne) lub \u0142adowalne przez USB (wybrane modele).<\/p>\n<\/li>\n<li>\n<p data-path-to-node=\"14,4,0\"><b data-path-to-node=\"14,4,0\" data-index-in-node=\"0\">Typ prze\u0142\u0105cznika:<\/b> Panel dotykowy lub prze\u0142\u0105cznik przyciskowy.<\/p>\n<\/li>\n<li>\n<p data-path-to-node=\"14,5,0\"><b data-path-to-node=\"14,5,0\" data-index-in-node=\"0\">Czas produkcji:<\/b> 5-10 dni roboczych.<\/p>\n<\/li>\n<li>\n<p data-path-to-node=\"14,6,0\"><b data-path-to-node=\"14,6,0\" data-index-in-node=\"0\">Druk:<\/b> Grawerowanie laserowe (standard) + opcje sitodruku lub druku wypuk\u0142ego.<\/p>\n<\/li>\n<\/ul>\n<h2 data-path-to-node=\"15\">Przypadki u\u017cycia<\/h2>\n<ul data-path-to-node=\"16\">\n<li>\n<p data-path-to-node=\"16,0,0\"><b data-path-to-node=\"16,0,0\" data-index-in-node=\"0\">Wizyt\u00f3wki VIP:<\/b> Wyr\u00f3\u017cnij si\u0119 na wydarzeniach networkingowych dzi\u0119ki karcie, kt\u00f3ra dos\u0142ownie roz\u015bwietli pomieszczenie.<\/p>\n<\/li>\n<li>\n<p data-path-to-node=\"16,1,0\"><b data-path-to-node=\"16,1,0\" data-index-in-node=\"0\">Luksusowe zaproszenia \u015blubne:<\/b> Stw\u00f3rz wyj\u0105tkowy wiecz\u00f3r weselny, wysy\u0142aj\u0105c b\u0142yszcz\u0105ce zaproszenia.<\/p>\n<\/li>\n<li>\n<p data-path-to-node=\"16,2,0\"><b data-path-to-node=\"16,2,0\" data-index-in-node=\"0\">Pami\u0105tki z wydarze\u0144:<\/b> Doskonale nadaje si\u0119 na gad\u017cety dla fan\u00f3w, bilety pami\u0105tkowe lub magnesy \u201cSave the Date\u201d.<\/p>\n<\/li>\n<li>\n<p data-path-to-node=\"16,3,0\"><b data-path-to-node=\"16,3,0\" data-index-in-node=\"0\">\u017bycie nocne i gale:<\/b> Mo\u017cna ich u\u017cywa\u0107 jako widocznych \u017ceton\u00f3w na napoje lub przepustek do stref VIP w miejscach o s\u0142abym o\u015bwietleniu.<\/p>\n<\/li>\n<\/ul>","protected":false},"excerpt":{"rendered":"<ul>\n<li>\n<p data-path-to-node=\"8,0,0\"><b data-path-to-node=\"8,0,0\" data-index-in-node=\"0\">O\u015bwietlony wp\u0142yw:<\/b> Wbudowane \u015bwiat\u0142a LED sprawiaj\u0105, \u017ce Tw\u00f3j grawerowany laserowo wz\u00f3r b\u0119dzie pi\u0119knie \u015bwieci\u0107.<\/p>\n<\/li>\n<li>\n<p data-path-to-node=\"8,1,0\"><b data-path-to-node=\"8,1,0\" data-index-in-node=\"0\">Materia\u0142 premium:<\/b> Wysokiej jako\u015bci przezroczysty akryl o grubo\u015bci 2 mm lub 3 mm.<\/p>\n<\/li>\n<li>\n<p data-path-to-node=\"8,2,0\"><b data-path-to-node=\"8,2,0\" data-index-in-node=\"0\">Technologia niestandardowa:<\/b> Dost\u0119pne z prze\u0142\u0105cznikami dotykowymi oraz bateriami wielokrotnego \u0142adowania lub jednorazowymi.<\/p>\n<\/li>\n<li>\n<p data-path-to-node=\"8,3,0\"><b data-path-to-node=\"8,3,0\" data-index-in-node=\"0\">Wszechstronne zastosowanie:<\/b> Doskonale nadaj\u0105 si\u0119 na luksusowe zaproszenia \u015blubne, ekskluzywne wizyt\u00f3wki lub pami\u0105tkowe bilety.<\/p>\n<\/li>\n<\/ul>","protected":false},"featured_media":6134,"comment_status":"closed","ping_status":"closed","template":"","meta":[],"product_brand":[],"product_cat":[76],"product_tag":[],"class_list":{"0":"post-6133","1":"product","2":"type-product","3":"status-publish","4":"has-post-thumbnail","6":"product_cat-glow-led-products","8":"first","9":"instock","10":"shipping-taxable","11":"product-type-simple"},"_links":{"self":[{"href":"https:\/\/displayproducts.eu\/pl\/wp-json\/wp\/v2\/product\/6133","targetHints":{"allow":["GET"]}}],"collection":[{"href":"https:\/\/displayproducts.eu\/pl\/wp-json\/wp\/v2\/product"}],"about":[{"href":"https:\/\/displayproducts.eu\/pl\/wp-json\/wp\/v2\/types\/product"}],"replies":[{"embeddable":true,"href":"https:\/\/displayproducts.eu\/pl\/wp-json\/wp\/v2\/comments?post=6133"}],"wp:featuredmedia":[{"embeddable":true,"href":"https:\/\/displayproducts.eu\/pl\/wp-json\/wp\/v2\/media\/6134"}],"wp:attachment":[{"href":"https:\/\/displayproducts.eu\/pl\/wp-json\/wp\/v2\/media?parent=6133"}],"wp:term":[{"taxonomy":"product_brand","embeddable":true,"href":"https:\/\/displayproducts.eu\/pl\/wp-json\/wp\/v2\/product_brand?post=6133"},{"taxonomy":"product_cat","embeddable":true,"href":"https:\/\/displayproducts.eu\/pl\/wp-json\/wp\/v2\/product_cat?post=6133"},{"taxonomy":"product_tag","embeddable":true,"href":"https:\/\/displayproducts.eu\/pl\/wp-json\/wp\/v2\/product_tag?post=6133"}],"curies":[{"name":"wp","href":"https:\/\/api.w.org\/{rel}","templated":true}]}}