{"id":6109,"date":"2025-12-18T12:35:53","date_gmt":"2025-12-18T09:35:53","guid":{"rendered":"https:\/\/wristbandfactory.eu\/?post_type=product&#038;p=6109"},"modified":"2026-04-01T21:52:34","modified_gmt":"2026-04-01T18:52:34","slug":"full-color-tyvek-wristbands-cmyk-photo-print","status":"publish","type":"product","link":"https:\/\/displayproducts.eu\/pl\/p\/full-color-tyvek-wristbands-cmyk-photo-print\/","title":{"rendered":"Opaski Tyvek z nadrukiem pe\u0142nokolorowym (CMYK)"},"content":{"rendered":"<p data-path-to-node=\"12\">Podnie\u015b poziom brandingu swojego wydarzenia dzi\u0119ki naszym <b data-path-to-node=\"12\" data-index-in-node=\"62\">Opaski Tyvek w pe\u0142nym kolorze<\/b>. W przeciwie\u0144stwie do standardowych opcji jednokolorowych, ta zaawansowana metoda drukowania eliminuje wszelkie ograniczenia projektowe, dzi\u0119ki czemu mo\u017cesz przekszta\u0142ci\u0107 prost\u0105 przepustk\u0119 bezpiecze\u0144stwa w pot\u0119\u017cne narz\u0119dzie marketingowe.<\/p>\n<p data-path-to-node=\"13\">Wykorzystuj\u0105c zaawansowan\u0105 technologi\u0119 druku cyfrowego CMYK, mo\u017cemy odtworzy\u0107 <b data-path-to-node=\"13\" data-index-in-node=\"66\">zdj\u0119cia o wysokiej rozdzielczo\u015bci, p\u0142ynne przej\u015bcia tonalne kolor\u00f3w i wielokolorowe loga sponsor\u00f3w<\/b> z wyj\u0105tkow\u0105 wyrazisto\u015bci\u0105. Nadruk jest nak\u0142adany od kraw\u0119dzi do kraw\u0119dzi, dzi\u0119ki czemu otrzymujesz w pe\u0142ni spersonalizowane p\u0142\u00f3tno, kt\u00f3re pozwoli Ci zaprezentowa\u0107 to\u017csamo\u015b\u0107 Twojej marki lub motyw festiwalu.<\/p>\n<h2 data-path-to-node=\"14\">G\u0142\u00f3wne cechy<\/h2>\n<ul data-path-to-node=\"15\">\n<li>\n<p data-path-to-node=\"15,0,0\"><b data-path-to-node=\"15,0,0\" data-index-in-node=\"0\">Jako\u015b\u0107 zdj\u0119cia CMYK:<\/b> Drukuj miliony kolor\u00f3w z precyzj\u0105. Idealne do skomplikowanych grafik wymagaj\u0105cych cieniowania lub drobnych szczeg\u00f3\u0142\u00f3w.<\/p>\n<\/li>\n<li>\n<p data-path-to-node=\"15,1,0\"><b data-path-to-node=\"15,1,0\" data-index-in-node=\"0\">Maksymalna ekspozycja marki:<\/b> Doskonale nadaje si\u0119 na festiwale i imprezy firmowe, gdzie loga sponsor\u00f3w musz\u0105 by\u0107 wy\u015bwietlane w oryginalnych kolorach.<\/p>\n<\/li>\n<li>\n<p data-path-to-node=\"15,2,0\"><b data-path-to-node=\"15,2,0\" data-index-in-node=\"0\">Zabezpieczenie przed manipulacj\u0105:<\/b> Wyposa\u017cony w bezpieczne zamkni\u0119cie z wyci\u0119tym klejem, kt\u00f3re rozrywa si\u0119 podczas usuwania, uniemo\u017cliwiaj\u0105c przeniesienie biletu.<\/p>\n<\/li>\n<li>\n<p data-path-to-node=\"15,3,0\"><b data-path-to-node=\"15,3,0\" data-index-in-node=\"0\">Numerowanie sekwencyjne:<\/b> Ka\u017cdy zesp\u00f3\u0142 ma przypisany unikalny numer seryjny umo\u017cliwiaj\u0105cy \u015bledzenie pojemno\u015bci i audyt bezpiecze\u0144stwa.<\/p>\n<\/li>\n<li>\n<p data-path-to-node=\"15,4,0\"><b data-path-to-node=\"15,4,0\" data-index-in-node=\"0\">Oryginalny DuPont\u2122 Tyvek\u00ae:<\/b> U\u017cywamy oryginalnego materia\u0142u Tyvek\u00ae, kt\u00f3ry jest wodoodporny, trwa\u0142y i wygodny podczas wielodniowych wydarze\u0144.<\/p>\n<\/li>\n<li>\n<p data-path-to-node=\"15,5,0\"><b data-path-to-node=\"15,5,0\" data-index-in-node=\"0\">Opcjonalny odcinek do odrywania:<\/b> Mo\u017cna je wyprodukowa\u0107 z perforowanym ko\u0144cem, idealnym do bon\u00f3w na napoje, zawieszek do szatni lub loterii.<\/p>\n<\/li>\n<\/ul>\n<h2 data-path-to-node=\"16\">Specyfikacje<\/h2>\n<ul data-path-to-node=\"17\">\n<li>\n<p data-path-to-node=\"17,0,0\"><b data-path-to-node=\"17,0,0\" data-index-in-node=\"0\">Tworzywo:<\/b> DuPont\u2122 Tyvek\u00ae (nadaj\u0105cy si\u0119 do recyklingu polietylen o du\u017cej g\u0119sto\u015bci).<\/p>\n<\/li>\n<li>\n<p data-path-to-node=\"17,1,0\"><b data-path-to-node=\"17,1,0\" data-index-in-node=\"0\">Rodzaj druku:<\/b> Pe\u0142nokolorowy druk cyfrowy (CMYK).<\/p>\n<\/li>\n<li>\n<p data-path-to-node=\"17,2,0\"><b data-path-to-node=\"17,2,0\" data-index-in-node=\"0\">Obszar wydruku:<\/b> Od kraw\u0119dzi do kraw\u0119dzi (dozwolone spady).<\/p>\n<\/li>\n<li>\n<p data-path-to-node=\"17,3,0\"><b data-path-to-node=\"17,3,0\" data-index-in-node=\"0\">Rozmiar:<\/b> Standardowa szeroko\u015b\u0107 19 mm lub 25 mm.<\/p>\n<\/li>\n<li>\n<p data-path-to-node=\"17,4,0\"><b data-path-to-node=\"17,4,0\" data-index-in-node=\"0\">Zamkni\u0119cie:<\/b> Jednorazowy klej zabezpieczaj\u0105cy przed otwarciem.<\/p>\n<\/li>\n<li>\n<p data-path-to-node=\"17,5,0\"><b data-path-to-node=\"17,5,0\" data-index-in-node=\"0\">Trwa\u0142o\u015b\u0107:<\/b> Wodoodporne, odporne na rozdarcie, nadaj\u0105 si\u0119 na 1-5 dni.<\/p>\n<\/li>\n<\/ul>\n<h2 data-path-to-node=\"18\">Przypadki u\u017cycia<\/h2>\n<ul data-path-to-node=\"19\">\n<li>\n<p data-path-to-node=\"19,0,0\"><b data-path-to-node=\"19,0,0\" data-index-in-node=\"0\">Festiwale muzyczne:<\/b> \u017bywe wzory, kt\u00f3re pasuj\u0105 do identyfikacji wizualnej festiwalu.<\/p>\n<\/li>\n<li>\n<p data-path-to-node=\"19,1,0\"><b data-path-to-node=\"19,1,0\" data-index-in-node=\"0\">Dost\u0119p VIP:<\/b> Wyr\u00f3\u017cnij go\u015bci VIP dzi\u0119ki opaskom o ekskluzywnym, kolorowym wygl\u0105dzie, odr\u00f3\u017cniaj\u0105cym je od standardowych opasek.<\/p>\n<\/li>\n<li>\n<p data-path-to-node=\"19,2,0\"><b data-path-to-node=\"19,2,0\" data-index-in-node=\"0\">Sponsorowanie:<\/b> Wy\u015bwietlaj wyra\u017anie loga wielu sponsor\u00f3w w ich oficjalnych kolorach korporacyjnych.<\/p>\n<\/li>\n<li>\n<p data-path-to-node=\"19,3,0\"><b data-path-to-node=\"19,3,0\" data-index-in-node=\"0\">Kampanie marketingowe:<\/b> Wykorzystuj kody QR i atrakcyjne materia\u0142y wizualne, aby zwi\u0119kszy\u0107 zaanga\u017cowanie.<\/p>\n<\/li>\n<\/ul>","protected":false},"excerpt":{"rendered":"<ul>\n<li>\n<p data-path-to-node=\"11,0,0\"><b data-path-to-node=\"11,0,0\" data-index-in-node=\"0\">Nieograniczona kreatywno\u015b\u0107:<\/b> Pe\u0142nokolorowy druk CMYK umo\u017cliwia drukowanie zdj\u0119\u0107, gradient\u00f3w i z\u0142o\u017conych logo sponsor\u00f3w.<\/p>\n<\/li>\n<li>\n<p data-path-to-node=\"11,1,0\"><b data-path-to-node=\"11,1,0\" data-index-in-node=\"0\">Projektowanie od kraw\u0119dzi do kraw\u0119dzi:<\/b> Zwi\u0119ksz rozpoznawalno\u015b\u0107 marki dzi\u0119ki grafikom zajmuj\u0105cym ca\u0142\u0105 d\u0142ugo\u015b\u0107 opaski.<\/p>\n<\/li>\n<li>\n<p data-path-to-node=\"11,2,0\"><b data-path-to-node=\"11,2,0\" data-index-in-node=\"0\">Wysoka rozdzielczo\u015b\u0107:<\/b> Ostry, fotorealistyczny wydruk o jako\u015bci nieosi\u0105galnej w przypadku standardowego sitodruku.<\/p>\n<\/li>\n<li>\n<p data-path-to-node=\"11,3,0\"><b data-path-to-node=\"11,3,0\" data-index-in-node=\"0\">Bezpieczne i trwa\u0142e:<\/b> Posiada numeracj\u0119 sekwencyjn\u0105 i jest wykonany z prawdziwego, odpornego na rozdarcia materia\u0142u DuPont\u2122 Tyvek\u00ae.<\/p>\n<\/li>\n<\/ul>","protected":false},"featured_media":6110,"comment_status":"closed","ping_status":"closed","template":"","meta":[],"product_brand":[],"product_cat":[41],"product_tag":[],"class_list":{"0":"post-6109","1":"product","2":"type-product","3":"status-publish","4":"has-post-thumbnail","6":"product_cat-tyvek","8":"first","9":"instock","10":"shipping-taxable","11":"purchasable","12":"product-type-simple"},"_links":{"self":[{"href":"https:\/\/displayproducts.eu\/pl\/wp-json\/wp\/v2\/product\/6109","targetHints":{"allow":["GET"]}}],"collection":[{"href":"https:\/\/displayproducts.eu\/pl\/wp-json\/wp\/v2\/product"}],"about":[{"href":"https:\/\/displayproducts.eu\/pl\/wp-json\/wp\/v2\/types\/product"}],"replies":[{"embeddable":true,"href":"https:\/\/displayproducts.eu\/pl\/wp-json\/wp\/v2\/comments?post=6109"}],"wp:featuredmedia":[{"embeddable":true,"href":"https:\/\/displayproducts.eu\/pl\/wp-json\/wp\/v2\/media\/6110"}],"wp:attachment":[{"href":"https:\/\/displayproducts.eu\/pl\/wp-json\/wp\/v2\/media?parent=6109"}],"wp:term":[{"taxonomy":"product_brand","embeddable":true,"href":"https:\/\/displayproducts.eu\/pl\/wp-json\/wp\/v2\/product_brand?post=6109"},{"taxonomy":"product_cat","embeddable":true,"href":"https:\/\/displayproducts.eu\/pl\/wp-json\/wp\/v2\/product_cat?post=6109"},{"taxonomy":"product_tag","embeddable":true,"href":"https:\/\/displayproducts.eu\/pl\/wp-json\/wp\/v2\/product_tag?post=6109"}],"curies":[{"name":"wp","href":"https:\/\/api.w.org\/{rel}","templated":true}]}}