{"id":6103,"date":"2025-12-17T16:17:31","date_gmt":"2025-12-17T13:17:31","guid":{"rendered":"https:\/\/wristbandfactory.eu\/?post_type=product&#038;p=6103"},"modified":"2026-04-01T21:52:34","modified_gmt":"2026-04-01T18:52:34","slug":"custom-tyvek-running-bibs-race-numbers","status":"publish","type":"product","link":"https:\/\/displayproducts.eu\/pl\/p\/custom-tyvek-running-bibs-race-numbers\/","title":{"rendered":"Numery startowe Tyvek z nadrukiem"},"content":{"rendered":"<p data-path-to-node=\"10\">Wyposa\u017c swoich sportowc\u00f3w w profesjonalny sprz\u0119t <b>Spersonalizowane szelki do biegania Tyvek<\/b>. Niezale\u017cnie od tego, czy organizujesz maraton miejski, bieg charytatywny czy szkolny dzie\u0144 lekkoatletyczny, jako\u015b\u0107 numeru startowego odzwierciedla jako\u015b\u0107 wydarzenia.<\/p>\n<p data-path-to-node=\"11\">U\u017cywamy <b>Materia\u0142 Tyvek\u00ae<\/b>, co jest bran\u017cowym standardem w przypadku numer\u00f3w startowych. Wygl\u0105da i drukuje jak papier, ale ma trwa\u0142o\u015b\u0107 plastiku. Jest praktycznie niemo\u017cliwy do rozdarcia r\u0119k\u0105, nie rozpada si\u0119 pod wp\u0142ywem deszczu ani potu i pozostaje lekki (zw\u0142aszcza w przypadku naszych rekomendacji). <b>43 g\/m2<\/b> opcja), wi\u0119c konkurenci tego prawie nie odczuwaj\u0105.<\/p>\n<h2 data-path-to-node=\"12\">G\u0142\u00f3wne cechy<\/h2>\n<ul data-path-to-node=\"13\">\n<li>\n<p data-path-to-node=\"13,0,0\"><b>Niezniszczalna trwa\u0142o\u015b\u0107:<\/b> Tyvek wytrzymuje trudy bieg\u00f3w d\u0142ugodystansowych, bieg\u00f3w w b\u0142ocie i z\u0142ej pogody, nie rozrywaj\u0105c si\u0119 ani nie blakn\u0105c.<\/p>\n<\/li>\n<li>\n<p data-path-to-node=\"13,1,0\"><b>Drukowanie zmiennych danych:<\/b> Mo\u017cemy nadrukowa\u0107 numeracj\u0119 sekwencyjn\u0105, kody kreskowe, kody QR i imiona i nazwiska poszczeg\u00f3lnych uczestnik\u00f3w bezpo\u015brednio na numerach startowych.<\/p>\n<\/li>\n<li>\n<p data-path-to-node=\"13,2,0\"><b>Widoczno\u015b\u0107 sponsora:<\/b> Du\u017ca powierzchnia zapewnia doskona\u0142\u0105 widoczno\u015b\u0107 log\u00f3w sponsor\u00f3w, co gwarantuje ich widoczno\u015b\u0107 na ka\u017cdym zdj\u0119ciu z wydarzenia.<\/p>\n<\/li>\n<li>\n<p data-path-to-node=\"13,3,0\"><b>Bezpieczne mocowanie:<\/b> Zaprojektowane tak, aby mo\u017cna je by\u0142o \u0142atwo przypi\u0105\u0107 do ubrania (agrafki zazwyczaj sprzedawane s\u0105 oddzielnie lub w zestawie).<\/p>\n<\/li>\n<\/ul>\n<h2 data-path-to-node=\"14\">Specyfikacje<\/h2>\n<ul data-path-to-node=\"15\">\n<li>\n<p data-path-to-node=\"15,0,0\"><b>Tworzywo:<\/b> Tyvek\u00ae (Papier syntetyczny).<\/p>\n<\/li>\n<li>\n<p data-path-to-node=\"15,1,0\"><b>Grubo\u015b\u0107:<\/b> 43 g\/m2 (lekki i mi\u0119kki), 55 g\/m2, 75 g\/m2 (sztywny).<\/p>\n<\/li>\n<li>\n<p data-path-to-node=\"15,2,0\"><b>Rozmiary standardowe:<\/b><\/p>\n<ul data-path-to-node=\"15,2,1\">\n<li>\n<p data-path-to-node=\"15,2,1,0,0\">21 x 22 cm (du\u017cy)<\/p>\n<\/li>\n<li>\n<p data-path-to-node=\"15,2,1,1,0\">21 x 15 cm (standard A5)<\/p>\n<\/li>\n<li>\n<p data-path-to-node=\"15,2,1,2,0\">20 x 20 cm \/ 18 x 18 cm (kwadrat)<\/p>\n<\/li>\n<li>\n<p data-path-to-node=\"15,2,1,3,0\">21 x 11 cm \/ 10 x 11 cm (Ma\u0142y)<\/p>\n<\/li>\n<\/ul>\n<\/li>\n<li>\n<p data-path-to-node=\"15,3,0\"><b>Wydrukowa\u0107:<\/b> Pe\u0142nokolorowy, cyfrowy (CMYK).<\/p>\n<\/li>\n<li>\n<p data-path-to-node=\"15,4,0\"><b>Ustalenie:<\/b> 4 otwory naro\u017cne (opcjonalnie).<\/p>\n<\/li>\n<li>\n<p data-path-to-node=\"15,5,0\"><b>Minimalne zapytanie ofertowe:<\/b> 100 jednostek.<\/p>\n<\/li>\n<\/ul>\n<h2 data-path-to-node=\"16\">Przypadki u\u017cycia<\/h2>\n<ul data-path-to-node=\"17\">\n<li>\n<p data-path-to-node=\"17,0,0\"><b>Maratony i triatlony:<\/b> Niezb\u0119dny dokument to\u017csamo\u015bci w zawodach na czas.<\/p>\n<\/li>\n<li>\n<p data-path-to-node=\"17,1,0\"><b>Spacery charytatywne:<\/b> Mo\u017cliwo\u015b\u0107 budowania marki dla sponsor\u00f3w i promowania konkretnych spraw.<\/p>\n<\/li>\n<li>\n<p data-path-to-node=\"17,2,0\"><b>Narciarstwo i jazda na rowerze:<\/b> Trwa\u0142e numery odporne na wiatr i wilgo\u0107.<\/p>\n<\/li>\n<li>\n<p data-path-to-node=\"17,3,0\"><b>Przes\u0142uchania:<\/b> U\u017cywane jako numery identyfikacyjne na przes\u0142uchaniach tanecznych i castingach.<\/p>\n<\/li>\n<\/ul>","protected":false},"excerpt":{"rendered":"<ul>\n<li>\n<p data-path-to-node=\"9,0,0\"><b>Tworzywo:<\/b> Prawdziwy <b>Tyvek\u00ae<\/b> \u2013 odporne na rozdarcia, wodoodporne i oddychaj\u0105ce.<\/p>\n<\/li>\n<li>\n<p data-path-to-node=\"9,1,0\"><b>Opcje wagowe:<\/b> Dost\u0119pne w gramaturze 43 g\/m2 (zalecana lekka), 55 g\/m2 lub 75 g\/m2.<\/p>\n<\/li>\n<li>\n<p data-path-to-node=\"9,2,0\"><b>Personalizacja:<\/b> Pe\u0142nokolorowy druk cyfrowy logotyp\u00f3w, numer\u00f3w i danych sponsor\u00f3w.<\/p>\n<\/li>\n<li>\n<p data-path-to-node=\"9,3,0\"><b>Rozmiary:<\/b> Szeroki wyb\u00f3r standardowych rozmiar\u00f3w (np. A5, A4, 21x22 cm) pasuj\u0105cych do ka\u017cdego rodzaju wydarzenia.<\/p>\n<\/li>\n<\/ul>","protected":false},"featured_media":6132,"comment_status":"closed","ping_status":"closed","template":"","meta":[],"product_brand":[],"product_cat":[68,118],"product_tag":[],"class_list":{"0":"post-6103","1":"product","2":"type-product","3":"status-publish","4":"has-post-thumbnail","6":"product_cat-event-supplies","7":"product_cat-sports-fitness","9":"first","10":"instock","11":"shipping-taxable","12":"purchasable","13":"product-type-simple"},"_links":{"self":[{"href":"https:\/\/displayproducts.eu\/pl\/wp-json\/wp\/v2\/product\/6103","targetHints":{"allow":["GET"]}}],"collection":[{"href":"https:\/\/displayproducts.eu\/pl\/wp-json\/wp\/v2\/product"}],"about":[{"href":"https:\/\/displayproducts.eu\/pl\/wp-json\/wp\/v2\/types\/product"}],"replies":[{"embeddable":true,"href":"https:\/\/displayproducts.eu\/pl\/wp-json\/wp\/v2\/comments?post=6103"}],"wp:featuredmedia":[{"embeddable":true,"href":"https:\/\/displayproducts.eu\/pl\/wp-json\/wp\/v2\/media\/6132"}],"wp:attachment":[{"href":"https:\/\/displayproducts.eu\/pl\/wp-json\/wp\/v2\/media?parent=6103"}],"wp:term":[{"taxonomy":"product_brand","embeddable":true,"href":"https:\/\/displayproducts.eu\/pl\/wp-json\/wp\/v2\/product_brand?post=6103"},{"taxonomy":"product_cat","embeddable":true,"href":"https:\/\/displayproducts.eu\/pl\/wp-json\/wp\/v2\/product_cat?post=6103"},{"taxonomy":"product_tag","embeddable":true,"href":"https:\/\/displayproducts.eu\/pl\/wp-json\/wp\/v2\/product_tag?post=6103"}],"curies":[{"name":"wp","href":"https:\/\/api.w.org\/{rel}","templated":true}]}}