{"id":6096,"date":"2025-12-17T16:05:07","date_gmt":"2025-12-17T13:05:07","guid":{"rendered":"https:\/\/wristbandfactory.eu\/?post_type=product&#038;p=6096"},"modified":"2026-04-01T21:52:34","modified_gmt":"2026-04-01T18:52:34","slug":"custom-full-print-boxer-shorts-sublimation","status":"publish","type":"product","link":"https:\/\/displayproducts.eu\/pl\/p\/custom-full-print-boxer-shorts-sublimation\/","title":{"rendered":"Bokserki z w\u0142asnym nadrukiem (Sublimacja)"},"content":{"rendered":"<p data-path-to-node=\"11\">Zmie\u0144 codzienny niezb\u0119dnik w odwa\u017cne o\u015bwiadczenie dzi\u0119ki naszemu <b>Bokserki z nadrukiem w pe\u0142nym rozmiarze<\/b>. Niezale\u017cnie od tego, czy jest to dru\u017cyna sportowa poszukuj\u0105ca jednolitego stroju (a\u017c do warstwy bazowej), zesp\u00f3\u0142 sprzedaj\u0105cy wyj\u0105tkowe gad\u017cety, czy firma tworz\u0105ca zabawny, niezapomniany prezent, te bokserki oferuj\u0105 niezr\u00f3wnan\u0105 swobod\u0119 tw\u00f3rcz\u0105.<\/p>\n<p data-path-to-node=\"12\">W przeciwie\u0144stwie do standardowej bielizny z nadrukiem, gdzie logo jest nanoszone na gotow\u0105 odzie\u017c metod\u0105 wprasowania w gor\u0105co, my produkujemy j\u0105 od podstaw. Drukujemy Tw\u00f3j projekt na rolkach wysokiej jako\u015bci tkaniny Lycra przed ci\u0119ciem i szyciem. Oznacza to, \u017ce Tw\u00f3j projekt \u2013 czy to powtarzaj\u0105cy si\u0119 wz\u00f3r logo, zdj\u0119cie, czy konkretny kolor marki \u2013 obejmuje\u2026 <b>100% produktu<\/b>, \u0142\u0105cznie z paskiem.<\/p>\n<h2 data-path-to-node=\"13\">G\u0142\u00f3wne cechy<\/h2>\n<ul data-path-to-node=\"14\">\n<li>\n<p data-path-to-node=\"14,0,0\"><b>Konstrukcja z najwy\u017cszej jako\u015bci Lycry:<\/b> Wykonane z g\u0142adkiego <b>Lycra 130g\/m\u00b2<\/b>, tkanina jest mi\u0119kka dla sk\u00f3ry, oddychaj\u0105ca i zachowuje sw\u00f3j kszta\u0142t.<\/p>\n<\/li>\n<li>\n<p data-path-to-node=\"14,1,0\"><b>\u017bywa sublimacja:<\/b> U\u017cywamy zaawansowanych <b>Drukowanie w rozdzielczo\u015bci 1400 dpi<\/b> Technologia. Tusz jest wnikany we w\u0142\u00f3kna tkaniny, dzi\u0119ki czemu wz\u00f3r nigdy nie p\u0119ka, nie \u0142uszczy si\u0119 ani nie blaknie, nawet po wielokrotnym praniu.<\/p>\n<\/li>\n<li>\n<p data-path-to-node=\"14,2,0\"><b>Wydajno\u015b\u0107 techniczna:<\/b> Tkanina jest wodoodporna i utrzymuje <b>Certyfikat trudnopalno\u015bci M1\/B1<\/b>, dzi\u0119ki czemu jest bezpieczny i trwa\u0142y.<\/p>\n<\/li>\n<li>\n<p data-path-to-node=\"14,3,0\"><b>Personalizacja:<\/b> Idealne do indywidualnych imion. Mo\u017cesz zam\u00f3wi\u0107 parti\u0119, w kt\u00f3rej ka\u017cda para b\u0119dzie mia\u0142a inne imi\u0119 nadrukowane na pasku lub nogawce.<\/p>\n<\/li>\n<\/ul>\n<h2 data-path-to-node=\"15\">Specyfikacje<\/h2>\n<ul data-path-to-node=\"16\">\n<li>\n<p data-path-to-node=\"16,0,0\"><b>Tworzywo:<\/b> Lycra 130g\/m\u00b2 (mieszanka poliestru i elastanu).<\/p>\n<\/li>\n<li>\n<p data-path-to-node=\"16,1,0\"><b>Technika druku:<\/b> Pe\u0142na sublimacja (CMYK).<\/p>\n<\/li>\n<li>\n<p data-path-to-node=\"16,2,0\"><b>Rezolucja:<\/b> 1400 dpi (jako\u015b\u0107 fotograficzna).<\/p>\n<\/li>\n<li>\n<p data-path-to-node=\"16,3,0\"><b>Bezpiecze\u0144stwo:<\/b> Klasa ognioodporno\u015bci M1\/B1.<\/p>\n<\/li>\n<li>\n<p data-path-to-node=\"16,4,0\"><b>Style:<\/b> Bokserki m\u0119skie, slipy\/szorty damskie.<\/p>\n<\/li>\n<li>\n<p data-path-to-node=\"16,5,0\"><b>Rozmiary:<\/b> XS \u2013 XXL.<\/p>\n<\/li>\n<li>\n<p data-path-to-node=\"16,6,0\"><b>Minimalne zapytanie ofertowe:<\/b> 50 jednostek.<\/p>\n<\/li>\n<\/ul>\n<h2 data-path-to-node=\"17\">Przypadki u\u017cycia<\/h2>\n<ul data-path-to-node=\"18\">\n<li>\n<p data-path-to-node=\"18,0,0\"><b>Dru\u017cyny sportowe:<\/b> Jednolita bielizna dla dru\u017cyn pi\u0142karskich, koszykarskich lub rugby.<\/p>\n<\/li>\n<li>\n<p data-path-to-node=\"18,1,0\"><b>Towar:<\/b> Ciekawe, wysokomar\u017cowe gad\u017cety dla zespo\u0142\u00f3w, festiwali i influencer\u00f3w.<\/p>\n<\/li>\n<li>\n<p data-path-to-node=\"18,2,0\"><b>Wieczory kawalerskie\/panie\u0144skie:<\/b> Zabawne prezenty ze zdj\u0119ciami lub \u017cartami.<\/p>\n<\/li>\n<li>\n<p data-path-to-node=\"18,3,0\"><b>Gad\u017cety firmowe:<\/b> Zabawny i niespodziewany prezent, kt\u00f3ry z pewno\u015bci\u0105 przyci\u0105gnie uwag\u0119.<\/p>\n<\/li>\n<\/ul>","protected":false},"excerpt":{"rendered":"<ul>\n<li>\n<p data-path-to-node=\"10,0,0\"><b>Nadruk na ca\u0142ej powierzchni:<\/b> 100% personalizowana powierzchnia (w tym pas) metod\u0105 sublimacji.<\/p>\n<\/li>\n<li>\n<p data-path-to-node=\"10,1,0\"><b>Tworzywo:<\/b> G\u0142adka tkanina Lycra o gramaturze 130 g\/m\u00b2 (odporna na dzia\u0142anie wody i ognioodporna M1\/B1).<\/p>\n<\/li>\n<li>\n<p data-path-to-node=\"10,2,0\"><b>Jako\u015b\u0107 druku:<\/b> Wysoka rozdzielczo\u015b\u0107 <b>1400 dpi<\/b> dla ostrych zdj\u0119\u0107 i logotyp\u00f3w.<\/p>\n<\/li>\n<li>\n<p data-path-to-node=\"10,3,0\"><b>Style:<\/b> Dost\u0119pne kroje dla kobiet i m\u0119\u017cczyzn.<\/p>\n<\/li>\n<\/ul>","protected":false},"featured_media":6097,"comment_status":"closed","ping_status":"closed","template":"","meta":[],"product_brand":[],"product_cat":[118,45],"product_tag":[],"class_list":{"0":"post-6096","1":"product","2":"type-product","3":"status-publish","4":"has-post-thumbnail","6":"product_cat-sports-fitness","7":"product_cat-other","9":"first","10":"instock","11":"shipping-taxable","12":"product-type-simple"},"_links":{"self":[{"href":"https:\/\/displayproducts.eu\/pl\/wp-json\/wp\/v2\/product\/6096","targetHints":{"allow":["GET"]}}],"collection":[{"href":"https:\/\/displayproducts.eu\/pl\/wp-json\/wp\/v2\/product"}],"about":[{"href":"https:\/\/displayproducts.eu\/pl\/wp-json\/wp\/v2\/types\/product"}],"replies":[{"embeddable":true,"href":"https:\/\/displayproducts.eu\/pl\/wp-json\/wp\/v2\/comments?post=6096"}],"wp:featuredmedia":[{"embeddable":true,"href":"https:\/\/displayproducts.eu\/pl\/wp-json\/wp\/v2\/media\/6097"}],"wp:attachment":[{"href":"https:\/\/displayproducts.eu\/pl\/wp-json\/wp\/v2\/media?parent=6096"}],"wp:term":[{"taxonomy":"product_brand","embeddable":true,"href":"https:\/\/displayproducts.eu\/pl\/wp-json\/wp\/v2\/product_brand?post=6096"},{"taxonomy":"product_cat","embeddable":true,"href":"https:\/\/displayproducts.eu\/pl\/wp-json\/wp\/v2\/product_cat?post=6096"},{"taxonomy":"product_tag","embeddable":true,"href":"https:\/\/displayproducts.eu\/pl\/wp-json\/wp\/v2\/product_tag?post=6096"}],"curies":[{"name":"wp","href":"https:\/\/api.w.org\/{rel}","templated":true}]}}