{"id":6094,"date":"2025-12-17T16:00:09","date_gmt":"2025-12-17T13:00:09","guid":{"rendered":"https:\/\/wristbandfactory.eu\/?post_type=product&#038;p=6094"},"modified":"2026-04-01T21:52:03","modified_gmt":"2026-04-01T18:52:03","slug":"custom-full-color-drawstring-bags-gym-sacks","status":"publish","type":"product","link":"https:\/\/displayproducts.eu\/pl\/p\/custom-full-color-drawstring-bags-gym-sacks\/","title":{"rendered":"Worki plecaki z nadrukiem (Full Color)"},"content":{"rendered":"<p data-path-to-node=\"11\">Zmie\u0144 ka\u017cdego u\u017cytkownika w chodz\u0105cy billboard dzi\u0119ki naszemu <b>Z w\u0142asnym nadrukiem torby ze \u015bci\u0105gaczem w pe\u0142nym kolorze<\/b>. W przeciwie\u0144stwie do standardowych toreb promocyjnych, na kt\u00f3rych logo znajduje si\u0119 tylko na ma\u0142ej, centralnej powierzchni, w tym produkcie ca\u0142a torba jest traktowana jak p\u0142\u00f3tno.<\/p>\n<p data-path-to-node=\"12\">Korzystanie z zaawansowanych <b>technologia sublimacji barwnik\u00f3w<\/b>, Drukujemy Tw\u00f3j projekt \u2013 niezale\u017cnie od tego, czy jest to skomplikowany wz\u00f3r, fotografia, czy wyrazisty kolor firmowy \u2013 bezpo\u015brednio na w\u0142\u00f3knach tkaniny na ca\u0142ej powierzchni torby. Dzi\u0119ki temu kolory s\u0105 \u017cywe i trwa\u0142e, nie p\u0119kaj\u0105 ani nie blakn\u0105.<\/p>\n<p data-path-to-node=\"13\">Wykonane z <b>Poliester 210D<\/b>, Te worki sportowe \u0142\u0105cz\u0105 w sobie idealn\u0105 r\u00f3wnowag\u0119 mi\u0119dzy lekko\u015bci\u0105 i por\u0119czno\u015bci\u0105 a wytrzyma\u0142o\u015bci\u0105. S\u0105 wystarczaj\u0105co wytrzyma\u0142e, aby pomie\u015bci\u0107 sprz\u0119t sportowy, podr\u0119czniki szkolne czy niezb\u0119dne na festiwal przedmioty, co czyni je niezwykle cennym przedmiotem wielokrotnego u\u017cytku.<\/p>\n<h2 data-path-to-node=\"14\">G\u0142\u00f3wne cechy<\/h2>\n<ul data-path-to-node=\"15\">\n<li>\n<p data-path-to-node=\"15,0,0\"><b>Nieograniczona kreatywno\u015b\u0107:<\/b> Nadrukuj swoje logo, has\u0142o lub grafik\u0119 w pe\u0142nym kolorze (CMYK) na ca\u0142ej powierzchni przodu i ty\u0142u torby.<\/p>\n<\/li>\n<li>\n<p data-path-to-node=\"15,1,0\"><b>Trwa\u0142a konstrukcja:<\/b> Wzmocnione rogi z metalowymi oczkami zapobiegaj\u0105 rozdarciom, dzi\u0119ki czemu torba wytrzyma ci\u0119\u017car codziennych niezb\u0119dnych rzeczy.<\/p>\n<\/li>\n<li>\n<p data-path-to-node=\"15,2,0\"><b>Uniwersalne dopasowanie:<\/b> Rozmiar 34 \u00d7 45 cm jest idealny zar\u00f3wno dla dzieci, jak i doros\u0142ych, dzi\u0119ki czemu stanowi uniwersalne rozwi\u0105zanie na imprezy masowe.<\/p>\n<\/li>\n<li>\n<p data-path-to-node=\"15,3,0\"><b>Odporno\u015b\u0107 na warunki atmosferyczne:<\/b> Tkanina poliestrowa 210D zapewnia podstawow\u0105 odporno\u015b\u0107 na wod\u0119, dzi\u0119ki czemu zawarto\u015b\u0107 pozostaje sucha nawet podczas lekkiego deszczu.<\/p>\n<\/li>\n<\/ul>\n<h2 data-path-to-node=\"16\">Specyfikacje<\/h2>\n<ul data-path-to-node=\"17\">\n<li>\n<p data-path-to-node=\"17,0,0\"><b>Wymiary:<\/b> 34 cm (szer.) x 45 cm (wys.).<\/p>\n<\/li>\n<li>\n<p data-path-to-node=\"17,1,0\"><b>Tworzywo:<\/b> Poliester 210D.<\/p>\n<\/li>\n<li>\n<p data-path-to-node=\"17,2,0\"><b>Technika druku:<\/b> Sublimacja w pe\u0142nym kolorze (nadruk na ca\u0142ej powierzchni).<\/p>\n<\/li>\n<li>\n<p data-path-to-node=\"17,3,0\"><b>Spodnie sztruksowe:<\/b> Czarne podw\u00f3jne sznurki \u015bci\u0105gaj\u0105ce (standard).<\/p>\n<\/li>\n<li>\n<p data-path-to-node=\"17,4,0\"><b>Minimalne zapytanie ofertowe:<\/b> 100 jednostek.<\/p>\n<\/li>\n<li>\n<p data-path-to-node=\"17,5,0\"><b>No\u015bno\u015b\u0107:<\/b> Oko\u0142o 3-5 kg.<\/p>\n<\/li>\n<\/ul>\n<h2 data-path-to-node=\"18\">Przypadki u\u017cycia<\/h2>\n<ul data-path-to-node=\"19\">\n<li>\n<p data-path-to-node=\"19,0,0\"><b>Sport i si\u0142ownie:<\/b> Markowe torby na buty do klub\u00f3w fitness i maraton\u00f3w.<\/p>\n<\/li>\n<li>\n<p data-path-to-node=\"19,1,0\"><b>Szko\u0142y i uniwersytety:<\/b> Pakiety startowe na tydzie\u0144 orientacyjny.<\/p>\n<\/li>\n<li>\n<p data-path-to-node=\"19,2,0\"><b>Festiwale:<\/b> Lekkie plecaki do noszenia wody i towar\u00f3w.<\/p>\n<\/li>\n<li>\n<p data-path-to-node=\"19,3,0\"><b>Wydarzenia korporacyjne:<\/b> Dobrze widoczne torby upominkowe, z kt\u00f3rych uczestnicy faktycznie skorzystaj\u0105 po wydarzeniu.<\/p>\n<\/li>\n<\/ul>","protected":false},"excerpt":{"rendered":"<ul>\n<li>\n<p data-path-to-node=\"10,0,0\"><b>Nadruk na ca\u0142ej powierzchni:<\/b> Druk sublimacyjny od kraw\u0119dzi do kraw\u0119dzi pozwala na uzyskanie nieograniczonej liczby kolor\u00f3w i fotorealistycznych wzor\u00f3w.<\/p>\n<\/li>\n<li>\n<p data-path-to-node=\"10,1,0\"><b>Tworzywo:<\/b> Wytrzyma\u0142y <b>Poliester 210D<\/b> \u2013 odporne na dzia\u0142anie wody i wystarczaj\u0105co wytrzyma\u0142e do codziennego u\u017cytku.<\/p>\n<\/li>\n<li>\n<p data-path-to-node=\"10,2,0\"><b>Rozmiar:<\/b> Standard <b>34 \u00d7 45 cm<\/b> (Pasuje do trampek, ubra\u0144 sportowych i teczek A4).<\/p>\n<\/li>\n<li>\n<p data-path-to-node=\"10,3,0\"><b>Wszechstronny:<\/b> Doskonale nadaje si\u0119 do szk\u00f3\u0142, dru\u017cyn sportowych, festiwali i imprez korporacyjnych.<\/p>\n<\/li>\n<\/ul>","protected":false},"featured_media":6095,"comment_status":"closed","ping_status":"closed","template":"","meta":[],"product_brand":[],"product_cat":[131],"product_tag":[],"class_list":{"0":"post-6094","1":"product","2":"type-product","3":"status-publish","4":"has-post-thumbnail","6":"product_cat-custom-bags-totes","8":"first","9":"instock","10":"shipping-taxable","11":"purchasable","12":"product-type-simple"},"_links":{"self":[{"href":"https:\/\/displayproducts.eu\/pl\/wp-json\/wp\/v2\/product\/6094","targetHints":{"allow":["GET"]}}],"collection":[{"href":"https:\/\/displayproducts.eu\/pl\/wp-json\/wp\/v2\/product"}],"about":[{"href":"https:\/\/displayproducts.eu\/pl\/wp-json\/wp\/v2\/types\/product"}],"replies":[{"embeddable":true,"href":"https:\/\/displayproducts.eu\/pl\/wp-json\/wp\/v2\/comments?post=6094"}],"wp:featuredmedia":[{"embeddable":true,"href":"https:\/\/displayproducts.eu\/pl\/wp-json\/wp\/v2\/media\/6095"}],"wp:attachment":[{"href":"https:\/\/displayproducts.eu\/pl\/wp-json\/wp\/v2\/media?parent=6094"}],"wp:term":[{"taxonomy":"product_brand","embeddable":true,"href":"https:\/\/displayproducts.eu\/pl\/wp-json\/wp\/v2\/product_brand?post=6094"},{"taxonomy":"product_cat","embeddable":true,"href":"https:\/\/displayproducts.eu\/pl\/wp-json\/wp\/v2\/product_cat?post=6094"},{"taxonomy":"product_tag","embeddable":true,"href":"https:\/\/displayproducts.eu\/pl\/wp-json\/wp\/v2\/product_tag?post=6094"}],"curies":[{"name":"wp","href":"https:\/\/api.w.org\/{rel}","templated":true}]}}