{"id":6091,"date":"2025-12-17T15:53:41","date_gmt":"2025-12-17T12:53:41","guid":{"rendered":"https:\/\/wristbandfactory.eu\/?post_type=product&#038;p=6091"},"modified":"2026-04-01T21:52:34","modified_gmt":"2026-04-01T18:52:34","slug":"custom-embroidered-hotel-bathrobes-dual-layer","status":"publish","type":"product","link":"https:\/\/displayproducts.eu\/pl\/p\/custom-embroidered-hotel-bathrobes-dual-layer\/","title":{"rendered":"Szlafroki hotelowe z haftem (Logo)"},"content":{"rendered":"<p data-path-to-node=\"11\">Podnie\u015b poziom wra\u017ce\u0144 swoich go\u015bci dzi\u0119ki naszym <b>Szlafroki hotelowe z haftem na zapytanie ofertowe<\/b>. Zaprojektowane z my\u015bl\u0105 o obiektach, kt\u00f3re wymagaj\u0105 zar\u00f3wno luksusu, jak i trwa\u0142o\u015bci, szlafroki te zapewniaj\u0105 idealn\u0105 r\u00f3wnowag\u0119 mi\u0119dzy komfortem przyjaznym dla sk\u00f3ry a wytrzyma\u0142o\u015bci\u0105.<\/p>\n<p data-path-to-node=\"12\">W przeciwie\u0144stwie do standardowych szlafrok\u00f3w frotte, kt\u00f3re z czasem mog\u0105 sta\u0107 si\u0119 szorstkie lub odkszta\u0142ca\u0107 si\u0119, nasza dwuwarstwowa technologia zapewnia komfort noszenia przez lata. Doskona\u0142ym przyk\u0142adem tej jako\u015bci jest nasza wsp\u00f3\u0142praca z <b>Panorama Kalevi<\/b> kompleksu mieszkalnego. Wybrali te szlafroki jako ekskluzywne prezenty powitalne dla nowych w\u0142a\u015bcicieli apartament\u00f3w, wykorzystuj\u0105c ich wysok\u0105 postrzegan\u0105 warto\u015b\u0107, aby pozostawi\u0107 trwa\u0142e, pozytywne wra\u017cenie.<\/p>\n<h2 data-path-to-node=\"13\">G\u0142\u00f3wne cechy<\/h2>\n<ul data-path-to-node=\"14\">\n<li>\n<p data-path-to-node=\"14,0,0\"><b>Technologia dwuwarstwowa:<\/b><\/p>\n<ul data-path-to-node=\"14,0,1\">\n<li>\n<p data-path-to-node=\"14,0,1,0,0\"><b>Warstwa wewn\u0119trzna (bawe\u0142na 100%):<\/b> Dopasowuje si\u0119 do sk\u00f3ry, zapewniaj\u0105c doskona\u0142\u0105 absorpcj\u0119 wilgoci i oddychalno\u015b\u0107 po prysznicu lub saunie.<\/p>\n<\/li>\n<li>\n<p data-path-to-node=\"14,0,1,1,0\"><b>Warstwa zewn\u0119trzna (poliester 100%):<\/b> Zapewnia aksamitne, eleganckie wyko\u0144czenie, kt\u00f3re jest odporne na zagniecenia, kurczenie si\u0119 i zaczepianie.<\/p>\n<\/li>\n<\/ul>\n<\/li>\n<li>\n<p data-path-to-node=\"14,1,0\"><b>Elegancki design:<\/b> Posiada nowoczesny kr\u00f3j w odcieniach grafitu i bieli (jak w projekcie Kalevi Panorama), szerokie mankiety, g\u0142\u0119bokie kieszenie i wytrzyma\u0142y pasek w talii.<\/p>\n<\/li>\n<li>\n<p data-path-to-node=\"14,2,0\"><b>Doskona\u0142a marka:<\/b> Polecamy <b>Haft<\/b> do brandingu. Wyszywane logo tworzy efekt wypuk\u0142o\u015bci, kt\u00f3ry \u015bwiadczy o jako\u015bci i jest bardziej odporny na pranie w wysokiej temperaturze ni\u017c jakikolwiek nadruk.<\/p>\n<\/li>\n<li>\n<p data-path-to-node=\"14,3,0\"><b>Luksus w dobrej cenie:<\/b> Trwa\u0142o\u015b\u0107 pow\u0142oki poliestrowej oznacza, \u017ce szlafroki te trzeba wymienia\u0107 rzadziej ni\u017c bawe\u0142niane alternatywy 100%, co zapewnia hotelom lepszy zwrot z inwestycji.<\/p>\n<\/li>\n<\/ul>\n<h2 data-path-to-node=\"15\">Specyfikacje<\/h2>\n<ul data-path-to-node=\"16\">\n<li>\n<p data-path-to-node=\"16,0,0\"><b>Tworzywo:<\/b> Mieszanka dwuwarstwowa (warstwa wewn\u0119trzna: bawe\u0142na 100% \/ warstwa zewn\u0119trzna: poliester 100%).<\/p>\n<\/li>\n<li>\n<p data-path-to-node=\"16,1,0\"><b>Waga:<\/b> Oko\u0142o 300-350 g\/m\u00b2 (lekkie, a jednocze\u015bnie ciep\u0142e).<\/p>\n<\/li>\n<li>\n<p data-path-to-node=\"16,2,0\"><b>Styl:<\/b> Ko\u0142nierz kimonowy lub szalowy.<\/p>\n<\/li>\n<li>\n<p data-path-to-node=\"16,3,0\"><b>Zabarwienie:<\/b> Klasyczna biel, grafitowa szaro\u015b\u0107, granat lub niestandardowy.<\/p>\n<\/li>\n<li>\n<p data-path-to-node=\"16,4,0\"><b>Branding:<\/b> Haft maszynowy (na klatce piersiowej, plecach lub r\u0119kawach).<\/p>\n<\/li>\n<li>\n<p data-path-to-node=\"16,5,0\"><b>Rozmiary:<\/b> S\/M, L\/XL, XXL (unisex).<\/p>\n<\/li>\n<li>\n<p data-path-to-node=\"16,6,0\"><b>Piel\u0119gnacja:<\/b> Mo\u017cna pra\u0107 w pralce przemys\u0142owej (do 60\u00b0C).<\/p>\n<\/li>\n<\/ul>\n<h2 data-path-to-node=\"17\">Przypadki u\u017cycia<\/h2>\n<ul data-path-to-node=\"18\">\n<li>\n<p data-path-to-node=\"18,0,0\"><b>Hotele i spa:<\/b> Udogodnienia w pokojach typu suite i centrach spa.<\/p>\n<\/li>\n<li>\n<p data-path-to-node=\"18,1,0\"><b>Rozw\u00f3j nieruchomo\u015bci:<\/b> Luksusowy prezent z okazji przekazania nowego strona g\u0142\u00f3wnau.<\/p>\n<\/li>\n<li>\n<p data-path-to-node=\"18,2,0\"><b>Prezenty VIP dla firm:<\/b> Prezent najwy\u017cszej jako\u015bci, kt\u00f3ry oferuje prawdziw\u0105 u\u017cyteczno\u015b\u0107 i wygod\u0119.<\/p>\n<\/li>\n<li>\n<p data-path-to-node=\"18,3,0\"><b>Centra odnowy biologicznej:<\/b> Firmowe szlafroki do u\u017cytku go\u015bci w trakcie zabieg\u00f3w.<\/p>\n<\/li>\n<\/ul>","protected":false},"excerpt":{"rendered":"<ul data-path-to-node=\"10\">\n<li>\n<p data-path-to-node=\"10,0,0\"><b>Inteligentna tkanina:<\/b> Dwuwarstwowa konstrukcja z bawe\u0142nianym wn\u0119trzem 100% zapewniaj\u0105cym ch\u0142onno\u015b\u0107 i zewn\u0119trzn\u0105 warstw\u0105 poliestru 100% gwarantuj\u0105c\u0105 trwa\u0142o\u015b\u0107.<\/p>\n<\/li>\n<li>\n<p data-path-to-node=\"10,1,0\"><b>Odporne na zagniecenia:<\/b> Zewn\u0119trzna warstwa pozostaje g\u0142adka i elegancka nawet po cz\u0119stym praniu przemys\u0142owym.<\/p>\n<\/li>\n<li>\n<p data-path-to-node=\"10,2,0\"><b>Branding premium:<\/b> Wysokiej jako\u015bci haftowane logo na piersi lub plecach dodaje luksusowego akcentu.<\/p>\n<\/li>\n<li>\n<p data-path-to-node=\"10,3,0\"><b>Wszechstronny:<\/b> Doskonale nadaje si\u0119 do hoteli, spa i jako prezent na ekskluzywn\u0105 nieruchomo\u015b\u0107 (np. Kalevi Panorama).<\/p>\n<\/li>\n<\/ul>","protected":false},"featured_media":6092,"comment_status":"closed","ping_status":"closed","template":"","meta":[],"product_brand":[],"product_cat":[132],"product_tag":[],"class_list":{"0":"post-6091","1":"product","2":"type-product","3":"status-publish","4":"has-post-thumbnail","6":"product_cat-hotel-spa-amenities","8":"first","9":"instock","10":"shipping-taxable","11":"purchasable","12":"product-type-simple"},"_links":{"self":[{"href":"https:\/\/displayproducts.eu\/pl\/wp-json\/wp\/v2\/product\/6091","targetHints":{"allow":["GET"]}}],"collection":[{"href":"https:\/\/displayproducts.eu\/pl\/wp-json\/wp\/v2\/product"}],"about":[{"href":"https:\/\/displayproducts.eu\/pl\/wp-json\/wp\/v2\/types\/product"}],"replies":[{"embeddable":true,"href":"https:\/\/displayproducts.eu\/pl\/wp-json\/wp\/v2\/comments?post=6091"}],"wp:featuredmedia":[{"embeddable":true,"href":"https:\/\/displayproducts.eu\/pl\/wp-json\/wp\/v2\/media\/6092"}],"wp:attachment":[{"href":"https:\/\/displayproducts.eu\/pl\/wp-json\/wp\/v2\/media?parent=6091"}],"wp:term":[{"taxonomy":"product_brand","embeddable":true,"href":"https:\/\/displayproducts.eu\/pl\/wp-json\/wp\/v2\/product_brand?post=6091"},{"taxonomy":"product_cat","embeddable":true,"href":"https:\/\/displayproducts.eu\/pl\/wp-json\/wp\/v2\/product_cat?post=6091"},{"taxonomy":"product_tag","embeddable":true,"href":"https:\/\/displayproducts.eu\/pl\/wp-json\/wp\/v2\/product_tag?post=6091"}],"curies":[{"name":"wp","href":"https:\/\/api.w.org\/{rel}","templated":true}]}}