{"id":6086,"date":"2025-12-17T15:46:12","date_gmt":"2025-12-17T12:46:12","guid":{"rendered":"https:\/\/wristbandfactory.eu\/?post_type=product&#038;p=6086"},"modified":"2026-04-01T21:52:34","modified_gmt":"2026-04-01T18:52:34","slug":"custom-pvc-parking-discs-made-in-estonia","status":"publish","type":"product","link":"https:\/\/displayproducts.eu\/pl\/p\/custom-pvc-parking-discs-made-in-estonia\/","title":{"rendered":"Tarcze parkingowe z logo"},"content":{"rendered":"<p data-path-to-node=\"11\">Zamie\u0144 obowi\u0105zkowy dodatek samochodowy w mobiln\u0105 przestrze\u0144 reklamow\u0105 dzi\u0119ki naszemu <b>Z w\u0142asnym nadrukiem tarcze parkingowe z PVC<\/b>. W przeciwie\u0144stwie do tanich, kruchych alternatyw z plastiku, nasze zegary parkingowe s\u0105 <b>wyprodukowano w Estonii<\/b> wykorzystuj\u0105c najwy\u017cszej jako\u015bci materia\u0142y zaprojektowane tak, aby wytrzyma\u0107 wahania temperatur klimatu nordyckiego.<\/p>\n<p data-path-to-node=\"12\">Oferujemy pe\u0142n\u0105 swobod\u0119 projektowania. Niezale\u017cnie od tego, czy potrzebujesz artystycznego gad\u017cetu, takiego jak pi\u0119kna seria, kt\u00f3r\u0105 stworzyli\u015bmy dla artyst\u00f3w, <b>Ewa-Kaisa Plakk<\/b>\u2014lub solidne narz\u0119dzie korporacyjne, takie jak <b>JAPS JAKO<\/b> z w\u0142asnym nadrukiem tarcze, zapewniamy precyzj\u0119.<\/p>\n<h2 data-path-to-node=\"13\">G\u0142\u00f3wne cechy<\/h2>\n<ul data-path-to-node=\"14\">\n<li>\n<p data-path-to-node=\"14,0,0\"><b>Budownictwo Premium:<\/b> Wykonane z <b>Plastik PVC o grubo\u015bci 1 mm<\/b>, co nadaje p\u0142ycie solidn\u0105, tward\u0105 faktur\u0119 przypominaj\u0105c\u0105 kart\u0119 kredytow\u0105 i nie\u0142amliw\u0105 powierzchni\u0119.<\/p>\n<\/li>\n<li>\n<p data-path-to-node=\"14,1,0\"><b>\u017bywy branding:<\/b> U\u017cywamy zaawansowanych <b>Technologia druku UV<\/b> po obu stronach zegara. Oznacza to, \u017ce Twoje logo, grafika lub przekaz kampanii pozostaj\u0105 ostre i odporne na blakni\u0119cie nawet w bezpo\u015brednim \u015bwietle s\u0142onecznym.<\/p>\n<\/li>\n<li>\n<p data-path-to-node=\"14,2,0\"><b>Szczeg\u00f3\u0142y z w\u0142asnym nadrukiem:<\/b> Nawet wskaz\u00f3wki zegara mo\u017cna spersonalizowa\u0107! Wyr\u00f3\u017cnij si\u0119 spo\u015br\u00f3d standardowych niebiesko-bia\u0142ych wzor\u00f3w, wybieraj\u0105c kontrastuj\u0105ce kolory (np. efektowne czerwone wskaz\u00f3wki w naszych ostatnich projektach).<\/p>\n<\/li>\n<li>\n<p data-path-to-node=\"14,3,0\"><b>Warstwa ochronna:<\/b> Do intensywnego u\u017cytkowania oferujemy <b>Materia\u0142 Lasernex<\/b> opcje z warstw\u0105 ochronn\u0105 o grubo\u015bci 250 mikron\u00f3w (jak w projekcie JAPS AS), dzi\u0119ki czemu wydruk pozostanie odporny na zarysowania przez lata.<\/p>\n<\/li>\n<\/ul>\n<h2 data-path-to-node=\"15\">Specyfikacje<\/h2>\n<ul data-path-to-node=\"16\">\n<li>\n<p data-path-to-node=\"16,0,0\"><b>Wymiary:<\/b> Standardowy rozmiar dysku parkingowego UE (ok. 110 x 150 mm) lub niestandardowy.<\/p>\n<\/li>\n<li>\n<p data-path-to-node=\"16,1,0\"><b>Tworzywo:<\/b> 1mm PVC (standard) lub kompozyt Lasernex.<\/p>\n<\/li>\n<li>\n<p data-path-to-node=\"16,2,0\"><b>Wydrukowa\u0107:<\/b> Druk cyfrowy UV (CMYK).<\/p>\n<\/li>\n<li>\n<p data-path-to-node=\"16,3,0\"><b>Wskaz\u00f3wki zegara:<\/b> Plastikowe (nitowane), dost\u0119pne w kolorze czerwonym, niebieskim, czarnym i bia\u0142ym.<\/p>\n<\/li>\n<li>\n<p data-path-to-node=\"16,4,0\"><b>Pochodzenie:<\/b> Wyprodukowano w Estonii.<\/p>\n<\/li>\n<li>\n<p data-path-to-node=\"16,5,0\"><b>Minimalne zapytanie ofertowe:<\/b> 50 jednostek.<\/p>\n<\/li>\n<\/ul>\n<h2 data-path-to-node=\"17\">Przypadki u\u017cycia<\/h2>\n<ul data-path-to-node=\"18\">\n<li>\n<p data-path-to-node=\"18,0,0\"><b>Floty korporacyjne:<\/b> Ustandaryzuj samochody s\u0142u\u017cbowe za pomoc\u0105 markowych tablic parkingowych.<\/p>\n<\/li>\n<li>\n<p data-path-to-node=\"18,1,0\"><b>Towar:<\/b> Artystycznie zaprojektowane p\u0142yty (muzea, arty\u015bci, zespo\u0142y) sprzedawane jako praktyczne pami\u0105tki.<\/p>\n<\/li>\n<li>\n<p data-path-to-node=\"18,2,0\"><b>Centra handlowe i hotele:<\/b> Praktyczny gad\u017cet dla go\u015bci, dzi\u0119ki kt\u00f3remu Twoja marka b\u0119dzie widoczna za ka\u017cdym razem, gdy zaparkuj\u0105.<\/p>\n<\/li>\n<li>\n<p data-path-to-node=\"18,3,0\"><b>Salony samochodowe:<\/b> Idealny prezent z okazji zakupu nowego samochodu.<\/p>\n<\/li>\n<\/ul>","protected":false},"excerpt":{"rendered":"<ul>\n<li>\n<p data-path-to-node=\"10,0,0\"><b>Wyprodukowano w Estonii:<\/b> Wysokiej jako\u015bci lokalna produkcja gwarantuj\u0105ca trwa\u0142o\u015b\u0107 i szybk\u0105 dostaw\u0119.<\/p>\n<\/li>\n<li>\n<p data-path-to-node=\"10,1,0\"><b>Opcje materia\u0142owe:<\/b> Sztywny 1 mm PVC lub najwy\u017cszej jako\u015bci Lasernex z pow\u0142ok\u0105 ochronn\u0105 (250 mikron\u00f3w).<\/p>\n<\/li>\n<li>\n<p data-path-to-node=\"10,2,0\"><b>Pe\u0142na personalizacja:<\/b> Dwustronny druk UV pozwalaj\u0105cy na tworzenie niepowtarzalnych wzor\u00f3w (np. seria artystyczna Plakk Ewy-Kaisy).<\/p>\n<\/li>\n<li>\n<p data-path-to-node=\"10,3,0\"><b>Trwa\u0142o\u015b\u0107:<\/b> Materia\u0142y odporne na temperatur\u0119 i promieniowanie UV, kt\u00f3re nie odkszta\u0142c\u0105 si\u0119 na desce rozdzielczej.<\/p>\n<\/li>\n<\/ul>","protected":false},"featured_media":6087,"comment_status":"closed","ping_status":"closed","template":"","meta":[],"product_brand":[],"product_cat":[121],"product_tag":[],"class_list":{"0":"post-6086","1":"product","2":"type-product","3":"status-publish","4":"has-post-thumbnail","6":"product_cat-promotional-merchandise","8":"first","9":"instock","10":"shipping-taxable","11":"purchasable","12":"product-type-simple"},"_links":{"self":[{"href":"https:\/\/displayproducts.eu\/pl\/wp-json\/wp\/v2\/product\/6086","targetHints":{"allow":["GET"]}}],"collection":[{"href":"https:\/\/displayproducts.eu\/pl\/wp-json\/wp\/v2\/product"}],"about":[{"href":"https:\/\/displayproducts.eu\/pl\/wp-json\/wp\/v2\/types\/product"}],"replies":[{"embeddable":true,"href":"https:\/\/displayproducts.eu\/pl\/wp-json\/wp\/v2\/comments?post=6086"}],"wp:featuredmedia":[{"embeddable":true,"href":"https:\/\/displayproducts.eu\/pl\/wp-json\/wp\/v2\/media\/6087"}],"wp:attachment":[{"href":"https:\/\/displayproducts.eu\/pl\/wp-json\/wp\/v2\/media?parent=6086"}],"wp:term":[{"taxonomy":"product_brand","embeddable":true,"href":"https:\/\/displayproducts.eu\/pl\/wp-json\/wp\/v2\/product_brand?post=6086"},{"taxonomy":"product_cat","embeddable":true,"href":"https:\/\/displayproducts.eu\/pl\/wp-json\/wp\/v2\/product_cat?post=6086"},{"taxonomy":"product_tag","embeddable":true,"href":"https:\/\/displayproducts.eu\/pl\/wp-json\/wp\/v2\/product_tag?post=6086"}],"curies":[{"name":"wp","href":"https:\/\/api.w.org\/{rel}","templated":true}]}}