{"id":6084,"date":"2025-12-17T15:39:44","date_gmt":"2025-12-17T12:39:44","guid":{"rendered":"https:\/\/wristbandfactory.eu\/?post_type=product&#038;p=6084"},"modified":"2026-04-01T21:52:34","modified_gmt":"2026-04-01T18:52:34","slug":"custom-stretch-table-covers-with-logo-spandex","status":"publish","type":"product","link":"https:\/\/displayproducts.eu\/pl\/p\/custom-stretch-table-covers-with-logo-spandex\/","title":{"rendered":"Elastyczne obrusy z logo (Stretch)"},"content":{"rendered":"<p data-path-to-node=\"11\">Zmie\u0144 ka\u017cdy standardowy st\u00f3\u0142 sk\u0142adany w profesjonalne stanowisko brandingowe dzi\u0119ki naszemu <b>Z w\u0142asnym nadrukiem pokrowce na sto\u0142y rozci\u0105gliwe<\/b>. Zaprojektowane z my\u015bl\u0105 o targach, wystawach i eventach korporacyjnych, te pokrowce oferuj\u0105 elegancki, nowoczesny wygl\u0105d, kt\u00f3ry natychmiast podnosi presti\u017c Twojego stoiska.<\/p>\n<p data-path-to-node=\"12\">Jak pokazano w naszym projekcie <b>Eesti Kennelliit (Esto\u0144ski Zwi\u0105zek Kynologiczny)<\/b>, Dobrze oznakowany obrus jest niezb\u0119dny dla zapewnienia widoczno\u015bci w zat\u0142oczonych miejscach. Potrzebowali trwa\u0142ego rozwi\u0105zania, kt\u00f3re wyr\u00f3\u017cni\u0142oby si\u0119 na r\u00f3\u017cnych wystawach ps\u00f3w i imprezach. Dostarczyli\u015bmy pokrowiec, kt\u00f3ry nie tylko eksponowa\u0142 ich logo, ale tak\u017ce wytrzyma\u0142 trudy cz\u0119stego transportu i monta\u017cu.<\/p>\n<h2 data-path-to-node=\"13\">G\u0142\u00f3wne cechy<\/h2>\n<ul data-path-to-node=\"14\">\n<li>\n<p data-path-to-node=\"14,0,0\"><b>Technologia zapobiegaj\u0105ca powstawaniu zagniece\u0144:<\/b> Po\u0142\u0105czenie <b>Poliester i spandex<\/b> zapewnia, \u017ce tkanina \u015bci\u015ble przylega do sto\u0142u, eliminuj\u0105c zagniecenia i fa\u0142dy bez konieczno\u015bci prasowania.<\/p>\n<\/li>\n<li>\n<p data-path-to-node=\"14,1,0\"><b>\u017bywy branding:<\/b> Oferujemy dwie opcje druku:<\/p>\n<ul data-path-to-node=\"14,1,1\">\n<li>\n<p data-path-to-node=\"14,1,1,0,0\"><i>Nadruk na ca\u0142ej powierzchni:<\/i> Pokryj ca\u0142\u0105 powierzchni\u0119 kolorami, wzorami i obrazami swojej marki.<\/p>\n<\/li>\n<li>\n<p data-path-to-node=\"14,1,1,1,0\"><i>Umieszczenie logo:<\/i> Czysty, profesjonalny wygl\u0105d z logo umieszczonym centralnie z przodu i\/lub z boku.<\/p>\n<\/li>\n<\/ul>\n<\/li>\n<li>\n<p data-path-to-node=\"14,2,0\"><b>Bezpieczne dopasowanie:<\/b> Pokrowiec posiada wzmocnione, elastyczne kieszenie na stopy, kt\u00f3re mo\u017cna wsun\u0105\u0107 pod nogi sto\u0142u. Dzi\u0119ki temu obrus pozostaje bezpiecznie na swoim miejscu, nawet na zewn\u0105trz lub w miejscach o du\u017cym nat\u0119\u017ceniu ruchu.<\/p>\n<\/li>\n<li>\n<p data-path-to-node=\"14,3,0\"><b>Praktyczne i trwa\u0142e:<\/b> Materia\u0142 nadaje si\u0119 do prania w pralce i jest odporny na blakni\u0119cie, dzi\u0119ki czemu b\u0119dzie wygl\u0105da\u0142 \u015bwie\u017co na ka\u017cd\u0105 okazj\u0119.<\/p>\n<\/li>\n<\/ul>\n<h2 data-path-to-node=\"15\">Specyfikacje<\/h2>\n<ul data-path-to-node=\"16\">\n<li>\n<p data-path-to-node=\"16,0,0\"><b>Tworzywo:<\/b> 90% Poliester \/ 10% Spandex (elastyczny).<\/p>\n<\/li>\n<li>\n<p data-path-to-node=\"16,1,0\"><b>Gramatura materia\u0142u:<\/b> Oko\u0142o 200-240 g\/m\u00b2 (Nieprzezroczysty i trwa\u0142y).<\/p>\n<\/li>\n<li>\n<p data-path-to-node=\"16,2,0\"><b>Rozmiary standardowe:<\/b><\/p>\n<ul data-path-to-node=\"16,2,1\">\n<li>\n<p data-path-to-node=\"16,2,1,0,0\">4 stopy (120 cm)<\/p>\n<\/li>\n<li>\n<p data-path-to-node=\"16,2,1,1,0\">6 st\u00f3p (180 cm) \u2013 <i>Najpopularniejsze<\/i><\/p>\n<\/li>\n<li>\n<p data-path-to-node=\"16,2,1,2,0\">8 st\u00f3p (240 cm)<\/p>\n<\/li>\n<\/ul>\n<\/li>\n<li>\n<p data-path-to-node=\"16,3,0\"><b>Technika druku:<\/b> Sublimacja barwnika (CMYK).<\/p>\n<\/li>\n<li>\n<p data-path-to-node=\"16,4,0\"><b>Wyko\u0144czeniowy:<\/b> Podwini\u0119te brzegi, wzmocnione kieszenie na stopy (materia\u0142 Oxford).<\/p>\n<\/li>\n<li>\n<p data-path-to-node=\"16,5,0\"><b>Piel\u0119gnacja:<\/b> Pra\u0107 w pralce w zimnej wodzie, suszy\u0107 w suszarce b\u0119bnowej w niskiej temperaturze.<\/p>\n<\/li>\n<\/ul>\n<h2 data-path-to-node=\"17\">Przypadki u\u017cycia<\/h2>\n<ul data-path-to-node=\"18\">\n<li>\n<p data-path-to-node=\"18,0,0\"><b>Targi i wystawy:<\/b> Stw\u00f3rz jednolity wygl\u0105d sto\u0142\u00f3w na swoim stoisku.<\/p>\n<\/li>\n<li>\n<p data-path-to-node=\"18,1,0\"><b>Punkty rejestracyjne:<\/b> Profesjonalne sto\u0142y powitalne na konferencjach.<\/p>\n<\/li>\n<li>\n<p data-path-to-node=\"18,2,0\"><b>Prezentacje produkt\u00f3w:<\/b> Czysta, markowa powierzchnia do eksponowania produkt\u00f3w (jak w przyk\u0142adzie Kennelliit).<\/p>\n<\/li>\n<li>\n<p data-path-to-node=\"18,3,0\"><b>Sto\u0142y DJ-skie i audio:<\/b> Ukrywa pl\u0105tanin\u0119 kabli i sprz\u0119tu pod sto\u0142em.<\/p>\n<\/li>\n<\/ul>","protected":false},"excerpt":{"rendered":"<ul>\n<li>\n<p data-path-to-node=\"10,0,0\"><b>Tworzywo:<\/b> Wysokiej jako\u015bci mieszanka poliestru i spandexu zapewniaj\u0105ca idealne dopasowanie i brak zagniece\u0144.<\/p>\n<\/li>\n<li>\n<p data-path-to-node=\"10,1,0\"><b>Druk:<\/b> Ca\u0142opowierzchniowa sublimacja cyfrowa (nieograniczona liczba kolor\u00f3w) lub bez nadruku umieszczenie logo.<\/p>\n<\/li>\n<li>\n<p data-path-to-node=\"10,2,0\"><b>Trwa\u0142o\u015b\u0107:<\/b> Materia\u0142 nadaj\u0105cy si\u0119 do prania, wielokrotnego u\u017cytku i nie wymagaj\u0105cy prasowania.<\/p>\n<\/li>\n<li>\n<p data-path-to-node=\"10,3,0\"><b>Pasowa\u0107:<\/b> Zaprojektowane tak, aby pasowa\u0142y do standardowych sto\u0142\u00f3w eventowych (prostok\u0105tnych lub okr\u0105g\u0142ych) ze wzmocnionymi kieszeniami na stopy.<\/p>\n<\/li>\n<\/ul>","protected":false},"featured_media":6085,"comment_status":"closed","ping_status":"closed","template":"","meta":[],"product_brand":[],"product_cat":[45],"product_tag":[],"class_list":{"0":"post-6084","1":"product","2":"type-product","3":"status-publish","4":"has-post-thumbnail","6":"product_cat-other","8":"first","9":"instock","10":"shipping-taxable","11":"purchasable","12":"product-type-simple"},"_links":{"self":[{"href":"https:\/\/displayproducts.eu\/pl\/wp-json\/wp\/v2\/product\/6084","targetHints":{"allow":["GET"]}}],"collection":[{"href":"https:\/\/displayproducts.eu\/pl\/wp-json\/wp\/v2\/product"}],"about":[{"href":"https:\/\/displayproducts.eu\/pl\/wp-json\/wp\/v2\/types\/product"}],"replies":[{"embeddable":true,"href":"https:\/\/displayproducts.eu\/pl\/wp-json\/wp\/v2\/comments?post=6084"}],"wp:featuredmedia":[{"embeddable":true,"href":"https:\/\/displayproducts.eu\/pl\/wp-json\/wp\/v2\/media\/6085"}],"wp:attachment":[{"href":"https:\/\/displayproducts.eu\/pl\/wp-json\/wp\/v2\/media?parent=6084"}],"wp:term":[{"taxonomy":"product_brand","embeddable":true,"href":"https:\/\/displayproducts.eu\/pl\/wp-json\/wp\/v2\/product_brand?post=6084"},{"taxonomy":"product_cat","embeddable":true,"href":"https:\/\/displayproducts.eu\/pl\/wp-json\/wp\/v2\/product_cat?post=6084"},{"taxonomy":"product_tag","embeddable":true,"href":"https:\/\/displayproducts.eu\/pl\/wp-json\/wp\/v2\/product_tag?post=6084"}],"curies":[{"name":"wp","href":"https:\/\/api.w.org\/{rel}","templated":true}]}}