{"id":6082,"date":"2025-12-17T15:35:18","date_gmt":"2025-12-17T12:35:18","guid":{"rendered":"https:\/\/wristbandfactory.eu\/?post_type=product&#038;p=6082"},"modified":"2026-04-01T21:52:34","modified_gmt":"2026-04-01T18:52:34","slug":"custom-cord-bracelets-with-metal-charm-bespoke-design","status":"publish","type":"product","link":"https:\/\/displayproducts.eu\/pl\/p\/custom-cord-bracelets-with-metal-charm-bespoke-design\/","title":{"rendered":"Bransoletki plecione z metalow\u0105 zawieszk\u0105"},"content":{"rendered":"<p data-path-to-node=\"11\">Stw\u00f3rz naprawd\u0119 wyj\u0105tkow\u0105 wi\u0119\u017a z nasz\u0105 mark\u0105 <b>Bransoletki sznurkowe na zapytanie ofertowe z metalowymi zawieszkami<\/b>. W przeciwie\u0144stwie do standardowych opasek z nadrukiem, te s\u0105 solidnymi, bi\u017cuteryjnymi dodatkami, zaprojektowanymi z my\u015bl\u0105 o noszeniu ich d\u0142ugo po zako\u0144czeniu wydarzenia. Ten produkt to w pe\u0142ni spersonalizowana produkcja, w kt\u00f3rej ka\u017cdy element \u2013 od koloru sznurka po metalow\u0105 form\u0119 \u2013 jest tworzony specjalnie dla Ciebie.<\/p>\n<h3 data-path-to-node=\"12\">Studium przypadku: Tallink<\/h3>\n<p data-path-to-node=\"13\">Mieli\u015bmy zaszczyt produkowa\u0107 <b>5000 spersonalizowanych bransoletek<\/b> Do <b>Tallink<\/b>, wiod\u0105cej firmy \u017ceglugowej na Morzu Ba\u0142tyckim. Celem by\u0142o stworzenie niezapomnianej pami\u0105tki, kt\u00f3ra odzwierciedla\u0142aby etos marki.<\/p>\n<ul data-path-to-node=\"14\">\n<li>\n<p data-path-to-node=\"14,0,0\"><b>Urok:<\/b> Wykonali\u015bmy niestandardow\u0105 form\u0119 ze stopu cynku dla ich ukochanej maskotki, <b>\u201cHarri\u201d<\/b>, wyko\u0144czone wysokiej jako\u015bci srebrem.<\/p>\n<\/li>\n<li>\n<p data-path-to-node=\"14,1,0\"><b>Sznur:<\/b> Wybrano konkretny odcie\u0144 woskowanego sznurka \u201cSunset\u201d, kt\u00f3ry pasowa\u0142 do palety barw marki.<\/p>\n<\/li>\n<li>\n<p data-path-to-node=\"14,2,0\"><b>Do\u015bwiadczenie:<\/b> Ka\u017cda bransoletka zosta\u0142a zamontowana na <b>Karta podk\u0142adowa w pe\u0142nym kolorze o wymiarach 75 \u00d7 160 mm<\/b>, zmieniaj\u0105c prosty przedmiot w prezent gotowy do sprzeda\u017cy detalicznej.<\/p>\n<\/li>\n<\/ul>\n<h2 data-path-to-node=\"15\">G\u0142\u00f3wne cechy<\/h2>\n<ul data-path-to-node=\"16\">\n<li>\n<p data-path-to-node=\"16,0,0\"><b>Odlewy metalowe na zapytanie ofertowe:<\/b> Tworzymy unikaln\u0105 form\u0119 dla Twojego logo, maskotki lub symbolu. Dost\u0119pne materia\u0142y to trwa\u0142y stop cynku z pow\u0142ok\u0105 srebrn\u0105, z\u0142ot\u0105 lub antyczn\u0105.<\/p>\n<\/li>\n<li>\n<p data-path-to-node=\"16,1,0\"><b>Opcje niestandardowych przewod\u00f3w:<\/b> Wybierz spo\u015br\u00f3d woskowanej bawe\u0142ny, nylonu lub plecionego sznurka. Mo\u017cemy dopasowa\u0107 kolor sznurka do Twojego kodu Pantone.<\/p>\n<\/li>\n<li>\n<p data-path-to-node=\"16,2,0\"><b>Opakowanie detaliczne:<\/b> Produkt zawiera spersonalizowan\u0105 kart\u0119 pod nadruk (kart\u0119 nag\u0142\u00f3wkow\u0105 lub pe\u0142n\u0105), kt\u00f3ra zapewnia cenne miejsce na Tw\u00f3j przekaz marketingowy lub kody QR.<\/p>\n<\/li>\n<li>\n<p data-path-to-node=\"16,3,0\"><b>Mo\u017cliwo\u015b\u0107 obs\u0142ugi du\u017cych obj\u0119to\u015bci:<\/b> Jak dowi\u00f3d\u0142 projekt Tallink, specjalizujemy si\u0119 w realizacji du\u017cych zam\u00f3wie\u0144 (ponad 5000 sztuk) przy jednoczesnym zachowaniu finezji szczeg\u00f3\u0142\u00f3w obr\u00f3bki metalu.<\/p>\n<\/li>\n<\/ul>\n<h2 data-path-to-node=\"17\">Specyfikacje<\/h2>\n<ul data-path-to-node=\"18\">\n<li>\n<p data-path-to-node=\"18,0,0\"><b>Materia\u0142 zawieszki:<\/b> Stop cynku (bez o\u0142owiu i niklu).<\/p>\n<\/li>\n<li>\n<p data-path-to-node=\"18,1,0\"><b>Platerowanie:<\/b> Srebro, z\u0142oto, mied\u017a, czarny nikiel, itp.<\/p>\n<\/li>\n<li>\n<p data-path-to-node=\"18,2,0\"><b>Materia\u0142 sznurka:<\/b> Woskowana bawe\u0142na lub mieszanka poliestru i nylonu.<\/p>\n<\/li>\n<li>\n<p data-path-to-node=\"18,3,0\"><b>Kolor sznurka:<\/b> Niestandardowy Pantone.<\/p>\n<\/li>\n<li>\n<p data-path-to-node=\"18,4,0\"><b>Rozmiar karty:<\/b> Standardowy rozmiar 75 \u00d7 160 mm (lub rozmiar niestandardowy).<\/p>\n<\/li>\n<li>\n<p data-path-to-node=\"18,5,0\"><b>Ustalenie:<\/b> Regulowany w\u0119ze\u0142 lub zapi\u0119cie metalowe.<\/p>\n<\/li>\n<li>\n<p data-path-to-node=\"18,6,0\"><b>Minimalne zapytanie ofertowe:<\/b> 500 sztuk (z powodu powstania ple\u015bni).<\/p>\n<\/li>\n<\/ul>","protected":false},"excerpt":{"rendered":"<ul>\n<li>\n<p data-path-to-node=\"10,0,0\"><b>Niestandardowy urok:<\/b> Maskotka lub logo wykonane ze stopu cynku, zaprojektowane dok\u0142adnie wed\u0142ug Twojego kszta\u0142tu (np. \u201cHarri\u201d Tallink).<\/p>\n<\/li>\n<li>\n<p data-path-to-node=\"10,1,0\"><b>Przew\u00f3d premium:<\/b> Sznurek woskowany dost\u0119pny w niestandardowych kolorach Pantone (np. pomara\u0144czowym \u201cSunset\u201d).<\/p>\n<\/li>\n<li>\n<p data-path-to-node=\"10,2,0\"><b>Pe\u0142ne opakowanie:<\/b> Zawiera du\u017c\u0105 kart\u0119 podk\u0142adow\u0105 o wymiarach 75\u00d7160 mm z indywidualnym nadrukiem.<\/p>\n<\/li>\n<li>\n<p data-path-to-node=\"10,3,0\"><b>Hipoalergiczne:<\/b> Bezpieczne materia\u0142y z mo\u017cliwo\u015bci\u0105 powlekania srebrem, z\u0142otem lub czerni\u0105.<\/p>\n<\/li>\n<\/ul>","protected":false},"featured_media":6083,"comment_status":"closed","ping_status":"closed","template":"","meta":[],"product_brand":[],"product_cat":[66,122],"product_tag":[],"class_list":{"0":"post-6082","1":"product","2":"type-product","3":"status-publish","4":"has-post-thumbnail","6":"product_cat-wristbands","7":"product_cat-promotional-accessories","9":"first","10":"instock","11":"shipping-taxable","12":"purchasable","13":"product-type-simple"},"_links":{"self":[{"href":"https:\/\/displayproducts.eu\/pl\/wp-json\/wp\/v2\/product\/6082","targetHints":{"allow":["GET"]}}],"collection":[{"href":"https:\/\/displayproducts.eu\/pl\/wp-json\/wp\/v2\/product"}],"about":[{"href":"https:\/\/displayproducts.eu\/pl\/wp-json\/wp\/v2\/types\/product"}],"replies":[{"embeddable":true,"href":"https:\/\/displayproducts.eu\/pl\/wp-json\/wp\/v2\/comments?post=6082"}],"wp:featuredmedia":[{"embeddable":true,"href":"https:\/\/displayproducts.eu\/pl\/wp-json\/wp\/v2\/media\/6083"}],"wp:attachment":[{"href":"https:\/\/displayproducts.eu\/pl\/wp-json\/wp\/v2\/media?parent=6082"}],"wp:term":[{"taxonomy":"product_brand","embeddable":true,"href":"https:\/\/displayproducts.eu\/pl\/wp-json\/wp\/v2\/product_brand?post=6082"},{"taxonomy":"product_cat","embeddable":true,"href":"https:\/\/displayproducts.eu\/pl\/wp-json\/wp\/v2\/product_cat?post=6082"},{"taxonomy":"product_tag","embeddable":true,"href":"https:\/\/displayproducts.eu\/pl\/wp-json\/wp\/v2\/product_tag?post=6082"}],"curies":[{"name":"wp","href":"https:\/\/api.w.org\/{rel}","templated":true}]}}