{"id":6080,"date":"2025-12-17T15:25:31","date_gmt":"2025-12-17T12:25:31","guid":{"rendered":"https:\/\/wristbandfactory.eu\/?post_type=product&#038;p=6080"},"modified":"2026-04-01T21:52:34","modified_gmt":"2026-04-01T18:52:34","slug":"custom-metal-enamel-lapel-pins-badges","status":"publish","type":"product","link":"https:\/\/displayproducts.eu\/pl\/p\/custom-metal-enamel-lapel-pins-badges\/","title":{"rendered":"Piny metalowe z logo (Znaczki)"},"content":{"rendered":"<p data-path-to-node=\"11\">W czasach, gdy to\u017csamo\u015b\u0107 marki ma kluczowe znaczenie, <b>Z w\u0142asnym nadrukiem metalowe przypinki do klapy<\/b> Oferuj\u0105 wyrafinowany spos\u00f3b na wyr\u00f3\u017cnienie Twojej firmy. Te odznaki to co\u015b wi\u0119cej ni\u017c tylko akcesoria \u2013 s\u0105 symbolami presti\u017cu, solidarno\u015bci i przynale\u017cno\u015bci.<\/p>\n<p data-path-to-node=\"12\">\u0141\u0105czymy tradycyjne rzemios\u0142o z nowoczesnymi potrzebami brandingowymi. Doskona\u0142ym przyk\u0142adem jest nasza praca dla <b>UWOLNI\u0106<\/b>, gdzie stworzyli\u015bmy 20-milimetrowe mosi\u0119\u017cne szpilki z <b>Imitacja twardej emalii<\/b>. L\u015bni\u0105ca pow\u0142oka niklowa pi\u0119knie kontrastuje z g\u0142\u0119bokimi kolorami emalii i subteln\u0105 piaskow\u0105 faktur\u0105, zamieniaj\u0105c logo firmy w bi\u017cuteri\u0119.<\/p>\n<p data-path-to-node=\"13\">Jednak\u017ce metalowe ko\u0142ki s\u0105 r\u00f3wnie\u017c narz\u0119dziami funkcjonalnymi. <b>49. Rajd Saaremy<\/b>, wyprodukowali\u015bmy stylowe szpilki, kt\u00f3re pe\u0142ni\u0142y r\u00f3wnie\u017c funkcj\u0119 <b>przepustki wej\u015bciowe do noszenia<\/b>, udowadniaj\u0105c, \u017ce certyfikaty bezpiecze\u0144stwa mog\u0105 by\u0107 stylowe. Niezale\u017cnie od tego, czy potrzebujesz ekskluzywnego upominku firmowego, funkcjonalnego upominku na wydarzenie, czy symbolu wsparcia (jak nasz <b>Przypinki z flag\u0105 Estonii i Ukrainy<\/b>), zapewniamy precyzj\u0119 i jako\u015b\u0107.<\/p>\n<h2 data-path-to-node=\"14\">G\u0142\u00f3wne cechy<\/h2>\n<ul data-path-to-node=\"15\">\n<li>\n<p data-path-to-node=\"15,0,0\"><b>Imitacja twardego szkliwa (Epola):<\/b> Zapewnia g\u0142adk\u0105, p\u0142ask\u0105 powierzchni\u0119, gdzie linie metalu pokrywaj\u0105 si\u0119 z kolorow\u0105 emali\u0105. Zapewnia to wyko\u0144czenie o wysokiej jako\u015bci i przypominaj\u0105ce bi\u017cuteri\u0119 (jak w projekcie FREEN).<\/p>\n<\/li>\n<li>\n<p data-path-to-node=\"15,1,0\"><b>Doskona\u0142o\u015b\u0107 materia\u0142owa:<\/b> Wykonane z trwa\u0142ego <b>Mosi\u0105dz lub \u017celazo<\/b>, dzi\u0119ki czemu szpilka jest solidna i wytrzyma lata.<\/p>\n<\/li>\n<li>\n<p data-path-to-node=\"15,2,0\"><b>Opcje platerowania:<\/b> Wybierz spo\u015br\u00f3d b\u0142yszcz\u0105cego z\u0142ota, srebra (niklu), czarnego niklu, antycznego br\u0105zu i innych, aby dopasowa\u0107 je do wytycznych Twojej marki.<\/p>\n<\/li>\n<li>\n<p data-path-to-node=\"15,3,0\"><b>Bezpieczne mocowanie:<\/b> Standard <b>Sprz\u0119g\u0142o motylkowe<\/b> Zapewnia, \u017ce agrafka pozostanie na swoim miejscu na klapach garnituru, plecakach lub mundurach. Dost\u0119pne s\u0105 r\u00f3wnie\u017c agrafki magnetyczne lub agrafki.<\/p>\n<\/li>\n<\/ul>\n<h2 data-path-to-node=\"16\">Specyfikacje<\/h2>\n<ul data-path-to-node=\"17\">\n<li>\n<p data-path-to-node=\"17,0,0\"><b>Tworzywo:<\/b> Mosi\u0105dz, mied\u017a, \u017celazo lub stop cynku.<\/p>\n<\/li>\n<li>\n<p data-path-to-node=\"17,1,0\"><b>Technika:<\/b> Wybijane tward\u0105 emali\u0105, mi\u0119kk\u0105 emali\u0105 lub metod\u0105 offsetow\u0105.<\/p>\n<\/li>\n<li>\n<p data-path-to-node=\"17,2,0\"><b>Rozmiary standardowe:<\/b> 15 mm \u2013 50 mm (dost\u0119pne s\u0105 r\u00f3wnie\u017c z w\u0142asnym nadrukiem kszta\u0142ty).<\/p>\n<\/li>\n<li>\n<p data-path-to-node=\"17,3,0\"><b>Grubo\u015b\u0107:<\/b> Zwykle 1,2 mm \u2013 2,0 mm.<\/p>\n<\/li>\n<li>\n<p data-path-to-node=\"17,4,0\"><b>Platerowanie:<\/b> Z\u0142oto, nikiel, czarny nikiel, br\u0105z, itp.<\/p>\n<\/li>\n<li>\n<p data-path-to-node=\"17,5,0\"><b>Poparcie:<\/b> Kopert\u00f3wka motylkowa (standardowa), kopert\u00f3wka gumowa, agrafka, magnes.<\/p>\n<\/li>\n<li>\n<p data-path-to-node=\"17,6,0\"><b>Minimalne zapytanie ofertowe:<\/b> 50 jednostek.<\/p>\n<\/li>\n<\/ul>\n<h2 data-path-to-node=\"18\">Przypadki u\u017cycia<\/h2>\n<ul data-path-to-node=\"19\">\n<li>\n<p data-path-to-node=\"19,0,0\"><b>To\u017csamo\u015b\u0107 korporacyjna:<\/b> Upi\u0119ksz str\u00f3j swojego zespo\u0142u dyskretnymi, eleganckimi przypinkami z logo.<\/p>\n<\/li>\n<li>\n<p data-path-to-node=\"19,1,0\"><b>Dost\u0119p do wydarzenia:<\/b> Zast\u0105p papierowe bilety kolekcjonerskimi pinezkami (np. przepustkami VIP lub identyfikatorami rajdowymi).<\/p>\n<\/li>\n<li>\n<p data-path-to-node=\"19,2,0\"><b>CSR i solidarno\u015b\u0107:<\/b> Okazuj wsparcie dla globalnych inicjatyw (np. poprzez przypinki z flagami), aby pokaza\u0107 odpowiedzialno\u015b\u0107 spo\u0142eczn\u0105.<\/p>\n<\/li>\n<li>\n<p data-path-to-node=\"19,3,0\"><b>Towar:<\/b> Produkt detaliczny o wysokiej mar\u017cy dla zespo\u0142\u00f3w, artyst\u00f3w i sklep\u00f3w z pami\u0105tkami.<\/p>\n<\/li>\n<\/ul>","protected":false},"excerpt":{"rendered":"<ul>\n<li>\n<p data-path-to-node=\"10,0,0\"><b>Wyko\u0144czenie premium:<\/b> Dost\u0119pne w wersji twardej emalii (imitacji), mi\u0119kkiej emalii lub druku offsetowego.<\/p>\n<\/li>\n<li>\n<p data-path-to-node=\"10,1,0\"><b>Tworzywo:<\/b> Wysokiej jako\u015bci mosi\u0105dz lub stop cynku z r\u00f3\u017cnymi pow\u0142okami (nikiel, z\u0142oto, czer\u0144).<\/p>\n<\/li>\n<li>\n<p data-path-to-node=\"10,2,0\"><b>Wszechstronny:<\/b> Mo\u017cna ich u\u017cywa\u0107 jako bi\u017cuterii firmowej, przepustek wst\u0119pu na imprezy lub symboli charytatywnych.<\/p>\n<\/li>\n<li>\n<p data-path-to-node=\"10,3,0\"><b>Personalizacja:<\/b> W pe\u0142ni z w\u0142asnym nadrukiem kszta\u0142ty, rozmiary i tekstury (np. piaskowane t\u0142o)<\/p>\n<\/li>\n<\/ul>","protected":false},"featured_media":6081,"comment_status":"closed","ping_status":"closed","template":"","meta":[],"product_brand":[],"product_cat":[121,122,45],"product_tag":[],"class_list":{"0":"post-6080","1":"product","2":"type-product","3":"status-publish","4":"has-post-thumbnail","6":"product_cat-promotional-merchandise","7":"product_cat-promotional-accessories","8":"product_cat-other","10":"first","11":"instock","12":"shipping-taxable","13":"purchasable","14":"product-type-simple"},"_links":{"self":[{"href":"https:\/\/displayproducts.eu\/pl\/wp-json\/wp\/v2\/product\/6080","targetHints":{"allow":["GET"]}}],"collection":[{"href":"https:\/\/displayproducts.eu\/pl\/wp-json\/wp\/v2\/product"}],"about":[{"href":"https:\/\/displayproducts.eu\/pl\/wp-json\/wp\/v2\/types\/product"}],"replies":[{"embeddable":true,"href":"https:\/\/displayproducts.eu\/pl\/wp-json\/wp\/v2\/comments?post=6080"}],"wp:featuredmedia":[{"embeddable":true,"href":"https:\/\/displayproducts.eu\/pl\/wp-json\/wp\/v2\/media\/6081"}],"wp:attachment":[{"href":"https:\/\/displayproducts.eu\/pl\/wp-json\/wp\/v2\/media?parent=6080"}],"wp:term":[{"taxonomy":"product_brand","embeddable":true,"href":"https:\/\/displayproducts.eu\/pl\/wp-json\/wp\/v2\/product_brand?post=6080"},{"taxonomy":"product_cat","embeddable":true,"href":"https:\/\/displayproducts.eu\/pl\/wp-json\/wp\/v2\/product_cat?post=6080"},{"taxonomy":"product_tag","embeddable":true,"href":"https:\/\/displayproducts.eu\/pl\/wp-json\/wp\/v2\/product_tag?post=6080"}],"curies":[{"name":"wp","href":"https:\/\/api.w.org\/{rel}","templated":true}]}}