{"id":6077,"date":"2025-12-17T15:18:17","date_gmt":"2025-12-17T12:18:17","guid":{"rendered":"https:\/\/wristbandfactory.eu\/?post_type=product&#038;p=6077"},"modified":"2026-04-01T21:52:03","modified_gmt":"2026-04-01T18:52:03","slug":"custom-high-visibility-reflective-shopping-bags","status":"publish","type":"product","link":"https:\/\/displayproducts.eu\/pl\/p\/custom-high-visibility-reflective-shopping-bags\/","title":{"rendered":"Odblaskowe torby na zakupy z logo"},"content":{"rendered":"<p data-path-to-node=\"11\">Po\u0142\u0105cz praktyczn\u0105 u\u017cyteczno\u015b\u0107 z niezb\u0119dnym bezpiecze\u0144stwem na drodze, korzystaj\u0105c z naszego <b>Odblaskowe torby na zakupy z logo<\/b>. W mro\u017ane, jesienne i zimowe miesi\u0105ce widoczno\u015b\u0107 jest kluczowa. Ta innowacyjna torba zmienia standardowy gad\u017cet promocyjny w ratuj\u0105cy \u017cycie dodatek, odbijaj\u0105c \u015bwiat\u0142a reflektor\u00f3w samochodowych z ka\u017cdej strony, aby zapewni\u0107 widoczno\u015b\u0107 osoby nosz\u0105cej.<\/p>\n<p data-path-to-node=\"12\">Idealna do szk\u00f3\u0142, kampanii na rzecz bezpiecze\u0144stwa ruchu drogowego i korporacyjnych inicjatyw \u201cBe Safe\u201d, ta torba oferuje du\u017c\u0105 powierzchni\u0119 na logo, jednocze\u015bnie zapewniaj\u0105c odbiorcy istotn\u0105 warto\u015b\u0107. W przeciwie\u0144stwie do ma\u0142ych odblask\u00f3w, kt\u00f3re mo\u017cna ukry\u0107, torby w pe\u0142ni odblaskowej nie da si\u0119 nie zauwa\u017cy\u0107.<\/p>\n<h2 data-path-to-node=\"13\">G\u0142\u00f3wne cechy<\/h2>\n<ul data-path-to-node=\"14\">\n<li>\n<p data-path-to-node=\"14,0,1\"><span data-path-to-node=\"14,0,1,0\"><b><span class=\"citation-84\">Odbicie 360\u00b0:<\/span><\/b><span class=\"citation-84\"> Torba jest wykonana w ca\u0142o\u015bci z materia\u0142u o \u201cwysokiej\/s\u0142abszej widoczno\u015bci odblaskowej\u201d, dzi\u0119ki czemu ca\u0142y przedmiot staje si\u0119 sygna\u0142em ostrzegawczym<\/span><\/span><span data-path-to-node=\"14,0,1,2\">.<\/span><\/p>\n<\/li>\n<li>\n<p data-path-to-node=\"14,1,1\"><span data-path-to-node=\"14,1,1,0\"><b><span class=\"citation-83\">Solidna konstrukcja:<\/span><\/b><span class=\"citation-83\"> Wykonana z wytrzyma\u0142ego poliestru z usztywnionym dolnym klinem (8 cm), umo\u017cliwiaj\u0105cym bezpieczne przechowywanie zakup\u00f3w spo\u017cywczych, ksi\u0105\u017cek lub materia\u0142\u00f3w na wydarzenie<\/span><\/span><span data-path-to-node=\"14,1,1,2\">.<\/span><\/p>\n<\/li>\n<li>\n<p data-path-to-node=\"14,2,1\"><span data-path-to-node=\"14,2,1,0\"><b><span class=\"citation-82\">Zgodno\u015b\u0107 z normami bezpiecze\u0144stwa:<\/span><\/b><span class=\"citation-82\"> Wyprodukowano zgodnie z wysokimi standardami, przechodz\u0105c rygorystyczne testy <\/span><b><span class=\"citation-82\">Ftalany<\/span><\/b><span class=\"citation-82\"> I <\/span><b><span class=\"citation-82\">O\u0142\u00f3w<\/span><\/b><span class=\"citation-82\">, zapewniaj\u0105c, \u017ce materia\u0142 jest nietoksyczny i bezpieczny dla os\u00f3b w ka\u017cdym wieku<\/span><\/span><span data-path-to-node=\"14,2,1,2\">.<\/span><\/p>\n<\/li>\n<li>\n<p data-path-to-node=\"14,3,0\"><b>Branding niestandardowy:<\/b> Twoje logo zostanie nadrukowane bezpo\u015brednio na odblaskowej powierzchni, dzi\u0119ki czemu Twoja marka b\u0119dzie kojarzona z bezpiecze\u0144stwem i trosk\u0105.<\/p>\n<\/li>\n<\/ul>\n<h2 data-path-to-node=\"15\">Specyfikacje<\/h2>\n<ul data-path-to-node=\"16\">\n<li>\n<p data-path-to-node=\"16,0,1\"><span data-path-to-node=\"16,0,1,0\"><b><span class=\"citation-81\">Wymiary:<\/span><\/b><span class=\"citation-81\"> 38 cm (szer.) x 42 cm (wys.) x 8 cm (g\u0142.)<\/span><\/span><span data-path-to-node=\"16,0,1,2\">.<\/span><\/p>\n<\/li>\n<li>\n<p data-path-to-node=\"16,1,1\"><span data-path-to-node=\"16,1,1,0\"><b><span class=\"citation-80\">Tworzywo:<\/span><\/b><span class=\"citation-80\"> Poliester z pow\u0142ok\u0105 odblaskow\u0105<\/span><\/span><span data-path-to-node=\"16,1,1,2\">.<\/span><\/p>\n<\/li>\n<li>\n<p data-path-to-node=\"16,2,1\"><span data-path-to-node=\"16,2,1,0\"><b><span class=\"citation-79\">Styl:<\/span><\/b><span class=\"citation-79\"> Torba na zakupy \/ torba z uchwytem<\/span><\/span><span data-path-to-node=\"16,2,1,2\">.<\/span><\/p>\n<\/li>\n<li>\n<p data-path-to-node=\"16,3,0\"><span data-path-to-node=\"16,3,0,0\"><b>Waga:<\/b> Oko\u0142o. <\/span><span data-path-to-node=\"16,3,0,2\"><span class=\"citation-78\">0,250 kg na jednostk\u0119<\/span><\/span><span data-path-to-node=\"16,3,0,4\">.<\/span><\/p>\n<\/li>\n<li>\n<p data-path-to-node=\"16,4,1\"><span data-path-to-node=\"16,4,1,0\"><b><span class=\"citation-77\">Opakowanie:<\/span><\/b><span class=\"citation-77\"> Luzem (100 szt.\/karton)<\/span><\/span><span data-path-to-node=\"16,4,1,2\">.<\/span><\/p>\n<\/li>\n<li>\n<p data-path-to-node=\"16,4,1\"><span data-path-to-node=\"16,5,1,0\"><b><span class=\"citation-76\">Zgodno\u015b\u0107:<\/span><\/b><span class=\"citation-76\"> Zaliczony test na obecno\u015b\u0107 ftalan\u00f3w, o\u0142owiu i A20 dla norm dla w\u0142\u00f3knin\/PP<\/span><\/span><\/p>\n<\/li>\n<\/ul>\n<h2 data-path-to-node=\"17\">Przypadki u\u017cycia<\/h2>\n<ul data-path-to-node=\"18\">\n<li>\n<p data-path-to-node=\"18,0,0\"><b>Kampanie na rzecz bezpiecze\u0144stwa ruchu drogowego:<\/b> Idealny element dystrybucji dla pieszych i rowerzyst\u00f3w w miesi\u0105cach, kiedy jest ciemno.<\/p>\n<\/li>\n<li>\n<p data-path-to-node=\"18,1,0\"><b>Grupy szkolne i m\u0142odzie\u017cowe:<\/b> Bezpieczne torby z ksi\u0105\u017ckami dla uczni\u00f3w wracaj\u0105cych do strona g\u0142\u00f3wnau po po\u0142udniu.<\/p>\n<\/li>\n<li>\n<p data-path-to-node=\"18,2,0\"><b>Gad\u017cety wydarzenia:<\/b> Wysokiej jako\u015bci torba konferencyjna, kt\u00f3r\u0105 uczestnicy b\u0119d\u0105 mogli ponownie wykorzysta\u0107 ze wzgl\u0119du na jej cechy bezpiecze\u0144stwa.<\/p>\n<\/li>\n<\/ul>","protected":false},"excerpt":{"rendered":"<ul>\n<li data-path-to-node=\"10,0,0\"><b>Wysoka widoczno\u015b\u0107:<\/b> Ca\u0142a powierzchnia torby wykonana jest z materia\u0142u odblaskowego, co gwarantuje maksymalne bezpiecze\u0144stwo przy s\u0142abym o\u015bwietleniu.<\/li>\n<li>\n<p data-path-to-node=\"10,0,0\"><span style=\"font-family: -apple-system, BlinkMacSystemFont, 'Segoe UI', Roboto, 'Helvetica Neue', Arial, 'Noto Sans', sans-serif, 'Apple Color Emoji', 'Segoe UI Emoji', 'Segoe UI Symbol', 'Noto Color Emoji';\" data-path-to-node=\"10,1,1,0\"><b><span class=\"citation-87\">Trwa\u0142y materia\u0142:<\/span><\/b><span class=\"citation-87\"> Wykonane z mocnego poliestru z pow\u0142ok\u0105 odblaskow\u0105<\/span><\/span><span style=\"font-family: -apple-system, BlinkMacSystemFont, 'Segoe UI', Roboto, 'Helvetica Neue', Arial, 'Noto Sans', sans-serif, 'Apple Color Emoji', 'Segoe UI Emoji', 'Segoe UI Symbol', 'Noto Color Emoji';\" data-path-to-node=\"10,1,1,2\">.<\/span><\/p>\n<\/li>\n<li>\n<p data-path-to-node=\"10,2,1\"><span data-path-to-node=\"10,2,1,0\"><b><span class=\"citation-86\">Certyfikowane bezpiecze\u0144stwo:<\/span><\/b><span class=\"citation-86\"> Przetestowany pod k\u0105tem zgodno\u015bci z ftalanami i o\u0142owiem, dzi\u0119ki czemu jest bezpieczny do codziennego u\u017cytku<\/span><\/span><span data-path-to-node=\"10,2,1,2\">.<\/span><\/p>\n<\/li>\n<li>\n<p data-path-to-node=\"10,3,1\"><span data-path-to-node=\"10,3,1,0\"><b><span class=\"citation-85\">Praktyczny rozmiar:<\/span><\/b><span class=\"citation-85\"> \u015aredni rozmiar torby zakupowej (38 x 42 x 8 cm) z wygodnymi uchwytami<\/span><\/span><span data-path-to-node=\"10,3,1,2\">.<\/span><\/p>\n<\/li>\n<\/ul>","protected":false},"featured_media":6329,"comment_status":"closed","ping_status":"closed","template":"","meta":[],"product_brand":[],"product_cat":[131],"product_tag":[],"class_list":{"0":"post-6077","1":"product","2":"type-product","3":"status-publish","4":"has-post-thumbnail","6":"product_cat-custom-bags-totes","8":"first","9":"instock","10":"shipping-taxable","11":"purchasable","12":"product-type-simple"},"_links":{"self":[{"href":"https:\/\/displayproducts.eu\/pl\/wp-json\/wp\/v2\/product\/6077","targetHints":{"allow":["GET"]}}],"collection":[{"href":"https:\/\/displayproducts.eu\/pl\/wp-json\/wp\/v2\/product"}],"about":[{"href":"https:\/\/displayproducts.eu\/pl\/wp-json\/wp\/v2\/types\/product"}],"replies":[{"embeddable":true,"href":"https:\/\/displayproducts.eu\/pl\/wp-json\/wp\/v2\/comments?post=6077"}],"wp:featuredmedia":[{"embeddable":true,"href":"https:\/\/displayproducts.eu\/pl\/wp-json\/wp\/v2\/media\/6329"}],"wp:attachment":[{"href":"https:\/\/displayproducts.eu\/pl\/wp-json\/wp\/v2\/media?parent=6077"}],"wp:term":[{"taxonomy":"product_brand","embeddable":true,"href":"https:\/\/displayproducts.eu\/pl\/wp-json\/wp\/v2\/product_brand?post=6077"},{"taxonomy":"product_cat","embeddable":true,"href":"https:\/\/displayproducts.eu\/pl\/wp-json\/wp\/v2\/product_cat?post=6077"},{"taxonomy":"product_tag","embeddable":true,"href":"https:\/\/displayproducts.eu\/pl\/wp-json\/wp\/v2\/product_tag?post=6077"}],"curies":[{"name":"wp","href":"https:\/\/api.w.org\/{rel}","templated":true}]}}