{"id":6075,"date":"2025-12-17T15:12:51","date_gmt":"2025-12-17T12:12:51","guid":{"rendered":"https:\/\/wristbandfactory.eu\/?post_type=product&#038;p=6075"},"modified":"2026-04-01T21:52:34","modified_gmt":"2026-04-01T18:52:34","slug":"custom-laminated-jute-tote-bags-with-logo","status":"publish","type":"product","link":"https:\/\/displayproducts.eu\/pl\/p\/custom-laminated-jute-tote-bags-with-logo\/","title":{"rendered":"Torby jutowe z nadrukiem"},"content":{"rendered":"<p data-path-to-node=\"10\">Po\u0142\u0105cz zr\u00f3wnowa\u017cony rozw\u00f3j z solidn\u0105 wytrzyma\u0142o\u015bci\u0105, korzystaj\u0105c z naszego <b>Z w\u0142asnym nadrukiem laminowane torby jutowe<\/b>. W przeciwie\u0144stwie do standardowych bawe\u0142nianych toreb zakupowych, te torby maj\u0105 konstrukcj\u0119 umo\u017cliwiaj\u0105c\u0105 samodzielne ustawienie si\u0119 w pozycji pionowej, co czyni je niezwykle praktycznymi podczas zakup\u00f3w spo\u017cywczych, wypad\u00f3w na pla\u017c\u0119 lub codziennych dojazd\u00f3w do pracy.<\/p>\n<p data-path-to-node=\"11\">Jak pokazano w naszym projekcie na zapytanie ofertowe <b>VSPAA<\/b>, Ta torba zosta\u0142a zaprojektowana dla os\u00f3b, kt\u00f3re nie id\u0105 na kompromis w kwestii stylu w imi\u0119 zr\u00f3wnowa\u017conego rozwoju. Naturalna faktura w\u0142\u00f3kna juty przekazuje przes\u0142anie ekologiczne, a <b>laminowanie wewn\u0119trzne<\/b> zapewnia, \u017ce torba jest wodoodporna i \u0142atwa do czyszczenia.<\/p>\n<h2 data-path-to-node=\"12\">G\u0142\u00f3wne cechy<\/h2>\n<ul data-path-to-node=\"13\">\n<li>\n<p data-path-to-node=\"13,0,0\"><b>Wn\u0119trze laminowane:<\/b> Tkanina jutowa podszyta jest cienk\u0105 warstw\u0105 laminatu, kt\u00f3ra nadaje torbie solidny kszta\u0142t i chroni j\u0105 przed wilgoci\u0105 i zalaniem.<\/p>\n<\/li>\n<li>\n<p data-path-to-node=\"13,1,0\"><b>Wzmocniona konstrukcja:<\/b> Cechuje si\u0119 charakterystyczn\u0105 <b>Nak\u0142adka 3-stronna (lam\u00f3wka)<\/b> wzmacnia szwy i dodaje spersonalizowany akcent kolorystyczny pasuj\u0105cy do Twojej marki.<\/p>\n<\/li>\n<li>\n<p data-path-to-node=\"13,2,0\"><b>Uchwyty Premium:<\/b> Grube, wy\u015bcie\u0142ane bawe\u0142niane uchwyty zapewniaj\u0105 wygod\u0119 noszenia torby na ramieniu lub w r\u0119ce, nawet gdy jest w pe\u0142ni za\u0142adowana.<\/p>\n<\/li>\n<li>\n<p data-path-to-node=\"13,3,0\"><b>Estetyka przyjazna dla \u015brodowiska:<\/b> Surowy, naturalny wygl\u0105d juty zapewnia kontrastowe t\u0142o dla Twojego logo, dzi\u0119ki czemu staje si\u0119 ona stylowym dodatkiem, a nie tylko jednorazow\u0105 torb\u0105.<\/p>\n<\/li>\n<\/ul>\n<h2 data-path-to-node=\"14\">Specyfikacje<\/h2>\n<ul data-path-to-node=\"15\">\n<li>\n<p data-path-to-node=\"15,0,0\"><b>Tworzywo:<\/b> 100% Naturalna juta z laminowanym spodem.<\/p>\n<\/li>\n<li>\n<p data-path-to-node=\"15,1,0\"><b>Wymiary:<\/b> Z w\u0142asnym nadrukiem (standardowy przyk\u0142ad: szer. 42 cm x wys. 32 cm x g\u0142. 18 cm).<\/p>\n<\/li>\n<li>\n<p data-path-to-node=\"15,2,0\"><b>Uchwyty:<\/b> Bawe\u0142na (sznurkowa lub p\u0142aska z wy\u015bci\u00f3\u0142k\u0105).<\/p>\n<\/li>\n<li>\n<p data-path-to-node=\"15,3,0\"><b>Zabarwienie:<\/b> Podstawa w kolorze naturalnego be\u017cu z kolorowymi panelami bocznymi\/uchwytami.<\/p>\n<\/li>\n<li>\n<p data-path-to-node=\"15,4,0\"><b>Branding:<\/b> Nadruk sitowy (zalecane 1-2 kolory, aby uzyska\u0107 najlepsz\u0105 widoczno\u015b\u0107 faktury).<\/p>\n<\/li>\n<li>\n<p data-path-to-node=\"15,5,0\"><b>No\u015bno\u015b\u0107:<\/b> Wytrzyma\u0142e (przetestowane pod k\u0105tem przechowywania artyku\u0142\u00f3w spo\u017cywczych i sprz\u0119tu do \u0107wicze\u0144).<\/p>\n<\/li>\n<\/ul>\n<h2 data-path-to-node=\"16\">Przypadki u\u017cycia<\/h2>\n<ul data-path-to-node=\"17\">\n<li>\n<p data-path-to-node=\"17,0,0\"><b>Handel detaliczny i supermarkety:<\/b> Wysokiej jako\u015bci \u201cTorba na ca\u0142e \u017cycie\u201d sprzedawana przy kasie.<\/p>\n<\/li>\n<li>\n<p data-path-to-node=\"17,1,0\"><b>Wellness i SPA:<\/b> Doskonale nadaje si\u0119 do przechowywania r\u0119cznik\u00f3w i kosmetyk\u00f3w (jak w przypadku VSPA).<\/p>\n<\/li>\n<li>\n<p data-path-to-node=\"17,2,0\"><b>Letnie dni firmowe:<\/b> Wytrzyma\u0142a torba pla\u017cowa dla pracownik\u00f3w.<\/p>\n<\/li>\n<li>\n<p data-path-to-node=\"17,3,0\"><b>Konferencje:<\/b> Wytrzyma\u0142a torba na drobiazgi, w kt\u00f3rej zmie\u015bcisz ci\u0119\u017ckie katalogi, nie rozrywaj\u0105c si\u0119.<\/p>\n<\/li>\n<\/ul>","protected":false},"excerpt":{"rendered":"<ul>\n<li>\n<p data-path-to-node=\"9,0,0\"><b>Tworzywo:<\/b> Naturalna laminowana juta zapewniaj\u0105ca trwa\u0142o\u015b\u0107 i \u0142atwo\u015b\u0107 czyszczenia.<\/p>\n<\/li>\n<li>\n<p data-path-to-node=\"9,1,0\"><b>Struktura:<\/b> Wzmocnione kolorowymi lam\u00f3wkami\/nak\u0142adkami z 3 stron dla dodatkowej wytrzyma\u0142o\u015bci.<\/p>\n<\/li>\n<li>\n<p data-path-to-node=\"9,2,0\"><b>Uchwyty:<\/b> Wy\u015bcie\u0142ane, bawe\u0142niane uchwyty zapewniaj\u0105 wygod\u0119 noszenia.<\/p>\n<\/li>\n<li>\n<p data-path-to-node=\"9,3,0\"><b>Pojemno\u015b\u0107:<\/b> Du\u017ca otwarta komora (np. 42 \u00d7 32 \u00d7 18 cm) idealna na zakupy lub na si\u0142owni\u0119.<\/p>\n<\/li>\n<\/ul>","protected":false},"featured_media":6076,"comment_status":"closed","ping_status":"closed","template":"","meta":[],"product_brand":[],"product_cat":[131,132],"product_tag":[],"class_list":{"0":"post-6075","1":"product","2":"type-product","3":"status-publish","4":"has-post-thumbnail","6":"product_cat-custom-bags-totes","7":"product_cat-hotel-spa-amenities","9":"first","10":"instock","11":"shipping-taxable","12":"purchasable","13":"product-type-simple"},"_links":{"self":[{"href":"https:\/\/displayproducts.eu\/pl\/wp-json\/wp\/v2\/product\/6075","targetHints":{"allow":["GET"]}}],"collection":[{"href":"https:\/\/displayproducts.eu\/pl\/wp-json\/wp\/v2\/product"}],"about":[{"href":"https:\/\/displayproducts.eu\/pl\/wp-json\/wp\/v2\/types\/product"}],"replies":[{"embeddable":true,"href":"https:\/\/displayproducts.eu\/pl\/wp-json\/wp\/v2\/comments?post=6075"}],"wp:featuredmedia":[{"embeddable":true,"href":"https:\/\/displayproducts.eu\/pl\/wp-json\/wp\/v2\/media\/6076"}],"wp:attachment":[{"href":"https:\/\/displayproducts.eu\/pl\/wp-json\/wp\/v2\/media?parent=6075"}],"wp:term":[{"taxonomy":"product_brand","embeddable":true,"href":"https:\/\/displayproducts.eu\/pl\/wp-json\/wp\/v2\/product_brand?post=6075"},{"taxonomy":"product_cat","embeddable":true,"href":"https:\/\/displayproducts.eu\/pl\/wp-json\/wp\/v2\/product_cat?post=6075"},{"taxonomy":"product_tag","embeddable":true,"href":"https:\/\/displayproducts.eu\/pl\/wp-json\/wp\/v2\/product_tag?post=6075"}],"curies":[{"name":"wp","href":"https:\/\/api.w.org\/{rel}","templated":true}]}}