{"id":6073,"date":"2025-12-17T15:08:59","date_gmt":"2025-12-17T12:08:59","guid":{"rendered":"https:\/\/wristbandfactory.eu\/?post_type=product&#038;p=6073"},"modified":"2026-04-01T21:52:03","modified_gmt":"2026-04-01T18:52:03","slug":"custom-charity-bracelets-with-printed-backing-cards","status":"publish","type":"product","link":"https:\/\/displayproducts.eu\/pl\/p\/custom-charity-bracelets-with-printed-backing-cards\/","title":{"rendered":"Opaski charytatywne z nadrukiem"},"content":{"rendered":"<p data-path-to-node=\"8\">Zmie\u0144 prosty dodatek w pot\u0119\u017cny ruch dzi\u0119ki naszym spersonalizowanym bransoletkom charytatywnym. Zaprojektowane specjalnie dla organizacji pozarz\u0105dowych i kampanii spo\u0142ecznych, bransoletki te wykraczaj\u0105 poza standardowe gad\u017cety promocyjne, staj\u0105c si\u0119 noszonym \u201cpodzi\u0119kowaniem\u201d dla darczy\u0144c\u00f3w i wolontariuszy. Po\u0142\u0105czenie wygodnego sznurka na nadgarstek i specjalnie wyprofilowanego elementu centralnego sprawia, \u017ce jest to postrzegany przedmiot o wysokiej warto\u015bci, kt\u00f3ry mo\u017ce by\u0107 wykorzystany w ka\u017cdej szczytnej sprawie.<\/p>\n<p data-path-to-node=\"9\">Zestaw zawiera profesjonalnie zadrukowan\u0105 kart\u0119, dzi\u0119ki kt\u00f3rej bransoletka staje si\u0119 kompletnym narz\u0119dziem komunikacji. To podej\u015bcie \u201cgotowe do sprzeda\u017cy detalicznej\u201d gwarantuje, \u017ce Tw\u00f3j przekaz zostanie przekazany w spos\u00f3b jasny, niezale\u017cnie od tego, czy jest dystrybuowany na wydarzeniach, w mailingu, czy w punktach sprzeda\u017cy.<\/p>\n<h2 data-path-to-node=\"10\">G\u0142\u00f3wne cechy<\/h2>\n<ul data-path-to-node=\"11\">\n<li>\n<p data-path-to-node=\"11,0,0\"><b data-path-to-node=\"11,0,0\" data-index-in-node=\"0\">Estetyka premium:<\/b> W odr\u00f3\u017cnieniu od tymczasowych opasek festiwalowych, te bransoletki wykonane s\u0105 z mi\u0119kkich w dotyku materia\u0142\u00f3w i maj\u0105 metalowe akcenty, dzi\u0119ki czemu przypominaj\u0105 bi\u017cuteri\u0119.<\/p>\n<\/li>\n<li>\n<p data-path-to-node=\"11,1,1\"><span data-path-to-node=\"11,1,1,0\"><b data-path-to-node=\"11,1,1,0\" data-index-in-node=\"0\"><span class=\"citation-11394\">Wisiorki akrylowe na zapytanie ofertowe:<\/span><\/b><span class=\"citation-11394\"> Wykorzystujemy precyzyjne ci\u0119cie laserowe, aby tworzy\u0107 zawieszki pasuj\u0105ce do to\u017csamo\u015bci Twojej kampanii, od kropel krwi po logo korporacyjne<\/span><\/span><span data-path-to-node=\"11,1,1,2\">.<\/span><\/p>\n<\/li>\n<li>\n<p data-path-to-node=\"11,2,0\"><b data-path-to-node=\"11,2,0\" data-index-in-node=\"0\">Wszechstronny Canvas do przesy\u0142ania wiastrona g\u0142\u00f3wnao\u015bci:<\/b> Karta podk\u0142adowa w du\u017cym formacie (75 \u00d7 160 mm) jest zadrukowana obustronnie w pe\u0142nej palecie kolor\u00f3w CMYK, co czyni j\u0105 idealn\u0105 do materia\u0142\u00f3w edukacyjnych.<\/p>\n<\/li>\n<li>\n<p data-path-to-node=\"11,3,0\"><b data-path-to-node=\"11,3,0\" data-index-in-node=\"0\">Uniwersalna regulacja:<\/b> System przesuwnych w\u0119z\u0142\u00f3w gwarantuje idealne dopasowanie dla wszystkich kibic\u00f3w, od dzieci po doros\u0142ych.<\/p>\n<\/li>\n<\/ul>\n<h2 data-path-to-node=\"12\">Specyfikacje<\/h2>\n<ul data-path-to-node=\"13\">\n<li>\n<p data-path-to-node=\"13,0,1\"><span data-path-to-node=\"13,0,1,0\"><b data-path-to-node=\"13,0,1,0\" data-index-in-node=\"0\"><span class=\"citation-11393\">Materia\u0142 bransoletki:<\/span><\/b><span class=\"citation-11393\"> Mi\u0119kki sznurek nylonowo-bawe\u0142niany z koralikami w kolorze srebrnym<\/span><\/span><span data-path-to-node=\"13,0,1,2\">.<\/span><\/p>\n<\/li>\n<li>\n<p data-path-to-node=\"13,1,0\"><b data-path-to-node=\"13,1,0\" data-index-in-node=\"0\">Materia\u0142 zawieszki:<\/b> Kolorowy akryl o niestandardowych kszta\u0142tach.<\/p>\n<\/li>\n<li>\n<p data-path-to-node=\"13,2,0\"><b data-path-to-node=\"13,2,0\" data-index-in-node=\"0\">Wymiary karty:<\/b> 75 mm \u00d7 160 mm (w pe\u0142ni konfigurowalne).<\/p>\n<\/li>\n<li>\n<p data-path-to-node=\"13,3,0\"><b data-path-to-node=\"13,3,0\" data-index-in-node=\"0\">Drukowanie kart:<\/b> Pe\u0142ny kolor (CMYK) po obu stronach.<\/p>\n<\/li>\n<li>\n<p data-path-to-node=\"13,4,0\"><b data-path-to-node=\"13,4,0\" data-index-in-node=\"0\">Minimalna ilo\u015b\u0107 zam\u00f3wienia (MOQ):<\/b> 500 jednostek.<\/p>\n<\/li>\n<\/ul>\n<h2 data-path-to-node=\"14\">Przypadki u\u017cycia<\/h2>\n<ul data-path-to-node=\"15\">\n<li>\n<p data-path-to-node=\"15,0,0\"><b data-path-to-node=\"15,0,0\" data-index-in-node=\"0\">\u015awiastrona g\u0142\u00f3wnao\u015b\u0107 w zakresie opieki zdrowotnej:<\/b> Idealne dla o\u015brodk\u00f3w krwiodawstwa, fundacji zajmuj\u0105cych si\u0119 badaniami nad rakiem i inicjatyw na rzecz zdrowia psychicznego.<\/p>\n<\/li>\n<li>\n<p data-path-to-node=\"15,1,0\"><b data-path-to-node=\"15,1,0\" data-index-in-node=\"0\">Gad\u017cety na rzecz zbi\u00f3rki funduszy:<\/b> Trwa\u0142y i atrakcyjny przedmiot, kt\u00f3ry organizacje charytatywne mog\u0105 sprzedawa\u0107 jako narz\u0119dzie do zbierania funduszy o wysokiej mar\u017cy.<\/p>\n<\/li>\n<li>\n<p data-path-to-node=\"15,2,0\"><b data-path-to-node=\"15,2,0\" data-index-in-node=\"0\">Spo\u0142eczna odpowiedzialno\u015b\u0107 biznesu:<\/b> Znacz\u0105ce prezenty dla pracownik\u00f3w anga\u017cuj\u0105cych si\u0119 w dzia\u0142alno\u015b\u0107 spo\u0142eczn\u0105 lub projekty o charakterze spo\u0142ecznym.<\/p>\n<\/li>\n<li>\n<p data-path-to-node=\"15,3,1\"><span data-path-to-node=\"15,3,1,0\"><b data-path-to-node=\"15,3,1,0\" data-index-in-node=\"0\"><span class=\"citation-11392\">Pami\u0105tkowe pami\u0105tki z wydarze\u0144:<\/span><\/b><span class=\"citation-11392\"> Ekologiczne pami\u0105tki na uroczyste kolacje, biegi charytatywne lub szczyty rzecznicze<\/span><\/span><span data-path-to-node=\"15,3,1,2\">.<\/span><\/p>\n<\/li>\n<\/ul>","protected":false},"excerpt":{"rendered":"<ul>\n<li>\n<p data-path-to-node=\"7,0,0\"><b data-path-to-node=\"7,0,0\" data-index-in-node=\"0\">Prezentacja gotowa do sprzeda\u017cy detalicznej:<\/b> Ka\u017cda bransoletka jest wst\u0119pnie zamontowana na kolorowym podk\u0142adzie o wymiarach 75 \u00d7 160 mm, dzi\u0119ki czemu jest wystarczaj\u0105co du\u017co miejsca na opowiadanie historii kampanii lub kody QR.<\/p>\n<\/li>\n<li>\n<p data-path-to-node=\"7,1,1\"><span data-path-to-node=\"7,1,1,0\"><b data-path-to-node=\"7,1,1,0\" data-index-in-node=\"0\"><span class=\"citation-11395\">W pe\u0142ni konfigurowalne zawieszki:<\/span><\/b><span class=\"citation-11395\"> Posiada wycinany laserowo akrylowy wisiorek dost\u0119pny w dowolnym kszta\u0142cie i kolorze, np. z wst\u0105\u017ckami lub logo informuj\u0105cymi o potrzebie edukacji<\/span><\/span><span data-path-to-node=\"7,1,1,2\">.<\/span><\/p>\n<\/li>\n<li>\n<p data-path-to-node=\"7,2,0\"><b data-path-to-node=\"7,2,0\" data-index-in-node=\"0\">Wyko\u0144czenie klasy jubilerskiej:<\/b> Wykonane z mi\u0119kkiego nylonowego lub bawe\u0142nianego sznurka i ozdobione eleganckimi srebrnymi koralikami, zaprojektowane z my\u015bl\u0105 o codziennym, d\u0142ugim noszeniu.<\/p>\n<\/li>\n<li>\n<p data-path-to-node=\"7,3,0\"><b data-path-to-node=\"7,3,0\" data-index-in-node=\"0\">Narz\u0119dzie B2B o du\u017cym wp\u0142ywie:<\/b> Idealne dla organizacji zajmuj\u0105cych si\u0119 opiek\u0105 zdrowotn\u0105, organizacji pozarz\u0105dowych i inicjatyw CSR w firmach przy minimalnym zam\u00f3wieniu 500 sztuk.<\/p>\n<\/li>\n<\/ul>","protected":false},"featured_media":6074,"comment_status":"closed","ping_status":"closed","template":"","meta":[],"product_brand":[],"product_cat":[122,45],"product_tag":[],"class_list":{"0":"post-6073","1":"product","2":"type-product","3":"status-publish","4":"has-post-thumbnail","6":"product_cat-promotional-accessories","7":"product_cat-other","9":"first","10":"instock","11":"shipping-taxable","12":"purchasable","13":"product-type-simple"},"_links":{"self":[{"href":"https:\/\/displayproducts.eu\/pl\/wp-json\/wp\/v2\/product\/6073","targetHints":{"allow":["GET"]}}],"collection":[{"href":"https:\/\/displayproducts.eu\/pl\/wp-json\/wp\/v2\/product"}],"about":[{"href":"https:\/\/displayproducts.eu\/pl\/wp-json\/wp\/v2\/types\/product"}],"replies":[{"embeddable":true,"href":"https:\/\/displayproducts.eu\/pl\/wp-json\/wp\/v2\/comments?post=6073"}],"wp:featuredmedia":[{"embeddable":true,"href":"https:\/\/displayproducts.eu\/pl\/wp-json\/wp\/v2\/media\/6074"}],"wp:attachment":[{"href":"https:\/\/displayproducts.eu\/pl\/wp-json\/wp\/v2\/media?parent=6073"}],"wp:term":[{"taxonomy":"product_brand","embeddable":true,"href":"https:\/\/displayproducts.eu\/pl\/wp-json\/wp\/v2\/product_brand?post=6073"},{"taxonomy":"product_cat","embeddable":true,"href":"https:\/\/displayproducts.eu\/pl\/wp-json\/wp\/v2\/product_cat?post=6073"},{"taxonomy":"product_tag","embeddable":true,"href":"https:\/\/displayproducts.eu\/pl\/wp-json\/wp\/v2\/product_tag?post=6073"}],"curies":[{"name":"wp","href":"https:\/\/api.w.org\/{rel}","templated":true}]}}