{"id":6070,"date":"2025-12-17T15:03:24","date_gmt":"2025-12-17T12:03:24","guid":{"rendered":"https:\/\/wristbandfactory.eu\/?post_type=product&#038;p=6070"},"modified":"2026-04-01T21:52:34","modified_gmt":"2026-04-01T18:52:34","slug":"custom-felt-sauna-hats-with-embroidery","status":"publish","type":"product","link":"https:\/\/displayproducts.eu\/pl\/p\/custom-felt-sauna-hats-with-embroidery\/","title":{"rendered":"Czapki do sauny z haftem (Logo)"},"content":{"rendered":"<p data-path-to-node=\"11\">Zmie\u0144 do\u015bwiadczenie sauny w bezpieczne, stylowe i niezapomniane wydarzenie dzi\u0119ki naszym <b>Z w\u0142asnym nadrukiem filcowe kapelusze do sauny<\/b>. Niezb\u0119dny dodatek dla ka\u017cdego powa\u017cnego mi\u0142o\u015bnika sauny, kapelusz dzia\u0142a jak izolator termiczny, utrzymuj\u0105c g\u0142ow\u0119 w ch\u0142odzie nawet w najgor\u0119tsze dni. <i>leil<\/i> (pary), co pozwala na d\u0142u\u017csz\u0105 i bardziej komfortow\u0105 sesj\u0119.<\/p>\n<p data-path-to-node=\"12\">Jak pokazuje nasz niestandardowy projekt dla <b>Tera Ehitus<\/b>, Markowy kapelusz do sauny to praktyczny i ceniony prezent firmowy. W przeciwie\u0144stwie do ozdobnych bibelot\u00f3w, ten przedmiot jest wielokrotnie u\u017cywany, kojarz\u0105c Twoj\u0105 mark\u0119 z relaksem i dobrym samopoczuciem. Niezale\u017cnie od tego, czy jest to zimowy wypoczynek firmy budowlanej, czy kolekcja detaliczna spa, te kapelusze oferuj\u0105 trwa\u0142o\u015b\u0107 i wygod\u0119.<\/p>\n<h2 data-path-to-node=\"13\">G\u0142\u00f3wne cechy<\/h2>\n<ul data-path-to-node=\"14\">\n<li>\n<p data-path-to-node=\"14,0,0\"><b>Doskona\u0142a termoregulacja:<\/b> U\u017cywamy materia\u0142\u00f3w o wysokiej g\u0119sto\u015bci filcowanych, produkowanych maszynami przemys\u0142owymi. Proces filcowania wodnego znacznie redukuje naturalny zapach we\u0142ny owczej, zachowuj\u0105c jednocze\u015bnie doskona\u0142e w\u0142a\u015bciwo\u015bci izolacyjne.<\/p>\n<\/li>\n<li>\n<p data-path-to-node=\"14,1,0\"><b>Haft personalizowany:<\/b> Specjalizujemy si\u0119 w <b>Haft maszynowy<\/b>, kt\u00f3ra jest jedyn\u0105 trwa\u0142\u0105 metod\u0105 brandingu filcu. Mo\u017cemy wyhaftowa\u0107 logo Twojej firmy lub \u2013 dla prawdziwie osobistego akcentu \u2013<b>nazwy indywidualne<\/b> dla ka\u017cdego cz\u0142onka zespo\u0142u.<\/p>\n<\/li>\n<li>\n<p data-path-to-node=\"14,2,0\"><b>R\u00f3\u017cnorodno\u015b\u0107 materia\u0142\u00f3w:<\/b><\/p>\n<ul data-path-to-node=\"14,2,1\">\n<li>\n<p data-path-to-node=\"14,2,1,0,0\"><i>Filc przemys\u0142owy:<\/i> Wytrzyma\u0142e i zachowuj\u0105ce kszta\u0142t.<\/p>\n<\/li>\n<li>\n<p data-path-to-node=\"14,2,1,1,0\"><i>Mieszanka we\u0142ny i poliestru:<\/i> Trwa\u0142e i ekonomiczne.<\/p>\n<\/li>\n<li>\n<p data-path-to-node=\"14,2,1,2,0\"><i>Len (40%) \/ Bawe\u0142na (60%):<\/i> L\u017cejsza, naturalna alternatywa dla os\u00f3b, dla kt\u00f3rych we\u0142na jest zbyt ci\u0119\u017cka.<\/p>\n<\/li>\n<\/ul>\n<\/li>\n<li>\n<p data-path-to-node=\"14,3,0\"><b>Uniwersalne dopasowanie:<\/b> Elastyczny materia\u0142 filcowy wygodnie dopasowuje si\u0119 do wi\u0119kszo\u015bci rozmiar\u00f3w g\u0142owy, nie powoduj\u0105c uczucia ucisku.<\/p>\n<\/li>\n<\/ul>\n<h2 data-path-to-node=\"15\">Specyfikacje<\/h2>\n<ul data-path-to-node=\"16\">\n<li>\n<p data-path-to-node=\"16,0,0\"><b>Tworzywo:<\/b> Filc we\u0142niany prasowany, filc syntetyczny lub mieszanka lnu i bawe\u0142ny.<\/p>\n<\/li>\n<li>\n<p data-path-to-node=\"16,1,0\"><b>Technika:<\/b> Przemys\u0142owe filcowanie wodne (s\u0142abo pachn\u0105ce).<\/p>\n<\/li>\n<li>\n<p data-path-to-node=\"16,2,0\"><b>Kolor:<\/b> Naturalne wzory szare, bia\u0142e lub dwukolorowe.<\/p>\n<\/li>\n<li>\n<p data-path-to-node=\"16,3,0\"><b>Branding:<\/b> Haft maszynowy (ni\u0107mi dopasowanymi do koloru Pantone).<\/p>\n<\/li>\n<li>\n<p data-path-to-node=\"16,4,0\"><b>Rozmiar:<\/b> Jeden rozmiar pasuje wi\u0119kszo\u015bci (unisex).<\/p>\n<\/li>\n<li>\n<p data-path-to-node=\"16,5,0\"><b>Piel\u0119gnacja:<\/b> Pranie r\u0119czne lub w cyklu dla we\u0142ny delikatnej.<\/p>\n<\/li>\n<\/ul>\n<h2 data-path-to-node=\"17\">Przypadki u\u017cycia<\/h2>\n<ul data-path-to-node=\"18\">\n<li>\n<p data-path-to-node=\"18,0,0\"><b>Prezenty firmowe:<\/b> Spersonalizowane prezenty z imionami pracownik\u00f3w na Bo\u017ce Narodzenie lub letnie dni.<\/p>\n<\/li>\n<li>\n<p data-path-to-node=\"18,1,0\"><b>Spa i hotele:<\/b> Markowe udogodnienia na sprzeda\u017c lub wynajem go\u015bciom.<\/p>\n<\/li>\n<li>\n<p data-path-to-node=\"18,2,0\"><b>Budownictwo i przemys\u0142:<\/b> Wytrzyma\u0142e i praktyczne prezenty dla partner\u00f3w (jak przyk\u0142ad Tera Ehitus).<\/p>\n<\/li>\n<li>\n<p data-path-to-node=\"18,3,0\"><b>Wydarzenia:<\/b> \u201cMaraton Sauny\u201d lub gad\u017cety team buildingowe.<\/p>\n<\/li>\n<\/ul>","protected":false},"excerpt":{"rendered":"<ul data-path-to-node=\"10\">\n<li>\n<p data-path-to-node=\"10,0,0\"><b>Ochrona przed ciep\u0142em:<\/b> Izoluje g\u0142ow\u0119 i w\u0142osy przed ekstremalnym ciep\u0142em, zapobiegaj\u0105c przegrzaniu.<\/p>\n<\/li>\n<li>\n<p data-path-to-node=\"10,1,0\"><b>Opcje materia\u0142owe:<\/b> Filc we\u0142niany przemys\u0142owy (o s\u0142abym zapachu), mieszanka we\u0142ny i poliestru lub mieszanka lnu i bawe\u0142ny.<\/p>\n<\/li>\n<li>\n<p data-path-to-node=\"10,2,0\"><b>Branding premium:<\/b> Wysokiej jako\u015bci maszynowy haft logotyp\u00f3w i indywidualnych nazw.<\/p>\n<\/li>\n<li>\n<p data-path-to-node=\"10,3,0\"><b>Projekty z w\u0142asnym nadrukiem:<\/b> Dost\u0119pne w klasycznym kolorze szarym, w paski lub o niestandardowych kszta\u0142tach.<\/p>\n<\/li>\n<\/ul>\n<p data-path-to-node=\"11\">","protected":false},"featured_media":6830,"comment_status":"closed","ping_status":"closed","template":"","meta":[],"product_brand":[],"product_cat":[130,132],"product_tag":[],"class_list":{"0":"post-6070","1":"product","2":"type-product","3":"status-publish","4":"has-post-thumbnail","6":"product_cat-custom-headwear","7":"product_cat-hotel-spa-amenities","9":"first","10":"instock","11":"shipping-taxable","12":"purchasable","13":"product-type-simple"},"_links":{"self":[{"href":"https:\/\/displayproducts.eu\/pl\/wp-json\/wp\/v2\/product\/6070","targetHints":{"allow":["GET"]}}],"collection":[{"href":"https:\/\/displayproducts.eu\/pl\/wp-json\/wp\/v2\/product"}],"about":[{"href":"https:\/\/displayproducts.eu\/pl\/wp-json\/wp\/v2\/types\/product"}],"replies":[{"embeddable":true,"href":"https:\/\/displayproducts.eu\/pl\/wp-json\/wp\/v2\/comments?post=6070"}],"wp:featuredmedia":[{"embeddable":true,"href":"https:\/\/displayproducts.eu\/pl\/wp-json\/wp\/v2\/media\/6830"}],"wp:attachment":[{"href":"https:\/\/displayproducts.eu\/pl\/wp-json\/wp\/v2\/media?parent=6070"}],"wp:term":[{"taxonomy":"product_brand","embeddable":true,"href":"https:\/\/displayproducts.eu\/pl\/wp-json\/wp\/v2\/product_brand?post=6070"},{"taxonomy":"product_cat","embeddable":true,"href":"https:\/\/displayproducts.eu\/pl\/wp-json\/wp\/v2\/product_cat?post=6070"},{"taxonomy":"product_tag","embeddable":true,"href":"https:\/\/displayproducts.eu\/pl\/wp-json\/wp\/v2\/product_tag?post=6070"}],"curies":[{"name":"wp","href":"https:\/\/api.w.org\/{rel}","templated":true}]}}