{"id":6068,"date":"2025-12-17T14:59:31","date_gmt":"2025-12-17T11:59:31","guid":{"rendered":"https:\/\/wristbandfactory.eu\/?post_type=product&#038;p=6068"},"modified":"2026-04-01T21:52:35","modified_gmt":"2026-04-01T18:52:35","slug":"custom-embroidered-sleeve-patches-with-velcro","status":"publish","type":"product","link":"https:\/\/displayproducts.eu\/pl\/p\/custom-embroidered-sleeve-patches-with-velcro\/","title":{"rendered":"Naszywki haftowane z rzepem"},"content":{"rendered":"<p data-path-to-node=\"11\">Wyposa\u017c swoj\u0105 dru\u017cyn\u0119, jednostk\u0119 lub klub w <b>Z w\u0142asnym nadrukiem haftowane naszywki na r\u0119kawy<\/b>. Zaprojektowane z my\u015bl\u0105 o trwa\u0142o\u015bci i presti\u017cu, te naszywki s\u0105 standardowym wyborem dla jednostek wojskowych, firm ochroniarskich i zespo\u0142\u00f3w airsoft, kt\u00f3re wymagaj\u0105 profesjonalnej identyfikacji, kt\u00f3r\u0105 mo\u017cna \u0142atwo przyczepi\u0107 lub usun\u0105\u0107.<\/p>\n<p data-path-to-node=\"12\">Doskona\u0142ym przyk\u0142adem naszego kunsztu jest emblemat stworzony dla <b>Rezerwi\u015bci Batalionu Logistycznego<\/b>. Ta naszywka o wymiarach 80\u00d790 mm przedstawia majestatycznego z\u0142otego smoka wyhaftowanego na ciemnofioletowym tle. U\u017cyli\u015bmy wysokiej jako\u015bci <b>metaliczna z\u0142ota ni\u0107<\/b> aby podkre\u015bli\u0107 misterne szczeg\u00f3\u0142y smoka, symbolizuj\u0105cego moc i doskona\u0142o\u015b\u0107.<\/p>\n<h2 data-path-to-node=\"13\">G\u0142\u00f3wne cechy<\/h2>\n<ul data-path-to-node=\"14\">\n<li>\n<p data-path-to-node=\"14,0,0\"><b>Podk\u0142ad rzepowy:<\/b> Naszywki posiadaj\u0105 mocn\u0105 warstw\u0119 rzepu (po stronie haczyk\u00f3w) przyszyt\u0105 od spodu, co umo\u017cliwia natychmiastowe przymocowanie ich do mundur\u00f3w, kamizelek taktycznych lub plecak\u00f3w.<\/p>\n<\/li>\n<li>\n<p data-path-to-node=\"14,1,0\"><b>W\u0105tki premium:<\/b> Oferujemy szerok\u0105 gam\u0119 kolor\u00f3w nici, w tym opcje metaliczne (z\u0142ote, srebrne), dzi\u0119ki czemu okre\u015blone elementy projektu wyr\u00f3\u017cniaj\u0105 si\u0119 na tle otoczenia.<\/p>\n<\/li>\n<li>\n<p data-path-to-node=\"14,2,0\"><b>Wzmocnione kraw\u0119dzie:<\/b> Wyko\u0144czony solidn\u0105 czarn\u0105 <b>granica merrowed<\/b> (\u015bcieg owerlokowy), kt\u00f3ry zapobiega strz\u0119pieniu si\u0119 materia\u0142u i doskonale podkre\u015bla wz\u00f3r.<\/p>\n<\/li>\n<li>\n<p data-path-to-node=\"14,3,0\"><b>Wszechstronne zastosowanie:<\/b> Doskonale nadaje si\u0119 do rozr\u00f3\u017cniania rang, jednostek lub wydzia\u0142\u00f3w, bez konieczno\u015bci trwa\u0142ej zmiany ubioru.<\/p>\n<\/li>\n<\/ul>\n<h2 data-path-to-node=\"15\">Specyfikacje<\/h2>\n<ul data-path-to-node=\"16\">\n<li>\n<p data-path-to-node=\"16,0,0\"><b>Rozmiar standardowy:<\/b> Z w\u0142asnym nadrukiem (np. 80 \u00d7 90 mm).<\/p>\n<\/li>\n<li>\n<p data-path-to-node=\"16,1,0\"><b>Tworzywo:<\/b> Tkanina bazowa typu twill z ni\u0107mi do haftu z poliestru\/wiskozy.<\/p>\n<\/li>\n<li>\n<p data-path-to-node=\"16,2,0\"><b>Poparcie:<\/b> Rzep (haczyk i p\u0119telka) lub do przyszycia\/naprasowania.<\/p>\n<\/li>\n<li>\n<p data-path-to-node=\"16,3,0\"><b>Granica:<\/b> Kraw\u0119d\u017a frezowana (standardowa) lub wycinana laserowo (w przypadku skomplikowanych kszta\u0142t\u00f3w).<\/p>\n<\/li>\n<li>\n<p data-path-to-node=\"16,4,0\"><b>Zasi\u0119g:<\/b> Mo\u017cliwo\u015b\u0107 pokrycia haftem do 100%.<\/p>\n<\/li>\n<li>\n<p data-path-to-node=\"16,5,0\"><b>Minimalne zapytanie ofertowe:<\/b> 50 jednostek.<\/p>\n<\/li>\n<\/ul>\n<h2 data-path-to-node=\"17\">Przypadki u\u017cycia<\/h2>\n<ul data-path-to-node=\"18\">\n<li>\n<p data-path-to-node=\"18,0,0\"><b>Wojsko i obrona:<\/b> Oznakowania jednostek i naszywki rang (jak w przyk\u0142adzie Batalionu Logistycznego).<\/p>\n<\/li>\n<li>\n<p data-path-to-node=\"18,1,0\"><b>Firmy ochroniarskie:<\/b> Jednolita identyfikacja wizualna, kt\u00f3r\u0105 mo\u017cna przenosi\u0107 mi\u0119dzy kurtkami i koszulami.<\/p>\n<\/li>\n<li>\n<p data-path-to-node=\"18,2,0\"><b>Airsoft i Paintball:<\/b> Naszywki dru\u017cynowe i naszywki morale.<\/p>\n<\/li>\n<li>\n<p data-path-to-node=\"18,3,0\"><b>Odzie\u017c robocza:<\/b> Trwa\u0142e oznakowanie dla pracownik\u00f3w bran\u017cy mechanicznej, budowlanej i logistycznej.<\/p>\n<\/li>\n<\/ul>","protected":false},"excerpt":{"rendered":"<ul>\n<li>\n<p data-path-to-node=\"10,0,0\"><b>Za\u0142\u0105cznik:<\/b> Trwa\u0142a warstwa rzepu (rzep) umo\u017cliwiaj\u0105ca \u0142atwe zdejmowanie i wymian\u0119.<\/p>\n<\/li>\n<li>\n<p data-path-to-node=\"10,1,0\"><b>Szczeg\u00f3\u0142y:<\/b> Haft o du\u017cej g\u0119sto\u015bci, wykonywany przy u\u017cyciu standardowych lub metalicznych nici (np. z\u0142otych).<\/p>\n<\/li>\n<li>\n<p data-path-to-node=\"10,2,0\"><b>Wyko\u0144czenie kraw\u0119dzi:<\/b> Obszyte overlockiem brzegi zapewniaj\u0105 trwa\u0142o\u015b\u0107 i profesjonalny wygl\u0105d.<\/p>\n<\/li>\n<li>\n<p data-path-to-node=\"10,3,0\"><b>Personalizacja:<\/b> W pe\u0142ni z w\u0142asnym nadrukiem kszta\u0142ty i rozmiary (przyk\u0142ad: 80x90mm).<\/p>\n<\/li>\n<\/ul>","protected":false},"featured_media":6331,"comment_status":"closed","ping_status":"closed","template":"","meta":[],"product_brand":[],"product_cat":[124,122],"product_tag":[],"class_list":{"0":"post-6068","1":"product","2":"type-product","3":"status-publish","4":"has-post-thumbnail","6":"product_cat-id-solutions","7":"product_cat-promotional-accessories","9":"first","10":"instock","11":"shipping-taxable","12":"purchasable","13":"product-type-simple"},"_links":{"self":[{"href":"https:\/\/displayproducts.eu\/pl\/wp-json\/wp\/v2\/product\/6068","targetHints":{"allow":["GET"]}}],"collection":[{"href":"https:\/\/displayproducts.eu\/pl\/wp-json\/wp\/v2\/product"}],"about":[{"href":"https:\/\/displayproducts.eu\/pl\/wp-json\/wp\/v2\/types\/product"}],"replies":[{"embeddable":true,"href":"https:\/\/displayproducts.eu\/pl\/wp-json\/wp\/v2\/comments?post=6068"}],"wp:featuredmedia":[{"embeddable":true,"href":"https:\/\/displayproducts.eu\/pl\/wp-json\/wp\/v2\/media\/6331"}],"wp:attachment":[{"href":"https:\/\/displayproducts.eu\/pl\/wp-json\/wp\/v2\/media?parent=6068"}],"wp:term":[{"taxonomy":"product_brand","embeddable":true,"href":"https:\/\/displayproducts.eu\/pl\/wp-json\/wp\/v2\/product_brand?post=6068"},{"taxonomy":"product_cat","embeddable":true,"href":"https:\/\/displayproducts.eu\/pl\/wp-json\/wp\/v2\/product_cat?post=6068"},{"taxonomy":"product_tag","embeddable":true,"href":"https:\/\/displayproducts.eu\/pl\/wp-json\/wp\/v2\/product_tag?post=6068"}],"curies":[{"name":"wp","href":"https:\/\/api.w.org\/{rel}","templated":true}]}}