{"id":6063,"date":"2025-12-17T14:55:40","date_gmt":"2025-12-17T11:55:40","guid":{"rendered":"https:\/\/wristbandfactory.eu\/?post_type=product&#038;p=6063"},"modified":"2026-04-01T21:52:03","modified_gmt":"2026-04-01T18:52:03","slug":"custom-designed-plush-toys-mascots","status":"publish","type":"product","link":"https:\/\/displayproducts.eu\/pl\/p\/custom-designed-plush-toys-mascots\/","title":{"rendered":"Pluszowe maskotki na zapytanie ofertowe (W\u0142asny projekt)"},"content":{"rendered":"<p data-path-to-node=\"11\">O\u017cyw charakter swojej marki dzi\u0119ki naszym <b>Zabawki pluszowe i maskotki projektowane na zapytanie ofertowe<\/b>. Spersonalizowana pluszowa zabawka to co\u015b wi\u0119cej ni\u017c tylko gad\u017cet promocyjny \u2014 to emocjonalny filar, kt\u00f3ry \u0142\u0105czy Twoj\u0105 mark\u0119 z rodzinami i dzie\u0107mi, zmieniaj\u0105c identyfikacj\u0119 wizualn\u0105 firmy w ukochanego towarzysza.<\/p>\n<p data-path-to-node=\"12\">Jak wida\u0107 na przyk\u0142adzie <b>\u201cV-Kr\u00f3liczek\u201d (V-J\u00e4nku)<\/b> stworzony dla <b>V-Spa<\/b>, Dobrze wykonana maskotka sama w sobie staje si\u0119 niezapomnianym prze\u017cyciem. Stanowi namacaln\u0105 pami\u0105tk\u0119 z wizyty, mi\u0142y upominek dla dziecka i niezwykle fotogeniczny gad\u017cet do medi\u00f3w spo\u0142eczno\u015bciowych. W przeciwie\u0144stwie do standardowych produkt\u00f3w z katalogu, te zabawki s\u0105 produkowane od podstaw, aby dopasowa\u0107 je do indywidualnego projektu, kszta\u0142tu i palety kolor\u00f3w.<\/p>\n<h2 data-path-to-node=\"13\">G\u0142\u00f3wne cechy<\/h2>\n<ul data-path-to-node=\"14\">\n<li>\n<p data-path-to-node=\"14,0,0\"><b>Produkcja na zapytanie ofertowe:<\/b> Nie tylko drukujemy na istniej\u0105cych misiach; tworzymy <i>tw\u00f3j<\/i> charakter. Niezale\u017cnie od tego, czy jest to zwierz\u0119, spersonalizowany produkt, czy unikalny kszta\u0142t, tworzymy go od podstaw.<\/p>\n<\/li>\n<li>\n<p data-path-to-node=\"14,1,0\"><b>Materia\u0142y najwy\u017cszej jako\u015bci:<\/b> Wykonane z mi\u0119kkiego <b>Plusz poliestrowy<\/b> kt\u00f3ry jest luksusowy w dotyku. Jest wystarczaj\u0105co wytrzyma\u0142y do zabawy, a jednocze\u015bnie wystarczaj\u0105co mi\u0119kki, aby si\u0119 do niego przytula\u0107.<\/p>\n<\/li>\n<li>\n<p data-path-to-node=\"14,2,0\"><b>Marketing emocjonalny:<\/b> Idealnie nadaje si\u0119 do kreowania \u201cprzyjaznego\u201d wizerunku marki. Maskotka pomaga humanizowa\u0107 firmy z sektor\u00f3w takich jak hotelarstwo, opieka zdrowotna i handel detaliczny.<\/p>\n<\/li>\n<li>\n<p data-path-to-node=\"14,3,0\"><b>Zorientowany na szczeg\u00f3\u0142y:<\/b> Precyzyjne haftowanie rys\u00f3w twarzy i logo gwarantuje, \u017ce maskotka wygl\u0105da dok\u0142adnie tak, jak Tw\u00f3j projekt cyfrowy.<\/p>\n<\/li>\n<\/ul>\n<h2 data-path-to-node=\"15\">Specyfikacje<\/h2>\n<ul data-path-to-node=\"16\">\n<li>\n<p data-path-to-node=\"16,0,0\"><b>Tworzywo:<\/b> 100% Plusz poliestrowy (dost\u0119pny z kr\u00f3tkim lub d\u0142ugim w\u0142osiem).<\/p>\n<\/li>\n<li>\n<p data-path-to-node=\"16,1,0\"><b>Po\u017cywny:<\/b> Bawe\u0142na PP (hipoalergiczna).<\/p>\n<\/li>\n<li>\n<p data-path-to-node=\"16,2,0\"><b>Rozmiar:<\/b> Z w\u0142asnym nadrukiem (standardowe rozmiary: 15cm, 20cm, 25cm, 30cm).<\/p>\n<\/li>\n<li>\n<p data-path-to-node=\"16,3,0\"><b>Metody brandingu:<\/b> Haft (oczy, logo), nadruk sublimacyjny (w przypadku wzor\u00f3w), wszywana metka tkana.<\/p>\n<\/li>\n<li>\n<p data-path-to-node=\"16,4,0\"><b>Norma bezpiecze\u0144stwa:<\/b> Materia\u0142y zgodne z norm\u0105 CE \/ EN71 dost\u0119pne na \u017cyczenie.<\/p>\n<\/li>\n<li>\n<p data-path-to-node=\"16,5,0\"><b>Minimalne zapytanie ofertowe:<\/b> Zam\u00f3wienia na z w\u0142asnym nadrukiem kszta\u0142ty zaczynaj\u0105 si\u0119 zazwyczaj od 500\u20131000 sztuk ze wzgl\u0119du na koszty form\/wzor\u00f3w.<\/p>\n<\/li>\n<\/ul>\n<h2 data-path-to-node=\"17\">Przypadki u\u017cycia<\/h2>\n<ul data-path-to-node=\"18\">\n<li>\n<p data-path-to-node=\"18,0,0\"><b>Spa i hotele:<\/b> Prezenty powitalne dla dzieci lub artyku\u0142y detaliczne w sklepie w lobby (np. V-Spa).<\/p>\n<\/li>\n<li>\n<p data-path-to-node=\"18,1,0\"><b>Dru\u017cyny sportowe:<\/b> Maskotki dru\u017cyn, kt\u00f3re kibice mog\u0105 kupi\u0107 i macha\u0107 nimi podczas mecz\u00f3w.<\/p>\n<\/li>\n<li>\n<p data-path-to-node=\"18,2,0\"><b>Wprowadzanie produkt\u00f3w na rynek:<\/b> Przekszta\u0142cenie nowego produktu w posta\u0107 na potrzeby kampanii.<\/p>\n<\/li>\n<li>\n<p data-path-to-node=\"18,3,0\"><b>Dzia\u0142alno\u015b\u0107 charytatywna i opieka zdrowotna:<\/b> Zabawki pocieszenia dla szpitali lub kampanii zbierania funduszy.<\/p>\n<\/li>\n<\/ul>\n<p data-path-to-node=\"19\">","protected":false},"excerpt":{"rendered":"<ul data-path-to-node=\"10\">\n<li>\n<p data-path-to-node=\"10,0,0\"><b>Tworzywo:<\/b> Wysokiej jako\u015bci plusz poliestrowy 100% (mi\u0119kki, jedwabisty i wytrzyma\u0142y).<\/p>\n<\/li>\n<li>\n<p data-path-to-node=\"10,1,0\"><b>W pe\u0142ni dostosowane:<\/b> Wyprodukujemy dowolny kszta\u0142t na podstawie Twojej maskotki lub logo.<\/p>\n<\/li>\n<li>\n<p data-path-to-node=\"10,2,0\"><b>Bezpiecze\u0144stwo:<\/b> Materia\u0142y przyjazne dzieciom, odpowiednie na prezenty i do sprzeda\u017cy detalicznej.<\/p>\n<\/li>\n<li>\n<p data-path-to-node=\"10,3,0\"><b>Branding:<\/b> Z w\u0142asnym nadrukiem kolory, haft i wszywane etykiety.<\/p>\n<\/li>\n<\/ul>\n<p data-path-to-node=\"11\">","protected":false},"featured_media":6064,"comment_status":"closed","ping_status":"closed","template":"","meta":[],"product_brand":[],"product_cat":[121],"product_tag":[],"class_list":{"0":"post-6063","1":"product","2":"type-product","3":"status-publish","4":"has-post-thumbnail","6":"product_cat-promotional-merchandise","8":"first","9":"instock","10":"shipping-taxable","11":"purchasable","12":"product-type-simple"},"_links":{"self":[{"href":"https:\/\/displayproducts.eu\/pl\/wp-json\/wp\/v2\/product\/6063","targetHints":{"allow":["GET"]}}],"collection":[{"href":"https:\/\/displayproducts.eu\/pl\/wp-json\/wp\/v2\/product"}],"about":[{"href":"https:\/\/displayproducts.eu\/pl\/wp-json\/wp\/v2\/types\/product"}],"replies":[{"embeddable":true,"href":"https:\/\/displayproducts.eu\/pl\/wp-json\/wp\/v2\/comments?post=6063"}],"wp:featuredmedia":[{"embeddable":true,"href":"https:\/\/displayproducts.eu\/pl\/wp-json\/wp\/v2\/media\/6064"}],"wp:attachment":[{"href":"https:\/\/displayproducts.eu\/pl\/wp-json\/wp\/v2\/media?parent=6063"}],"wp:term":[{"taxonomy":"product_brand","embeddable":true,"href":"https:\/\/displayproducts.eu\/pl\/wp-json\/wp\/v2\/product_brand?post=6063"},{"taxonomy":"product_cat","embeddable":true,"href":"https:\/\/displayproducts.eu\/pl\/wp-json\/wp\/v2\/product_cat?post=6063"},{"taxonomy":"product_tag","embeddable":true,"href":"https:\/\/displayproducts.eu\/pl\/wp-json\/wp\/v2\/product_tag?post=6063"}],"curies":[{"name":"wp","href":"https:\/\/api.w.org\/{rel}","templated":true}]}}