{"id":6058,"date":"2025-12-17T14:37:45","date_gmt":"2025-12-17T11:37:45","guid":{"rendered":"https:\/\/wristbandfactory.eu\/?post_type=product&#038;p=6058"},"modified":"2026-04-01T21:52:35","modified_gmt":"2026-04-01T18:52:35","slug":"custom-hotel-slippers-with-logo-premium-standard","status":"publish","type":"product","link":"https:\/\/displayproducts.eu\/pl\/p\/custom-hotel-slippers-with-logo-premium-standard\/","title":{"rendered":"Kapcie hotelowe z logo"},"content":{"rendered":"<p data-path-to-node=\"12\">Zapewnij swoim go\u015bciom natychmiastowy komfort i wyrafinowanie dzi\u0119ki naszym <b>Z w\u0142asnym nadrukiem kapcie hotelowe<\/b>. Niezale\u017cnie od tego, czy zarz\u0105dzasz luksusowym o\u015brodkiem wypoczynkowym, butikowym spa, czy po prostu chcesz zapewni\u0107 markowy komfort w biurze, spersonalizowane kapcie to doskona\u0142y gest powitalny.<\/p>\n<p data-path-to-node=\"13\">Oferujemy elastyczn\u0105 us\u0142ug\u0119 produkcyjn\u0105 dostosowan\u0105 do ka\u017cdego poziomu bud\u017cetu. Wybierz <b>Modele Premium<\/b> (Welur, polar koralowy) \u2013 zapewniamy go\u015bciom mi\u0119kkie i wielokrotnego u\u017cytku do\u015bwiadczenie, kt\u00f3re zechc\u0105 zabra\u0107 do strona g\u0142\u00f3wnau lub wybra\u0107 <b>Modele standardowe\/bud\u017cetowe<\/b> (Poliester frotte, w\u0142\u00f3knina) dla ekonomicznych rozwi\u0105za\u0144 przy du\u017cych nak\u0142adach.<\/p>\n<p data-path-to-node=\"14\">Zaufa\u0142y nam wiod\u0105ce esto\u0144skie marki hotelarskie, takie jak <b>VSPA, AQVA SPA, GOSPA, Dw\u00f3r Vihula i Hotel Antonius<\/b>, Nasze kapcie \u0142\u0105cz\u0105 w sobie trwa\u0142o\u015b\u0107 z eleganckim designem.<\/p>\n<h2 data-path-to-node=\"15\">G\u0142\u00f3wne cechy<\/h2>\n<ul data-path-to-node=\"16\">\n<li>\n<p data-path-to-node=\"16,0,0\"><b>R\u00f3\u017cnorodno\u015b\u0107 materia\u0142\u00f3w:<\/b><\/p>\n<ul data-path-to-node=\"16,0,1\">\n<li>\n<p data-path-to-node=\"16,0,1,0,0\"><i>Luksus:<\/i> Mi\u0119kki welur, pluszowy polar koralowy lub teksturowana tkanina waflowa.<\/p>\n<\/li>\n<li>\n<p data-path-to-node=\"16,0,1,1,0\"><i>Standard:<\/i> Klasyczna tkanina frotte (mieszanka poliestru i bawe\u0142ny).<\/p>\n<\/li>\n<li>\n<p data-path-to-node=\"16,0,1,2,0\"><i>Bud\u017cet:<\/i> Opcje w\u0142\u00f3kninowe i piankowe do kr\u00f3tkotrwa\u0142ego stosowania.<\/p>\n<\/li>\n<\/ul>\n<\/li>\n<li>\n<p data-path-to-node=\"16,1,0\"><b>Pe\u0142na personalizacja:<\/b> Oferujemy personalizacj\u0119 100%. Dopasuj kolor kapci do identyfikacji swojej marki i wybierz pomi\u0119dzy <b>Haft<\/b> (dla uzyskania wygl\u0105du premium 3D) lub <b>Druk transferowy<\/b> (dla szczeg\u00f3\u0142owych logotyp\u00f3w).<\/p>\n<\/li>\n<li>\n<p data-path-to-node=\"16,2,0\"><b>Bezpiecze\u0144stwo i trwa\u0142o\u015b\u0107:<\/b> Wszystkie modele maj\u0105 solidne podeszwy zapewniaj\u0105ce doskona\u0142\u0105 przyczepno\u015b\u0107, dzi\u0119ki czemu mo\u017cna ich bezpiecznie u\u017cywa\u0107 na kafelkowych pod\u0142ogach w \u0142azienkach, w strefach spa oraz na parkiecie.<\/p>\n<\/li>\n<li>\n<p data-path-to-node=\"16,3,0\"><b>Bezpo\u015brednio z fabryki:<\/b> Produkcja niestandardowa rozpoczyna si\u0119 od <b>5000 par<\/b>, gwarantuj\u0105c najlepsz\u0105 cen\u0119 za jednostk\u0119 i pe\u0142n\u0105 kontrol\u0119 nad szczeg\u00f3\u0142ami projektu.<\/p>\n<\/li>\n<\/ul>\n<h2 data-path-to-node=\"17\">Specyfikacje<\/h2>\n<ul data-path-to-node=\"18\">\n<li>\n<p data-path-to-node=\"18,0,0\"><b>Przybory:<\/b> Welur, polar koralowy, wafel, frotte, w\u0142\u00f3knina.<\/p>\n<\/li>\n<li>\n<p data-path-to-node=\"18,1,0\"><b>Podeszwa:<\/b> EVA (antypo\u015blizgowa) o zmiennej grubo\u015bci (3 mm \u2013 6 mm).<\/p>\n<\/li>\n<li>\n<p data-path-to-node=\"18,2,0\"><b>Rozmiar:<\/b> Uniwersalny rozmiar dla doros\u0142ych (ok. 28-29 cm). Dost\u0119pne rozmiary z w\u0142asnym nadrukiem.<\/p>\n<\/li>\n<li>\n<p data-path-to-node=\"18,3,0\"><b>Branding:<\/b> Haft lub nadruk sitodrukowy\/transferowy.<\/p>\n<\/li>\n<li>\n<p data-path-to-node=\"18,4,0\"><b>Zabarwienie:<\/b> Mo\u017cliwo\u015b\u0107 dopasowania tkaniny do indywidualnych preferencji Pantone.<\/p>\n<\/li>\n<li>\n<p data-path-to-node=\"18,5,0\"><b>Minimalne zapytanie ofertowe:<\/b> 5000 par (pe\u0142na produkcja na zapytanie ofertowe).<\/p>\n<\/li>\n<\/ul>\n<h2 data-path-to-node=\"19\">Przypadki u\u017cycia<\/h2>\n<ul data-path-to-node=\"20\">\n<li>\n<p data-path-to-node=\"20,0,0\"><b>Hotele i o\u015brodki wypoczynkowe:<\/b> Udogodnienia w pokoju, kt\u00f3re podnosz\u0105 ocen\u0119 go\u015bci.<\/p>\n<\/li>\n<li>\n<p data-path-to-node=\"20,1,0\"><b>Spa i centra odnowy biologicznej:<\/b> Niezb\u0119dne obuwie antypo\u015blizgowe do poruszania si\u0119 w mokrych pomieszczeniach.<\/p>\n<\/li>\n<li>\n<p data-path-to-node=\"20,2,0\"><b>Prezenty firmowe:<\/b> Wysokiej jako\u015bci welurowe kapcie do biura lub zestawu podr\u00f3\u017cnego.<\/p>\n<\/li>\n<li>\n<p data-path-to-node=\"20,3,0\"><b>Medycyna i uroda:<\/b> Higieniczne, jednorazowe rozwi\u0105zania dla klinik.<\/p>\n<\/li>\n<\/ul>","protected":false},"excerpt":{"rendered":"<ul>\n<li>\n<p data-path-to-node=\"11,0,0\"><b>Zakres jako\u015bci:<\/b> Dost\u0119pne w wersji Premium Velour, Coral Fleece, Waffle Fabric lub Budget Terry\/Foam.<\/p>\n<\/li>\n<li>\n<p data-path-to-node=\"11,1,0\"><b>Personalizacja:<\/b> Wysokiej jako\u015bci haft dla uzyskania luksusowego wygl\u0105du lub sitodruk dla ekonomicznego budowania marki.<\/p>\n<\/li>\n<li>\n<p data-path-to-node=\"11,2,0\"><b>Bezpiecze\u0144stwo przede wszystkim:<\/b> Trwa\u0142e, antypo\u015blizgowe podeszwy, odpowiednie do mokrych pod\u0142\u00f3g w spa i pokojach hotelowych.<\/p>\n<\/li>\n<li>\n<p data-path-to-node=\"11,3,0\"><b>Sprawdzona jako\u015b\u0107:<\/b> Zaufa\u0142y nam najlepsze plac\u00f3wki, takie jak VSPA, GOSPA i AQVA Spa.<\/p>\n<\/li>\n<\/ul>","protected":false},"featured_media":6059,"comment_status":"closed","ping_status":"closed","template":"","meta":[],"product_brand":[],"product_cat":[132],"product_tag":[],"class_list":{"0":"post-6058","1":"product","2":"type-product","3":"status-publish","4":"has-post-thumbnail","6":"product_cat-hotel-spa-amenities","8":"first","9":"instock","10":"shipping-taxable","11":"purchasable","12":"product-type-simple"},"_links":{"self":[{"href":"https:\/\/displayproducts.eu\/pl\/wp-json\/wp\/v2\/product\/6058","targetHints":{"allow":["GET"]}}],"collection":[{"href":"https:\/\/displayproducts.eu\/pl\/wp-json\/wp\/v2\/product"}],"about":[{"href":"https:\/\/displayproducts.eu\/pl\/wp-json\/wp\/v2\/types\/product"}],"replies":[{"embeddable":true,"href":"https:\/\/displayproducts.eu\/pl\/wp-json\/wp\/v2\/comments?post=6058"}],"wp:featuredmedia":[{"embeddable":true,"href":"https:\/\/displayproducts.eu\/pl\/wp-json\/wp\/v2\/media\/6059"}],"wp:attachment":[{"href":"https:\/\/displayproducts.eu\/pl\/wp-json\/wp\/v2\/media?parent=6058"}],"wp:term":[{"taxonomy":"product_brand","embeddable":true,"href":"https:\/\/displayproducts.eu\/pl\/wp-json\/wp\/v2\/product_brand?post=6058"},{"taxonomy":"product_cat","embeddable":true,"href":"https:\/\/displayproducts.eu\/pl\/wp-json\/wp\/v2\/product_cat?post=6058"},{"taxonomy":"product_tag","embeddable":true,"href":"https:\/\/displayproducts.eu\/pl\/wp-json\/wp\/v2\/product_tag?post=6058"}],"curies":[{"name":"wp","href":"https:\/\/api.w.org\/{rel}","templated":true}]}}