{"id":6050,"date":"2025-12-17T14:14:32","date_gmt":"2025-12-17T11:14:32","guid":{"rendered":"https:\/\/wristbandfactory.eu\/?post_type=product&#038;p=6050"},"modified":"2026-04-01T21:52:35","modified_gmt":"2026-04-01T18:52:35","slug":"custom-laminated-event-badges-with-lanyards-set","status":"publish","type":"product","link":"https:\/\/displayproducts.eu\/pl\/p\/custom-laminated-event-badges-with-lanyards-set\/","title":{"rendered":"Laminowane identyfikatory ze smycz\u0105"},"content":{"rendered":"<p data-path-to-node=\"11\"><b>Z w\u0142asnym nadrukiem laminowane identyfikatory i smycze na wydarzenia<\/b> Zestaw. Zaprojektowane dla firm, kt\u00f3re wymagaj\u0105 profesjonalnego i sp\u00f3jnego wizerunku, to kompleksowe rozwi\u0105zanie zapewnia wszystko, czego potrzebujesz do bezpiecznej i stylowej identyfikacji personelu, go\u015bci lub VIP-\u00f3w.<\/p>\n<p data-path-to-node=\"12\">Zamiast standardowych plastikowych torebek, te identyfikatory s\u0105 drukowane bezpo\u015brednio na grubym papierze jedwabnym o gramaturze 300 g i wzmacniane wysokiej jako\u015bci laminatem. Jak wida\u0107 w naszej pracy dla <b>Koszyk wyceny wid\u0142owy O\u00dc<\/b>, W rezultacie powstaje trwa\u0142a, odporna na zarysowania karta, kt\u00f3ra pozostaje czytelna podczas d\u0142ugich targ\u00f3w lub codziennego u\u017cytku biurowego. W po\u0142\u0105czeniu z naszymi spersonalizowanymi smyczami, ten zestaw wzmacnia identyfikacj\u0119 wizualn\u0105 Twojej firmy w ka\u017cdym punkcie styku.<\/p>\n<h2 data-path-to-node=\"13\">G\u0142\u00f3wne cechy<\/h2>\n<ul data-path-to-node=\"14\">\n<li>\n<p data-path-to-node=\"14,0,0\"><b>Najwy\u017csza trwa\u0142o\u015b\u0107:<\/b> Rdze\u0144 wykonany jest z papieru jedwabnego o wysokiej g\u0119sto\u015bci 300 g, dzi\u0119ki czemu jest solidny w dotyku.<\/p>\n<\/li>\n<li>\n<p data-path-to-node=\"14,1,0\"><b>Laminowanie ochronne:<\/b> Zako\u0144czone z <b>Laminat matowy<\/b> (dost\u0119pna jako jedno- lub dwustronna), kt\u00f3ra eliminuje odblaski spowodowane o\u015bwietleniem konferencyjnym i chroni przed zu\u017cyciem i wilgoci\u0105.<\/p>\n<\/li>\n<li>\n<p data-path-to-node=\"14,2,0\"><b>Inteligentne wyko\u0144czenie:<\/b> Posiada zaokr\u0105glone rogi (promie\u0144 4), co zapobiega powstawaniu zagi\u0119\u0107 i zaczepianiu si\u0119 o ubrania, a tak\u017ce precyzyjnie wywiercony otw\u00f3r o \u015brednicy 5 mm, gotowy do natychmiastowego u\u017cycia.<\/p>\n<\/li>\n<li>\n<p data-path-to-node=\"14,3,0\"><b>Pe\u0142en blask kolor\u00f3w:<\/b> Wydrukowano w kolorze 4\/0 CMYK, co pozwala na uzyskanie \u017cywych zdj\u0119\u0107, poziom\u00f3w dost\u0119pu oznaczonych kolorami i szczeg\u00f3\u0142owego brandingu.<\/p>\n<\/li>\n<\/ul>\n<h2 data-path-to-node=\"15\">Specyfikacje<\/h2>\n<ul data-path-to-node=\"16\">\n<li>\n<p data-path-to-node=\"16,0,0\"><b>Wymiary odznaki:<\/b> 80 \u00d7 60 mm (Indywidualne rozmiary dost\u0119pne na \u017cyczenie).<\/p>\n<\/li>\n<li>\n<p data-path-to-node=\"16,1,0\"><b>Tworzywo:<\/b> 300g karton jedwabny.<\/p>\n<\/li>\n<li>\n<p data-path-to-node=\"16,2,0\"><b>Laminowanie:<\/b> Matowa pow\u0142oka Soft-Touch (dost\u0119pna w wersji jednostronnej lub dwustronnej).<\/p>\n<\/li>\n<li>\n<p data-path-to-node=\"16,3,0\"><b>Wydrukowa\u0107:<\/b> Cyfrowy \/ Offsetowy CMYK (4\/0 lub 4\/4).<\/p>\n<\/li>\n<li>\n<p data-path-to-node=\"16,4,0\"><b>Wyko\u0144czeniowy:<\/b> 4x zaokr\u0105glone rogi, otw\u00f3r o \u015brednicy 5 mm.<\/p>\n<\/li>\n<li>\n<p data-path-to-node=\"16,5,0\"><b>Falrep:<\/b> Poliester z nadrukiem sublimacyjnym lub sitodrukiem (zalecana czarna podstawa ze wzorem logo dla kontrastu).<\/p>\n<\/li>\n<li>\n<p data-path-to-node=\"16,6,0\"><b>Minimalne zapytanie ofertowe:<\/b> 50 jednostek.<\/p>\n<\/li>\n<\/ul>\n<h2 data-path-to-node=\"17\">Przypadki u\u017cycia<\/h2>\n<ul data-path-to-node=\"18\">\n<li>\n<p data-path-to-node=\"18,0,0\"><b>Konferencje i targi:<\/b> Profesjonalne przepustki dla uczestnik\u00f3w, kt\u00f3re si\u0119 nie obracaj\u0105 i nie rozrywaj\u0105.<\/p>\n<\/li>\n<li>\n<p data-path-to-node=\"18,1,0\"><b>Identyfikator korporacyjny:<\/b> Codzienne karty dost\u0119pu dla pracownik\u00f3w magazynu lub biura (np. zespo\u0142u Forklift O\u00dc).<\/p>\n<\/li>\n<li>\n<p data-path-to-node=\"18,2,0\"><b>Karnety VIP i prasowe:<\/b> Wysokiej jako\u015bci laminowane karty, kt\u00f3re wyr\u00f3\u017cni\u0105 wyj\u0105tkowych go\u015bci.<\/p>\n<\/li>\n<li>\n<p data-path-to-node=\"18,3,0\"><b>Festiwale i koncerty:<\/b> Trwa\u0142e przepustki za kulisy lub dla ekipy technicznej.<\/p>\n<\/li>\n<\/ul>","protected":false},"excerpt":{"rendered":"<ul>\n<li>\n<p data-path-to-node=\"10,0,0\"><b>Kompletny zestaw:<\/b> W zestawie znajduje si\u0119 spersonalizowana smycz i trwa\u0142y laminowany identyfikator.<\/p>\n<\/li>\n<li>\n<p data-path-to-node=\"10,1,0\"><b>Jako\u015b\u0107 odznaki:<\/b> Papier jedwabny 300g z ochronnym matowym laminatem (1 lub 2-stronnym).<\/p>\n<\/li>\n<li>\n<p data-path-to-node=\"10,2,0\"><b>Format:<\/b> Kompaktowy rozmiar 80 \u00d7 60 mm z zaokr\u0105glonymi naro\u017cnikami zapewniaj\u0105cymi wyko\u0144czenie najwy\u017cszej jako\u015bci.<\/p>\n<\/li>\n<li>\n<p data-path-to-node=\"10,3,0\"><b>Gotowy do u\u017cycia:<\/b> Wst\u0119pnie nawiercony otw\u00f3r o \u015brednicy 5 mm umo\u017cliwiaj\u0105cy \u0142atwe mocowanie.<\/p>\n<\/li>\n<\/ul>","protected":false},"featured_media":6051,"comment_status":"closed","ping_status":"closed","template":"","meta":[],"product_brand":[],"product_cat":[90],"product_tag":[],"class_list":{"0":"post-6050","1":"product","2":"type-product","3":"status-publish","4":"has-post-thumbnail","6":"product_cat-laminated-cards","8":"first","9":"instock","10":"shipping-taxable","11":"purchasable","12":"product-type-simple"},"_links":{"self":[{"href":"https:\/\/displayproducts.eu\/pl\/wp-json\/wp\/v2\/product\/6050","targetHints":{"allow":["GET"]}}],"collection":[{"href":"https:\/\/displayproducts.eu\/pl\/wp-json\/wp\/v2\/product"}],"about":[{"href":"https:\/\/displayproducts.eu\/pl\/wp-json\/wp\/v2\/types\/product"}],"replies":[{"embeddable":true,"href":"https:\/\/displayproducts.eu\/pl\/wp-json\/wp\/v2\/comments?post=6050"}],"wp:featuredmedia":[{"embeddable":true,"href":"https:\/\/displayproducts.eu\/pl\/wp-json\/wp\/v2\/media\/6051"}],"wp:attachment":[{"href":"https:\/\/displayproducts.eu\/pl\/wp-json\/wp\/v2\/media?parent=6050"}],"wp:term":[{"taxonomy":"product_brand","embeddable":true,"href":"https:\/\/displayproducts.eu\/pl\/wp-json\/wp\/v2\/product_brand?post=6050"},{"taxonomy":"product_cat","embeddable":true,"href":"https:\/\/displayproducts.eu\/pl\/wp-json\/wp\/v2\/product_cat?post=6050"},{"taxonomy":"product_tag","embeddable":true,"href":"https:\/\/displayproducts.eu\/pl\/wp-json\/wp\/v2\/product_tag?post=6050"}],"curies":[{"name":"wp","href":"https:\/\/api.w.org\/{rel}","templated":true}]}}