{"id":6048,"date":"2025-12-17T14:08:31","date_gmt":"2025-12-17T11:08:31","guid":{"rendered":"https:\/\/wristbandfactory.eu\/?post_type=product&#038;p=6048"},"modified":"2026-04-01T21:52:03","modified_gmt":"2026-04-01T18:52:03","slug":"custom-embroidered-captain-hats-with-logo","status":"publish","type":"product","link":"https:\/\/displayproducts.eu\/pl\/p\/custom-embroidered-captain-hats-with-logo\/","title":{"rendered":"Czapki kapita\u0144skie z logo (Gad\u017cety reklamowe)"},"content":{"rendered":"<p data-path-to-node=\"12\">Podnie\u015b poziom swojej marki lub gad\u017cet\u00f3w na wydarzenie dzi\u0119ki naszym wysokiej jako\u015bci produktom <b>Z w\u0142asnym nadrukiem czapki kapita\u0144skie<\/b>. Wzorowane na klasycznym nakryciu g\u0142owy oficera marynarki wojennej, te kapelusze oferuj\u0105 ponadczasowy i elegancki wygl\u0105d, kt\u00f3ry natychmiast przyci\u0105ga uwag\u0119. Niezale\u017cnie od tego, czy chodzi o firm\u0119 morsk\u0105, imprez\u0119 firmow\u0105 o tematyce tematycznej, czy kolekcj\u0119 pami\u0105tek, te kapelusze stanowi\u0105 wysokiej jako\u015bci p\u0142\u00f3tno na Twoje logo.<\/p>\n<p data-path-to-node=\"13\">Jak wida\u0107 w naszej wsp\u00f3\u0142pracy z <b>Linia Tallink Silja<\/b>, Specjalizujemy si\u0119 w tworzeniu nakry\u0107 g\u0142owy o jako\u015bci detalicznej, kt\u00f3re stanowi\u0105 cenn\u0105 pami\u0105tk\u0119, a nie przedmiot jednorazowego u\u017cytku. Po\u0142\u0105czenie solidnej konstrukcji i starannego wyko\u0144czenia gwarantuje, \u017ce Twoja marka b\u0119dzie kojarzona z jako\u015bci\u0105 i morsk\u0105 tradycj\u0105.<\/p>\n<h2 data-path-to-node=\"14\">G\u0142\u00f3wne cechy<\/h2>\n<ul data-path-to-node=\"15\">\n<li>\n<p data-path-to-node=\"15,0,0\"><b>Budownictwo Premium:<\/b> Wykonana z bawe\u0142ny 100%, czapka jest przewiewna i wygodna w noszeniu nawet podczas ciep\u0142ych letnich wydarze\u0144 lub przyj\u0119\u0107 w pomieszczeniach.<\/p>\n<\/li>\n<li>\n<p data-path-to-node=\"15,1,0\"><b>Autentyczne detale:<\/b> Cechuje si\u0119 klasyczn\u0105, granatowo-bia\u0142\u0105 kolorystyk\u0105, podkre\u015blon\u0105 z\u0142otym haftem marynistycznym i r\u0119cznie plecionym sznurkiem ozdobnym wzd\u0142u\u017c daszka, co nadaje mu prawdziwie kapita\u0144ski wygl\u0105d.<\/p>\n<\/li>\n<li>\n<p data-path-to-node=\"15,2,0\"><b>Wzmocniona konstrukcja:<\/b> Wewn\u0119trzna podszewka i wzmocniony daszek zachowuj\u0105 charakterystyczny kszta\u0142t kapelusza, zapewniaj\u0105c jednocze\u015bnie trwa\u0142o\u015b\u0107 i profesjonalny wygl\u0105d.<\/p>\n<\/li>\n<li>\n<p data-path-to-node=\"15,3,0\"><b>Pe\u0142na personalizacja:<\/b> Oferujemy szeroki wachlarz opcji brandingu, w tym wysokiej jako\u015bci haft lub nadruk na panelu przednim (np. napis \u201cCaptain\u201d lub logo Twojej firmy), z w\u0142asnym nadrukiem kombinacje kolor\u00f3w i etykiety tkane.<\/p>\n<\/li>\n<\/ul>\n<h2 data-path-to-node=\"16\">Specyfikacje<\/h2>\n<ul data-path-to-node=\"17\">\n<li>\n<p data-path-to-node=\"17,0,0\"><b>Tworzywo:<\/b> 100% Tkanina bawe\u0142niana z elementami podszewki poliestrowej.<\/p>\n<\/li>\n<li>\n<p data-path-to-node=\"17,1,0\"><b>Waga:<\/b> Oko\u0142o 76 g (lekkie i wygodne).<\/p>\n<\/li>\n<li>\n<p data-path-to-node=\"17,2,0\"><b>Rozmiar standardowy:<\/b> 54 cm (uniwersalny rozmiar dla doros\u0142ych\/m\u0142odzie\u017cy) \u2013 mo\u017cliwo\u015b\u0107 zam\u00f3wienia niestandardowych rozmiar\u00f3w.<\/p>\n<\/li>\n<li>\n<p data-path-to-node=\"17,3,0\"><b>Zabarwienie:<\/b> Klasyczny granatowy\/bia\u0142y (w przypadku zam\u00f3wie\u0144 hurtowych mo\u017cliwe jest dopasowanie koloru Pantone do indywidualnych potrzeb).<\/p>\n<\/li>\n<li>\n<p data-path-to-node=\"17,4,0\"><b>Metoda brandingu:<\/b> Haft (zalecany dla uzyskania efektu ekskluzywnego) lub nadruk transferowy.<\/p>\n<\/li>\n<li>\n<p data-path-to-node=\"17,5,0\"><b>Piel\u0119gnacja:<\/b> Pra\u0107 r\u0119cznie w zimnej wodzie z dodatkiem \u0142agodnego detergentu.<\/p>\n<\/li>\n<\/ul>\n<h2 data-path-to-node=\"18\">Przypadki u\u017cycia<\/h2>\n<ul data-path-to-node=\"19\">\n<li>\n<p data-path-to-node=\"19,0,0\"><b>Linie podr\u00f3\u017cne i promowe:<\/b> Doskonale nadaje si\u0119 jako ekskluzywny towar do sprzeda\u017cy w sklepach pok\u0142adowych (bezc\u0142owych).<\/p>\n<\/li>\n<li>\n<p data-path-to-node=\"19,1,0\"><b>Wydarzenia korporacyjne:<\/b> Tematyczne dni letnie, premiery produkt\u00f3w i imprezy integracyjne.<\/p>\n<\/li>\n<li>\n<p data-path-to-node=\"19,2,0\"><b>Festiwale i imprezy:<\/b> Bardzo po\u017c\u0105dany dodatek na festiwalach marynistycznych i balach kostiumowych.<\/p>\n<\/li>\n<li>\n<p data-path-to-node=\"19,3,0\"><b>Prezenty reklamowe:<\/b> Wyj\u0105tkowy, por\u0119czny prezent dla partner\u00f3w VIP z bran\u017cy logistycznej lub spedycyjnej.<\/p>\n<\/li>\n<\/ul>","protected":false},"excerpt":{"rendered":"<ul>\n<li>\n<p data-path-to-node=\"11,0,0\"><b>Tworzywo:<\/b> Bawe\u0142na 100% zapewniaj\u0105ca oddychalno\u015b\u0107 i wygod\u0119.<\/p>\n<\/li>\n<li>\n<p data-path-to-node=\"11,1,0\"><b>Projekt:<\/b> Klasyczny styl w kolorze granatowym\/bia\u0142ym ze z\u0142otym haftem i plecionymi sznurkami.<\/p>\n<\/li>\n<li>\n<p data-path-to-node=\"11,2,0\"><b>Personalizacja:<\/b> Pe\u0142na mo\u017cliwo\u015b\u0107 umieszczenia logo na panelu przednim.<\/p>\n<\/li>\n<li>\n<p data-path-to-node=\"11,3,0\"><b>Aplikacja:<\/b> Idealne na imprezy morskie, rejsy promowe i do sklep\u00f3w z pami\u0105tkami.<\/p>\n<\/li>\n<\/ul>","protected":false},"featured_media":6049,"comment_status":"closed","ping_status":"closed","template":"","meta":[],"product_brand":[],"product_cat":[130],"product_tag":[],"class_list":{"0":"post-6048","1":"product","2":"type-product","3":"status-publish","4":"has-post-thumbnail","6":"product_cat-custom-headwear","8":"first","9":"instock","10":"downloadable","11":"shipping-taxable","12":"purchasable","13":"product-type-simple"},"_links":{"self":[{"href":"https:\/\/displayproducts.eu\/pl\/wp-json\/wp\/v2\/product\/6048","targetHints":{"allow":["GET"]}}],"collection":[{"href":"https:\/\/displayproducts.eu\/pl\/wp-json\/wp\/v2\/product"}],"about":[{"href":"https:\/\/displayproducts.eu\/pl\/wp-json\/wp\/v2\/types\/product"}],"replies":[{"embeddable":true,"href":"https:\/\/displayproducts.eu\/pl\/wp-json\/wp\/v2\/comments?post=6048"}],"wp:featuredmedia":[{"embeddable":true,"href":"https:\/\/displayproducts.eu\/pl\/wp-json\/wp\/v2\/media\/6049"}],"wp:attachment":[{"href":"https:\/\/displayproducts.eu\/pl\/wp-json\/wp\/v2\/media?parent=6048"}],"wp:term":[{"taxonomy":"product_brand","embeddable":true,"href":"https:\/\/displayproducts.eu\/pl\/wp-json\/wp\/v2\/product_brand?post=6048"},{"taxonomy":"product_cat","embeddable":true,"href":"https:\/\/displayproducts.eu\/pl\/wp-json\/wp\/v2\/product_cat?post=6048"},{"taxonomy":"product_tag","embeddable":true,"href":"https:\/\/displayproducts.eu\/pl\/wp-json\/wp\/v2\/product_tag?post=6048"}],"curies":[{"name":"wp","href":"https:\/\/api.w.org\/{rel}","templated":true}]}}