{"id":5995,"date":"2025-12-16T16:28:57","date_gmt":"2025-12-16T13:28:57","guid":{"rendered":"https:\/\/wristbandfactory.eu\/?post_type=product&#038;p=5995"},"modified":"2026-04-01T21:52:03","modified_gmt":"2026-04-01T18:52:03","slug":"custom-printed-microfiber-cleaning-cloths-screens-glasses","status":"publish","type":"product","link":"https:\/\/displayproducts.eu\/pl\/p\/custom-printed-microfiber-cleaning-cloths-screens-glasses\/","title":{"rendered":"\u015aciereczki z mikrofibry z nadrukiem"},"content":{"rendered":"<p data-path-to-node=\"9\">Zadbaj o to, aby Twoja marka by\u0142a widoczna za ka\u017cdym razem, gdy klient czy\u015bci okulary lub ekran smartfona. <b>Z w\u0142asnym nadrukiem \u015bciereczki czyszcz\u0105ce z mikrofibry<\/b> to niezwykle praktyczny, lekki i niedrogi gad\u017cet reklamowy. W przeciwie\u0144stwie do chusteczek papierowych, te wytrzyma\u0142e \u015bciereczki s\u0105 wielokrotnego u\u017cytku, zapewniaj\u0105c d\u0142ugotrwa\u0142\u0105 ekspozycj\u0119 marki.<\/p>\n<p data-path-to-node=\"10\">Oferujemy szeroki wyb\u00f3r materia\u0142\u00f3w i rozmiar\u00f3w dostosowanych do Twojego bud\u017cetu i cel\u00f3w zr\u00f3wnowa\u017conego rozwoju \u2013 od niedrogich gad\u017cet\u00f3w po najwy\u017cszej jako\u015bci, grube \u015bciereczki czyszcz\u0105ce wyprodukowane w Europie.<\/p>\n<h2 data-path-to-node=\"11\">Materia\u0142y i opcje ekologiczne<\/h2>\n<p data-path-to-node=\"12\">Wybierz gramatur\u0119 tkaniny odpowiadaj\u0105c\u0105 Twoim potrzebom:<\/p>\n<ul data-path-to-node=\"13\">\n<li>\n<p data-path-to-node=\"13,0,0\"><b>Standardowa mikrofibra (170 g\/m2):<\/b> Lekki i ekonomiczny. Idealny do kampanii mailingowych na du\u017c\u0105 skal\u0119 i materia\u0142\u00f3w promocyjnych na targach.<\/p>\n<\/li>\n<li>\n<p data-path-to-node=\"13,1,0\"><b>Mikrofibra premium (200 g\/m2):<\/b> Grubsze, bardziej mi\u0119kkie i trwalsze. Bardziej solidne w dotyku \u2013 idealne na ekskluzywne prezenty firmowe.<\/p>\n<\/li>\n<li>\n<p data-path-to-node=\"13,2,0\"><b>Ekologiczny rPET (170 g\/m2\/200 g\/m2):<\/b> Wykonane z recyklingowanych plastikowych butelek. Zr\u00f3wnowa\u017cony wyb\u00f3r, kt\u00f3ry sprawdza si\u0119 r\u00f3wnie dobrze jak standardowa mikrofibra, ale ma mniejszy wp\u0142yw na \u015brodowisko.<\/p>\n<\/li>\n<\/ul>\n<h2 data-path-to-node=\"14\">Techniki brandingu<\/h2>\n<ul data-path-to-node=\"15\">\n<li>\n<p data-path-to-node=\"15,0,0\"><b>Sublimacja w pe\u0142nym kolorze:<\/b> Drukujemy Twoje zdj\u0119cie, logo lub wz\u00f3r w wysokiej rozdzielczo\u015bci na ca\u0142ej powierzchni materia\u0142u (od kraw\u0119dzi do kraw\u0119dzi).<\/p>\n<\/li>\n<li>\n<p data-path-to-node=\"15,1,0\"><b>Branding t\u0142oczony:<\/b> Twoje logo jest wprasowywane w tkanin\u0119, tworz\u0105c subteln\u0105, trwa\u0142\u0105 tekstur\u0119 bez u\u017cycia tuszu. Wyrafinowany wygl\u0105d dla tkanin o gramaturze 200 g\/m2 i rPET.<\/p>\n<\/li>\n<\/ul>\n<h2 data-path-to-node=\"16\">Dost\u0119pne rozmiary<\/h2>\n<p data-path-to-node=\"17\">Oferujemy szerok\u0105 gam\u0119 standardowych rozmiar\u00f3w pasuj\u0105cych do r\u00f3\u017cnych urz\u0105dze\u0144:<\/p>\n<ul data-path-to-node=\"18\">\n<li>\n<p data-path-to-node=\"18,0,0\"><b>Rozmiar kieszonkowy:<\/b> 12\u00d712 cm (Idealne do okular\u00f3w)<\/p>\n<\/li>\n<li>\n<p data-path-to-node=\"18,1,0\"><b>Standard:<\/b> 15\u00d715 cm \/ 17\u00d712 cm (Idealne do telefon\u00f3w)<\/p>\n<\/li>\n<li>\n<p data-path-to-node=\"18,2,0\"><b>Du\u017cy:<\/b> 17\u00d715 cm \/ 17\u00d718 cm (Idealny do tablet\u00f3w i laptop\u00f3w)<\/p>\n<\/li>\n<\/ul>\n<h2 data-path-to-node=\"19\">Specyfikacje<\/h2>\n<ul data-path-to-node=\"20\">\n<li>\n<p data-path-to-node=\"20,0,0\"><b>Minimalna ilo\u015b\u0107 zam\u00f3wienia (MOQ):<\/b><\/p>\n<ul data-path-to-node=\"20,0,1\">\n<li>\n<p data-path-to-node=\"20,0,1,0,0\">Standardowy import: <b>250 szt.<\/b><\/p>\n<\/li>\n<li>\n<p data-path-to-node=\"20,0,1,1,0\">Wyprodukowano w UE: <b>100 szt.<\/b><\/p>\n<\/li>\n<\/ul>\n<\/li>\n<li>\n<p data-path-to-node=\"20,1,0\"><b>Opakowanie:<\/b> Pakowane luzem lub pojedynczo w woreczki foliowe (opcjonalnie).<\/p>\n<\/li>\n<li>\n<p data-path-to-node=\"20,2,0\"><b>Pochodzenie:<\/b> Opcje importu azjatyckiego (najlepsza cena) lub produkcji europejskiej (najszybsza dostawa).<\/p>\n<\/li>\n<li>\n<p data-path-to-node=\"20,3,0\"><b>U\u017cywa\u0107:<\/b> \u015arodek czyszcz\u0105cy, nie pozostawiaj\u0105cy w\u0142\u00f3kien i nie\u015bcierny, przeznaczony do delikatnych powierzchni optycznych.<\/p>\n<\/li>\n<\/ul>\n<h2 data-path-to-node=\"21\">Przypadki u\u017cycia<\/h2>\n<ul data-path-to-node=\"22\">\n<li>\n<p data-path-to-node=\"22,0,0\"><b>Firmy technologiczne i informatyczne:<\/b> Niezb\u0119dny dodatek do laptop\u00f3w i monitor\u00f3w.<\/p>\n<\/li>\n<li>\n<p data-path-to-node=\"22,1,0\"><b>Optycy i okulary:<\/b> Klasyczny, firmowy upominek dodawany do ka\u017cdej pary okular\u00f3w.<\/p>\n<\/li>\n<li>\n<p data-path-to-node=\"22,2,0\"><b>Kampanie bezpo\u015bredniej wysy\u0142ki pocztowej:<\/b> S\u0105 wyj\u0105tkowo lekkie i p\u0142askie, co sprawia, \u017ce wysy\u0142ka na ca\u0142y \u015bwiat jest tania.<\/p>\n<\/li>\n<li>\n<p data-path-to-node=\"22,3,0\"><b>Torby z upominkami na wydarzenie:<\/b> Przydatny przedmiot, kt\u00f3rego uczestnicy nie wyrzuc\u0105.<\/p>\n<\/li>\n<\/ul>\n<p data-path-to-node=\"23\">","protected":false},"excerpt":{"rendered":"<ul>\n<li>\n<p data-path-to-node=\"8,0,0\"><b>Krystalicznie czyste czyszczenie:<\/b> Idealne do smartfon\u00f3w, tablet\u00f3w, laptop\u00f3w i okular\u00f3w.<\/p>\n<\/li>\n<li>\n<p data-path-to-node=\"8,1,0\"><b>Wyb\u00f3r materia\u0142\u00f3w:<\/b> Standardowa gramatura 170 g\/m2\/200 g\/m2 lub przyjazna dla \u015brodowiska <b>rPET<\/b> (Butelki poddane recyklingowi).<\/p>\n<\/li>\n<li>\n<p data-path-to-node=\"8,2,0\"><b>Opcje drukowania:<\/b> Wibruj\u0105cy <b>Pe\u0142ny kolor<\/b> sublimacja lub subtelno\u015b\u0107 <b>Wyt\u0142oczony<\/b> branding.<\/p>\n<\/li>\n<li>\n<p data-path-to-node=\"8,3,0\"><b>Produkcja europejska:<\/b> Dost\u0119pne s\u0105 opcje szybkiej dostawy przy niskich zam\u00f3wieniach minimalnych (od 100 szt.).<\/p>\n<\/li>\n<\/ul>","protected":false},"featured_media":6333,"comment_status":"closed","ping_status":"closed","template":"","meta":[],"product_brand":[],"product_cat":[128],"product_tag":[],"class_list":{"0":"post-5995","1":"product","2":"type-product","3":"status-publish","4":"has-post-thumbnail","6":"product_cat-mobile-tech-accessories","8":"first","9":"instock","10":"shipping-taxable","11":"purchasable","12":"product-type-simple"},"_links":{"self":[{"href":"https:\/\/displayproducts.eu\/pl\/wp-json\/wp\/v2\/product\/5995","targetHints":{"allow":["GET"]}}],"collection":[{"href":"https:\/\/displayproducts.eu\/pl\/wp-json\/wp\/v2\/product"}],"about":[{"href":"https:\/\/displayproducts.eu\/pl\/wp-json\/wp\/v2\/types\/product"}],"replies":[{"embeddable":true,"href":"https:\/\/displayproducts.eu\/pl\/wp-json\/wp\/v2\/comments?post=5995"}],"wp:featuredmedia":[{"embeddable":true,"href":"https:\/\/displayproducts.eu\/pl\/wp-json\/wp\/v2\/media\/6333"}],"wp:attachment":[{"href":"https:\/\/displayproducts.eu\/pl\/wp-json\/wp\/v2\/media?parent=5995"}],"wp:term":[{"taxonomy":"product_brand","embeddable":true,"href":"https:\/\/displayproducts.eu\/pl\/wp-json\/wp\/v2\/product_brand?post=5995"},{"taxonomy":"product_cat","embeddable":true,"href":"https:\/\/displayproducts.eu\/pl\/wp-json\/wp\/v2\/product_cat?post=5995"},{"taxonomy":"product_tag","embeddable":true,"href":"https:\/\/displayproducts.eu\/pl\/wp-json\/wp\/v2\/product_tag?post=5995"}],"curies":[{"name":"wp","href":"https:\/\/api.w.org\/{rel}","templated":true}]}}