{"id":5985,"date":"2025-12-16T16:19:40","date_gmt":"2025-12-16T13:19:40","guid":{"rendered":"https:\/\/wristbandfactory.eu\/?post_type=product&#038;p=5985"},"modified":"2026-04-01T21:52:35","modified_gmt":"2026-04-01T18:52:35","slug":"custom-knitted-socks-with-logo-cotton-bamboo-merino-sports","status":"publish","type":"product","link":"https:\/\/displayproducts.eu\/pl\/p\/custom-knitted-socks-with-logo-cotton-bamboo-merino-sports\/","title":{"rendered":"Skarpety dziane z logo"},"content":{"rendered":"<p data-path-to-node=\"10\">Zmie\u0144 codzienny niezb\u0119dnik w najpopularniejszy produkt Twojej marki. Nasz <b>Skarpetki dzianinowe na zapytanie ofertowe<\/b> Nie s\u0105 tylko drukowane; powstaj\u0105 od podstaw w technologii \u017cakardowej. Oznacza to, \u017ce logo i wz\u00f3r s\u0105 wplatane bezpo\u015brednio w tkanin\u0119, z u\u017cyciem nawet 5 r\u00f3\u017cnych kolor\u00f3w prz\u0119dzy, co gwarantuje, \u017ce wz\u00f3r nigdy si\u0119 nie odklei ani nie wyblaknie.<\/p>\n<p data-path-to-node=\"11\">Niezale\u017cnie od tego, czy potrzebujesz profesjonalnych upomink\u00f3w firmowych, wysokiej klasy sprz\u0119tu sportowego czy ekologicznych towar\u00f3w, nasze mo\u017cliwo\u015bci produkcyjne zaspokoj\u0105 ka\u017cd\u0105 potrzeb\u0119, przy zachowaniu niskich minimalnych ilo\u015bci.<\/p>\n<h2 data-path-to-node=\"12\">Opcje materia\u0142owe<\/h2>\n<p data-path-to-node=\"13\">Oferujemy r\u00f3\u017cnorodne mieszanki materia\u0142\u00f3w dostosowane do Twojego konkretnego celu:<\/p>\n<ul data-path-to-node=\"14\">\n<li>\n<p data-path-to-node=\"14,0,0\"><b>Klasyczna mieszanka bawe\u0142ny:<\/b> Bran\u017cowy standard komfortu i trwa\u0142o\u015bci. Idealne do noszenia na co dzie\u0144 i na prezenty.<\/p>\n<ul data-path-to-node=\"14,0,1\">\n<li>\n<p data-path-to-node=\"14,0,1,0,0\"><i>Kompozycja:<\/i> Bawe\u0142na 68%, poliester 29%, spandex 3% (standard) lub mieszanki bawe\u0142ny 80% przeznaczone do produkcji w UE.<\/p>\n<\/li>\n<\/ul>\n<\/li>\n<li>\n<p data-path-to-node=\"14,1,0\"><b>Bambus premium:<\/b> Zr\u00f3wnowa\u017cony, mi\u0119kki i naturalnie hipoalergiczny wyb\u00f3r.<\/p>\n<ul data-path-to-node=\"14,1,1\">\n<li>\n<p data-path-to-node=\"14,1,1,0,0\"><i>Kompozycja:<\/i> 65% bambus, 25% bawe\u0142na, 8% poliester, 2% elastan.<\/p>\n<\/li>\n<\/ul>\n<\/li>\n<li>\n<p data-path-to-node=\"14,2,0\"><b>We\u0142na merynosowa (zima i turystyka):<\/b> Mi\u0119kkie, oddychaj\u0105ce i poch\u0142aniaj\u0105ce zapachy. Idealne dla marek outdoorowych i na zimowe prezenty.<\/p>\n<ul data-path-to-node=\"14,2,1\">\n<li>\n<p data-path-to-node=\"14,2,1,0,0\"><i>Kompozycja:<\/i> 43% we\u0142na merynosowa, 25% poliamid, 29% akryl, 3% elastan.<\/p>\n<\/li>\n<\/ul>\n<\/li>\n<li>\n<p data-path-to-node=\"14,3,0\"><b>Mieszanka sportowa o wysokiej wydajno\u015bci:<\/b> Mieszanki o wysokiej trwa\u0142o\u015bci przeznaczone do biegania i gry w pi\u0142k\u0119 no\u017cn\u0105.<\/p>\n<ul data-path-to-node=\"14,3,1\">\n<li>\n<p data-path-to-node=\"14,3,1,0,0\"><i>Kompozycja:<\/i> Mieszanki poliamidu\/bawe\u0142ny\/elastanu z wentylacj\u0105 siateczkow\u0105.<\/p>\n<\/li>\n<\/ul>\n<\/li>\n<\/ul>\n<h2 data-path-to-node=\"15\">Dost\u0119pne style i kroje<\/h2>\n<p data-path-to-node=\"16\">Mo\u017cesz zastosowa\u0107 sw\u00f3j projekt do dowolnego z nast\u0119puj\u0105cych ci\u0119\u0107:<\/p>\n<ul data-path-to-node=\"17\">\n<li>\n<p data-path-to-node=\"17,0,0\"><b>Skarpetki:<\/b> Klasyczna d\u0142ugo\u015b\u0107 do po\u0142owy \u0142ydki. Dost\u0119pne we wszystkich materia\u0142ach.<\/p>\n<\/li>\n<li>\n<p data-path-to-node=\"17,1,0\"><b>Skarpetki do kostek i niewidoczne:<\/b> Dyskretne i nowoczesne fasony, idealne na lato lub do trampek.<\/p>\n<\/li>\n<li>\n<p data-path-to-node=\"17,2,0\"><b>Skarpety sportowe i tenisowe:<\/b> Cechy <b>Wsparcie \u0142uku 360\u00b0<\/b> oraz opcjonalnie podeszwy z mi\u0119kkiej tkaniny (p\u00f3\u0142-frotte) poch\u0142aniaj\u0105cej wstrz\u0105sy.<\/p>\n<\/li>\n<li>\n<p data-path-to-node=\"17,3,0\"><b>Skarpetki do biegania:<\/b> Zaawansowana technologia dzianiny z przewiewn\u0105 siateczk\u0105 w g\u00f3rnej cz\u0119\u015bci przedniej cz\u0119\u015bci stopy i dzianin\u0105 pique na nogawce.<\/p>\n<\/li>\n<li>\n<p data-path-to-node=\"17,4,0\"><b>Skarpety pi\u0142karskie:<\/b> D\u0142ugo\u015b\u0107 za \u0142ydk\u0119 z siateczkowymi panelami na \u0142ydce i g\u00f3rnej cz\u0119\u015bci podeszwy.<\/p>\n<\/li>\n<li>\n<p data-path-to-node=\"17,5,0\"><b>Joga i antypo\u015blizgowo\u015b\u0107:<\/b> Posiadaj\u0105 silikonowe, antypo\u015blizgowe nak\u0142adki na podeszwie, kt\u00f3re mo\u017cna dostosowa\u0107 do w\u0142asnych potrzeb. Dost\u0119pne w wersji z pe\u0142nymi palcami lub bez.<\/p>\n<\/li>\n<\/ul>\n<h2 data-path-to-node=\"18\">Specyfikacje<\/h2>\n<ul data-path-to-node=\"19\">\n<li>\n<p data-path-to-node=\"19,0,0\"><b>Technologia dziewiarstwa:<\/b> \u017bakard (wz\u00f3r wpleciony w tkanin\u0119).<\/p>\n<\/li>\n<li>\n<p data-path-to-node=\"19,1,0\"><b>Zabarwienie:<\/b> Do 5 kolor\u00f3w na projekt.<\/p>\n<\/li>\n<li>\n<p data-path-to-node=\"19,2,0\"><b>Minimalna ilo\u015b\u0107 zam\u00f3wienia (MOQ):<\/b> Zaczyna si\u0119 od <b>25 par<\/b> dla wybranych modeli sportowych i <b>50 par<\/b> dla projekt\u00f3w standardowych.<\/p>\n<\/li>\n<li>\n<p data-path-to-node=\"19,3,0\"><b>Rozmiary:<\/b> Dost\u0119pne rozmiary uniwersalne lub w okre\u015blonych zakresach rozmiar\u00f3w.<\/p>\n<\/li>\n<li>\n<p data-path-to-node=\"19,4,0\"><b>Opakowanie:<\/b> Opcjonalne, kolorowe etykiety papierowe. <i>Uwaga: W przypadku wielu rozmiar\u00f3w z tym samym wzorem metki, w celu ograniczenia koszt\u00f3w stosuje si\u0119 naklejki z informacj\u0105 o rozmiarze.<\/i><\/p>\n<\/li>\n<li>\n<p data-path-to-node=\"19,5,0\"><b>Uwaga dotycz\u0105ca projektu:<\/b> Lewa i prawa skarpetka mog\u0105 mie\u0107 r\u00f3\u017cne wzory (obowi\u0105zuje dodatkowa op\u0142ata). Logo na zewn\u0119trznej stronie obu nogawek jest traktowane jako oddzielne wzory ze wzgl\u0119du na orientacj\u0119.<\/p>\n<\/li>\n<\/ul>\n<h2 data-path-to-node=\"20\">Przypadki u\u017cycia<\/h2>\n<ul data-path-to-node=\"21\">\n<li>\n<p data-path-to-node=\"21,0,0\"><b>Gad\u017cety firmowe:<\/b> Zabawne i praktyczne prezenty biurowe, kt\u00f3re pracownicy faktycznie nosz\u0105.<\/p>\n<\/li>\n<li>\n<p data-path-to-node=\"21,1,0\"><b>Dru\u017cyny sportowe:<\/b> Personalizowane skarpetki do pi\u0142ki no\u017cnej, koszyk\u00f3wki i biegania w barwach dru\u017cynowych.<\/p>\n<\/li>\n<li>\n<p data-path-to-node=\"21,2,0\"><b>Handel detaliczny i handel detaliczny:<\/b> Wysokiej jako\u015bci przedmioty z drugiej r\u0119ki dla zespo\u0142\u00f3w, influencer\u00f3w i marek odzie\u017cowych.<\/p>\n<\/li>\n<li>\n<p data-path-to-node=\"21,3,0\"><b>Studia Wellness:<\/b> Markowe skarpetki antypo\u015blizgowe do zaj\u0119\u0107 jogi i pilatesu.<\/p>\n<\/li>\n<\/ul>\n<p data-path-to-node=\"22\">","protected":false},"excerpt":{"rendered":"<ul>\n<li>\n<p data-path-to-node=\"9,0,0\"><b>Dzianie \u017cakardowe:<\/b> Tw\u00f3j wz\u00f3r jest wplatany bezpo\u015brednio w tkanin\u0119 (do 5 kolor\u00f3w), co zapewnia trwa\u0142o\u015b\u0107 i doskona\u0142y wygl\u0105d.<\/p>\n<\/li>\n<li>\n<p data-path-to-node=\"9,1,0\"><b>Wyb\u00f3r materia\u0142u:<\/b> Dost\u0119pne w wersji standardowej bawe\u0142nianej, ekologicznej bambusowej lub ciep\u0142ej we\u0142nie merynosowej.<\/p>\n<\/li>\n<li>\n<p data-path-to-node=\"9,2,0\"><b>Wszechstronne style:<\/b> Opcje: Crew, Ankle, No-Show, Sports (Arch Support) i Anti-Slip Yoga.<\/p>\n<\/li>\n<li>\n<p data-path-to-node=\"9,3,0\"><b>Tagi z w\u0142asnym nadrukiem:<\/b> Opcjonalne kolorowe etykiety papierowe lub naklejki do pakowania gotowego do sprzeda\u017cy detalicznej.<\/p>\n<\/li>\n<\/ul>","protected":false},"featured_media":6670,"comment_status":"closed","ping_status":"closed","template":"","meta":[],"product_brand":[],"product_cat":[129],"product_tag":[],"class_list":{"0":"post-5985","1":"product","2":"type-product","3":"status-publish","4":"has-post-thumbnail","6":"product_cat-leisure-lifestyle","8":"first","9":"instock","10":"shipping-taxable","11":"product-type-simple"},"_links":{"self":[{"href":"https:\/\/displayproducts.eu\/pl\/wp-json\/wp\/v2\/product\/5985","targetHints":{"allow":["GET"]}}],"collection":[{"href":"https:\/\/displayproducts.eu\/pl\/wp-json\/wp\/v2\/product"}],"about":[{"href":"https:\/\/displayproducts.eu\/pl\/wp-json\/wp\/v2\/types\/product"}],"replies":[{"embeddable":true,"href":"https:\/\/displayproducts.eu\/pl\/wp-json\/wp\/v2\/comments?post=5985"}],"wp:featuredmedia":[{"embeddable":true,"href":"https:\/\/displayproducts.eu\/pl\/wp-json\/wp\/v2\/media\/6670"}],"wp:attachment":[{"href":"https:\/\/displayproducts.eu\/pl\/wp-json\/wp\/v2\/media?parent=5985"}],"wp:term":[{"taxonomy":"product_brand","embeddable":true,"href":"https:\/\/displayproducts.eu\/pl\/wp-json\/wp\/v2\/product_brand?post=5985"},{"taxonomy":"product_cat","embeddable":true,"href":"https:\/\/displayproducts.eu\/pl\/wp-json\/wp\/v2\/product_cat?post=5985"},{"taxonomy":"product_tag","embeddable":true,"href":"https:\/\/displayproducts.eu\/pl\/wp-json\/wp\/v2\/product_tag?post=5985"}],"curies":[{"name":"wp","href":"https:\/\/api.w.org\/{rel}","templated":true}]}}