{"id":5968,"date":"2025-12-16T15:35:54","date_gmt":"2025-12-16T12:35:54","guid":{"rendered":"https:\/\/wristbandfactory.eu\/?post_type=product&#038;p=5968"},"modified":"2026-04-01T21:52:03","modified_gmt":"2026-04-01T18:52:03","slug":"custom-knitted-beanies-winter-hats-acrylic-rpet-jacquard","status":"publish","type":"product","link":"https:\/\/displayproducts.eu\/pl\/p\/custom-knitted-beanies-winter-hats-acrylic-rpet-jacquard\/","title":{"rendered":"Czapki dzianinowe i zimowe na zapytanie ofertowe (akryl, rPET, \u017cakard)"},"content":{"rendered":"<p data-path-to-node=\"11\">Rozgrzej swoj\u0105 mark\u0119 dzi\u0119ki naszym produktom premium <b>Czapki dzianinowe na zapytanie ofertowe<\/b>. To doskona\u0142y gad\u017cet promocyjny na zimne dni, idealny na prezenty firmowe, gad\u017cety dru\u017cyn sportowych i artyku\u0142y detaliczne. W przeciwie\u0144stwie do standardowych produkt\u00f3w z nadrukiem, nasze czapki zimowe oferuj\u0105 wysok\u0105 warto\u015b\u0107 dzi\u0119ki fakturze i ciep\u0142u. Niezale\u017cnie od tego, czy potrzebujesz klasycznej czapki z mankietem i haftowanym logo, czy w pe\u0142ni spersonalizowanej dzianiny \u201c\u017cakardowej\u201d, w kt\u00f3rej Tw\u00f3j wz\u00f3r jest wpleciony bezpo\u015brednio w tkanin\u0119, zapewniamy nakrycia g\u0142owy o jako\u015bci detalicznej, kt\u00f3re ludzie naprawd\u0119 chc\u0105 nosi\u0107.<\/p>\n<h2 data-path-to-node=\"12\">G\u0142\u00f3wne cechy<\/h2>\n<ul data-path-to-node=\"13\">\n<li>\n<p data-path-to-node=\"13,0,0\"><b>Ogromna r\u00f3\u017cnorodno\u015b\u0107:<\/b> Wybierz spo\u015br\u00f3d klasycznych czapek z mankietem, modnych modeli typu rybak (niski profil), fason\u00f3w o lu\u017anym kroju lub najwy\u017cszej jako\u015bci dzianin o splocie warkoczowym.<\/p>\n<\/li>\n<li>\n<p data-path-to-node=\"13,1,0\"><b>Opcje przyjazne dla \u015brodowiska:<\/b> Dostosuj si\u0119 do cel\u00f3w zr\u00f3wnowa\u017conego rozwoju, wybieraj\u0105c certyfikowany materia\u0142 rPET (z recyklingu plastiku) zamiast standardowego akrylu.<\/p>\n<\/li>\n<li>\n<p data-path-to-node=\"13,2,0\"><b>Technologia splotu \u017cakardowego:<\/b> W przypadku skomplikowanych wzor\u00f3w lub du\u017cych nadruk\u00f3w, wplatamy Tw\u00f3j projekt bezpo\u015brednio w struktur\u0119 czapki, u\u017cywaj\u0105c do 4 kolor\u00f3w (zapewniaj\u0105c jednolity wygl\u0105d).<\/p>\n<\/li>\n<li>\n<p data-path-to-node=\"13,3,0\"><b>Wyko\u0144czenia premium:<\/b> Dost\u0119pne z podszewk\u0105 z aksamitu \u201cShu\u201d lub polaru, zapewniaj\u0105c\u0105 dodatkow\u0105 izolacj\u0119 w ekstremalnie niskich temperaturach.<\/p>\n<\/li>\n<li>\n<p data-path-to-node=\"13,4,0\"><b>Opcje bezpiecze\u0144stwa:<\/b> Mo\u017cna go wyposa\u017cy\u0107 w odblaskowe nici lub paski, aby zapewni\u0107 dobr\u0105 widoczno\u015b\u0107 w zimowe noce.<\/p>\n<\/li>\n<\/ul>\n<h2 data-path-to-node=\"14\">Specyfikacje<\/h2>\n<ul data-path-to-node=\"15\">\n<li>\n<p data-path-to-node=\"15,0,0\"><b>Tworzywo:<\/b> 100% Akryl, 100% rPET lub mieszanki Polylana\u00ae.<\/p>\n<\/li>\n<li>\n<p data-path-to-node=\"15,1,0\"><b>Rozmiar:<\/b> Jeden rozmiar pasuje wi\u0119kszo\u015bci (elastyczna dzianina).<\/p>\n<\/li>\n<li>\n<p data-path-to-node=\"15,2,0\"><b>Metody brandingu:<\/b><\/p>\n<ul data-path-to-node=\"15,2,1\">\n<li>\n<p data-path-to-node=\"15,2,1,0,0\"><b>Haft:<\/b> P\u0142askie lub bufiaste 3D (najlepsze do jednolitych logo na czapkach z mankietem).<\/p>\n<\/li>\n<li>\n<p data-path-to-node=\"15,2,1,1,0\"><b>\u017bakard:<\/b> Wz\u00f3r wszyty w tkanin\u0119 (najlepszy do wzor\u00f3w\/du\u017cego tekstu).<\/p>\n<\/li>\n<li>\n<p data-path-to-node=\"15,2,1,2,0\"><b>Naszywka tkana:<\/b> Styl retro, przyszyty do mankietu.<\/p>\n<\/li>\n<\/ul>\n<\/li>\n<li>\n<p data-path-to-node=\"15,3,0\"><b>Warstwy:<\/b> Pojedyncza warstwa (lekka), podw\u00f3jna warstwa (standardowa) lub podszyta polarem (wytrzyma\u0142a).<\/p>\n<\/li>\n<li>\n<p data-path-to-node=\"15,4,0\"><b>Minimalna ilo\u015b\u0107 zam\u00f3wienia (MOQ):<\/b> 100 jednostek.<\/p>\n<\/li>\n<\/ul>\n<h2 data-path-to-node=\"16\">Przypadki u\u017cycia<\/h2>\n<ul data-path-to-node=\"17\">\n<li>\n<p data-path-to-node=\"17,0,0\"><b>Prezenty firmowe:<\/b> Wysokiej jako\u015bci prezenty zimowe dla pracownik\u00f3w i kluczowych klient\u00f3w.<\/p>\n<\/li>\n<li>\n<p data-path-to-node=\"17,1,0\"><b>Kluby sportowe:<\/b> Niezb\u0119dny str\u00f3j dru\u017cynowy dla kibic\u00f3w i zawodnik\u00f3w podczas zimowych trening\u00f3w.<\/p>\n<\/li>\n<li>\n<p data-path-to-node=\"17,2,0\"><b>Wydarzenia plenerowe:<\/b> Zadbaj o to, aby personel imprezy i uczestnicy festiwalu mieli ciep\u0142o i byli widoczni.<\/p>\n<\/li>\n<li>\n<p data-path-to-node=\"17,3,0\"><b>Towary detaliczne:<\/b> Markowe produkty o wysokiej mar\u017cy dla zespo\u0142\u00f3w, browar\u00f3w i marek modowych.<\/p>\n<\/li>\n<\/ul>","protected":false},"excerpt":{"rendered":"<ul data-path-to-node=\"9\">\n<li>\n<p data-path-to-node=\"9,0,0\"><b>Ogromna r\u00f3\u017cnorodno\u015b\u0107:<\/b> Od klasycznych czapek z mankietem i modnych modeli w stylu rybackim po najwy\u017cszej jako\u015bci dzianiny o splocie warkoczowym.<\/p>\n<\/li>\n<li>\n<p data-path-to-node=\"9,1,0\"><b>Opcje przyjazne dla \u015brodowiska:<\/b> Wiele modeli dost\u0119pnych jest w wersji wykonanej z certyfikowanego materia\u0142u rPET (tworzywa sztucznego pochodz\u0105cego z recyklingu).<\/p>\n<\/li>\n<li>\n<p data-path-to-node=\"9,2,0\"><b>Branding niestandardowy:<\/b> Wybierz pomi\u0119dzy haftowanymi logotypami lub w pe\u0142ni tkanymi wzorami \u201c\u017cakardowymi\u201d (2-4 kolory).<\/p>\n<\/li>\n<li>\n<p data-path-to-node=\"9,3,0\"><b>Gotowy na zim\u0119:<\/b> Dost\u0119pne opcje obejmuj\u0105 podszewk\u0119 z polaru, odblaskowe nici i dwuwarstwowe dzianiny termiczne.<\/p>\n<\/li>\n<\/ul>","protected":false},"featured_media":6355,"comment_status":"closed","ping_status":"closed","template":"","meta":[],"product_brand":[],"product_cat":[45],"product_tag":[],"class_list":{"0":"post-5968","1":"product","2":"type-product","3":"status-publish","4":"has-post-thumbnail","6":"product_cat-other","8":"first","9":"instock","10":"shipping-taxable","11":"purchasable","12":"product-type-simple"},"_links":{"self":[{"href":"https:\/\/displayproducts.eu\/pl\/wp-json\/wp\/v2\/product\/5968","targetHints":{"allow":["GET"]}}],"collection":[{"href":"https:\/\/displayproducts.eu\/pl\/wp-json\/wp\/v2\/product"}],"about":[{"href":"https:\/\/displayproducts.eu\/pl\/wp-json\/wp\/v2\/types\/product"}],"replies":[{"embeddable":true,"href":"https:\/\/displayproducts.eu\/pl\/wp-json\/wp\/v2\/comments?post=5968"}],"wp:featuredmedia":[{"embeddable":true,"href":"https:\/\/displayproducts.eu\/pl\/wp-json\/wp\/v2\/media\/6355"}],"wp:attachment":[{"href":"https:\/\/displayproducts.eu\/pl\/wp-json\/wp\/v2\/media?parent=5968"}],"wp:term":[{"taxonomy":"product_brand","embeddable":true,"href":"https:\/\/displayproducts.eu\/pl\/wp-json\/wp\/v2\/product_brand?post=5968"},{"taxonomy":"product_cat","embeddable":true,"href":"https:\/\/displayproducts.eu\/pl\/wp-json\/wp\/v2\/product_cat?post=5968"},{"taxonomy":"product_tag","embeddable":true,"href":"https:\/\/displayproducts.eu\/pl\/wp-json\/wp\/v2\/product_tag?post=5968"}],"curies":[{"name":"wp","href":"https:\/\/api.w.org\/{rel}","templated":true}]}}