{"id":5963,"date":"2025-12-16T15:28:54","date_gmt":"2025-12-16T12:28:54","guid":{"rendered":"https:\/\/wristbandfactory.eu\/?post_type=product&#038;p=5963"},"modified":"2026-04-01T21:52:35","modified_gmt":"2026-04-01T18:52:35","slug":"custom-printed-bucket-hats-polyester-reversible-corduroy","status":"publish","type":"product","link":"https:\/\/displayproducts.eu\/pl\/p\/custom-printed-bucket-hats-polyester-reversible-corduroy\/","title":{"rendered":"Kapelusze rybackie z nadrukiem (Bucket Hats)"},"content":{"rendered":"<p data-path-to-node=\"11\"><b>Kultowe nakrycia g\u0142owy zapewniaj\u0105ce maksymaln\u0105 ekspozycj\u0119 marki<\/b> Nasz <b>Kapelusze z nadrukiem na zapytanie ofertowe<\/b> To idealny letni dodatek na festiwale, imprezy plenerowe i firmowe kolekcje gad\u017cet\u00f3w. Niezale\u017cnie od tego, czy potrzebujesz niedrogiego upominku, czy wysokiej jako\u015bci produktu detalicznego, nasza oferta zaspokoi ka\u017cd\u0105 potrzeb\u0119 dzi\u0119ki \u017cywym, pe\u0142nokolorowym nadrukom i wysokiej jako\u015bci tkaninom.<\/p>\n<p data-path-to-node=\"12\"><b>Dost\u0119pne modele i style<\/b><\/p>\n<ul data-path-to-node=\"13\">\n<li>\n<p data-path-to-node=\"13,0,0\"><b>Standardowy pe\u0142nokolorowy (poliester)<\/b><\/p>\n<ul data-path-to-node=\"13,0,1\">\n<li>\n<p data-path-to-node=\"13,0,1,0,0\"><b>Lekka:<\/b> Poliester 150 g\/m2. Idealny na upalne letnie dni i masowe promocje.<\/p>\n<\/li>\n<li>\n<p data-path-to-node=\"13,0,1,1,0\"><b>Waga ci\u0119\u017cka:<\/b>\u00a0Poliester 260 g\/m2. Bardziej wytrzyma\u0142y, strukturalny materia\u0142 o wy\u017cszej warto\u015bci.<\/p>\n<\/li>\n<li>\n<p data-path-to-node=\"13,0,1,2,0\"><b>Bli\u017csze dane:<\/b> Nadruk na zewn\u0105trz i na wewn\u0119trznym rondzie. W zestawie czarny potnik.<\/p>\n<\/li>\n<\/ul>\n<\/li>\n<li>\n<p data-path-to-node=\"13,1,0\"><b>Rewersyjne czapki \u201c2 w 1\u201d<\/b><\/p>\n<ul data-path-to-node=\"13,1,1\">\n<li>\n<p data-path-to-node=\"13,1,1,0,0\"><b>(150 g\/m2) i (260 g\/m2):<\/b> Podw\u00f3jny efekt brandingu! Te czapki s\u0105 w pe\u0142ni dwustronne, co pozwala na uzyskanie dw\u00f3ch zupe\u0142nie r\u00f3\u017cnych wzor\u00f3w wewn\u0105trz i na zewn\u0105trz. Wystarczy odwr\u00f3ci\u0107 czapk\u0119 na lew\u0105 stron\u0119, aby odkry\u0107 nowy wygl\u0105d.<\/p>\n<\/li>\n<\/ul>\n<\/li>\n<li>\n<p data-path-to-node=\"13,2,0\"><b>Tekstura Premium (kord)<\/b><\/p>\n<ul data-path-to-node=\"13,2,1\">\n<li>\n<p data-path-to-node=\"13,2,1,0,0\"><b>Klasyczny sztruks:<\/b> Tkanina 210 g\/m2 o wyra\u017anej pr\u0105\u017ckowanej fakturze. \u015aredni profil.<\/p>\n<\/li>\n<li>\n<p data-path-to-node=\"13,2,1,1,0\"><b>Sztruks bawe\u0142niany:<\/b> Mieszanka bawe\u0142ny o gramaturze 200 g\/m2 zapewniaj\u0105ca mi\u0119kko\u015b\u0107 i naturalno\u015b\u0107.<\/p>\n<\/li>\n<li>\n<p data-path-to-node=\"13,2,1,2,0\"><b>Styl:<\/b> Wygl\u0105d inspirowany stylem retro, idealny dla marek pod\u0105\u017caj\u0105cych za mod\u0105 i odzie\u017cy ulicznej.<\/p>\n<\/li>\n<\/ul>\n<\/li>\n<li>\n<p data-path-to-node=\"13,3,0\"><b>Opcje specjalne<\/b><\/p>\n<ul data-path-to-node=\"13,3,1\">\n<li>\n<p data-path-to-node=\"13,3,1,0,0\"><b>Du\u017cy rondo:<\/b> Poliester 200 g\/m2 z wyd\u0142u\u017conym rondem zapewniaj\u0105cym dodatkow\u0105 ochron\u0119 przed s\u0142o\u0144cem.<\/p>\n<\/li>\n<li>\n<p data-path-to-node=\"13,3,1,1,0\"><b>Opcja haftowana:<\/b> Poliester 170 g\/m2 zaprojektowany specjalnie do haftu lub nadruku punktowego.<\/p>\n<\/li>\n<\/ul>\n<\/li>\n<\/ul>\n<p data-path-to-node=\"14\"><b>Specyfikacje i rozmiary<\/b><\/p>\n<ul data-path-to-node=\"15\">\n<li>\n<p data-path-to-node=\"15,0,0\"><b>Druk:<\/b> Sublimacja CMYK na ca\u0142ej powierzchni (modele poliestrowe). Umo\u017cliwia tworzenie fotorealistycznych wzor\u00f3w i wzor\u00f3w na ca\u0142ej powierzchni.<\/p>\n<\/li>\n<li>\n<p data-path-to-node=\"15,1,0\"><b>Rozmiary:<\/b><\/p>\n<ul data-path-to-node=\"15,1,1\">\n<li>\n<p data-path-to-node=\"15,1,1,0,0\"><b>Dzieci:<\/b> 55 cm<\/p>\n<\/li>\n<li>\n<p data-path-to-node=\"15,1,1,1,0\"><b>Standardowy dla doros\u0142ych:<\/b> 58 cm (pasuje do wi\u0119kszo\u015bci kobiet i m\u0119\u017cczyzn)<\/p>\n<\/li>\n<li>\n<p data-path-to-node=\"15,1,1,2,0\"><b>Du\u017cy doros\u0142y:<\/b> 60 cm (lu\u017any kr\u00f3j)<\/p>\n<\/li>\n<\/ul>\n<\/li>\n<li>\n<p data-path-to-node=\"15,2,0\"><b>Wentylacja:<\/b> Wszyte, dopasowane przelotki (w standardowych modelach z poliestru) gwarantuj\u0105 oddychalno\u015b\u0107 podczas ciep\u0142ych wydarze\u0144.<\/p>\n<\/li>\n<li>\n<p data-path-to-node=\"15,3,0\"><b>Szeroko\u015b\u0107 ronda:<\/b> Standardowe opcje 5,5 cm lub 7,5 cm (w zale\u017cno\u015bci od modelu).<\/p>\n<\/li>\n<\/ul>\n<p data-path-to-node=\"16\"><b>Przypadki u\u017cycia<\/b><\/p>\n<ul data-path-to-node=\"17\">\n<li>\n<p data-path-to-node=\"17,0,0\"><b>Festiwale i koncerty:<\/b> Dobrze widoczne gad\u017cety, kt\u00f3re fani uwielbiaj\u0105 nosi\u0107.<\/p>\n<\/li>\n<li>\n<p data-path-to-node=\"17,1,0\"><b>Dru\u017cyny sportowe:<\/b> Ujednolicony wygl\u0105d kibic\u00f3w i cz\u0142onk\u00f3w klubu.<\/p>\n<\/li>\n<li>\n<p data-path-to-node=\"17,2,0\"><b>Wydarzenia studenckie:<\/b> Dni orientacyjne i gad\u017cety uniwersyteckie.<\/p>\n<\/li>\n<\/ul>","protected":false},"excerpt":{"rendered":"<ul>\n<li>\n<p data-path-to-node=\"9,0,0\"><b>Szeroki wyb\u00f3r:<\/b> Wybierz spo\u015br\u00f3d lekkiego (150 g\/m2) lub grubego (260 g\/m2) poliestru, modeli dwustronnych lub modnego sztruksu.<\/p>\n<\/li>\n<li>\n<p data-path-to-node=\"9,1,0\"><b>Pe\u0142na personalizacja:<\/b> Druk sublimacyjny CMYK od kraw\u0119dzi do kraw\u0119dzi, nieograniczona liczba kolor\u00f3w i wzor\u00f3w.<\/p>\n<\/li>\n<li>\n<p data-path-to-node=\"9,2,0\"><b>Idealne dopasowanie:<\/b> Dost\u0119pne w rozmiarach: dzieci\u0119cym (55 cm), doros\u0142ym (58 cm) i du\u017cym (60 cm).<\/p>\n<\/li>\n<li>\n<p data-path-to-node=\"9,3,0\"><b>Wszechstronny:<\/b> Idealne na letnie festiwale, do odzie\u017cy sportowej i odzie\u017cy ulicznej.<\/p>\n<\/li>\n<\/ul>","protected":false},"featured_media":6365,"comment_status":"closed","ping_status":"closed","template":"","meta":[],"product_brand":[],"product_cat":[130],"product_tag":[],"class_list":{"0":"post-5963","1":"product","2":"type-product","3":"status-publish","4":"has-post-thumbnail","6":"product_cat-custom-headwear","8":"first","9":"instock","10":"shipping-taxable","11":"purchasable","12":"product-type-simple"},"_links":{"self":[{"href":"https:\/\/displayproducts.eu\/pl\/wp-json\/wp\/v2\/product\/5963","targetHints":{"allow":["GET"]}}],"collection":[{"href":"https:\/\/displayproducts.eu\/pl\/wp-json\/wp\/v2\/product"}],"about":[{"href":"https:\/\/displayproducts.eu\/pl\/wp-json\/wp\/v2\/types\/product"}],"replies":[{"embeddable":true,"href":"https:\/\/displayproducts.eu\/pl\/wp-json\/wp\/v2\/comments?post=5963"}],"wp:featuredmedia":[{"embeddable":true,"href":"https:\/\/displayproducts.eu\/pl\/wp-json\/wp\/v2\/media\/6365"}],"wp:attachment":[{"href":"https:\/\/displayproducts.eu\/pl\/wp-json\/wp\/v2\/media?parent=5963"}],"wp:term":[{"taxonomy":"product_brand","embeddable":true,"href":"https:\/\/displayproducts.eu\/pl\/wp-json\/wp\/v2\/product_brand?post=5963"},{"taxonomy":"product_cat","embeddable":true,"href":"https:\/\/displayproducts.eu\/pl\/wp-json\/wp\/v2\/product_cat?post=5963"},{"taxonomy":"product_tag","embeddable":true,"href":"https:\/\/displayproducts.eu\/pl\/wp-json\/wp\/v2\/product_tag?post=5963"}],"curies":[{"name":"wp","href":"https:\/\/api.w.org\/{rel}","templated":true}]}}