{"id":5959,"date":"2025-12-16T15:21:56","date_gmt":"2025-12-16T12:21:56","guid":{"rendered":"https:\/\/wristbandfactory.eu\/?post_type=product&#038;p=5959"},"modified":"2026-04-01T21:52:03","modified_gmt":"2026-04-01T18:52:03","slug":"custom-printed-balaclavas-ski-masks-polyester-fleece-thermal","status":"publish","type":"product","link":"https:\/\/displayproducts.eu\/pl\/p\/custom-printed-balaclavas-ski-masks-polyester-fleece-thermal\/","title":{"rendered":"Kominiarki z nadrukiem"},"content":{"rendered":"<p data-path-to-node=\"11\"><b>Najlepsza marka na zimne dni<\/b> Wyposa\u017c swoj\u0105 dru\u017cyn\u0119 lub fan\u00f3w w nasze <b>Kominiarki z nadrukiem na zapytanie ofertowe<\/b>, zaprojektowane z my\u015bl\u0105 o maksymalnym cieple i widoczno\u015bci. Niezale\u017cnie od tego, czy chodzi o o\u015brodki narciarskie, zimowe ekipy budowlane, czy imprezy promocyjne na \u015bwie\u017cym powietrzu, te maski narciarskie oferuj\u0105 du\u017c\u0105 powierzchni\u0119 do nadruku, kt\u00f3ra eksponuje Twoj\u0105 mark\u0119, zapewniaj\u0105c jednocze\u015bnie niezb\u0119dn\u0105 ochron\u0119 przed czynnikami atmosferycznymi.<\/p>\n<p data-path-to-node=\"12\"><b>Dost\u0119pne modele i specyfikacje<\/b><\/p>\n<ul data-path-to-node=\"13\">\n<li>\n<p data-path-to-node=\"13,0,0\"><b>\u00a0Lekka wydajno\u015b\u0107 (pojedyncza warstwa)<\/b><\/p>\n<ul data-path-to-node=\"13,0,1\">\n<li>\n<p data-path-to-node=\"13,0,1,0,0\"><b>Tworzywo:<\/b> 100% Poliester (180-190 gsm).<\/p>\n<\/li>\n<li>\n<p data-path-to-node=\"13,0,1,1,0\"><b>Projekt:<\/b> Pe\u0142nokolorowy nadruk sublimacyjny na ca\u0142ej powierzchni.<\/p>\n<\/li>\n<li>\n<p data-path-to-node=\"13,0,1,2,0\"><b>Najlepsze dla:<\/b> Aktywne sporty, noszenie kasku i \u0142agodniejsze warunki zimowe.<\/p>\n<\/li>\n<li>\n<p data-path-to-node=\"13,0,1,3,0\"><b>Rozmiar:<\/b> Ok. 45x26 cm (48 g).<\/p>\n<\/li>\n<\/ul>\n<\/li>\n<li>\n<p data-path-to-node=\"13,1,0\"><b>Ciep\u0142o zimowe (podw\u00f3jna warstwa)<\/b><\/p>\n<ul data-path-to-node=\"13,1,1\">\n<li>\n<p data-path-to-node=\"13,1,1,0,0\"><b>Tworzywo:<\/b> Zewn\u0119trzna warstwa z zadrukowanego poliestru (130 g\/m2) + podszewka z czarnego polaru (160 g\/m2).<\/p>\n<\/li>\n<li>\n<p data-path-to-node=\"13,1,1,1,0\"><b>Projekt:<\/b> Pe\u0142nokolorowy nadruk zewn\u0119trzny i mi\u0119kka, termiczna strona wewn\u0119trzna.<\/p>\n<\/li>\n<li>\n<p data-path-to-node=\"13,1,1,2,0\"><b>Najlepsze dla:<\/b> Jazda na nartach, snowboardzie i d\u0142ugotrwa\u0142a ekspozycja na zimno.<\/p>\n<\/li>\n<li>\n<p data-path-to-node=\"13,1,1,3,0\"><b>Rozmiar:<\/b> Ok. 40x29cm (65-70g).<\/p>\n<\/li>\n<\/ul>\n<\/li>\n<li>\n<p data-path-to-node=\"13,2,0\"><b>\u00a0Klasyczny termiczny (jednolity polar)<\/b><\/p>\n<ul data-path-to-node=\"13,2,1\">\n<li>\n<p data-path-to-node=\"13,2,1,0,0\"><b>Tworzywo:<\/b> Polar 100% (220 g\/m2).<\/p>\n<\/li>\n<li>\n<p data-path-to-node=\"13,2,1,1,0\"><b>Projekt:<\/b> Dost\u0119pne w standardowych kolorach tkanin <b>Haftowanie logo<\/b>.<\/p>\n<\/li>\n<li>\n<p data-path-to-node=\"13,2,1,2,0\"><b>Najlepsze dla:<\/b> Wytrzyma\u0142a odzie\u017c ochronna, robocza i produkty najwy\u017cszej jako\u015bci.<\/p>\n<\/li>\n<li>\n<p data-path-to-node=\"13,2,1,3,0\"><b>Rozmiar:<\/b> Ok. 38x30cm (100g).<\/p>\n<\/li>\n<\/ul>\n<\/li>\n<\/ul>","protected":false},"excerpt":{"rendered":"<ul>\n<li>\n<p data-path-to-node=\"9,0,0\"><b>Trzy warianty:<\/b> Jednowarstwowy poliester (lekki), poliester podszyty polarem (ciep\u0142y) lub jednolity polar (termiczny).<\/p>\n<\/li>\n<li>\n<p data-path-to-node=\"9,1,0\"><b>Pe\u0142na personalizacja:<\/b> Druk sublimacyjny od kraw\u0119dzi do kraw\u0119dzi w przypadku skomplikowanych grafik lub haft na jednolitym polarze.<\/p>\n<\/li>\n<li>\n<p data-path-to-node=\"9,2,0\"><b>Ochrona zimowa:<\/b> Chroni twarz i szyj\u0119 przed wiatrem i zimnem. Doskonale nadaje si\u0119 do uprawiania sport\u00f3w zimowych i pracy na \u015bwie\u017cym powietrzu.<\/p>\n<\/li>\n<li>\n<p data-path-to-node=\"9,3,0\"><b>Uniwersalne dopasowanie:<\/b> Uniwersalny rozmiar (ok. 40 x 29 cm \/ 45 x 26 cm) gwarantuje wszechstronno\u015b\u0107.<\/p>\n<\/li>\n<\/ul>","protected":false},"featured_media":6370,"comment_status":"closed","ping_status":"closed","template":"","meta":[],"product_brand":[],"product_cat":[123,118],"product_tag":[],"class_list":{"0":"post-5959","1":"product","2":"type-product","3":"status-publish","4":"has-post-thumbnail","6":"product_cat-fan-cheering-items","7":"product_cat-sports-fitness","9":"first","10":"instock","11":"shipping-taxable","12":"purchasable","13":"product-type-simple"},"_links":{"self":[{"href":"https:\/\/displayproducts.eu\/pl\/wp-json\/wp\/v2\/product\/5959","targetHints":{"allow":["GET"]}}],"collection":[{"href":"https:\/\/displayproducts.eu\/pl\/wp-json\/wp\/v2\/product"}],"about":[{"href":"https:\/\/displayproducts.eu\/pl\/wp-json\/wp\/v2\/types\/product"}],"replies":[{"embeddable":true,"href":"https:\/\/displayproducts.eu\/pl\/wp-json\/wp\/v2\/comments?post=5959"}],"wp:featuredmedia":[{"embeddable":true,"href":"https:\/\/displayproducts.eu\/pl\/wp-json\/wp\/v2\/media\/6370"}],"wp:attachment":[{"href":"https:\/\/displayproducts.eu\/pl\/wp-json\/wp\/v2\/media?parent=5959"}],"wp:term":[{"taxonomy":"product_brand","embeddable":true,"href":"https:\/\/displayproducts.eu\/pl\/wp-json\/wp\/v2\/product_brand?post=5959"},{"taxonomy":"product_cat","embeddable":true,"href":"https:\/\/displayproducts.eu\/pl\/wp-json\/wp\/v2\/product_cat?post=5959"},{"taxonomy":"product_tag","embeddable":true,"href":"https:\/\/displayproducts.eu\/pl\/wp-json\/wp\/v2\/product_tag?post=5959"}],"curies":[{"name":"wp","href":"https:\/\/api.w.org\/{rel}","templated":true}]}}