{"id":5938,"date":"2025-12-16T15:04:12","date_gmt":"2025-12-16T12:04:12","guid":{"rendered":"https:\/\/wristbandfactory.eu\/?post_type=product&#038;p=5938"},"modified":"2026-04-01T21:52:35","modified_gmt":"2026-04-01T18:52:35","slug":"custom-printed-multifunctional-multiscarfs-tubular-bandanas","status":"publish","type":"product","link":"https:\/\/displayproducts.eu\/pl\/p\/custom-printed-multifunctional-multiscarfs-tubular-bandanas\/","title":{"rendered":"Wielofunkcyjne kominy z nadrukiem"},"content":{"rendered":"<p data-path-to-node=\"7\">Zapewnij sobie maksymaln\u0105 widoczno\u015b\u0107 marki dzi\u0119ki naszym chustom Multiscarf z nadrukiem, idealnemu wielofunkcyjnemu akcesorium dla os\u00f3b prowadz\u0105cych aktywny tryb \u017cycia. Znane r\u00f3wnie\u017c jako bandany rurowe lub kominy, te bezszwowe chusty rurowe zosta\u0142y zaprojektowane z my\u015bl\u0105 o komforcie i u\u017cyteczno\u015bci w ka\u017cdych warunkach pogodowych. Niezale\u017cnie od tego, czy chodzi o maraton, narty, czy letni wypad firmowy, Twoja marka pozostaje w centrum uwagi.<\/p>\n<p data-path-to-node=\"8\">Nasze chusty multiscarf s\u0105 produkowane z wysokiej jako\u015bci tkanin, dopasowanych do Twojego specyficznego \u015brodowiska. Od lekkich, oddychaj\u0105cych mikrow\u0142\u00f3kien po specjalistyczn\u0105 technologi\u0119 odprowadzania wilgoci, zapewniamy idealne p\u0142\u00f3tno dla identyfikacji wizualnej Twojej organizacji.<\/p>\n<h2 data-path-to-node=\"9\">G\u0142\u00f3wne cechy<\/h2>\n<ul data-path-to-node=\"10\">\n<li>\n<p data-path-to-node=\"10,0,0\"><b data-path-to-node=\"10,0,0\" data-index-in-node=\"0\">Sublimacja wysokiej rozdzielczo\u015bci:<\/b> Stosujemy druk pe\u0142nokolorowy CMYK, w kt\u00f3rym tusz jest wprowadzany bezpo\u015brednio we w\u0142\u00f3kna tkaniny, co gwarantuje, \u017ce wz\u00f3r nie p\u0119knie, nie odklei si\u0119 ani nie wyblaknie.<\/p>\n<\/li>\n<li>\n<p data-path-to-node=\"10,1,0\"><b data-path-to-node=\"10,1,0\" data-index-in-node=\"0\">Konstrukcja bezszwowa:<\/b> Rurowa konstrukcja pozbawiona jest dra\u017cni\u0105cych szw\u00f3w, co zapewnia maksymalny komfort podczas codziennego noszenia i intensywnej aktywno\u015bci fizycznej.<\/p>\n<\/li>\n<li>\n<p data-path-to-node=\"10,2,0\"><b data-path-to-node=\"10,2,0\" data-index-in-node=\"0\">Wyj\u0105tkowa trwa\u0142o\u015b\u0107:<\/b> Mo\u017cna je pra\u0107 i ponownie u\u017cywa\u0107, zachowuj\u0105c \u017cywy kszta\u0142t i kolor nawet po intensywnym u\u017cytkowaniu.<\/p>\n<\/li>\n<li>\n<p data-path-to-node=\"10,3,0\"><b data-path-to-node=\"10,3,0\" data-index-in-node=\"0\">Ochrona ca\u0142oroczna:<\/b> Zapewnia barier\u0119 przed wiatrem, kurzem, zimnem i promieniowaniem UV, w zale\u017cno\u015bci od wybranej konfiguracji materia\u0142u.<\/p>\n<\/li>\n<\/ul>\n<h2 data-path-to-node=\"11\">Specyfikacje<\/h2>\n<ul data-path-to-node=\"12\">\n<li>\n<p data-path-to-node=\"12,0,0\"><b data-path-to-node=\"12,0,0\" data-index-in-node=\"0\">Przybory:<\/b> Standardowy poliester, recyklingowany RPET, zimowy polar, COOLMAX\u00ae (odprowadzaj\u0105cy wilgo\u0107) lub Lycra (UPF50+).<\/p>\n<\/li>\n<li>\n<p data-path-to-node=\"12,1,0\"><b data-path-to-node=\"12,1,0\" data-index-in-node=\"0\">Rozmiar:<\/b> Standardowy rozmiar dla doros\u0142ych (z w\u0142asnym nadrukiem rozmiary dost\u0119pne na \u017cyczenie).<\/p>\n<\/li>\n<li>\n<p data-path-to-node=\"12,2,0\"><b data-path-to-node=\"12,2,0\" data-index-in-node=\"0\">Druk:<\/b> Pe\u0142nokolorowa sublimacja od kraw\u0119dzi do kraw\u0119dzi.<\/p>\n<\/li>\n<li>\n<p data-path-to-node=\"12,3,0\"><b data-path-to-node=\"12,3,0\" data-index-in-node=\"0\">Minimalna ilo\u015b\u0107 zam\u00f3wienia:<\/b> 100 jednostek.<\/p>\n<\/li>\n<li>\n<p data-path-to-node=\"12,4,0\"><b data-path-to-node=\"12,4,0\" data-index-in-node=\"0\">Konserwacja:<\/b> Mo\u017cna pra\u0107 w pralce, szybko schnie.<\/p>\n<\/li>\n<\/ul>\n<h2 data-path-to-node=\"13\">Przypadki u\u017cycia<\/h2>\n<ul data-path-to-node=\"14\">\n<li>\n<p data-path-to-node=\"14,0,0\"><b data-path-to-node=\"14,0,0\" data-index-in-node=\"0\">Sport i fitness:<\/b> Niezb\u0119dny sprz\u0119t dla klub\u00f3w biegowych i dru\u017cyn kolarskich oraz artyku\u0142y do \u0107wicze\u0144.<\/p>\n<\/li>\n<li>\n<p data-path-to-node=\"14,1,0\"><b data-path-to-node=\"14,1,0\" data-index-in-node=\"0\">Imprezy i festiwale plenerowe:<\/b> Praktyczne i stylowe gad\u017cety na koncerty, wycieczki piesze i festiwale na \u015bwie\u017cym powietrzu.<\/p>\n<\/li>\n<li>\n<p data-path-to-node=\"14,2,0\"><b data-path-to-node=\"14,2,0\" data-index-in-node=\"0\">Spo\u0142eczna odpowiedzialno\u015b\u0107 biznesu:<\/b> Wybierz nasz materia\u0142 RPET, aby otrzyma\u0107 ekologiczne prezenty firmowe zgodne z warto\u015bciami ekologicznymi.<\/p>\n<\/li>\n<li>\n<p data-path-to-node=\"14,3,0\"><b data-path-to-node=\"14,3,0\" data-index-in-node=\"0\">Turystyka zimowa:<\/b> Idealne dla szk\u00f3\u0142 narciarskich, o\u015brodk\u00f3w narciarskich i marketingu sport\u00f3w zimowych.<\/p>\n<\/li>\n<\/ul>","protected":false},"excerpt":{"rendered":"<ul>\n<li>\n<p data-path-to-node=\"6,0,0\"><b data-path-to-node=\"6,0,0\" data-index-in-node=\"0\">10+ sposob\u00f3w noszenia:<\/b> Niezwykle wszechstronny projekt, kt\u00f3ry mo\u017ce s\u0142u\u017cy\u0107 jako ocieplacz na szyj\u0119, opaska na g\u0142ow\u0119, maska na twarz, czapka lub opaska na nadgarstek.<\/p>\n<\/li>\n<li>\n<p data-path-to-node=\"6,1,0\"><b data-path-to-node=\"6,1,0\" data-index-in-node=\"0\">Wyb\u00f3r materia\u0142\u00f3w premium:<\/b> Mo\u017cesz wybiera\u0107 spo\u015br\u00f3d standardowej mikrofibry, ekologicznego RPET (plastiku pochodz\u0105cego z recyklingu), zimowego polaru lub wydajnego Coolmax\u00ae.<\/p>\n<\/li>\n<li>\n<p data-path-to-node=\"6,2,0\"><b data-path-to-node=\"6,2,0\" data-index-in-node=\"0\">Personalizacja ca\u0142ej powierzchni:<\/b> Druk sublimacyjny od kraw\u0119dzi do kraw\u0119dzi pozwala na uzyskanie nieograniczonej liczby kolor\u00f3w, przej\u015b\u0107 tonalnych i szczeg\u00f3\u0142\u00f3w fotograficznych, kt\u00f3re nigdy nie blakn\u0105.<\/p>\n<\/li>\n<li>\n<p data-path-to-node=\"6,3,0\"><b data-path-to-node=\"6,3,0\" data-index-in-node=\"0\">Profesjonalny wyb\u00f3r B2B:<\/b> Doskonale nadaje si\u0119 dla dru\u017cyn sportowych, na imprezy plenerowe i jako prezent firmowy, przy minimalnym zam\u00f3wieniu wynosz\u0105cym 100 sztuk.<\/p>\n<\/li>\n<\/ul>","protected":false},"featured_media":6373,"comment_status":"closed","ping_status":"closed","template":"","meta":[],"product_brand":[],"product_cat":[123,118],"product_tag":[],"class_list":{"0":"post-5938","1":"product","2":"type-product","3":"status-publish","4":"has-post-thumbnail","6":"product_cat-fan-cheering-items","7":"product_cat-sports-fitness","9":"first","10":"instock","11":"shipping-taxable","12":"purchasable","13":"product-type-simple"},"_links":{"self":[{"href":"https:\/\/displayproducts.eu\/pl\/wp-json\/wp\/v2\/product\/5938","targetHints":{"allow":["GET"]}}],"collection":[{"href":"https:\/\/displayproducts.eu\/pl\/wp-json\/wp\/v2\/product"}],"about":[{"href":"https:\/\/displayproducts.eu\/pl\/wp-json\/wp\/v2\/types\/product"}],"replies":[{"embeddable":true,"href":"https:\/\/displayproducts.eu\/pl\/wp-json\/wp\/v2\/comments?post=5938"}],"wp:featuredmedia":[{"embeddable":true,"href":"https:\/\/displayproducts.eu\/pl\/wp-json\/wp\/v2\/media\/6373"}],"wp:attachment":[{"href":"https:\/\/displayproducts.eu\/pl\/wp-json\/wp\/v2\/media?parent=5938"}],"wp:term":[{"taxonomy":"product_brand","embeddable":true,"href":"https:\/\/displayproducts.eu\/pl\/wp-json\/wp\/v2\/product_brand?post=5938"},{"taxonomy":"product_cat","embeddable":true,"href":"https:\/\/displayproducts.eu\/pl\/wp-json\/wp\/v2\/product_cat?post=5938"},{"taxonomy":"product_tag","embeddable":true,"href":"https:\/\/displayproducts.eu\/pl\/wp-json\/wp\/v2\/product_tag?post=5938"}],"curies":[{"name":"wp","href":"https:\/\/api.w.org\/{rel}","templated":true}]}}