{"id":5824,"date":"2025-12-11T12:42:06","date_gmt":"2025-12-11T09:42:06","guid":{"rendered":"https:\/\/wristbandfactory.eu\/?post_type=product&#038;p=5824"},"modified":"2026-04-01T21:52:35","modified_gmt":"2026-04-01T18:52:35","slug":"embossed-silicone-wristbands-raised-3d-effect","status":"publish","type":"product","link":"https:\/\/displayproducts.eu\/pl\/p\/embossed-silicone-wristbands-raised-3d-effect\/","title":{"rendered":"Opaski silikonowe \u2013 Wyt\u0142aczane (3D)"},"content":{"rendered":"<p data-path-to-node=\"10\"><b>Wyr\u00f3\u017cnij si\u0119 wyko\u0144czeniem 3D<\/b><\/p>\n<p data-path-to-node=\"11\"><b>Opaski silikonowe t\u0142oczone<\/b> Oferujemy unikaln\u0105 wersj\u0119 klasycznej opaski charytatywnej. Zamiast grawerowa\u0107 tekst do wewn\u0105trz, u\u017cywamy specjalnej formy, aby unie\u015b\u0107 Tw\u00f3j wz\u00f3r ponad powierzchni\u0119 opaski. To tworzy efektowny efekt. <b>Efekt reliefu 3D<\/b> kt\u00f3ry jest zar\u00f3wno wizualnie odr\u0119bny, jak i namacalny.<\/p>\n<p data-path-to-node=\"12\"><b>Jak to jest zrobione<\/b> Produkujemy te opaski, wykorzystuj\u0105c specjalistyczny proces formowania, w kt\u00f3rym silikon jest wt\u0142aczany do formy, kt\u00f3ra tworzy wypuk\u0142e napisy. Poniewa\u017c logo jest wykonane z tego samego materia\u0142u silikonowego, co sama opaska, <b>fizycznie trwa\u0142y<\/b> i nie mog\u0105 p\u0119ka\u0107, \u0142uszczy\u0107 si\u0119 ani blakn\u0105\u0107.<\/p>\n<p data-path-to-node=\"13\"><b>Styl projektowania<\/b> Paski t\u0142oczone s\u0105 zazwyczaj produkowane w jednym kolorze (monotonne), gdzie wypuk\u0142y tekst tworzy subtelny efekt cienia. W rezultacie powstaje <b>czysty, nowoczesny i stonowany wygl\u0105d<\/b> kt\u00f3ry jest popularny w przypadku wydarze\u0144 korporacyjnych, karnet\u00f3w na si\u0142owni\u0119 i aktywacji marek premium.<\/p>\n<p data-path-to-node=\"14\"><b>Personalizacja<\/b><\/p>\n<ul data-path-to-node=\"15\">\n<li>\n<p data-path-to-node=\"15,0,0\"><b>Kolor:<\/b> Dopasuj zesp\u00f3\u0142 do dowolnego wzornika Pantone (PMS).<\/p>\n<\/li>\n<li>\n<p data-path-to-node=\"15,1,0\"><b>Tekst:<\/b> Najlepiej nadaje si\u0119 do czcionek pogrubionych i prostych logotyp\u00f3w (trudniej jest uwypukli\u0107 drobne szczeg\u00f3\u0142y).<\/p>\n<\/li>\n<\/ul>\n<p data-path-to-node=\"16\"><b>G\u0142\u00f3wne cechy:<\/b><\/p>\n<ul data-path-to-node=\"17\">\n<li>\n<p data-path-to-node=\"17,0,0\"><b>Styl:<\/b> T\u0142oczone (wypuk\u0142e 3D).<\/p>\n<\/li>\n<li>\n<p data-path-to-node=\"17,1,0\"><b>Tworzywo:<\/b> 100% Silikon medyczny.<\/p>\n<\/li>\n<li>\n<p data-path-to-node=\"17,2,0\"><b>Trwa\u0142o\u015b\u0107:<\/b> Ekstremalne (brak mo\u017cliwo\u015bci \u015bcierania tuszu).<\/p>\n<\/li>\n<li>\n<p data-path-to-node=\"17,3,0\"><b>Efekt:<\/b> Ekskluzywny, subtelny branding.<\/p>\n<\/li>\n<\/ul>","protected":false},"excerpt":{"rendered":"<ul>\n<li>\n<p data-path-to-node=\"8,0,0\"><b>Podniesiony efekt 3D:<\/b> Twoje logo i tekst wyr\u00f3\u017cniaj\u0105 si\u0119 na powierzchni opaski.<\/p>\n<\/li>\n<li>\n<p data-path-to-node=\"8,1,0\"><b>Do\u015bwiadczenie dotykowe:<\/b> Oferuje wyj\u0105tkow\u0105, \u201cnier\u00f3wn\u0105\u201d faktur\u0119, kt\u00f3r\u0105 u\u017cytkownicy mog\u0105 wyczu\u0107.<\/p>\n<\/li>\n<li>\n<p data-path-to-node=\"8,2,0\"><b>Trwa\u0142e oznakowanie:<\/b> Wz\u00f3r jest wbudowany w opask\u0119, dzi\u0119ki czemu nigdy nie wyblaknie ani si\u0119 nie zetrze.<\/p>\n<\/li>\n<li>\n<p data-path-to-node=\"8,3,0\"><b>Subtelne i ekskluzywne:<\/b> Idealne dla marek, kt\u00f3re chc\u0105 uzyska\u0107 wyrafinowany, monotonny wygl\u0105d bez u\u017cycia tuszu<\/p>\n<\/li>\n<\/ul>","protected":false},"featured_media":5825,"comment_status":"closed","ping_status":"closed","template":"","meta":[],"product_brand":[],"product_cat":[49],"product_tag":[],"class_list":{"0":"post-5824","1":"product","2":"type-product","3":"status-publish","4":"has-post-thumbnail","6":"product_cat-silicone","8":"first","9":"instock","10":"shipping-taxable","11":"purchasable","12":"product-type-simple"},"_links":{"self":[{"href":"https:\/\/displayproducts.eu\/pl\/wp-json\/wp\/v2\/product\/5824","targetHints":{"allow":["GET"]}}],"collection":[{"href":"https:\/\/displayproducts.eu\/pl\/wp-json\/wp\/v2\/product"}],"about":[{"href":"https:\/\/displayproducts.eu\/pl\/wp-json\/wp\/v2\/types\/product"}],"replies":[{"embeddable":true,"href":"https:\/\/displayproducts.eu\/pl\/wp-json\/wp\/v2\/comments?post=5824"}],"wp:featuredmedia":[{"embeddable":true,"href":"https:\/\/displayproducts.eu\/pl\/wp-json\/wp\/v2\/media\/5825"}],"wp:attachment":[{"href":"https:\/\/displayproducts.eu\/pl\/wp-json\/wp\/v2\/media?parent=5824"}],"wp:term":[{"taxonomy":"product_brand","embeddable":true,"href":"https:\/\/displayproducts.eu\/pl\/wp-json\/wp\/v2\/product_brand?post=5824"},{"taxonomy":"product_cat","embeddable":true,"href":"https:\/\/displayproducts.eu\/pl\/wp-json\/wp\/v2\/product_cat?post=5824"},{"taxonomy":"product_tag","embeddable":true,"href":"https:\/\/displayproducts.eu\/pl\/wp-json\/wp\/v2\/product_tag?post=5824"}],"curies":[{"name":"wp","href":"https:\/\/api.w.org\/{rel}","templated":true}]}}