{"id":5822,"date":"2025-12-11T12:39:16","date_gmt":"2025-12-11T09:39:16","guid":{"rendered":"https:\/\/wristbandfactory.eu\/?post_type=product&#038;p=5822"},"modified":"2026-04-01T21:52:35","modified_gmt":"2026-04-01T18:52:35","slug":"debossed-silicone-wristbands-colour-filled-engraved","status":"publish","type":"product","link":"https:\/\/displayproducts.eu\/pl\/p\/debossed-silicone-wristbands-colour-filled-engraved\/","title":{"rendered":"Opaski silikonowe \u2013 T\u0142oczone \/ Wype\u0142nione kolorem"},"content":{"rendered":"<p data-path-to-node=\"10\"><b>Bran\u017cowy standard d\u0142ugowieczno\u015bci<\/b><\/p>\n<p data-path-to-node=\"11\"><b>Opaski na nadgarstek z wyt\u0142oczonym kolorem<\/b> To doskona\u0142y wyb\u00f3r dla marek i organizacji, kt\u00f3re wymagaj\u0105 trwa\u0142ej opaski. W przeciwie\u0144stwie do standardowych opasek z nadrukiem, gdzie tusz znajduje si\u0119 na powierzchni, te opaski przechodz\u0105 dwuetapowy proces produkcji, aby zapewni\u0107 trwa\u0142o\u015b\u0107 przekazu tak d\u0142ugo, jak sama opaska.<\/p>\n<p data-path-to-node=\"12\"><b>Jak to jest zrobione<\/b><\/p>\n<ol start=\"1\" data-path-to-node=\"13\">\n<li>\n<p data-path-to-node=\"13,0,0\"><b>Grawerowanie (t\u0142oczenie):<\/b> Tworzymy niestandardow\u0105 form\u0119, w kt\u00f3rej wygrawerujemy Twoje logo i tekst g\u0142\u0119boko w silikonowym pasku.<\/p>\n<\/li>\n<li>\n<p data-path-to-node=\"13,1,0\"><b>Wype\u0142nienie kolorem:<\/b> Nast\u0119pnie zag\u0142\u0119bienia s\u0105 r\u0119cznie wype\u0142niane specjalistycznym, trwa\u0142ym tuszem silikonowym w kontrastowym kolorze.<\/p>\n<\/li>\n<\/ol>\n<p data-path-to-node=\"14\"><b>Dlaczego warto wybra\u0107 t\u0142oczone?<\/b> Poniewa\u017c konstrukcja jest zag\u0142\u0119biona pod powierzchni\u0105, jest fizycznie chroniona przed tarciem i zu\u017cyciem. To czyni j\u0105 jedyn\u0105 realn\u0105 opcj\u0105 dla <b>d\u0142ugoterminowe kampanie informacyjne, artyku\u0142y promuj\u0105ce ducha szko\u0142y i zbi\u00f3rki funduszy<\/b> gdzie opask\u0119 nosi si\u0119 codziennie przez miesi\u0105ce lub nawet lata.<\/p>\n<p data-path-to-node=\"15\"><b>Personalizacja<\/b> Mo\u017cemy dopasowa\u0107 silikonowy pasek do ka\u017cdego <b>Pantone (PMS)<\/b> pokoloruj i wype\u0142nij wygrawerowany tekst dowolnym kontrastowym odcieniem Pantone, aby idealnie pasowa\u0142 do identyfikacji Twojej marki.<\/p>\n<p data-path-to-node=\"16\"><b>G\u0142\u00f3wne cechy:<\/b><\/p>\n<ul data-path-to-node=\"17\">\n<li>\n<p data-path-to-node=\"17,0,0\"><b>Styl:<\/b> Wyt\u0142oczone (wg\u0142\u0119bione) i wype\u0142nione tuszem.<\/p>\n<\/li>\n<li>\n<p data-path-to-node=\"17,1,0\"><b>Tworzywo:<\/b> 100% Silikon medyczny.<\/p>\n<\/li>\n<li>\n<p data-path-to-node=\"17,2,0\"><b>Trwa\u0142o\u015b\u0107:<\/b> Ekstremalne (konstrukcja odporna na zu\u017cycie).<\/p>\n<\/li>\n<li>\n<p data-path-to-node=\"17,3,0\"><b>Rozmiary:<\/b> Doro\u015bli (202 mm) i m\u0142odzie\u017c (180 mm).<\/p>\n<\/li>\n<\/ul>","protected":false},"excerpt":{"rendered":"<ul>\n<li>\n<p data-path-to-node=\"8,0,0\"><b>Maksymalna trwa\u0142o\u015b\u0107:<\/b> Twoje logo jest g\u0142\u0119boko wygrawerowane (wyt\u0142oczone) w silikonie, dzi\u0119ki czemu nie da si\u0119 go zetrze\u0107.<\/p>\n<\/li>\n<li>\n<p data-path-to-node=\"8,1,0\"><b>Wype\u0142niony kolorem:<\/b> Wygrawerowany tekst wype\u0142niony jest kontrastowym tuszem silikonowym, co nadaje mu \u017cywy, przyci\u0105gaj\u0105cy wzrok wygl\u0105d.<\/p>\n<\/li>\n<li>\n<p data-path-to-node=\"8,2,0\"><b>Wyj\u0105tkowe doznania:<\/b> Oferuje namacalne, tr\u00f3jwymiarowe wyko\u0144czenie, cz\u0119sto kojarzone z kampaniami charytatywnymi wysokiej klasy (np. Livestrong).<\/p>\n<\/li>\n<li>\n<p data-path-to-node=\"8,3,0\"><b>Trwa\u0142e oznakowanie:<\/b> Doskonale nadaj\u0105 si\u0119 do d\u0142ugotrwa\u0142ego noszenia (przez miesi\u0105ce lub lata), nie blakn\u0105.<\/p>\n<\/li>\n<\/ul>","protected":false},"featured_media":5823,"comment_status":"closed","ping_status":"closed","template":"","meta":[],"product_brand":[],"product_cat":[49],"product_tag":[],"class_list":{"0":"post-5822","1":"product","2":"type-product","3":"status-publish","4":"has-post-thumbnail","6":"product_cat-silicone","8":"first","9":"instock","10":"shipping-taxable","11":"purchasable","12":"product-type-simple"},"_links":{"self":[{"href":"https:\/\/displayproducts.eu\/pl\/wp-json\/wp\/v2\/product\/5822","targetHints":{"allow":["GET"]}}],"collection":[{"href":"https:\/\/displayproducts.eu\/pl\/wp-json\/wp\/v2\/product"}],"about":[{"href":"https:\/\/displayproducts.eu\/pl\/wp-json\/wp\/v2\/types\/product"}],"replies":[{"embeddable":true,"href":"https:\/\/displayproducts.eu\/pl\/wp-json\/wp\/v2\/comments?post=5822"}],"wp:featuredmedia":[{"embeddable":true,"href":"https:\/\/displayproducts.eu\/pl\/wp-json\/wp\/v2\/media\/5823"}],"wp:attachment":[{"href":"https:\/\/displayproducts.eu\/pl\/wp-json\/wp\/v2\/media?parent=5822"}],"wp:term":[{"taxonomy":"product_brand","embeddable":true,"href":"https:\/\/displayproducts.eu\/pl\/wp-json\/wp\/v2\/product_brand?post=5822"},{"taxonomy":"product_cat","embeddable":true,"href":"https:\/\/displayproducts.eu\/pl\/wp-json\/wp\/v2\/product_cat?post=5822"},{"taxonomy":"product_tag","embeddable":true,"href":"https:\/\/displayproducts.eu\/pl\/wp-json\/wp\/v2\/product_tag?post=5822"}],"curies":[{"name":"wp","href":"https:\/\/api.w.org\/{rel}","templated":true}]}}