{"id":5820,"date":"2025-12-11T12:35:46","date_gmt":"2025-12-11T09:35:46","guid":{"rendered":"https:\/\/wristbandfactory.eu\/?post_type=product&#038;p=5820"},"modified":"2026-04-01T21:52:03","modified_gmt":"2026-04-01T18:52:03","slug":"printed-silicone-wristbands-custom-screen-print","status":"publish","type":"product","link":"https:\/\/displayproducts.eu\/pl\/p\/printed-silicone-wristbands-custom-screen-print\/","title":{"rendered":"Opaski silikonowe \u2013 Z nadrukiem"},"content":{"rendered":"<p data-path-to-node=\"12\"><b>Klasyczny wyb\u00f3r w zakresie brandingu promocyjnego<\/b><\/p>\n<p data-path-to-node=\"13\"><b>Opaski silikonowe z nadrukiem<\/b> S\u0105 najpopularniejszym wyborem w kampaniach marketingowych, na targach i eventach, gdzie widoczno\u015b\u0107 i bud\u017cet s\u0105 priorytetami. W przeciwie\u0144stwie do opasek grawerowanych, te posiadaj\u0105 Tw\u00f3j projekt. <b>sitodruk bezpo\u015brednio na g\u0142adkiej powierzchni<\/b> silikonu, oferuj\u0105c ostre, czyste wyko\u0144czenie, kt\u00f3re przyci\u0105ga uwag\u0119.<\/p>\n<p data-path-to-node=\"14\"><b>Nieograniczone opcje kolor\u00f3w<\/b> Oferujemy pe\u0142n\u0105 elastyczno\u015b\u0107 personalizacji. Mo\u017cesz wybra\u0107 dowolny <b>Kolor Pantone (PMS)<\/b> Wybierz sam silikonowy pasek i kontrastowy kolor tuszu dla swojego logo i tekstu. Dzi\u0119ki temu 100% b\u0119dzie idealnie pasowa\u0142 do Twojej identyfikacji wizualnej.<\/p>\n<p data-path-to-node=\"15\"><b>Materia\u0142 i komfort<\/b> Wykonane z <b>100% wysokiej jako\u015bci silikon bez lateksu<\/b>, Te opaski s\u0105 wodoodporne, odporne na ciep\u0142o i wystarczaj\u0105co wygodne, aby nosi\u0107 je przez ca\u0142y dzie\u0144. S\u0105 wystarczaj\u0105co wytrzyma\u0142e, aby przetrwa\u0107 wielodniowe wydarzenia, ale zosta\u0142y zaprojektowane przede wszystkim jako niedrogi gad\u017cet reklamowy.<\/p>\n<p data-path-to-node=\"16\"><i>Uwaga: Do codziennego noszenia przez d\u0142u\u017cszy czas (miesi\u0105ce\/lata) zalecamy nasze opaski \u201cDebossed\u201d, poniewa\u017c nadruk na powierzchni mo\u017ce z czasem ulec starciu pod wp\u0142ywem silnego tarcia.<\/i><\/p>\n<p data-path-to-node=\"17\"><b>G\u0142\u00f3wne cechy:<\/b><\/p>\n<ul data-path-to-node=\"18\">\n<li>\n<p data-path-to-node=\"18,0,0\"><b>Metoda:<\/b> Wysokiej precyzji sitodruk.<\/p>\n<\/li>\n<li>\n<p data-path-to-node=\"18,1,0\"><b>Tworzywo:<\/b> 100% Mi\u0119kki silikon (nietoksyczny).<\/p>\n<\/li>\n<li>\n<p data-path-to-node=\"18,2,0\"><b>Rozmiar:<\/b> Standardowe dla doros\u0142ych (202x12x2mm) i m\u0142odzie\u017cowe (180x12x2mm).<\/p>\n<\/li>\n<li>\n<p data-path-to-node=\"18,3,0\"><b>Przypadek u\u017cycia:<\/b> Prezenty, kampanie informacyjne, festiwale.<\/p>\n<\/li>\n<\/ul>","protected":false},"excerpt":{"rendered":"<ul data-path-to-node=\"10\">\n<li>\n<p data-path-to-node=\"10,0,0\"><b>Wysoka widoczno\u015b\u0107:<\/b> Wyrazisty sitodruk sprawia, \u017ce Twoje logo wyra\u017anie wyr\u00f3\u017cnia si\u0119 na powierzchni.<\/p>\n<\/li>\n<li>\n<p data-path-to-node=\"10,1,0\"><b>Dopasowanie Pantone:<\/b> Dopasowujemy zar\u00f3wno silikonowy pasek, jak i kolor tuszu do wytycznych Twojej marki.<\/p>\n<\/li>\n<li>\n<p data-path-to-node=\"10,2,0\"><b>Op\u0142acalne:<\/b> Najbardziej bud\u017cetowa opcja na promocje i rozdania nagr\u00f3d na du\u017c\u0105 skal\u0119.<\/p>\n<\/li>\n<li>\n<p data-path-to-node=\"10,3,0\"><b>Szybka realizacja:<\/b> Kr\u00f3tszy czas produkcji w por\u00f3wnaniu do form t\u0142oczonych lub wyt\u0142aczanych.<\/p>\n<\/li>\n<\/ul>","protected":false},"featured_media":5821,"comment_status":"closed","ping_status":"closed","template":"","meta":[],"product_brand":[],"product_cat":[49],"product_tag":[],"class_list":{"0":"post-5820","1":"product","2":"type-product","3":"status-publish","4":"has-post-thumbnail","6":"product_cat-silicone","8":"first","9":"instock","10":"shipping-taxable","11":"purchasable","12":"product-type-simple"},"_links":{"self":[{"href":"https:\/\/displayproducts.eu\/pl\/wp-json\/wp\/v2\/product\/5820","targetHints":{"allow":["GET"]}}],"collection":[{"href":"https:\/\/displayproducts.eu\/pl\/wp-json\/wp\/v2\/product"}],"about":[{"href":"https:\/\/displayproducts.eu\/pl\/wp-json\/wp\/v2\/types\/product"}],"replies":[{"embeddable":true,"href":"https:\/\/displayproducts.eu\/pl\/wp-json\/wp\/v2\/comments?post=5820"}],"wp:featuredmedia":[{"embeddable":true,"href":"https:\/\/displayproducts.eu\/pl\/wp-json\/wp\/v2\/media\/5821"}],"wp:attachment":[{"href":"https:\/\/displayproducts.eu\/pl\/wp-json\/wp\/v2\/media?parent=5820"}],"wp:term":[{"taxonomy":"product_brand","embeddable":true,"href":"https:\/\/displayproducts.eu\/pl\/wp-json\/wp\/v2\/product_brand?post=5820"},{"taxonomy":"product_cat","embeddable":true,"href":"https:\/\/displayproducts.eu\/pl\/wp-json\/wp\/v2\/product_cat?post=5820"},{"taxonomy":"product_tag","embeddable":true,"href":"https:\/\/displayproducts.eu\/pl\/wp-json\/wp\/v2\/product_tag?post=5820"}],"curies":[{"name":"wp","href":"https:\/\/api.w.org\/{rel}","templated":true}]}}