{"id":5819,"date":"2025-12-11T12:22:13","date_gmt":"2025-12-11T09:22:13","guid":{"rendered":"https:\/\/wristbandfactory.eu\/?post_type=product&#038;p=5819"},"modified":"2026-04-01T21:52:35","modified_gmt":"2026-04-01T18:52:35","slug":"linen-fabric-wristbands-custom-woven-printed","status":"publish","type":"product","link":"https:\/\/displayproducts.eu\/pl\/p\/linen-fabric-wristbands-custom-woven-printed\/","title":{"rendered":"Opaski materia\u0142owe (Len) \u2013 Z nadrukiem"},"content":{"rendered":"<p data-path-to-node=\"10\"><b>Elegancja spotyka si\u0119 ze zr\u00f3wnowa\u017conym rozwojem<\/b><\/p>\n<p data-path-to-node=\"11\">W przypadku wydarze\u0144 wymagaj\u0105cych wyrafinowania bez kompromis\u00f3w w zakresie warto\u015bci ekologicznych, <b>Opaski na nadgarstek z tkaniny lnianej<\/b> to najlepszy wyb\u00f3r. Len, wytwarzany z w\u0142\u00f3kien lnu, jest jednym z najstarszych i najbardziej zr\u00f3wnowa\u017conych materia\u0142\u00f3w tekstylnych na \u015bwiecie, cenionym za wytrzyma\u0142o\u015b\u0107, ch\u0142onno\u015b\u0107 i przyjemny ch\u0142\u00f3d.<\/p>\n<p data-path-to-node=\"12\"><b>Niepowtarzalny, teksturowany wygl\u0105d<\/b> Len wyr\u00f3\u017cnia si\u0119 naturalnym, lekko nieregularnym splotem i matowym wyko\u0144czeniem. Ta \u201cidealnie niedoskona\u0142a\u201d faktura nadaje opasce autentyczny, organiczny charakter, kt\u00f3rego nie s\u0105 w stanie podrobi\u0107 materia\u0142y syntetyczne. Jest to preferowany wyb\u00f3r dla <b>luksusowe wesela, butikowe festiwale i ekskluzywne wyjazdy integracyjne dla firm<\/b>.<\/p>\n<p data-path-to-node=\"13\"><b>Branding i projektowanie<\/b> Aby uzupe\u0142ni\u0107 naturaln\u0105 faktur\u0119 tkaniny, polecamy:<\/p>\n<ul data-path-to-node=\"14\">\n<li>\n<p data-path-to-node=\"14,0,0\"><b>Sitodruk:<\/b> U\u017cyj ciemnych, jednokolorowych nadruk\u00f3w (np. granatowego, czarnego lub le\u015bnej zieleni), aby uzyska\u0107 ostry kontrast z naturalnym, kremowym lub barwionym lnianym t\u0142em.<\/p>\n<\/li>\n<li>\n<p data-path-to-node=\"14,1,0\"><b>Tkane (haft):<\/b> Subtelny, tonalny splot tworzy dyskretny i elegancki efekt brandingu.<\/p>\n<\/li>\n<\/ul>\n<p data-path-to-node=\"15\"><b>Bezpieczne i przyjazne dla \u015brodowiska<\/b> Po\u0142\u0105cz z naszym <b>Bambusowy Eco-Lock<\/b> Aby zachowa\u0107 profil 100% bez plastiku. Dla zapewnienia bezpiecznej kontroli dost\u0119pu, kompatybilne s\u0105 r\u00f3wnie\u017c standardowe suwaki o wysokim poziomie bezpiecze\u0144stwa.<\/p>\n<p data-path-to-node=\"16\"><b>G\u0142\u00f3wne cechy:<\/b><\/p>\n<ul data-path-to-node=\"17\">\n<li>\n<p data-path-to-node=\"17,0,0\"><b>Tworzywo:<\/b> 100% Len naturalny (len).<\/p>\n<\/li>\n<li>\n<p data-path-to-node=\"17,1,0\"><b>Czu\u0107:<\/b> Ch\u0142odny w dotyku, staje si\u0119 bardziej mi\u0119kki w miar\u0119 u\u017cytkowania.<\/p>\n<\/li>\n<li>\n<p data-path-to-node=\"17,2,0\"><b>Ocena ekologiczna:<\/b> Niskie zu\u017cycie wody, biodegradowalne.<\/p>\n<\/li>\n<li>\n<p data-path-to-node=\"17,3,0\"><b>Trwa\u0142o\u015b\u0107:<\/b> Mocniejsze od bawe\u0142ny, bardzo odporne na rozdarcia.<\/p>\n<\/li>\n<\/ul>","protected":false},"excerpt":{"rendered":"<ul>\n<li>\n<p data-path-to-node=\"8,0,0\"><b>W\u0142\u00f3kno naturalne najwy\u017cszej jako\u015bci:<\/b> Wykonane z wysokiej jako\u015bci w\u0142\u00f3kien lnianych, oferuj\u0105 elegancki, matowy wygl\u0105d.<\/p>\n<\/li>\n<li>\n<p data-path-to-node=\"8,1,0\"><b>Komfort oddychania:<\/b> Wyj\u0105tkowa przepuszczalno\u015b\u0107 powietrza sprawia, \u017ce jest to najfajniejszy wyb\u00f3r na letnie imprezy.<\/p>\n<\/li>\n<li>\n<p data-path-to-node=\"8,2,0\"><b>Unikalna tekstura:<\/b> Cechuje si\u0119 klasyczn\u0105, \u201cslubn\u0105\u201d faktur\u0105 prawdziwego lnu, kt\u00f3ra sprawia wra\u017cenie organicznej i ekskluzywnej.<\/p>\n<\/li>\n<li>\n<p data-path-to-node=\"8,3,0\"><b>100% Zr\u00f3wnowa\u017cony:<\/b> Ca\u0142kowicie biodegradowalne, uprawiane przy minimalnym zu\u017cyciu wody.<\/p>\n<\/li>\n<\/ul>","protected":false},"featured_media":5826,"comment_status":"closed","ping_status":"closed","template":"","meta":[],"product_brand":[],"product_cat":[133,47],"product_tag":[],"class_list":{"0":"post-5819","1":"product","2":"type-product","3":"status-publish","4":"has-post-thumbnail","6":"product_cat-eco-friendly-wristbands","7":"product_cat-fabric-wristbands","9":"first","10":"instock","11":"shipping-taxable","12":"purchasable","13":"product-type-simple"},"_links":{"self":[{"href":"https:\/\/displayproducts.eu\/pl\/wp-json\/wp\/v2\/product\/5819","targetHints":{"allow":["GET"]}}],"collection":[{"href":"https:\/\/displayproducts.eu\/pl\/wp-json\/wp\/v2\/product"}],"about":[{"href":"https:\/\/displayproducts.eu\/pl\/wp-json\/wp\/v2\/types\/product"}],"replies":[{"embeddable":true,"href":"https:\/\/displayproducts.eu\/pl\/wp-json\/wp\/v2\/comments?post=5819"}],"wp:featuredmedia":[{"embeddable":true,"href":"https:\/\/displayproducts.eu\/pl\/wp-json\/wp\/v2\/media\/5826"}],"wp:attachment":[{"href":"https:\/\/displayproducts.eu\/pl\/wp-json\/wp\/v2\/media?parent=5819"}],"wp:term":[{"taxonomy":"product_brand","embeddable":true,"href":"https:\/\/displayproducts.eu\/pl\/wp-json\/wp\/v2\/product_brand?post=5819"},{"taxonomy":"product_cat","embeddable":true,"href":"https:\/\/displayproducts.eu\/pl\/wp-json\/wp\/v2\/product_cat?post=5819"},{"taxonomy":"product_tag","embeddable":true,"href":"https:\/\/displayproducts.eu\/pl\/wp-json\/wp\/v2\/product_tag?post=5819"}],"curies":[{"name":"wp","href":"https:\/\/api.w.org\/{rel}","templated":true}]}}