{"id":5816,"date":"2025-12-11T12:14:13","date_gmt":"2025-12-11T09:14:13","guid":{"rendered":"https:\/\/wristbandfactory.eu\/?post_type=product&#038;p=5816"},"modified":"2026-04-01T21:52:35","modified_gmt":"2026-04-01T18:52:35","slug":"bamboo-fabric-wristbands-custom-woven-printed","status":"publish","type":"product","link":"https:\/\/displayproducts.eu\/pl\/p\/bamboo-fabric-wristbands-custom-woven-printed\/","title":{"rendered":"Opaski materia\u0142owe (Bambus) \u2013 Z nadrukiem"},"content":{"rendered":"<p data-path-to-node=\"10\"><b>Naj\u0142agodniejszy wyb\u00f3r dla zr\u00f3wnowa\u017conych wydarze\u0144<\/b><\/p>\n<p data-path-to-node=\"11\">Zaoferuj swoim go\u015bciom VIP i uczestnikom dbaj\u0105cym o \u015brodowisko najwy\u017cszy poziom komfortu dzi\u0119ki naszym <b>Opaski na nadgarstek z tkaniny bambusowej<\/b>. Wykonane z jednego z najszybciej rozwijaj\u0105cych si\u0119 odnawialnych \u017ar\u00f3de\u0142 energii na \u015bwiecie, te paski \u0142\u0105cz\u0105 w sobie zr\u00f3wnowa\u017cony rozw\u00f3j z wysokiej jako\u015bci, jedwabist\u0105 g\u0142adko\u015bci\u0105, kt\u00f3ra jest lepsza od syntetycznych alternatyw.<\/p>\n<p data-path-to-node=\"12\"><b>Dlaczego warto wybra\u0107 bambus?<\/b> W\u0142\u00f3kno bambusowe jest naturalne <b>antybakteryjne, hipoalergiczne i odprowadzaj\u0105ce wilgo\u0107<\/b>. To sprawia, \u017ce jest to idealny wyb\u00f3r na wielodniowe festiwale w gor\u0105cym klimacie lub dla go\u015bci o wra\u017cliwej sk\u00f3rze. W przeciwie\u0144stwie do plastiku, oddycha naturalnie i jest w pe\u0142ni biodegradowalny po zako\u0144czeniu cyklu \u017cycia.<\/p>\n<p data-path-to-node=\"13\"><b>Branding i personalizacja<\/b> Ze wzgl\u0119du na naturaln\u0105 matow\u0105 faktur\u0119 bambusa polecamy:<\/p>\n<ul data-path-to-node=\"14\">\n<li>\n<p data-path-to-node=\"14,0,0\"><b>Tkane (haft):<\/b> Wplataj\u0105c logo bezpo\u015brednio w tkanin\u0119 (do 8 kolor\u00f3w), zyskujesz klasyczny, ekskluzywny wygl\u0105d.<\/p>\n<\/li>\n<li>\n<p data-path-to-node=\"14,1,0\"><b>Sitodruk:<\/b> Najlepiej nadaje si\u0119 do projekt\u00f3w wymagaj\u0105cych wyra\u017anego tekstu lub okre\u015blonych kolor\u00f3w punktowych na powierzchni.<\/p>\n<\/li>\n<\/ul>\n<p data-path-to-node=\"15\"><b>Bezpieczne i przyjazne dla \u015brodowiska<\/b> Zmaksymalizuj swoje ekologiczne kompetencje, \u0142\u0105cz\u0105c te opaski z naszymi <b>Bambusowy Eco-Lock<\/b> (50% bez plastiku). Oferujemy r\u00f3wnie\u017c standardowe suwaki o wysokim poziomie bezpiecze\u0144stwa i wielorazowe drewniane koraliki.<\/p>\n<p data-path-to-node=\"16\"><b>G\u0142\u00f3wne cechy:<\/b><\/p>\n<ul data-path-to-node=\"17\">\n<li>\n<p data-path-to-node=\"17,0,0\"><b>Tworzywo:<\/b> 100% W\u0142\u00f3kno bambusowe.<\/p>\n<\/li>\n<li>\n<p data-path-to-node=\"17,1,0\"><b>Czu\u0107:<\/b> Luksusowe, mi\u0119kkie i przypominaj\u0105ce satyn\u0119.<\/p>\n<\/li>\n<li>\n<p data-path-to-node=\"17,2,0\"><b>Ocena ekologiczna:<\/b> Wysoce odnawialne i biodegradowalne.<\/p>\n<\/li>\n<li>\n<p data-path-to-node=\"17,3,0\"><b>Stosowanie:<\/b> Idealne dla uczestnik\u00f3w VIP, na szczyty ekologiczne i luksusowe wyjazdy.<\/p>\n<\/li>\n<\/ul>","protected":false},"excerpt":{"rendered":"<ul>\n<li>\n<p data-path-to-node=\"8,0,0\"><b>Materia\u0142 premium:<\/b> Wykonane z szybko rosn\u0105cego, biodegradowalnego w\u0142\u00f3kna bambusowego 100%.<\/p>\n<\/li>\n<li>\n<p data-path-to-node=\"8,1,0\"><b>Jedwabisty komfort:<\/b> Najbardziej mi\u0119kka z dost\u0119pnych opasek, naturalnie antybakteryjna i hipoalergiczna.<\/p>\n<\/li>\n<li>\n<p data-path-to-node=\"8,2,0\"><b>Branding niestandardowy:<\/b> Dost\u0119pne jako tkane (haft) lub sitodrukowe (zgodne z kolorystyk\u0105 Pantone).<\/p>\n<\/li>\n<li>\n<p data-path-to-node=\"8,3,0\"><b>Zr\u00f3wnowa\u017cony:<\/b> Odnawialne \u017ar\u00f3d\u0142o energii, kt\u00f3rego uprawa nie wymaga stosowania pestycyd\u00f3w.<\/p>\n<\/li>\n<\/ul>","protected":false},"featured_media":5828,"comment_status":"closed","ping_status":"closed","template":"","meta":[],"product_brand":[],"product_cat":[133,47],"product_tag":[],"class_list":{"0":"post-5816","1":"product","2":"type-product","3":"status-publish","4":"has-post-thumbnail","6":"product_cat-eco-friendly-wristbands","7":"product_cat-fabric-wristbands","9":"first","10":"instock","11":"shipping-taxable","12":"purchasable","13":"product-type-simple"},"_links":{"self":[{"href":"https:\/\/displayproducts.eu\/pl\/wp-json\/wp\/v2\/product\/5816","targetHints":{"allow":["GET"]}}],"collection":[{"href":"https:\/\/displayproducts.eu\/pl\/wp-json\/wp\/v2\/product"}],"about":[{"href":"https:\/\/displayproducts.eu\/pl\/wp-json\/wp\/v2\/types\/product"}],"replies":[{"embeddable":true,"href":"https:\/\/displayproducts.eu\/pl\/wp-json\/wp\/v2\/comments?post=5816"}],"wp:featuredmedia":[{"embeddable":true,"href":"https:\/\/displayproducts.eu\/pl\/wp-json\/wp\/v2\/media\/5828"}],"wp:attachment":[{"href":"https:\/\/displayproducts.eu\/pl\/wp-json\/wp\/v2\/media?parent=5816"}],"wp:term":[{"taxonomy":"product_brand","embeddable":true,"href":"https:\/\/displayproducts.eu\/pl\/wp-json\/wp\/v2\/product_brand?post=5816"},{"taxonomy":"product_cat","embeddable":true,"href":"https:\/\/displayproducts.eu\/pl\/wp-json\/wp\/v2\/product_cat?post=5816"},{"taxonomy":"product_tag","embeddable":true,"href":"https:\/\/displayproducts.eu\/pl\/wp-json\/wp\/v2\/product_tag?post=5816"}],"curies":[{"name":"wp","href":"https:\/\/api.w.org\/{rel}","templated":true}]}}