{"id":5814,"date":"2025-12-11T12:06:41","date_gmt":"2025-12-11T09:06:41","guid":{"rendered":"https:\/\/wristbandfactory.eu\/?post_type=product&#038;p=5814"},"modified":"2026-04-01T21:52:35","modified_gmt":"2026-04-01T18:52:35","slug":"organic-cotton-wristbands-custom-woven-printed","status":"publish","type":"product","link":"https:\/\/displayproducts.eu\/pl\/p\/organic-cotton-wristbands-custom-woven-printed\/","title":{"rendered":"Opaski materia\u0142owe (Bawe\u0142na) \u2013 Z nadrukiem"},"content":{"rendered":"<p data-path-to-node=\"11\"><b>Naturalny wyb\u00f3r dla zr\u00f3wnowa\u017conych wydarze\u0144<\/b><\/p>\n<p data-path-to-node=\"12\">Podnie\u015b poziom ekologiczny swojej marki dzi\u0119ki naszym <b>Opaski na nadgarstek z bawe\u0142ny organicznej<\/b>. W przeciwie\u0144stwie do materia\u0142\u00f3w syntetycznych, te opaski s\u0105 wykonane z naturalnych w\u0142\u00f3kien 100%, oferuj\u0105c matowy, rustykalny wygl\u0105d i wyj\u0105tkowo mi\u0119kk\u0105 w dotyku sk\u00f3r\u0119. To idealne rozwi\u0105zanie na wielodniowe festiwale, wyjazdy VIP oraz dla marek, kt\u00f3re chc\u0105 promowa\u0107 wizerunek \u201cwolny od plastiku\u201d.<\/p>\n<p data-path-to-node=\"13\"><b>Komfort spotyka si\u0119 z trwa\u0142o\u015bci\u0105<\/b> Bawe\u0142na jest naturalnie oddychaj\u0105ca i hipoalergiczna, co czyni j\u0105 najwygodniejsz\u0105 opcj\u0105 do d\u0142ugotrwa\u0142ego noszenia. Nie powoduje podra\u017cnie\u0144 ani pocenia si\u0119, zapewniaj\u0105c Twoim go\u015bciom wyj\u0105tkowe wra\u017cenia.<\/p>\n<p data-path-to-node=\"14\"><b>Opcje brandingu<\/b> Ze wzgl\u0119du na naturaln\u0105 faktur\u0119 w\u0142\u00f3kien, zalecamy dwie r\u00f3\u017cne metody personalizacji:<\/p>\n<ul data-path-to-node=\"15\">\n<li>\n<p data-path-to-node=\"15,0,0\"><b>Tkane (haft):<\/b> Twoje logo jest wszywane bezpo\u015brednio w tkanin\u0119 za pomoc\u0105 nici w 8 kolorach. To zapewnia trwa\u0142e, wysokiej jako\u015bci wyko\u0144czenie, kt\u00f3re nie blaknie.<\/p>\n<\/li>\n<li>\n<p data-path-to-node=\"15,1,0\"><b>Sitodruk:<\/b> Doskonale nadaje si\u0119 do dopasowania konkretnego koloru Pantone do powierzchni opaski.<\/p>\n<\/li>\n<\/ul>\n<p data-path-to-node=\"16\"><b>Bezpieczny i zr\u00f3wnowa\u017cony sprz\u0119t<\/b> Po\u0142\u0105cz te naturalne paski z naszymi <b>Bambusowy Eco-Lock<\/b> (kompozyt bambusowy 50%), aby stworzy\u0107 ca\u0142kowicie ekologiczne rozwi\u0105zanie w postaci opaski na nadgarstek. Dost\u0119pne s\u0105 r\u00f3wnie\u017c standardowe suwaki o wysokim poziomie bezpiecze\u0144stwa i wielorazowe drewniane koraliki.<\/p>\n<p data-path-to-node=\"17\"><b>G\u0142\u00f3wne cechy:<\/b><\/p>\n<ul data-path-to-node=\"18\">\n<li>\n<p data-path-to-node=\"18,0,0\"><b>Tworzywo:<\/b> 100% Bawe\u0142na organiczna.<\/p>\n<\/li>\n<li>\n<p data-path-to-node=\"18,1,0\"><b>Ocena ekologiczna:<\/b> Biodegradowalne i odnawialne.<\/p>\n<\/li>\n<li>\n<p data-path-to-node=\"18,2,0\"><b>Tekstura:<\/b> Mi\u0119kkie, matowe wyko\u0144czenie (nieb\u0142yszcz\u0105ce).<\/p>\n<\/li>\n<li>\n<p data-path-to-node=\"18,3,0\"><b>Wymiary:<\/b> Standardowe 340mm x 15mm.<\/p>\n<\/li>\n<\/ul>","protected":false},"excerpt":{"rendered":"<ul>\n<li>\n<p data-path-to-node=\"9,0,0\"><b>Materia\u0142 naturalny:<\/b> Wykonane z biodegradowalnych w\u0142\u00f3kien bawe\u0142ny organicznej 100%.<\/p>\n<\/li>\n<li>\n<p data-path-to-node=\"9,1,0\"><b>Najwy\u017cszy komfort:<\/b> Mi\u0119kkie, oddychaj\u0105ce i hipoalergiczne (idealne dla sk\u00f3ry wra\u017cliwej).<\/p>\n<\/li>\n<li>\n<p data-path-to-node=\"9,2,0\"><b>Branding niestandardowy:<\/b> Wybierz pomi\u0119dzy wysokiej jako\u015bci haftem (tkanym) lub sitodrukiem.<\/p>\n<\/li>\n<li>\n<p data-path-to-node=\"9,3,0\"><b>Bez plastiku:<\/b> Wyb\u00f3r ca\u0142kowicie zr\u00f3wnowa\u017cony, kompatybilny z zamkami Bamboo Eco-Locks.<\/p>\n<\/li>\n<\/ul>","protected":false},"featured_media":5829,"comment_status":"closed","ping_status":"closed","template":"","meta":[],"product_brand":[],"product_cat":[133,47],"product_tag":[],"class_list":{"0":"post-5814","1":"product","2":"type-product","3":"status-publish","4":"has-post-thumbnail","6":"product_cat-eco-friendly-wristbands","7":"product_cat-fabric-wristbands","9":"first","10":"instock","11":"shipping-taxable","12":"purchasable","13":"product-type-simple"},"_links":{"self":[{"href":"https:\/\/displayproducts.eu\/pl\/wp-json\/wp\/v2\/product\/5814","targetHints":{"allow":["GET"]}}],"collection":[{"href":"https:\/\/displayproducts.eu\/pl\/wp-json\/wp\/v2\/product"}],"about":[{"href":"https:\/\/displayproducts.eu\/pl\/wp-json\/wp\/v2\/types\/product"}],"replies":[{"embeddable":true,"href":"https:\/\/displayproducts.eu\/pl\/wp-json\/wp\/v2\/comments?post=5814"}],"wp:featuredmedia":[{"embeddable":true,"href":"https:\/\/displayproducts.eu\/pl\/wp-json\/wp\/v2\/media\/5829"}],"wp:attachment":[{"href":"https:\/\/displayproducts.eu\/pl\/wp-json\/wp\/v2\/media?parent=5814"}],"wp:term":[{"taxonomy":"product_brand","embeddable":true,"href":"https:\/\/displayproducts.eu\/pl\/wp-json\/wp\/v2\/product_brand?post=5814"},{"taxonomy":"product_cat","embeddable":true,"href":"https:\/\/displayproducts.eu\/pl\/wp-json\/wp\/v2\/product_cat?post=5814"},{"taxonomy":"product_tag","embeddable":true,"href":"https:\/\/displayproducts.eu\/pl\/wp-json\/wp\/v2\/product_tag?post=5814"}],"curies":[{"name":"wp","href":"https:\/\/api.w.org\/{rel}","templated":true}]}}