{"id":5810,"date":"2025-12-11T11:26:33","date_gmt":"2025-12-11T08:26:33","guid":{"rendered":"https:\/\/wristbandfactory.eu\/?post_type=product&#038;p=5810"},"modified":"2026-04-01T21:52:03","modified_gmt":"2026-04-01T18:52:03","slug":"recycled-fabric-wristbands-rpet-full-colour-printed","status":"publish","type":"product","link":"https:\/\/displayproducts.eu\/pl\/p\/recycled-fabric-wristbands-rpet-full-colour-printed\/","title":{"rendered":"Opaski materia\u0142owe (rPET) \u2013 Z nadrukiem \/ Z logo"},"content":{"rendered":"<p data-path-to-node=\"10\"><b>Zr\u00f3wnowa\u017cony branding bez kompromis\u00f3w<\/b><\/p>\n<p data-path-to-node=\"11\">Wybierz bardziej ekologiczn\u0105 alternatyw\u0119 dzi\u0119ki naszemu <b>Opaski na nadgarstek z materia\u0142u pochodz\u0105cego z recyklingu (rPET)<\/b>. Zaprojektowane z my\u015bl\u0105 o festiwalach, konferencjach i wydarzeniach korporacyjnych, opaski te \u0142\u0105cz\u0105 w sobie silny branding z odpowiedzialno\u015bci\u0105 za \u015brodowisko.<\/p>\n<p data-path-to-node=\"12\"><b>Od odpad\u00f3w do opaski na nadgarstek<\/b> W przeciwie\u0144stwie do standardowego poliestru, nasze opaski rPET s\u0105 produkowane z prz\u0119dzy prz\u0119dzonej z certyfikowanych plastikowych butelek pochodz\u0105cych z recyklingu. Proces ten znacznie redukuje ilo\u015b\u0107 odpad\u00f3w plastikowych i emisj\u0119 dwutlenku w\u0119gla, zachowuj\u0105c jednocze\u015bnie trwa\u0142o\u015b\u0107 i mi\u0119kko\u015b\u0107 przypominaj\u0105c\u0105 satyn\u0119, charakterystyczn\u0105 dla wysokiej jako\u015bci tkanin.<\/p>\n<p data-path-to-node=\"13\"><b>Personalizacja w wysokiej rozdzielczo\u015bci<\/b> G\u0142adka powierzchnia materia\u0142u rPET zosta\u0142a zaprojektowana dla <b>druk sublimacyjny<\/b>. Dzi\u0119ki temu mo\u017cliwe jest nadrukowanie realistycznych szczeg\u00f3\u0142\u00f3w, gradient\u00f3w i skomplikowanych logo sponsor\u00f3w na ca\u0142ej powierzchni opaski.<\/p>\n<p data-path-to-node=\"14\"><b>Mechanizmy blokuj\u0105ce na ka\u017cd\u0105 potrzeb\u0119<\/b> Dostosuj poziom bezpiecze\u0144stwa do swoich potrzeb dzi\u0119ki naszej szerokiej ofercie zamkni\u0119\u0107:<\/p>\n<ul data-path-to-node=\"15\">\n<li>\n<p data-path-to-node=\"15,0,0\"><b>Suwaki o wysokim poziomie bezpiecze\u0144stwa:<\/b> Wst\u0119pnie zamontowane suwaki blokuj\u0105ce (z\u0105bkowe lub jednokierunkowe) umo\u017cliwiaj\u0105ce \u015bcis\u0142\u0105 kontrol\u0119 dost\u0119pu.<\/p>\n<\/li>\n<li>\n<p data-path-to-node=\"15,1,0\"><b>Zamki bambusowe Eco-Locks:<\/b> Wersja 50% z mniejsz\u0105 ilo\u015bci\u0105 plastiku, pasuj\u0105ca do ekologicznego paska.<\/p>\n<\/li>\n<li>\n<p data-path-to-node=\"15,2,0\"><b>Prze\u0142\u0105czniki wielokrotnego u\u017cytku:<\/b> Regulowane koraliki do przepustek pracowniczych lub gad\u017cet\u00f3w promocyjnych.<\/p>\n<\/li>\n<\/ul>\n<p data-path-to-node=\"16\"><b>G\u0142\u00f3wne cechy:<\/b><\/p>\n<ul data-path-to-node=\"17\">\n<li>\n<p data-path-to-node=\"17,0,0\"><b>Tworzywo:<\/b> 100% Recyklingowany politereftalan etylenu (rPET).<\/p>\n<\/li>\n<li>\n<p data-path-to-node=\"17,1,0\"><b>Metoda drukowania:<\/b> Pe\u0142nokolorowa sublimacja CMYK (prz\u00f3d i ty\u0142).<\/p>\n<\/li>\n<li>\n<p data-path-to-node=\"17,2,0\"><b>Rozmiar:<\/b> Standardowe wymiary 340 mm x 15 mm (dost\u0119pne s\u0105 rozmiary z w\u0142asnym nadrukiem).<\/p>\n<\/li>\n<li>\n<p data-path-to-node=\"17,3,0\"><b>Opakowanie:<\/b> Pakowane luzem w woreczkach foliowych po 50 szt. w celu \u0142atwej dystrybucji.<\/p>\n<\/li>\n<\/ul>","protected":false},"excerpt":{"rendered":"<ul>\n<li>\n<p data-path-to-node=\"8,0,0\"><b>Ekologiczne:<\/b> Wykonane z 100% poddanych recyklingowi plastikowych butelek PET (rPET).<\/p>\n<\/li>\n<li>\n<p data-path-to-node=\"8,1,0\"><b>\u017bywy nadruk:<\/b> Pe\u0142nokolorowa sublimacja od kraw\u0119dzi do kraw\u0119dzi w przypadku skomplikowanych wzor\u00f3w.<\/p>\n<\/li>\n<li>\n<p data-path-to-node=\"8,2,0\"><b>Bezpieczne i elastyczne:<\/b> Do wyboru s\u0105 jednorazowe zamki zabezpieczaj\u0105ce lub koraliki wielokrotnego u\u017cytku.<\/p>\n<\/li>\n<li>\n<p data-path-to-node=\"8,3,0\"><b>Szybka produkcja:<\/b> Pakowane hurtowo i gotowe na pilne wydarzenia.<\/p>\n<\/li>\n<\/ul>","protected":false},"featured_media":5830,"comment_status":"closed","ping_status":"closed","template":"","meta":[],"product_brand":[],"product_cat":[133,47],"product_tag":[],"class_list":{"0":"post-5810","1":"product","2":"type-product","3":"status-publish","4":"has-post-thumbnail","6":"product_cat-eco-friendly-wristbands","7":"product_cat-fabric-wristbands","9":"first","10":"instock","11":"shipping-taxable","12":"purchasable","13":"product-type-simple"},"_links":{"self":[{"href":"https:\/\/displayproducts.eu\/pl\/wp-json\/wp\/v2\/product\/5810","targetHints":{"allow":["GET"]}}],"collection":[{"href":"https:\/\/displayproducts.eu\/pl\/wp-json\/wp\/v2\/product"}],"about":[{"href":"https:\/\/displayproducts.eu\/pl\/wp-json\/wp\/v2\/types\/product"}],"replies":[{"embeddable":true,"href":"https:\/\/displayproducts.eu\/pl\/wp-json\/wp\/v2\/comments?post=5810"}],"wp:featuredmedia":[{"embeddable":true,"href":"https:\/\/displayproducts.eu\/pl\/wp-json\/wp\/v2\/media\/5830"}],"wp:attachment":[{"href":"https:\/\/displayproducts.eu\/pl\/wp-json\/wp\/v2\/media?parent=5810"}],"wp:term":[{"taxonomy":"product_brand","embeddable":true,"href":"https:\/\/displayproducts.eu\/pl\/wp-json\/wp\/v2\/product_brand?post=5810"},{"taxonomy":"product_cat","embeddable":true,"href":"https:\/\/displayproducts.eu\/pl\/wp-json\/wp\/v2\/product_cat?post=5810"},{"taxonomy":"product_tag","embeddable":true,"href":"https:\/\/displayproducts.eu\/pl\/wp-json\/wp\/v2\/product_tag?post=5810"}],"curies":[{"name":"wp","href":"https:\/\/api.w.org\/{rel}","templated":true}]}}